{"id":9528,"date":"2021-06-01T08:17:19","date_gmt":"2021-06-01T13:17:19","guid":{"rendered":"https:\/\/www.harvesters.org\/?page_id=9528"},"modified":"2025-01-14T09:54:10","modified_gmt":"2025-01-14T15:54:10","slug":"comidas-para-ninos","status":"publish","type":"page","link":"https:\/\/www.harvesters.org\/es\/obtener-asistencia-alimentaria\/comidas-para-ninos","title":{"rendered":"Comidas para ni\u00f1os"},"content":{"rendered":"\n<div class=\"wp-block-columns is-layout-flex wp-container-core-columns-is-layout-9d6595d7 wp-block-columns-is-layout-flex\">\n<div class=\"wp-block-column is-layout-flow wp-block-column-is-layout-flow\" style=\"flex-basis:60%\">\n<h2 class=\"wp-block-heading\">C\u00f3mo encontrar comidas gratuitas para ni\u00f1os.<\/h2>\n\n\n\n<p><strong>Encuentre comidas gratuitas para ni\u00f1os:<\/strong><\/p>\n\n\n\n<p>Ingrese su direcci\u00f3n en la p\u00e1gina siguiente para encontrar comidas saludables y gratuitas servidas por organizaciones de su comunidad. No utilizamos sus datos para ning\u00fan otro prop\u00f3sito que no sea localizar asistencia alimentaria.<\/p>\n\n\n\n<div style=\"height:10px\" aria-hidden=\"true\" class=\"wp-block-spacer\"><\/div>\n\n\n\n<div class=\"wp-block-buttons is-layout-flex wp-block-buttons-is-layout-flex\">\n<div class=\"wp-block-button\"><a class=\"wp-block-button__link has-white-color has-primary-background-color has-text-color has-background wp-element-button\" href=\"https:\/\/www.nokidhungry.org\/find-free-meals\" target=\"_blank\" rel=\"noreferrer noopener\">Localizador de comidas gratuitas &#8211; Ning\u00fan Ni\u00f1o con Hambre<\/a><\/div>\n<\/div>\n\n\n\n<div style=\"height:15px\" aria-hidden=\"true\" class=\"wp-block-spacer\"><\/div>\n\n\n\n<p>Tambi\u00e9n puede encontrar estos recursos enviando la palabra <strong>FOOD<\/strong> al <strong>304-304<\/strong>. Se pueden aplicar tarifas de datos y mensajes.<\/p>\n\n\n\n<div style=\"height:20px\" aria-hidden=\"true\" class=\"wp-block-spacer\"><\/div>\n\n\n\n<p><strong>Topeka:<\/strong><\/p>\n\n\n\n<p><a href=\"https:\/\/www.topekapublicschools.net\/departments\/food_and_nutrition\/summer_meal_program\">Programa de comidas de verano de las escuelas p\u00fablicas de Topeka<\/a><\/p>\n\n\n\n<p><a href=\"https:\/\/www.wibw.com\/2024\/05\/28\/topeka-salvation-army-announces-summer-feeding-program-youths\/\">Programa de alimentaci\u00f3n de verano del Salvation Army de Topeka<\/a><\/p>\n\n\n\n<p><strong>Lawrence:<\/strong><\/p>\n\n\n\n<p><a href=\"https:\/\/www.usd497.org\/FoodService\">Comidas de verano de las escuelas p\u00fablicas de Lawrence<\/a><\/p>\n\n\n\n<p><strong>KC Metro:<\/strong><\/p>\n\n\n\n<p><a href=\"https:\/\/www.childrensmercy.org\/in-the-community\/community-programs-with-childrens-mercy\/kids-eat-free\/\">Programa de comidas gratuitas para ni\u00f1os de Children&#8217;s Mercy Kids Eat Free<\/a><\/p>\n\n\n\n<p><a href=\"https:\/\/www.smsd.org\/about\/departments\/food-service\/summer-lunch-bunch\">Almuerzo de verano del distrito escolar de Shawnee Mission<\/a><\/p>\n\n\n\n<p><a href=\"https:\/\/catholiccharitiesks.org\/kids-summer-food\/\">Programa de alimentos de verano para ni\u00f1os de Catholic Charities of Northeast Kansas City<\/a><\/p>\n\n\n\n<p><a href=\"https:\/\/kclibrary.org\/news\/2024-05\/library-pops-kansas-city-parks-summer-reading-resources\">Biblioteca p\u00fablica de Kansas City Pop in at the Park<\/a><\/p>\n\n\n\n<p><strong>EBT de verano: (Sun Bucks)<\/strong><\/p>\n\n\n\n<p><a href=\"https:\/\/www.summerebt.org\/\">El EBT de verano<\/a> es un nuevo programa federal de nutrici\u00f3n. Muchas familias de Kansas y Missouri podr\u00edan optar a recibir $120 por ni\u00f1o en el hogar para ayudar a cubrir el coste de las comidas este verano. Para saber m\u00e1s sobre el programa, si su hijo cumple con los requisitos o si necesita ayuda solicit\u00e1ndolo, <a href=\"https:\/\/www.summerebt.org\/\" target=\"_blank\" rel=\"noreferrer noopener\">haga clic aqu\u00ed<\/a>.<\/p>\n<\/div>\n\n\n\n<div class=\"wp-block-column is-layout-flow wp-block-column-is-layout-flow\" style=\"flex-basis:40%\">\n<figure class=\"wp-block-image size-full\"><img loading=\"lazy\" decoding=\"async\" width=\"1000\" height=\"750\" src=\"http:\/\/www.harvesters.org\/wp-content\/uploads\/2021\/07\/Meals-for-Kids.jpg\" alt=\"Chica joven con almuerzo por Harvesters Truck\" class=\"wp-image-2961\" srcset=\"https:\/\/www.harvesters.org\/wp-content\/uploads\/2021\/07\/Meals-for-Kids.jpg 1000w, https:\/\/www.harvesters.org\/wp-content\/uploads\/2021\/07\/Meals-for-Kids-300x225.jpg 300w, https:\/\/www.harvesters.org\/wp-content\/uploads\/2021\/07\/Meals-for-Kids-768x576.jpg 768w, https:\/\/www.harvesters.org\/wp-content\/uploads\/2021\/07\/Meals-for-Kids-383x287.jpg 383w, https:\/\/www.harvesters.org\/wp-content\/uploads\/2021\/07\/Meals-for-Kids-950x712.jpg 950w\" sizes=\"auto, (max-width: 1000px) 100vw, 1000px\" \/><\/figure>\n<\/div>\n<\/div>\n\n\n\n<div style=\"height:15px\" aria-hidden=\"true\" class=\"wp-block-spacer\"><\/div>\n\n\n\n<div style=\"height:100px\" aria-hidden=\"true\" class=\"wp-block-spacer\"><\/div>\n","protected":false},"excerpt":{"rendered":"<p>C\u00f3mo encontrar comidas gratuitas para ni\u00f1os. Encuentre comidas gratuitas para ni\u00f1os: Ingrese su direcci\u00f3n en la p\u00e1gina siguiente para encontrar comidas saludables y gratuitas servidas por organizaciones de su comunidad. No utilizamos sus datos para\u2026 <a href=\"https:\/\/www.harvesters.org\/es\/obtener-asistencia-alimentaria\/comidas-para-ninos\" class=\"read-more\">More<\/a><\/p>\n","protected":false},"author":3,"featured_media":0,"parent":9526,"menu_order":2,"comment_status":"closed","ping_status":"closed","template":"","meta":{"_acf_changed":false,"inline_featured_image":false,"_uag_custom_page_level_css":"","footnotes":""},"class_list":["post-9528","page","type-page","status-publish","hentry"],"acf":[],"yoast_head":"<!-- This site is optimized with the Yoast SEO plugin v27.5 - https:\/\/yoast.com\/product\/yoast-seo-wordpress\/ -->\n<title>Comidas para ni\u00f1os - Harvesters<\/title>\n<meta name=\"description\" content=\"Comidas nutritivas y gratuitas para ni\u00f1os en lugares como escuelas, bibliotecas y otros espacios comunitarios: m\u00e1s de 50 sitios en Missouri y Kansas.\" \/>\n<meta name=\"robots\" content=\"index, follow, max-snippet:-1, max-image-preview:large, max-video-preview:-1\" \/>\n<link rel=\"canonical\" href=\"https:\/\/www.harvesters.org\/es\/obtener-asistencia-alimentaria\/comidas-para-ninos\" \/>\n<meta property=\"og:locale\" content=\"es_ES\" \/>\n<meta property=\"og:type\" content=\"article\" \/>\n<meta property=\"og:title\" content=\"Comidas para ni\u00f1os - Harvesters\" \/>\n<meta property=\"og:description\" content=\"Comidas nutritivas y gratuitas para ni\u00f1os en lugares como escuelas, bibliotecas y otros espacios comunitarios: m\u00e1s de 50 sitios en Missouri y Kansas.\" \/>\n<meta property=\"og:url\" content=\"https:\/\/www.harvesters.org\/es\/obtener-asistencia-alimentaria\/comidas-para-ninos\" \/>\n<meta property=\"og:site_name\" content=\"Harvesters\" \/>\n<meta property=\"article:modified_time\" content=\"2025-01-14T15:54:10+00:00\" \/>\n<meta property=\"og:image\" content=\"https:\/\/www.harvesters.org\/wp-content\/uploads\/2021\/07\/Meals-for-Kids.jpg\" \/>\n\t<meta property=\"og:image:width\" content=\"1000\" \/>\n\t<meta property=\"og:image:height\" content=\"750\" \/>\n\t<meta property=\"og:image:type\" content=\"image\/jpeg\" \/>\n<meta name=\"twitter:card\" content=\"summary_large_image\" \/>\n<meta name=\"twitter:label1\" content=\"Tiempo de lectura\" \/>\n\t<meta name=\"twitter:data1\" content=\"2 minutos\" \/>\n<script type=\"application\/ld+json\" class=\"yoast-schema-graph\">{\"@context\":\"https:\\\/\\\/schema.org\",\"@graph\":[{\"@type\":\"WebPage\",\"@id\":\"https:\\\/\\\/www.harvesters.org\\\/es\\\/obtener-asistencia-alimentaria\\\/comidas-para-ninos\",\"url\":\"https:\\\/\\\/www.harvesters.org\\\/es\\\/obtener-asistencia-alimentaria\\\/comidas-para-ninos\",\"name\":\"Comidas para ni\u00f1os - Harvesters\",\"isPartOf\":{\"@id\":\"https:\\\/\\\/www.harvesters.org\\\/#website\"},\"primaryImageOfPage\":{\"@id\":\"https:\\\/\\\/www.harvesters.org\\\/es\\\/obtener-asistencia-alimentaria\\\/comidas-para-ninos#primaryimage\"},\"image\":{\"@id\":\"https:\\\/\\\/www.harvesters.org\\\/es\\\/obtener-asistencia-alimentaria\\\/comidas-para-ninos#primaryimage\"},\"thumbnailUrl\":\"http:\\\/\\\/www.harvesters.org\\\/wp-content\\\/uploads\\\/2021\\\/07\\\/Meals-for-Kids.jpg\",\"datePublished\":\"2021-06-01T13:17:19+00:00\",\"dateModified\":\"2025-01-14T15:54:10+00:00\",\"description\":\"Comidas nutritivas y gratuitas para ni\u00f1os en lugares como escuelas, bibliotecas y otros espacios comunitarios: m\u00e1s de 50 sitios en Missouri y Kansas.\",\"breadcrumb\":{\"@id\":\"https:\\\/\\\/www.harvesters.org\\\/es\\\/obtener-asistencia-alimentaria\\\/comidas-para-ninos#breadcrumb\"},\"inLanguage\":\"es\",\"potentialAction\":[{\"@type\":\"ReadAction\",\"target\":[\"https:\\\/\\\/www.harvesters.org\\\/es\\\/obtener-asistencia-alimentaria\\\/comidas-para-ninos\"]}]},{\"@type\":\"ImageObject\",\"inLanguage\":\"es\",\"@id\":\"https:\\\/\\\/www.harvesters.org\\\/es\\\/obtener-asistencia-alimentaria\\\/comidas-para-ninos#primaryimage\",\"url\":\"http:\\\/\\\/www.harvesters.org\\\/wp-content\\\/uploads\\\/2021\\\/07\\\/Meals-for-Kids.jpg\",\"contentUrl\":\"http:\\\/\\\/www.harvesters.org\\\/wp-content\\\/uploads\\\/2021\\\/07\\\/Meals-for-Kids.jpg\"},{\"@type\":\"BreadcrumbList\",\"@id\":\"https:\\\/\\\/www.harvesters.org\\\/es\\\/obtener-asistencia-alimentaria\\\/comidas-para-ninos#breadcrumb\",\"itemListElement\":[{\"@type\":\"ListItem\",\"position\":1,\"name\":\"Home\",\"item\":\"https:\\\/\\\/www.harvesters.org\\\/es\"},{\"@type\":\"ListItem\",\"position\":2,\"name\":\"Obtener asistencia alimentaria\",\"item\":\"https:\\\/\\\/www.harvesters.org\\\/es\\\/obtener-asistencia-alimentaria\"},{\"@type\":\"ListItem\",\"position\":3,\"name\":\"Comidas para ni\u00f1os\"}]},{\"@type\":\"WebSite\",\"@id\":\"https:\\\/\\\/www.harvesters.org\\\/#website\",\"url\":\"https:\\\/\\\/www.harvesters.org\\\/\",\"name\":\"Harvesters\",\"description\":\"\",\"potentialAction\":[{\"@type\":\"SearchAction\",\"target\":{\"@type\":\"EntryPoint\",\"urlTemplate\":\"https:\\\/\\\/www.harvesters.org\\\/?s={search_term_string}\"},\"query-input\":{\"@type\":\"PropertyValueSpecification\",\"valueRequired\":true,\"valueName\":\"search_term_string\"}}],\"inLanguage\":\"es\"}]}<\/script>\n<!-- \/ Yoast SEO plugin. -->","yoast_head_json":{"title":"Comidas para ni\u00f1os - Harvesters","description":"Comidas nutritivas y gratuitas para ni\u00f1os en lugares como escuelas, bibliotecas y otros espacios comunitarios: m\u00e1s de 50 sitios en Missouri y Kansas.","robots":{"index":"index","follow":"follow","max-snippet":"max-snippet:-1","max-image-preview":"max-image-preview:large","max-video-preview":"max-video-preview:-1"},"canonical":"https:\/\/www.harvesters.org\/es\/obtener-asistencia-alimentaria\/comidas-para-ninos","og_locale":"es_ES","og_type":"article","og_title":"Comidas para ni\u00f1os - Harvesters","og_description":"Comidas nutritivas y gratuitas para ni\u00f1os en lugares como escuelas, bibliotecas y otros espacios comunitarios: m\u00e1s de 50 sitios en Missouri y Kansas.","og_url":"https:\/\/www.harvesters.org\/es\/obtener-asistencia-alimentaria\/comidas-para-ninos","og_site_name":"Harvesters","article_modified_time":"2025-01-14T15:54:10+00:00","og_image":[{"width":1000,"height":750,"url":"https:\/\/www.harvesters.org\/wp-content\/uploads\/2021\/07\/Meals-for-Kids.jpg","type":"image\/jpeg"}],"twitter_card":"summary_large_image","twitter_misc":{"Tiempo de lectura":"2 minutos"},"schema":{"@context":"https:\/\/schema.org","@graph":[{"@type":"WebPage","@id":"https:\/\/www.harvesters.org\/es\/obtener-asistencia-alimentaria\/comidas-para-ninos","url":"https:\/\/www.harvesters.org\/es\/obtener-asistencia-alimentaria\/comidas-para-ninos","name":"Comidas para ni\u00f1os - Harvesters","isPartOf":{"@id":"https:\/\/www.harvesters.org\/#website"},"primaryImageOfPage":{"@id":"https:\/\/www.harvesters.org\/es\/obtener-asistencia-alimentaria\/comidas-para-ninos#primaryimage"},"image":{"@id":"https:\/\/www.harvesters.org\/es\/obtener-asistencia-alimentaria\/comidas-para-ninos#primaryimage"},"thumbnailUrl":"http:\/\/www.harvesters.org\/wp-content\/uploads\/2021\/07\/Meals-for-Kids.jpg","datePublished":"2021-06-01T13:17:19+00:00","dateModified":"2025-01-14T15:54:10+00:00","description":"Comidas nutritivas y gratuitas para ni\u00f1os en lugares como escuelas, bibliotecas y otros espacios comunitarios: m\u00e1s de 50 sitios en Missouri y Kansas.","breadcrumb":{"@id":"https:\/\/www.harvesters.org\/es\/obtener-asistencia-alimentaria\/comidas-para-ninos#breadcrumb"},"inLanguage":"es","potentialAction":[{"@type":"ReadAction","target":["https:\/\/www.harvesters.org\/es\/obtener-asistencia-alimentaria\/comidas-para-ninos"]}]},{"@type":"ImageObject","inLanguage":"es","@id":"https:\/\/www.harvesters.org\/es\/obtener-asistencia-alimentaria\/comidas-para-ninos#primaryimage","url":"http:\/\/www.harvesters.org\/wp-content\/uploads\/2021\/07\/Meals-for-Kids.jpg","contentUrl":"http:\/\/www.harvesters.org\/wp-content\/uploads\/2021\/07\/Meals-for-Kids.jpg"},{"@type":"BreadcrumbList","@id":"https:\/\/www.harvesters.org\/es\/obtener-asistencia-alimentaria\/comidas-para-ninos#breadcrumb","itemListElement":[{"@type":"ListItem","position":1,"name":"Home","item":"https:\/\/www.harvesters.org\/es"},{"@type":"ListItem","position":2,"name":"Obtener asistencia alimentaria","item":"https:\/\/www.harvesters.org\/es\/obtener-asistencia-alimentaria"},{"@type":"ListItem","position":3,"name":"Comidas para ni\u00f1os"}]},{"@type":"WebSite","@id":"https:\/\/www.harvesters.org\/#website","url":"https:\/\/www.harvesters.org\/","name":"Harvesters","description":"","potentialAction":[{"@type":"SearchAction","target":{"@type":"EntryPoint","urlTemplate":"https:\/\/www.harvesters.org\/?s={search_term_string}"},"query-input":{"@type":"PropertyValueSpecification","valueRequired":true,"valueName":"search_term_string"}}],"inLanguage":"es"}]}},"uagb_featured_image_src":{"full":false,"thumbnail":false,"medium":false,"medium_large":false,"large":false,"1536x1536":false,"2048x2048":false,"alm-thumbnail":false,"featured-16-9":false,"featured-4-3":false,"featured-4-3-full":false,"featured-16-9-full":false,"gform-image-choice-sm":false,"gform-image-choice-md":false,"gform-image-choice-lg":false},"uagb_author_info":{"display_name":"John Kuefler","author_link":"https:\/\/www.harvesters.org\/es\/author\/john-kuefleruxwest-com"},"uagb_comment_info":0,"uagb_excerpt":"C\u00f3mo encontrar comidas gratuitas para ni\u00f1os. Encuentre comidas gratuitas para ni\u00f1os: Ingrese su direcci\u00f3n en la p\u00e1gina siguiente para encontrar comidas saludables y gratuitas servidas por organizaciones de su comunidad. No utilizamos sus datos para\u2026 More","_links":{"self":[{"href":"https:\/\/www.harvesters.org\/es\/wp-json\/wp\/v2\/pages\/9528","targetHints":{"allow":["GET"]}}],"collection":[{"href":"https:\/\/www.harvesters.org\/es\/wp-json\/wp\/v2\/pages"}],"about":[{"href":"https:\/\/www.harvesters.org\/es\/wp-json\/wp\/v2\/types\/page"}],"author":[{"embeddable":true,"href":"https:\/\/www.harvesters.org\/es\/wp-json\/wp\/v2\/users\/3"}],"replies":[{"embeddable":true,"href":"https:\/\/www.harvesters.org\/es\/wp-json\/wp\/v2\/comments?post=9528"}],"version-history":[{"count":9,"href":"https:\/\/www.harvesters.org\/es\/wp-json\/wp\/v2\/pages\/9528\/revisions"}],"predecessor-version":[{"id":13716,"href":"https:\/\/www.harvesters.org\/es\/wp-json\/wp\/v2\/pages\/9528\/revisions\/13716"}],"up":[{"embeddable":true,"href":"https:\/\/www.harvesters.org\/es\/wp-json\/wp\/v2\/pages\/9526"}],"wp:attachment":[{"href":"https:\/\/www.harvesters.org\/es\/wp-json\/wp\/v2\/media?parent=9528"}],"curies":[{"name":"wp","href":"https:\/\/api.w.org\/{rel}","templated":true}]}}