{"id":9526,"date":"2021-05-11T12:22:20","date_gmt":"2021-05-11T17:22:20","guid":{"rendered":"https:\/\/www.harvesters.org\/?page_id=9526"},"modified":"2025-01-14T09:47:00","modified_gmt":"2025-01-14T15:47:00","slug":"obtener-asistencia-alimentaria","status":"publish","type":"page","link":"https:\/\/www.harvesters.org\/es\/obtener-asistencia-alimentaria","title":{"rendered":"Obtener asistencia alimentaria"},"content":{"rendered":"\n<div class=\"wp-block-columns is-layout-flex wp-container-core-columns-is-layout-9d6595d7 wp-block-columns-is-layout-flex\">\n<div class=\"wp-block-column is-layout-flow wp-block-column-is-layout-flow\">\n<figure class=\"wp-block-image size-full\"><img loading=\"lazy\" decoding=\"async\" width=\"1000\" height=\"750\" src=\"http:\/\/www.harvesters.org\/wp-content\/uploads\/2021\/08\/GFA4.jpg\" alt=\"Madre e hijo sosteniendo comida\" class=\"wp-image-3853\" srcset=\"https:\/\/www.harvesters.org\/wp-content\/uploads\/2021\/08\/GFA4.jpg 1000w, https:\/\/www.harvesters.org\/wp-content\/uploads\/2021\/08\/GFA4-300x225.jpg 300w, https:\/\/www.harvesters.org\/wp-content\/uploads\/2021\/08\/GFA4-768x576.jpg 768w, https:\/\/www.harvesters.org\/wp-content\/uploads\/2021\/08\/GFA4-383x287.jpg 383w, https:\/\/www.harvesters.org\/wp-content\/uploads\/2021\/08\/GFA4-950x712.jpg 950w\" sizes=\"auto, (max-width: 1000px) 100vw, 1000px\" \/><\/figure>\n<\/div>\n\n\n\n<div class=\"wp-block-column is-layout-flow wp-block-column-is-layout-flow\">\n<figure class=\"wp-block-image size-full\"><img loading=\"lazy\" decoding=\"async\" width=\"1000\" height=\"750\" src=\"http:\/\/www.harvesters.org\/wp-content\/uploads\/2021\/08\/GFA3.jpg\" alt=\"Hombre eligiendo comida\" class=\"wp-image-3852\" srcset=\"https:\/\/www.harvesters.org\/wp-content\/uploads\/2021\/08\/GFA3.jpg 1000w, https:\/\/www.harvesters.org\/wp-content\/uploads\/2021\/08\/GFA3-300x225.jpg 300w, https:\/\/www.harvesters.org\/wp-content\/uploads\/2021\/08\/GFA3-768x576.jpg 768w, https:\/\/www.harvesters.org\/wp-content\/uploads\/2021\/08\/GFA3-383x287.jpg 383w, https:\/\/www.harvesters.org\/wp-content\/uploads\/2021\/08\/GFA3-950x712.jpg 950w\" sizes=\"auto, (max-width: 1000px) 100vw, 1000px\" \/><\/figure>\n<\/div>\n\n\n\n<div class=\"wp-block-column is-layout-flow wp-block-column-is-layout-flow\">\n<figure class=\"wp-block-image size-full\"><img loading=\"lazy\" decoding=\"async\" width=\"1000\" height=\"750\" src=\"http:\/\/www.harvesters.org\/wp-content\/uploads\/2021\/08\/GFA2.jpg\" alt=\"Mujer con una bolsa de comida en la mano\" class=\"wp-image-3851\" srcset=\"https:\/\/www.harvesters.org\/wp-content\/uploads\/2021\/08\/GFA2.jpg 1000w, https:\/\/www.harvesters.org\/wp-content\/uploads\/2021\/08\/GFA2-300x225.jpg 300w, https:\/\/www.harvesters.org\/wp-content\/uploads\/2021\/08\/GFA2-768x576.jpg 768w, https:\/\/www.harvesters.org\/wp-content\/uploads\/2021\/08\/GFA2-383x287.jpg 383w, https:\/\/www.harvesters.org\/wp-content\/uploads\/2021\/08\/GFA2-950x712.jpg 950w\" sizes=\"auto, (max-width: 1000px) 100vw, 1000px\" \/><\/figure>\n<\/div>\n\n\n\n<div class=\"wp-block-column is-layout-flow wp-block-column-is-layout-flow\">\n<figure class=\"wp-block-image size-full\"><img loading=\"lazy\" decoding=\"async\" width=\"1000\" height=\"750\" src=\"http:\/\/www.harvesters.org\/wp-content\/uploads\/2021\/08\/GFA1.jpg\" alt=\"Marido y mujer con comida en el coche\" class=\"wp-image-3850\" srcset=\"https:\/\/www.harvesters.org\/wp-content\/uploads\/2021\/08\/GFA1.jpg 1000w, https:\/\/www.harvesters.org\/wp-content\/uploads\/2021\/08\/GFA1-300x225.jpg 300w, https:\/\/www.harvesters.org\/wp-content\/uploads\/2021\/08\/GFA1-768x576.jpg 768w, https:\/\/www.harvesters.org\/wp-content\/uploads\/2021\/08\/GFA1-383x287.jpg 383w, https:\/\/www.harvesters.org\/wp-content\/uploads\/2021\/08\/GFA1-950x712.jpg 950w\" sizes=\"auto, (max-width: 1000px) 100vw, 1000px\" \/><\/figure>\n<\/div>\n<\/div>\n\n\n\n<h1 class=\"wp-block-heading\">Obtener asistencia alimentaria<\/h1>\n\n\n\n<p>Si usted o alguien que conoce necesita comida, le podemos ayudar a encontrar la asistencia que necesita. Harvesters distribuye alimentos y recursos a trav\u00e9s de una red de m\u00e1s de 900 agencias asociadas y programas como despensas, comedores, refugios de emergencia, y programas que atiendan a las familias, a los ni\u00f1os y a las personas mayores.<\/p>\n\n\n\n<p>Use la informaci\u00f3n dentro de las p\u00e1ginas a continuaci\u00f3n para encontrar recursos que son convenientes para usted. \u00bfQuiere ayuda para navegar todas las opciones? Llame a nuestra l\u00ednea de Atenci\u00f3n al Cliente al 877-653-9519 o env\u00edenos un correo electr\u00f3nico a <a>customercare@harvesters.org<\/a> y nuestro personal estar\u00e1 encantado de ayudarle.<\/p>\n\n\n\n<div style=\"height:25px\" aria-hidden=\"true\" class=\"wp-block-spacer\"><\/div>\n\n\n<div id=\"cards-block_55a710ced6be2ecb2e0679c6de5de3c3\" class=\"cards\">\r\n\r\n\r\n\r\n    <div class=\"impact w-full md:pb-12 pb-6 cards\">\r\n        <div class=\" flex-wrap flex flex-col justify-self-stretch items-center\">\r\n                        \r\n            <div class=\" flex flex-wrap justify-center items-stretch -mx-3\">\r\n                                                                 \r\n                                                                    <a href=\"http:\/\/www.harvesters.org\/get-food-assistance\/food-locator\/\" target=\"\" class=\"w-56 h-56 p-3 flex items-stretch\">\r\n                                                <div class=\" blue w-full  pt-6 pb-3 px-4 rounded-md text-center flex flex-col items-center justify-self-stretch\">\r\n\r\n                                                                                    <div class=\"m-auto icon rounded-full\">\r\n                                <img decoding=\"async\" src=\"https:\/\/www.harvesters.org\/wp-content\/uploads\/2021\/06\/icon-food-locator.png\" class=\"m-auto\" alt=\"\">\r\n                            <\/div>\r\n                            \r\n\r\n                            <h3 class=\" pt-3 w-full uppercase text-center mt-0 mb-1\">\r\n                                Localizador de Alimentos<\/h3>\r\n                                                    <\/div>\r\n                                        <\/a>\r\n                                                \r\n\r\n                                                 \r\n                                                                    <a href=\"https:\/\/www.harvesters.org\/es?page_id=9528\" target=\"\" class=\"w-56 h-56 p-3 flex items-stretch\">\r\n                                                <div class=\" yellow w-full  pt-6 pb-3 px-4 rounded-md text-center flex flex-col items-center justify-self-stretch\">\r\n\r\n                                                                                    <div class=\"m-auto icon rounded-full\">\r\n                                <img decoding=\"async\" src=\"https:\/\/www.harvesters.org\/wp-content\/uploads\/2021\/06\/icon-meals-for-kids-bolder-lines.png\" class=\"m-auto\" alt=\"\">\r\n                            <\/div>\r\n                            \r\n\r\n                            <h3 class=\" pt-3 w-full uppercase text-center mt-0 mb-1\">\r\n                                Comida para Ni\u00f1os<\/h3>\r\n                                                    <\/div>\r\n                                        <\/a>\r\n                                                \r\n\r\n                                                 \r\n                                                                    <a href=\"https:\/\/www.harvesters.org\/es\/obtener-asistencia-alimentaria\/asistencia-con-snap\" target=\"\" class=\"w-56 h-56 p-3 flex items-stretch\">\r\n                                                <div class=\" red w-full  pt-6 pb-3 px-4 rounded-md text-center flex flex-col items-center justify-self-stretch\">\r\n\r\n                                                                                    <div class=\"m-auto icon rounded-full\">\r\n                                <img decoding=\"async\" src=\"https:\/\/www.harvesters.org\/wp-content\/uploads\/2021\/06\/icon-snap-assistance.png\" class=\"m-auto\" alt=\"\">\r\n                            <\/div>\r\n                            \r\n\r\n                            <h3 class=\" pt-3 w-full uppercase text-center mt-0 mb-1\">\r\n                                Asistencia con SNAP<\/h3>\r\n                                                    <\/div>\r\n                                        <\/a>\r\n                                                \r\n\r\n                                                 \r\n                                                                    <a href=\"https:\/\/www.harvesters.org\/es\/obtener-asistencia-alimentaria\/preguntas-frecuentes-de-asistencia-alimentaria\" target=\"\" class=\"w-56 h-56 p-3 flex items-stretch\">\r\n                                                <div class=\" green w-full  pt-6 pb-3 px-4 rounded-md text-center flex flex-col items-center justify-self-stretch\">\r\n\r\n                                                                                    <div class=\"m-auto icon rounded-full\">\r\n                                <img decoding=\"async\" src=\"https:\/\/www.harvesters.org\/wp-content\/uploads\/2021\/06\/icon-faq.png\" class=\"m-auto\" alt=\"\">\r\n                            <\/div>\r\n                            \r\n\r\n                            <h3 class=\" pt-3 w-full uppercase text-center mt-0 mb-1\">\r\n                                Preguntas sobre Asistencia Alimentaria<\/h3>\r\n                                                    <\/div>\r\n                                        <\/a>\r\n                                                \r\n\r\n                                                 \r\n                                                                    <a href=\"https:\/\/www.harvesters.org\/get-food-assistance\/service-insights\" target=\"\" class=\"w-56 h-56 p-3 flex items-stretch\">\r\n                                                <div class=\" blue w-full  pt-6 pb-3 px-4 rounded-md text-center flex flex-col items-center justify-self-stretch\">\r\n\r\n                                                                                    <div class=\"m-auto icon rounded-full\">\r\n                                <img decoding=\"async\" src=\"https:\/\/www.harvesters.org\/wp-content\/uploads\/2023\/10\/ServiceInsights.png\" class=\"m-auto\" alt=\"Service Insights Icon\">\r\n                            <\/div>\r\n                            \r\n\r\n                            <h3 class=\" pt-3 w-full uppercase text-center mt-0 mb-1\">\r\n                                Conocimientos de Servicio<\/h3>\r\n                                                    <\/div>\r\n                                        <\/a>\r\n                                                \r\n\r\n                                \r\n            <\/div>\r\n        <\/div>\r\n    <\/div>\r\n<\/div>\n\n\n<div style=\"height:59px\" aria-hidden=\"true\" class=\"wp-block-spacer\"><\/div>\n","protected":false},"excerpt":{"rendered":"<p>Obtener asistencia alimentaria Si usted o alguien que conoce necesita comida, le podemos ayudar a encontrar la asistencia que necesita. Harvesters distribuye alimentos y recursos a trav\u00e9s de una red de m\u00e1s de 900 agencias\u2026 <a href=\"https:\/\/www.harvesters.org\/es\/obtener-asistencia-alimentaria\" class=\"read-more\">More<\/a><\/p>\n","protected":false},"author":3,"featured_media":0,"parent":0,"menu_order":0,"comment_status":"closed","ping_status":"closed","template":"","meta":{"_acf_changed":false,"inline_featured_image":false,"_uag_custom_page_level_css":"","footnotes":""},"class_list":["post-9526","page","type-page","status-publish","hentry"],"acf":[],"yoast_head":"<!-- This site is optimized with the Yoast SEO plugin v27.5 - https:\/\/yoast.com\/product\/yoast-seo-wordpress\/ -->\n<title>Obtener asistencia alimentaria - Harvesters<\/title>\n<meta name=\"description\" content=\"Encuentre asistencia alimentaria: despensas, comedores, puntos de recogida de alimentos, programas infantiles y mucho m\u00e1s en las regiones de Kansas City y Topeka.\" \/>\n<meta name=\"robots\" content=\"index, follow, max-snippet:-1, max-image-preview:large, max-video-preview:-1\" \/>\n<link rel=\"canonical\" href=\"https:\/\/www.harvesters.org\/es\/obtener-asistencia-alimentaria\" \/>\n<meta property=\"og:locale\" content=\"es_ES\" \/>\n<meta property=\"og:type\" content=\"article\" \/>\n<meta property=\"og:title\" content=\"Obtener asistencia alimentaria - Harvesters\" \/>\n<meta property=\"og:description\" content=\"Encuentre asistencia alimentaria: despensas, comedores, puntos de recogida de alimentos, programas infantiles y mucho m\u00e1s en las regiones de Kansas City y Topeka.\" \/>\n<meta property=\"og:url\" content=\"https:\/\/www.harvesters.org\/es\/obtener-asistencia-alimentaria\" \/>\n<meta property=\"og:site_name\" content=\"Harvesters\" \/>\n<meta property=\"article:modified_time\" content=\"2025-01-14T15:47:00+00:00\" \/>\n<meta property=\"og:image\" content=\"https:\/\/www.harvesters.org\/wp-content\/uploads\/2021\/08\/GFA4.jpg\" \/>\n\t<meta property=\"og:image:width\" content=\"1000\" \/>\n\t<meta property=\"og:image:height\" content=\"750\" \/>\n\t<meta property=\"og:image:type\" content=\"image\/jpeg\" \/>\n<meta name=\"twitter:card\" content=\"summary_large_image\" \/>\n<meta name=\"twitter:label1\" content=\"Tiempo de lectura\" \/>\n\t<meta name=\"twitter:data1\" content=\"2 minutos\" \/>\n<script type=\"application\/ld+json\" class=\"yoast-schema-graph\">{\"@context\":\"https:\\\/\\\/schema.org\",\"@graph\":[{\"@type\":\"WebPage\",\"@id\":\"https:\\\/\\\/www.harvesters.org\\\/es\\\/obtener-asistencia-alimentaria\",\"url\":\"https:\\\/\\\/www.harvesters.org\\\/es\\\/obtener-asistencia-alimentaria\",\"name\":\"Obtener asistencia alimentaria - Harvesters\",\"isPartOf\":{\"@id\":\"https:\\\/\\\/www.harvesters.org\\\/#website\"},\"primaryImageOfPage\":{\"@id\":\"https:\\\/\\\/www.harvesters.org\\\/es\\\/obtener-asistencia-alimentaria#primaryimage\"},\"image\":{\"@id\":\"https:\\\/\\\/www.harvesters.org\\\/es\\\/obtener-asistencia-alimentaria#primaryimage\"},\"thumbnailUrl\":\"http:\\\/\\\/www.harvesters.org\\\/wp-content\\\/uploads\\\/2021\\\/08\\\/GFA4.jpg\",\"datePublished\":\"2021-05-11T17:22:20+00:00\",\"dateModified\":\"2025-01-14T15:47:00+00:00\",\"description\":\"Encuentre asistencia alimentaria: despensas, comedores, puntos de recogida de alimentos, programas infantiles y mucho m\u00e1s en las regiones de Kansas City y Topeka.\",\"breadcrumb\":{\"@id\":\"https:\\\/\\\/www.harvesters.org\\\/es\\\/obtener-asistencia-alimentaria#breadcrumb\"},\"inLanguage\":\"es\",\"potentialAction\":[{\"@type\":\"ReadAction\",\"target\":[\"https:\\\/\\\/www.harvesters.org\\\/es\\\/obtener-asistencia-alimentaria\"]}]},{\"@type\":\"ImageObject\",\"inLanguage\":\"es\",\"@id\":\"https:\\\/\\\/www.harvesters.org\\\/es\\\/obtener-asistencia-alimentaria#primaryimage\",\"url\":\"http:\\\/\\\/www.harvesters.org\\\/wp-content\\\/uploads\\\/2021\\\/08\\\/GFA4.jpg\",\"contentUrl\":\"http:\\\/\\\/www.harvesters.org\\\/wp-content\\\/uploads\\\/2021\\\/08\\\/GFA4.jpg\"},{\"@type\":\"BreadcrumbList\",\"@id\":\"https:\\\/\\\/www.harvesters.org\\\/es\\\/obtener-asistencia-alimentaria#breadcrumb\",\"itemListElement\":[{\"@type\":\"ListItem\",\"position\":1,\"name\":\"Home\",\"item\":\"https:\\\/\\\/www.harvesters.org\\\/es\"},{\"@type\":\"ListItem\",\"position\":2,\"name\":\"Obtener asistencia alimentaria\"}]},{\"@type\":\"WebSite\",\"@id\":\"https:\\\/\\\/www.harvesters.org\\\/#website\",\"url\":\"https:\\\/\\\/www.harvesters.org\\\/\",\"name\":\"Harvesters\",\"description\":\"\",\"potentialAction\":[{\"@type\":\"SearchAction\",\"target\":{\"@type\":\"EntryPoint\",\"urlTemplate\":\"https:\\\/\\\/www.harvesters.org\\\/?s={search_term_string}\"},\"query-input\":{\"@type\":\"PropertyValueSpecification\",\"valueRequired\":true,\"valueName\":\"search_term_string\"}}],\"inLanguage\":\"es\"}]}<\/script>\n<!-- \/ Yoast SEO plugin. -->","yoast_head_json":{"title":"Obtener asistencia alimentaria - Harvesters","description":"Encuentre asistencia alimentaria: despensas, comedores, puntos de recogida de alimentos, programas infantiles y mucho m\u00e1s en las regiones de Kansas City y Topeka.","robots":{"index":"index","follow":"follow","max-snippet":"max-snippet:-1","max-image-preview":"max-image-preview:large","max-video-preview":"max-video-preview:-1"},"canonical":"https:\/\/www.harvesters.org\/es\/obtener-asistencia-alimentaria","og_locale":"es_ES","og_type":"article","og_title":"Obtener asistencia alimentaria - Harvesters","og_description":"Encuentre asistencia alimentaria: despensas, comedores, puntos de recogida de alimentos, programas infantiles y mucho m\u00e1s en las regiones de Kansas City y Topeka.","og_url":"https:\/\/www.harvesters.org\/es\/obtener-asistencia-alimentaria","og_site_name":"Harvesters","article_modified_time":"2025-01-14T15:47:00+00:00","og_image":[{"width":1000,"height":750,"url":"https:\/\/www.harvesters.org\/wp-content\/uploads\/2021\/08\/GFA4.jpg","type":"image\/jpeg"}],"twitter_card":"summary_large_image","twitter_misc":{"Tiempo de lectura":"2 minutos"},"schema":{"@context":"https:\/\/schema.org","@graph":[{"@type":"WebPage","@id":"https:\/\/www.harvesters.org\/es\/obtener-asistencia-alimentaria","url":"https:\/\/www.harvesters.org\/es\/obtener-asistencia-alimentaria","name":"Obtener asistencia alimentaria - Harvesters","isPartOf":{"@id":"https:\/\/www.harvesters.org\/#website"},"primaryImageOfPage":{"@id":"https:\/\/www.harvesters.org\/es\/obtener-asistencia-alimentaria#primaryimage"},"image":{"@id":"https:\/\/www.harvesters.org\/es\/obtener-asistencia-alimentaria#primaryimage"},"thumbnailUrl":"http:\/\/www.harvesters.org\/wp-content\/uploads\/2021\/08\/GFA4.jpg","datePublished":"2021-05-11T17:22:20+00:00","dateModified":"2025-01-14T15:47:00+00:00","description":"Encuentre asistencia alimentaria: despensas, comedores, puntos de recogida de alimentos, programas infantiles y mucho m\u00e1s en las regiones de Kansas City y Topeka.","breadcrumb":{"@id":"https:\/\/www.harvesters.org\/es\/obtener-asistencia-alimentaria#breadcrumb"},"inLanguage":"es","potentialAction":[{"@type":"ReadAction","target":["https:\/\/www.harvesters.org\/es\/obtener-asistencia-alimentaria"]}]},{"@type":"ImageObject","inLanguage":"es","@id":"https:\/\/www.harvesters.org\/es\/obtener-asistencia-alimentaria#primaryimage","url":"http:\/\/www.harvesters.org\/wp-content\/uploads\/2021\/08\/GFA4.jpg","contentUrl":"http:\/\/www.harvesters.org\/wp-content\/uploads\/2021\/08\/GFA4.jpg"},{"@type":"BreadcrumbList","@id":"https:\/\/www.harvesters.org\/es\/obtener-asistencia-alimentaria#breadcrumb","itemListElement":[{"@type":"ListItem","position":1,"name":"Home","item":"https:\/\/www.harvesters.org\/es"},{"@type":"ListItem","position":2,"name":"Obtener asistencia alimentaria"}]},{"@type":"WebSite","@id":"https:\/\/www.harvesters.org\/#website","url":"https:\/\/www.harvesters.org\/","name":"Harvesters","description":"","potentialAction":[{"@type":"SearchAction","target":{"@type":"EntryPoint","urlTemplate":"https:\/\/www.harvesters.org\/?s={search_term_string}"},"query-input":{"@type":"PropertyValueSpecification","valueRequired":true,"valueName":"search_term_string"}}],"inLanguage":"es"}]}},"uagb_featured_image_src":{"full":false,"thumbnail":false,"medium":false,"medium_large":false,"large":false,"1536x1536":false,"2048x2048":false,"alm-thumbnail":false,"featured-16-9":false,"featured-4-3":false,"featured-4-3-full":false,"featured-16-9-full":false,"gform-image-choice-sm":false,"gform-image-choice-md":false,"gform-image-choice-lg":false},"uagb_author_info":{"display_name":"John Kuefler","author_link":"https:\/\/www.harvesters.org\/es\/author\/john-kuefleruxwest-com"},"uagb_comment_info":0,"uagb_excerpt":"Obtener asistencia alimentaria Si usted o alguien que conoce necesita comida, le podemos ayudar a encontrar la asistencia que necesita. Harvesters distribuye alimentos y recursos a trav\u00e9s de una red de m\u00e1s de 900 agencias\u2026 More","_links":{"self":[{"href":"https:\/\/www.harvesters.org\/es\/wp-json\/wp\/v2\/pages\/9526","targetHints":{"allow":["GET"]}}],"collection":[{"href":"https:\/\/www.harvesters.org\/es\/wp-json\/wp\/v2\/pages"}],"about":[{"href":"https:\/\/www.harvesters.org\/es\/wp-json\/wp\/v2\/types\/page"}],"author":[{"embeddable":true,"href":"https:\/\/www.harvesters.org\/es\/wp-json\/wp\/v2\/users\/3"}],"replies":[{"embeddable":true,"href":"https:\/\/www.harvesters.org\/es\/wp-json\/wp\/v2\/comments?post=9526"}],"version-history":[{"count":14,"href":"https:\/\/www.harvesters.org\/es\/wp-json\/wp\/v2\/pages\/9526\/revisions"}],"predecessor-version":[{"id":13714,"href":"https:\/\/www.harvesters.org\/es\/wp-json\/wp\/v2\/pages\/9526\/revisions\/13714"}],"wp:attachment":[{"href":"https:\/\/www.harvesters.org\/es\/wp-json\/wp\/v2\/media?parent=9526"}],"curies":[{"name":"wp","href":"https:\/\/api.w.org\/{rel}","templated":true}]}}