{"id":9516,"date":"2021-05-11T12:23:06","date_gmt":"2021-05-11T17:23:06","guid":{"rendered":"https:\/\/www.harvesters.org\/?page_id=9516"},"modified":"2025-01-14T11:53:11","modified_gmt":"2025-01-14T17:53:11","slug":"como-ayudar","status":"publish","type":"page","link":"https:\/\/www.harvesters.org\/es\/como-ayudar","title":{"rendered":"C\u00f3mo ayudar"},"content":{"rendered":"\n<div class=\"wp-block-columns is-layout-flex wp-container-core-columns-is-layout-9d6595d7 wp-block-columns-is-layout-flex\">\n<div class=\"wp-block-column is-layout-flow wp-block-column-is-layout-flow\">\n<figure class=\"wp-block-image size-full\"><img loading=\"lazy\" decoding=\"async\" width=\"1000\" height=\"750\" src=\"http:\/\/www.harvesters.org\/wp-content\/uploads\/2021\/08\/H2H4.jpg\" alt=\"Joven con donaci\u00f3n en cami\u00f3n\" class=\"wp-image-3859\" srcset=\"https:\/\/www.harvesters.org\/wp-content\/uploads\/2021\/08\/H2H4.jpg 1000w, https:\/\/www.harvesters.org\/wp-content\/uploads\/2021\/08\/H2H4-300x225.jpg 300w, https:\/\/www.harvesters.org\/wp-content\/uploads\/2021\/08\/H2H4-768x576.jpg 768w, https:\/\/www.harvesters.org\/wp-content\/uploads\/2021\/08\/H2H4-383x287.jpg 383w, https:\/\/www.harvesters.org\/wp-content\/uploads\/2021\/08\/H2H4-950x712.jpg 950w\" sizes=\"auto, (max-width: 1000px) 100vw, 1000px\" \/><\/figure>\n<\/div>\n\n\n\n<div class=\"wp-block-column is-layout-flow wp-block-column-is-layout-flow\">\n<figure class=\"wp-block-image size-full\"><img loading=\"lazy\" decoding=\"async\" width=\"2560\" height=\"1920\" src=\"http:\/\/www.harvesters.org\/wp-content\/uploads\/2024\/02\/PXL_20240124_212042819-scaled.jpg\" alt=\"\" class=\"wp-image-10752\" srcset=\"https:\/\/www.harvesters.org\/wp-content\/uploads\/2024\/02\/PXL_20240124_212042819-scaled.jpg 2560w, https:\/\/www.harvesters.org\/wp-content\/uploads\/2024\/02\/PXL_20240124_212042819-300x225.jpg 300w, https:\/\/www.harvesters.org\/wp-content\/uploads\/2024\/02\/PXL_20240124_212042819-1024x768.jpg 1024w, https:\/\/www.harvesters.org\/wp-content\/uploads\/2024\/02\/PXL_20240124_212042819-768x576.jpg 768w, https:\/\/www.harvesters.org\/wp-content\/uploads\/2024\/02\/PXL_20240124_212042819-1536x1152.jpg 1536w, https:\/\/www.harvesters.org\/wp-content\/uploads\/2024\/02\/PXL_20240124_212042819-2048x1536.jpg 2048w, https:\/\/www.harvesters.org\/wp-content\/uploads\/2024\/02\/PXL_20240124_212042819-383x287.jpg 383w, https:\/\/www.harvesters.org\/wp-content\/uploads\/2024\/02\/PXL_20240124_212042819-950x712.jpg 950w\" sizes=\"auto, (max-width: 2560px) 100vw, 2560px\" \/><\/figure>\n<\/div>\n\n\n\n<div class=\"wp-block-column is-layout-flow wp-block-column-is-layout-flow\">\n<figure class=\"wp-block-image size-full\"><img loading=\"lazy\" decoding=\"async\" width=\"1000\" height=\"750\" src=\"http:\/\/www.harvesters.org\/wp-content\/uploads\/2021\/08\/H2H2.jpg\" alt=\"Conductor voluntario cerca de un cami\u00f3n de Harvesters\" class=\"wp-image-3857\" srcset=\"https:\/\/www.harvesters.org\/wp-content\/uploads\/2021\/08\/H2H2.jpg 1000w, https:\/\/www.harvesters.org\/wp-content\/uploads\/2021\/08\/H2H2-300x225.jpg 300w, https:\/\/www.harvesters.org\/wp-content\/uploads\/2021\/08\/H2H2-768x576.jpg 768w, https:\/\/www.harvesters.org\/wp-content\/uploads\/2021\/08\/H2H2-383x287.jpg 383w, https:\/\/www.harvesters.org\/wp-content\/uploads\/2021\/08\/H2H2-950x712.jpg 950w\" sizes=\"auto, (max-width: 1000px) 100vw, 1000px\" \/><\/figure>\n<\/div>\n\n\n\n<div class=\"wp-block-column is-layout-flow wp-block-column-is-layout-flow\">\n<figure class=\"wp-block-image size-full\"><img loading=\"lazy\" decoding=\"async\" width=\"1000\" height=\"750\" src=\"http:\/\/www.harvesters.org\/wp-content\/uploads\/2021\/08\/H2H1.jpg\" alt=\"Grupo de voluntarios clasificando frutas y verduras\" class=\"wp-image-3856\" srcset=\"https:\/\/www.harvesters.org\/wp-content\/uploads\/2021\/08\/H2H1.jpg 1000w, https:\/\/www.harvesters.org\/wp-content\/uploads\/2021\/08\/H2H1-300x225.jpg 300w, https:\/\/www.harvesters.org\/wp-content\/uploads\/2021\/08\/H2H1-768x576.jpg 768w, https:\/\/www.harvesters.org\/wp-content\/uploads\/2021\/08\/H2H1-383x287.jpg 383w, https:\/\/www.harvesters.org\/wp-content\/uploads\/2021\/08\/H2H1-950x712.jpg 950w\" sizes=\"auto, (max-width: 1000px) 100vw, 1000px\" \/><\/figure>\n<\/div>\n<\/div>\n\n\n\n<h1 class=\"wp-block-heading\">C\u00f3mo ayudar<\/h1>\n\n\n\n<p>El problema del hambre es incre\u00edblemente complejo y a menudo abrumador. Pero hay muchas formas de contribuir a la lucha contra el hambre. Las peque\u00f1as acciones de amigos solidarios como t\u00fa se suman y marcan una gran diferencia. Tanto si haces un donativo, abogas, participas en un acto o eres voluntario, \u00a1cada acto nos ayuda a construir comunidades sin hambre! Usted es nuestro recurso m\u00e1s valioso. Con su ayuda, podemos acabar con el hambre. <\/p>\n\n\n\n<div style=\"height:15px\" aria-hidden=\"true\" class=\"wp-block-spacer\"><\/div>\n\n\n<div id=\"cards-block_40b2a51d3e97ab1386493a2c8287893d\" class=\"cards\">\r\n\r\n\r\n\r\n    <div class=\"impact w-full md:pb-12 pb-6 cards\">\r\n        <div class=\" flex-wrap flex flex-col justify-self-stretch items-center\">\r\n                        \r\n            <div class=\" flex flex-wrap justify-center items-stretch -mx-3\">\r\n                                                                 \r\n                                                                    <a href=\"https:\/\/www.harvesters.org\/es\/como-ayudar\/donar-alimentos\" target=\"\" class=\"w-56 h-56 p-3 flex items-stretch\">\r\n                                                <div class=\" blue w-full  pt-6 pb-3 px-4 rounded-md text-center flex flex-col items-center justify-self-stretch\">\r\n\r\n                                                                                    <div class=\"m-auto icon rounded-full\">\r\n                                <img decoding=\"async\" src=\"https:\/\/www.harvesters.org\/wp-content\/uploads\/2021\/06\/icon-give-food.png\" class=\"m-auto\" alt=\"\">\r\n                            <\/div>\r\n                            \r\n\r\n                            <h3 class=\" pt-3 w-full uppercase text-center mt-0 mb-1\">\r\n                                Donar Alimentos<\/h3>\r\n                                                    <\/div>\r\n                                        <\/a>\r\n                                                \r\n\r\n                                                 \r\n                                                                    <a href=\"https:\/\/www.harvesters.org\/es\/como-ayudar\/voluntariado\" target=\"\" class=\"w-56 h-56 p-3 flex items-stretch\">\r\n                                                <div class=\" red w-full  pt-6 pb-3 px-4 rounded-md text-center flex flex-col items-center justify-self-stretch\">\r\n\r\n                                                                                    <div class=\"m-auto icon rounded-full\">\r\n                                <img decoding=\"async\" src=\"https:\/\/www.harvesters.org\/wp-content\/uploads\/2021\/06\/icon-volunteer.png\" class=\"m-auto\" alt=\"\">\r\n                            <\/div>\r\n                            \r\n\r\n                            <h3 class=\" pt-3 w-full uppercase text-center mt-0 mb-1\">\r\n                                Ser voluntario<\/h3>\r\n                                                    <\/div>\r\n                                        <\/a>\r\n                                                \r\n\r\n                                                 \r\n                                                                    <a href=\"https:\/\/www.harvesters.org\/es\/como-ayudar\/done-fondos\" target=\"\" class=\"w-56 h-56 p-3 flex items-stretch\">\r\n                                                <div class=\" yellow w-full  pt-6 pb-3 px-4 rounded-md text-center flex flex-col items-center justify-self-stretch\">\r\n\r\n                                                                                    <div class=\"m-auto icon rounded-full\">\r\n                                <img decoding=\"async\" src=\"https:\/\/www.harvesters.org\/wp-content\/uploads\/2021\/06\/icon-donate.png\" class=\"m-auto\" alt=\"\">\r\n                            <\/div>\r\n                            \r\n\r\n                            <h3 class=\" pt-3 w-full uppercase text-center mt-0 mb-1\">\r\n                                Donar Fondos<\/h3>\r\n                                                    <\/div>\r\n                                        <\/a>\r\n                                                \r\n\r\n                                                 \r\n                                                                    <a href=\"https:\/\/www.harvesters.org\/es\/como-ayudar\/abogar-por-el-hambre\" target=\"\" class=\"w-56 h-56 p-3 flex items-stretch\">\r\n                                                <div class=\" green w-full  pt-6 pb-3 px-4 rounded-md text-center flex flex-col items-center justify-self-stretch\">\r\n\r\n                                                                                    <div class=\"m-auto icon rounded-full\">\r\n                                <img decoding=\"async\" src=\"https:\/\/www.harvesters.org\/wp-content\/uploads\/2021\/06\/icon-advocate.png\" class=\"m-auto\" alt=\"\">\r\n                            <\/div>\r\n                            \r\n\r\n                            <h3 class=\" pt-3 w-full uppercase text-center mt-0 mb-1\">\r\n                                Abogar<\/h3>\r\n                                                    <\/div>\r\n                                        <\/a>\r\n                                                \r\n\r\n                                \r\n            <\/div>\r\n        <\/div>\r\n    <\/div>\r\n<\/div>\n\n\n<div style=\"height:80px\" aria-hidden=\"true\" class=\"wp-block-spacer\"><\/div>\n","protected":false},"excerpt":{"rendered":"<p>C\u00f3mo ayudar El problema del hambre es incre\u00edblemente complejo y a menudo abrumador. Pero hay muchas formas de contribuir a la lucha contra el hambre. Las peque\u00f1as acciones de amigos solidarios como t\u00fa se suman\u2026 <a href=\"https:\/\/www.harvesters.org\/es\/como-ayudar\" class=\"read-more\">More<\/a><\/p>\n","protected":false},"author":3,"featured_media":0,"parent":0,"menu_order":0,"comment_status":"closed","ping_status":"closed","template":"","meta":{"_acf_changed":false,"inline_featured_image":false,"_uag_custom_page_level_css":"","footnotes":""},"class_list":["post-9516","page","type-page","status-publish","hentry"],"acf":[],"yoast_head":"<!-- This site is optimized with the Yoast SEO plugin v27.5 - https:\/\/yoast.com\/product\/yoast-seo-wordpress\/ -->\n<title>C\u00f3mo ayudar - Harvesters<\/title>\n<meta name=\"description\" content=\"Inf\u00f3rmese sobre c\u00f3mo donar alimentos o dinero, ser un\/a defensor\/a, ofrecerse como voluntario\/a o tomar otras acciones para ayudar a construir comunidades sin hambre en Missouri y Kansas.\" \/>\n<meta name=\"robots\" content=\"index, follow, max-snippet:-1, max-image-preview:large, max-video-preview:-1\" \/>\n<link rel=\"canonical\" href=\"https:\/\/www.harvesters.org\/es\/como-ayudar\" \/>\n<meta property=\"og:locale\" content=\"es_ES\" \/>\n<meta property=\"og:type\" content=\"article\" \/>\n<meta property=\"og:title\" content=\"C\u00f3mo ayudar - Harvesters\" \/>\n<meta property=\"og:description\" content=\"Inf\u00f3rmese sobre c\u00f3mo donar alimentos o dinero, ser un\/a defensor\/a, ofrecerse como voluntario\/a o tomar otras acciones para ayudar a construir comunidades sin hambre en Missouri y Kansas.\" \/>\n<meta property=\"og:url\" content=\"https:\/\/www.harvesters.org\/es\/como-ayudar\" \/>\n<meta property=\"og:site_name\" content=\"Harvesters\" \/>\n<meta property=\"article:modified_time\" content=\"2025-01-14T17:53:11+00:00\" \/>\n<meta property=\"og:image\" content=\"https:\/\/www.harvesters.org\/wp-content\/uploads\/2021\/08\/H2H4.jpg\" \/>\n\t<meta property=\"og:image:width\" content=\"1000\" \/>\n\t<meta property=\"og:image:height\" content=\"750\" \/>\n\t<meta property=\"og:image:type\" content=\"image\/jpeg\" \/>\n<meta name=\"twitter:card\" content=\"summary_large_image\" \/>\n<meta name=\"twitter:label1\" content=\"Tiempo de lectura\" \/>\n\t<meta name=\"twitter:data1\" content=\"2 minutos\" \/>\n<script type=\"application\/ld+json\" class=\"yoast-schema-graph\">{\"@context\":\"https:\\\/\\\/schema.org\",\"@graph\":[{\"@type\":\"WebPage\",\"@id\":\"https:\\\/\\\/www.harvesters.org\\\/es\\\/como-ayudar\",\"url\":\"https:\\\/\\\/www.harvesters.org\\\/es\\\/como-ayudar\",\"name\":\"C\u00f3mo ayudar - Harvesters\",\"isPartOf\":{\"@id\":\"https:\\\/\\\/www.harvesters.org\\\/#website\"},\"primaryImageOfPage\":{\"@id\":\"https:\\\/\\\/www.harvesters.org\\\/es\\\/como-ayudar#primaryimage\"},\"image\":{\"@id\":\"https:\\\/\\\/www.harvesters.org\\\/es\\\/como-ayudar#primaryimage\"},\"thumbnailUrl\":\"http:\\\/\\\/www.harvesters.org\\\/wp-content\\\/uploads\\\/2021\\\/08\\\/H2H4.jpg\",\"datePublished\":\"2021-05-11T17:23:06+00:00\",\"dateModified\":\"2025-01-14T17:53:11+00:00\",\"description\":\"Inf\u00f3rmese sobre c\u00f3mo donar alimentos o dinero, ser un\\\/a defensor\\\/a, ofrecerse como voluntario\\\/a o tomar otras acciones para ayudar a construir comunidades sin hambre en Missouri y Kansas.\",\"breadcrumb\":{\"@id\":\"https:\\\/\\\/www.harvesters.org\\\/es\\\/como-ayudar#breadcrumb\"},\"inLanguage\":\"es\",\"potentialAction\":[{\"@type\":\"ReadAction\",\"target\":[\"https:\\\/\\\/www.harvesters.org\\\/es\\\/como-ayudar\"]}]},{\"@type\":\"ImageObject\",\"inLanguage\":\"es\",\"@id\":\"https:\\\/\\\/www.harvesters.org\\\/es\\\/como-ayudar#primaryimage\",\"url\":\"http:\\\/\\\/www.harvesters.org\\\/wp-content\\\/uploads\\\/2021\\\/08\\\/H2H4.jpg\",\"contentUrl\":\"http:\\\/\\\/www.harvesters.org\\\/wp-content\\\/uploads\\\/2021\\\/08\\\/H2H4.jpg\"},{\"@type\":\"BreadcrumbList\",\"@id\":\"https:\\\/\\\/www.harvesters.org\\\/es\\\/como-ayudar#breadcrumb\",\"itemListElement\":[{\"@type\":\"ListItem\",\"position\":1,\"name\":\"Home\",\"item\":\"https:\\\/\\\/www.harvesters.org\\\/es\"},{\"@type\":\"ListItem\",\"position\":2,\"name\":\"C\u00f3mo ayudar\"}]},{\"@type\":\"WebSite\",\"@id\":\"https:\\\/\\\/www.harvesters.org\\\/#website\",\"url\":\"https:\\\/\\\/www.harvesters.org\\\/\",\"name\":\"Harvesters\",\"description\":\"\",\"potentialAction\":[{\"@type\":\"SearchAction\",\"target\":{\"@type\":\"EntryPoint\",\"urlTemplate\":\"https:\\\/\\\/www.harvesters.org\\\/?s={search_term_string}\"},\"query-input\":{\"@type\":\"PropertyValueSpecification\",\"valueRequired\":true,\"valueName\":\"search_term_string\"}}],\"inLanguage\":\"es\"}]}<\/script>\n<!-- \/ Yoast SEO plugin. -->","yoast_head_json":{"title":"C\u00f3mo ayudar - Harvesters","description":"Inf\u00f3rmese sobre c\u00f3mo donar alimentos o dinero, ser un\/a defensor\/a, ofrecerse como voluntario\/a o tomar otras acciones para ayudar a construir comunidades sin hambre en Missouri y Kansas.","robots":{"index":"index","follow":"follow","max-snippet":"max-snippet:-1","max-image-preview":"max-image-preview:large","max-video-preview":"max-video-preview:-1"},"canonical":"https:\/\/www.harvesters.org\/es\/como-ayudar","og_locale":"es_ES","og_type":"article","og_title":"C\u00f3mo ayudar - Harvesters","og_description":"Inf\u00f3rmese sobre c\u00f3mo donar alimentos o dinero, ser un\/a defensor\/a, ofrecerse como voluntario\/a o tomar otras acciones para ayudar a construir comunidades sin hambre en Missouri y Kansas.","og_url":"https:\/\/www.harvesters.org\/es\/como-ayudar","og_site_name":"Harvesters","article_modified_time":"2025-01-14T17:53:11+00:00","og_image":[{"width":1000,"height":750,"url":"https:\/\/www.harvesters.org\/wp-content\/uploads\/2021\/08\/H2H4.jpg","type":"image\/jpeg"}],"twitter_card":"summary_large_image","twitter_misc":{"Tiempo de lectura":"2 minutos"},"schema":{"@context":"https:\/\/schema.org","@graph":[{"@type":"WebPage","@id":"https:\/\/www.harvesters.org\/es\/como-ayudar","url":"https:\/\/www.harvesters.org\/es\/como-ayudar","name":"C\u00f3mo ayudar - Harvesters","isPartOf":{"@id":"https:\/\/www.harvesters.org\/#website"},"primaryImageOfPage":{"@id":"https:\/\/www.harvesters.org\/es\/como-ayudar#primaryimage"},"image":{"@id":"https:\/\/www.harvesters.org\/es\/como-ayudar#primaryimage"},"thumbnailUrl":"http:\/\/www.harvesters.org\/wp-content\/uploads\/2021\/08\/H2H4.jpg","datePublished":"2021-05-11T17:23:06+00:00","dateModified":"2025-01-14T17:53:11+00:00","description":"Inf\u00f3rmese sobre c\u00f3mo donar alimentos o dinero, ser un\/a defensor\/a, ofrecerse como voluntario\/a o tomar otras acciones para ayudar a construir comunidades sin hambre en Missouri y Kansas.","breadcrumb":{"@id":"https:\/\/www.harvesters.org\/es\/como-ayudar#breadcrumb"},"inLanguage":"es","potentialAction":[{"@type":"ReadAction","target":["https:\/\/www.harvesters.org\/es\/como-ayudar"]}]},{"@type":"ImageObject","inLanguage":"es","@id":"https:\/\/www.harvesters.org\/es\/como-ayudar#primaryimage","url":"http:\/\/www.harvesters.org\/wp-content\/uploads\/2021\/08\/H2H4.jpg","contentUrl":"http:\/\/www.harvesters.org\/wp-content\/uploads\/2021\/08\/H2H4.jpg"},{"@type":"BreadcrumbList","@id":"https:\/\/www.harvesters.org\/es\/como-ayudar#breadcrumb","itemListElement":[{"@type":"ListItem","position":1,"name":"Home","item":"https:\/\/www.harvesters.org\/es"},{"@type":"ListItem","position":2,"name":"C\u00f3mo ayudar"}]},{"@type":"WebSite","@id":"https:\/\/www.harvesters.org\/#website","url":"https:\/\/www.harvesters.org\/","name":"Harvesters","description":"","potentialAction":[{"@type":"SearchAction","target":{"@type":"EntryPoint","urlTemplate":"https:\/\/www.harvesters.org\/?s={search_term_string}"},"query-input":{"@type":"PropertyValueSpecification","valueRequired":true,"valueName":"search_term_string"}}],"inLanguage":"es"}]}},"uagb_featured_image_src":{"full":false,"thumbnail":false,"medium":false,"medium_large":false,"large":false,"1536x1536":false,"2048x2048":false,"alm-thumbnail":false,"featured-16-9":false,"featured-4-3":false,"featured-4-3-full":false,"featured-16-9-full":false,"gform-image-choice-sm":false,"gform-image-choice-md":false,"gform-image-choice-lg":false},"uagb_author_info":{"display_name":"John Kuefler","author_link":"https:\/\/www.harvesters.org\/es\/author\/john-kuefleruxwest-com"},"uagb_comment_info":0,"uagb_excerpt":"C\u00f3mo ayudar El problema del hambre es incre\u00edblemente complejo y a menudo abrumador. Pero hay muchas formas de contribuir a la lucha contra el hambre. Las peque\u00f1as acciones de amigos solidarios como t\u00fa se suman\u2026 More","_links":{"self":[{"href":"https:\/\/www.harvesters.org\/es\/wp-json\/wp\/v2\/pages\/9516","targetHints":{"allow":["GET"]}}],"collection":[{"href":"https:\/\/www.harvesters.org\/es\/wp-json\/wp\/v2\/pages"}],"about":[{"href":"https:\/\/www.harvesters.org\/es\/wp-json\/wp\/v2\/types\/page"}],"author":[{"embeddable":true,"href":"https:\/\/www.harvesters.org\/es\/wp-json\/wp\/v2\/users\/3"}],"replies":[{"embeddable":true,"href":"https:\/\/www.harvesters.org\/es\/wp-json\/wp\/v2\/comments?post=9516"}],"version-history":[{"count":16,"href":"https:\/\/www.harvesters.org\/es\/wp-json\/wp\/v2\/pages\/9516\/revisions"}],"predecessor-version":[{"id":13732,"href":"https:\/\/www.harvesters.org\/es\/wp-json\/wp\/v2\/pages\/9516\/revisions\/13732"}],"wp:attachment":[{"href":"https:\/\/www.harvesters.org\/es\/wp-json\/wp\/v2\/media?parent=9516"}],"curies":[{"name":"wp","href":"https:\/\/api.w.org\/{rel}","templated":true}]}}