{"id":9507,"date":"2021-06-01T08:19:42","date_gmt":"2021-06-01T13:19:42","guid":{"rendered":"https:\/\/www.harvesters.org\/?page_id=9507"},"modified":"2024-05-16T16:12:23","modified_gmt":"2024-05-16T21:12:23","slug":"recursos-educativos","status":"publish","type":"page","link":"https:\/\/www.harvesters.org\/es\/aprender-sobre-el-hambre\/recursos-educativos","title":{"rendered":"Recursos educativos"},"content":{"rendered":"\n<p>Comprenda lo com\u00fan que es el hambre y como su impacto en la salud, la educaci\u00f3n y la productividad es vital para informar a nuestros vecinos, l\u00edderes comunitarios y legisladores. Al utilizar estos recursos, ver\u00e1 que el hambre no se limita a una edad, raza, regi\u00f3n geogr\u00e1fica o estatus socioecon\u00f3mico. <\/p>\n\n<div style=\"height:15px\" aria-hidden=\"true\" class=\"wp-block-spacer\"><\/div>\n\n<hr class=\"wp-block-separator has-text-color has-blue-color has-css-opacity has-blue-background-color has-background is-style-wide\"\/>\n\n<div class=\"wp-block-columns is-layout-flex wp-container-core-columns-is-layout-9d6595d7 wp-block-columns-is-layout-flex\">\n<div class=\"wp-block-column is-vertically-aligned-center is-layout-flow wp-block-column-is-layout-flow\" style=\"flex-basis:20%\">\n<figure class=\"wp-block-image aligncenter size-full\"><img loading=\"lazy\" decoding=\"async\" width=\"600\" height=\"600\" src=\"http:\/\/www.harvesters.org\/wp-content\/uploads\/2021\/08\/Feeding-America.png\" alt=\"Feeding America\" class=\"wp-image-3459\" srcset=\"https:\/\/www.harvesters.org\/wp-content\/uploads\/2021\/08\/Feeding-America.png 600w, https:\/\/www.harvesters.org\/wp-content\/uploads\/2021\/08\/Feeding-America-300x300.png 300w, https:\/\/www.harvesters.org\/wp-content\/uploads\/2021\/08\/Feeding-America-150x150.png 150w\" sizes=\"auto, (max-width: 600px) 100vw, 600px\" \/><\/figure>\n<\/div>\n\n\n\n<div class=\"wp-block-column is-vertically-aligned-center is-layout-flow wp-block-column-is-layout-flow\" style=\"flex-basis:80%\">\n<h3 class=\"wp-block-heading\">Feeding America<\/h3>\n\n\n\n<p>Una organizaci\u00f3n nacional comprometida con la alimentaci\u00f3n de las personas en situaci\u00f3n de inseguridad alimentaria en los Estados Unidos a trav\u00e9s de una red nacional de bancos de alimentos miembros y con la participaci\u00f3n de nuestro pa\u00eds en la lucha para acabar con el hambre. Su red es la mayor organizaci\u00f3n nacional de ayuda contra el hambre, que proporciona m\u00e1s de 3.3 mil millones de comidas al a\u00f1o.<\/p>\n\n\n\n<div class=\"wp-block-buttons is-layout-flex wp-block-buttons-is-layout-flex\">\n<div class=\"wp-block-button\"><a class=\"wp-block-button__link has-white-color has-secondary-background-color has-text-color has-background wp-element-button\" href=\"https:\/\/www.feedingamerica.org\/\" target=\"_blank\" rel=\"noreferrer noopener\">VISITAR EL SITIO<\/a><\/div>\n<\/div>\n<\/div>\n<\/div>\n\n<hr class=\"wp-block-separator has-text-color has-blue-color has-css-opacity has-blue-background-color has-background is-style-wide\"\/>\n\n<div class=\"wp-block-columns is-layout-flex wp-container-core-columns-is-layout-9d6595d7 wp-block-columns-is-layout-flex\">\n<div class=\"wp-block-column is-vertically-aligned-center is-layout-flow wp-block-column-is-layout-flow\" style=\"flex-basis:20%\">\n<figure class=\"wp-block-image aligncenter size-full\"><img loading=\"lazy\" decoding=\"async\" width=\"600\" height=\"600\" src=\"http:\/\/www.harvesters.org\/wp-content\/uploads\/2021\/08\/Map-the-Meal-Gap.png\" alt=\"Map the Meal Gap (Mapa de la Brecha de Comidas)\" class=\"wp-image-3458\" srcset=\"https:\/\/www.harvesters.org\/wp-content\/uploads\/2021\/08\/Map-the-Meal-Gap.png 600w, https:\/\/www.harvesters.org\/wp-content\/uploads\/2021\/08\/Map-the-Meal-Gap-300x300.png 300w, https:\/\/www.harvesters.org\/wp-content\/uploads\/2021\/08\/Map-the-Meal-Gap-150x150.png 150w\" sizes=\"auto, (max-width: 600px) 100vw, 600px\" \/><\/figure>\n<\/div>\n\n\n\n<div class=\"wp-block-column is-vertically-aligned-center is-layout-flow wp-block-column-is-layout-flow\" style=\"flex-basis:80%\">\n<h3 class=\"wp-block-heading\">Map the Meal Gap (Mapa de la Brecha de Comidas)<\/h3>\n\n\n\n<p>Un estudio de investigaci\u00f3n anual realizado por Feeding America para captar la importante conexi\u00f3n entre la econom\u00eda actual y la necesidad de asistencia alimentaria de emergencia, a nivel local y nacional.<\/p>\n\n\n\n<div class=\"wp-block-buttons is-layout-flex wp-block-buttons-is-layout-flex\">\n<div class=\"wp-block-button\"><a class=\"wp-block-button__link has-white-color has-secondary-background-color has-text-color has-background wp-element-button\" href=\"https:\/\/map.feedingamerica.org\/\" target=\"_blank\" rel=\"noreferrer noopener\">VISITAR EL SITIO<\/a><\/div>\n<\/div>\n<\/div>\n<\/div>\n\n<hr class=\"wp-block-separator has-text-color has-blue-color has-css-opacity has-blue-background-color has-background is-style-wide\"\/>\n\n<div class=\"wp-block-columns is-layout-flex wp-container-core-columns-is-layout-9d6595d7 wp-block-columns-is-layout-flex\">\n<div class=\"wp-block-column is-vertically-aligned-center is-layout-flow wp-block-column-is-layout-flow\" style=\"flex-basis:20%\">\n<figure class=\"wp-block-image aligncenter size-full\"><img loading=\"lazy\" decoding=\"async\" width=\"600\" height=\"600\" src=\"http:\/\/www.harvesters.org\/wp-content\/uploads\/2021\/08\/USDA.png\" alt=\"Servicio de Investigaci&#xF3;n Econ&#xF3;mica del Departamento de Agricultura de EE.UU.\" class=\"wp-image-3457\" srcset=\"https:\/\/www.harvesters.org\/wp-content\/uploads\/2021\/08\/USDA.png 600w, https:\/\/www.harvesters.org\/wp-content\/uploads\/2021\/08\/USDA-300x300.png 300w, https:\/\/www.harvesters.org\/wp-content\/uploads\/2021\/08\/USDA-150x150.png 150w\" sizes=\"auto, (max-width: 600px) 100vw, 600px\" \/><\/figure>\n<\/div>\n\n\n\n<div class=\"wp-block-column is-vertically-aligned-center is-layout-flow wp-block-column-is-layout-flow\" style=\"flex-basis:80%\">\n<h3 class=\"wp-block-heading\">Servicio de Investigaci\u00f3n Econ\u00f3mica del Departamento de Agricultura de EE.UU.<\/h3>\n\n\n\n<p>El ERS (por sus siglas en ingl\u00e9s) es una fuente primaria de investigaci\u00f3n y an\u00e1lisis econ\u00f3mico del Departamento de Agricultura de EE.UU., que proporciona informaci\u00f3n oportuna sobre cuestiones econ\u00f3micas y pol\u00edticas relacionadas con la agricultura, la alimentaci\u00f3n, el medio ambiente y la Am\u00e9rica rural.<\/p>\n\n\n\n<div class=\"wp-block-buttons is-layout-flex wp-block-buttons-is-layout-flex\">\n<div class=\"wp-block-button\"><a class=\"wp-block-button__link has-white-color has-secondary-background-color has-text-color has-background wp-element-button\" href=\"https:\/\/www.ers.usda.gov\/\" target=\"_blank\" rel=\"noreferrer noopener\">VISITAR EL SITIO<\/a><\/div>\n<\/div>\n\n\n\n<p>Aseg\u00farese de consultar tambi\u00e9n la <a href=\"https:\/\/www.ers.usda.gov\/publications\/pub-details\/?pubid=102075\" target=\"_blank\" rel=\"noreferrer noopener\">Seguridad Alimentaria de los Hogares en Estados Unidos, 2020, USDA<\/a>.<\/p>\n<\/div>\n<\/div>\n\n<hr class=\"wp-block-separator has-text-color has-blue-color has-css-opacity has-blue-background-color has-background is-style-wide\"\/>\n\n<div style=\"height:20px\" aria-hidden=\"true\" class=\"wp-block-spacer\"><\/div>\n\n<div class=\"wp-block-columns is-layout-flex wp-container-core-columns-is-layout-9d6595d7 wp-block-columns-is-layout-flex\">\n<div class=\"wp-block-column is-vertically-aligned-center is-layout-flow wp-block-column-is-layout-flow\" style=\"flex-basis:20%\">\n<figure class=\"wp-block-image aligncenter size-full\"><img loading=\"lazy\" decoding=\"async\" width=\"600\" height=\"600\" src=\"http:\/\/www.harvesters.org\/wp-content\/uploads\/2021\/08\/FRAC.png\" alt=\"Centro de Investigaci&#xF3;n y Acci&#xF3;n Alimentaria\" class=\"wp-image-3456\" srcset=\"https:\/\/www.harvesters.org\/wp-content\/uploads\/2021\/08\/FRAC.png 600w, https:\/\/www.harvesters.org\/wp-content\/uploads\/2021\/08\/FRAC-300x300.png 300w, https:\/\/www.harvesters.org\/wp-content\/uploads\/2021\/08\/FRAC-150x150.png 150w\" sizes=\"auto, (max-width: 600px) 100vw, 600px\" \/><\/figure>\n<\/div>\n\n\n\n<div class=\"wp-block-column is-vertically-aligned-center is-layout-flow wp-block-column-is-layout-flow\" style=\"flex-basis:80%\">\n<h3 class=\"wp-block-heading\">Centro de Investigaci\u00f3n y Acci\u00f3n Alimentaria (FRAC)<\/h3>\n\n\n\n<p>El FRAC (por sus siglas en ingl\u00e9s) es la principal organizaci\u00f3n nacional sin fines de lucro que trabaja para mejorar las pol\u00edticas p\u00fablicas y las asociaciones p\u00fablico-privadas para erradicar el hambre y la desnutrici\u00f3n en Estados Unidos.<\/p>\n\n\n\n<div class=\"wp-block-buttons is-layout-flex wp-block-buttons-is-layout-flex\">\n<div class=\"wp-block-button\"><a class=\"wp-block-button__link has-white-color has-secondary-background-color has-text-color has-background wp-element-button\" href=\"https:\/\/frac.org\/\" target=\"_blank\" rel=\"noreferrer noopener\">VISITAR EL SITIO<\/a><\/div>\n<\/div>\n\n\n\n<p>Ver el <a href=\"http:\/\/frac.org\/research\/resource-library\/state-of-the-states-profiles?post_type=resource&amp;p=4483&amp;state=Kansas\" target=\"_blank\" rel=\"noreferrer noopener\">Perfil FRAC del Hambre, la Pobreza y los Programas Federales de Nutrici\u00f3n de Kansas <\/a><\/p>\n\n\n\n<p>Ver el <a href=\"http:\/\/frac.org\/research\/resource-library\/state-of-the-states-profiles?post_type=resource&amp;p=4483&amp;state=Missouri\" target=\"_blank\" rel=\"noreferrer noopener\">Perfil FRAC del Hambre, la Pobreza y los Programas Federales de Nutrici\u00f3n de Missouri<\/a><\/p>\n<\/div>\n<\/div>\n\n<hr class=\"wp-block-separator has-text-color has-blue-color has-css-opacity has-blue-background-color has-background is-style-wide\"\/>\n\n<div style=\"height:25px\" aria-hidden=\"true\" class=\"wp-block-spacer\"><\/div>\n\n<div class=\"wp-block-columns is-layout-flex wp-container-core-columns-is-layout-9d6595d7 wp-block-columns-is-layout-flex\">\n<div class=\"wp-block-column is-vertically-aligned-center is-layout-flow wp-block-column-is-layout-flow\" style=\"flex-basis:20%\">\n<figure class=\"wp-block-image aligncenter size-full\"><img loading=\"lazy\" decoding=\"async\" width=\"600\" height=\"600\" src=\"http:\/\/www.harvesters.org\/wp-content\/uploads\/2021\/08\/University-of-Missouri.png\" alt=\"Centro Interdisciplinario de Seguridad Alimentaria de la Universidad de Missouri\" class=\"wp-image-3455\" srcset=\"https:\/\/www.harvesters.org\/wp-content\/uploads\/2021\/08\/University-of-Missouri.png 600w, https:\/\/www.harvesters.org\/wp-content\/uploads\/2021\/08\/University-of-Missouri-300x300.png 300w, https:\/\/www.harvesters.org\/wp-content\/uploads\/2021\/08\/University-of-Missouri-150x150.png 150w\" sizes=\"auto, (max-width: 600px) 100vw, 600px\" \/><\/figure>\n<\/div>\n\n\n\n<div class=\"wp-block-column is-vertically-aligned-center is-layout-flow wp-block-column-is-layout-flow\" style=\"flex-basis:80%\">\n<h3 class=\"wp-block-heading\">Universidad de Missouri &#8211; Atlas del Hambre en Missouri<\/h3>\n\n\n\n<p>Para comprender mejor el alcance y la profundidad de este problema, el Atlas del Hambre de Missouri ofrece una instant\u00e1nea condado por condado de la inseguridad alimentaria y la necesidad de hambre, as\u00ed como una evaluaci\u00f3n del rendimiento de los programas destinados a mitigar la inseguridad alimentaria y el hambre. El atlas atrae visualmente a los lectores mediante mapas y tablas de indicadores, e incluye datos y an\u00e1lisis de los 114 condados de Missouri<\/p>\n\n\n\n<div class=\"wp-block-buttons is-layout-flex wp-block-buttons-is-layout-flex\">\n<div class=\"wp-block-button\"><a class=\"wp-block-button__link has-white-color has-secondary-background-color has-text-color has-background wp-element-button\" href=\"https:\/\/mohungeratlas.org\/\" target=\"_blank\" rel=\"noreferrer noopener\">VISITAR EL SITIO<\/a><\/div>\n<\/div>\n<\/div>\n<\/div>\n\n<hr class=\"wp-block-separator has-text-color has-blue-color has-css-opacity has-blue-background-color has-background is-style-wide\"\/>\n\n<div class=\"wp-block-columns is-layout-flex wp-container-core-columns-is-layout-9d6595d7 wp-block-columns-is-layout-flex\">\n<div class=\"wp-block-column is-vertically-aligned-center is-layout-flow wp-block-column-is-layout-flow\" style=\"flex-basis:20%\">\n<figure class=\"wp-block-image aligncenter size-full\"><img loading=\"lazy\" decoding=\"async\" width=\"600\" height=\"600\" src=\"http:\/\/www.harvesters.org\/wp-content\/uploads\/2021\/08\/Feeding-Missouri.png\" alt=\"Feeding Missouri\" class=\"wp-image-3454\" srcset=\"https:\/\/www.harvesters.org\/wp-content\/uploads\/2021\/08\/Feeding-Missouri.png 600w, https:\/\/www.harvesters.org\/wp-content\/uploads\/2021\/08\/Feeding-Missouri-300x300.png 300w, https:\/\/www.harvesters.org\/wp-content\/uploads\/2021\/08\/Feeding-Missouri-150x150.png 150w\" sizes=\"auto, (max-width: 600px) 100vw, 600px\" \/><\/figure>\n<\/div>\n\n\n\n<div class=\"wp-block-column is-vertically-aligned-center is-layout-flow wp-block-column-is-layout-flow\" style=\"flex-basis:80%\">\n<h3 class=\"wp-block-heading\">Feeding Missouri<\/h3>\n\n\n\n<p>Feeding Missouri es una coalici\u00f3n de los seis bancos de alimentos de Missouri (incluido Harvesters) que trabajan para paliar el hambre en todos los condados (y en la ciudad de St. Louis) del estado. Colectivamente, distribuyen m\u00e1s de 120 millones de libras de alimentos al a\u00f1o a trav\u00e9s de una red de m\u00e1s de 1,500 programas de alimentaci\u00f3n comunitarios.<\/p>\n\n\n\n<div class=\"wp-block-buttons is-layout-flex wp-block-buttons-is-layout-flex\">\n<div class=\"wp-block-button\"><a class=\"wp-block-button__link has-white-color has-secondary-background-color has-text-color has-background wp-element-button\" href=\"https:\/\/feedingmissouri.org\" target=\"_blank\" rel=\"noreferrer noopener\">VISITAR EL SITIO<\/a><\/div>\n<\/div>\n<\/div>\n<\/div>\n\n<hr class=\"wp-block-separator has-text-color has-blue-color has-css-opacity has-blue-background-color has-background is-style-wide\"\/>\n\n<div style=\"height:62px\" aria-hidden=\"true\" class=\"wp-block-spacer\"><\/div>\n\n<p><\/p>\n","protected":false},"excerpt":{"rendered":"<p>Comprenda lo com\u00fan que es el hambre y como su impacto en la salud, la educaci\u00f3n y la productividad es vital para informar a nuestros vecinos, l\u00edderes comunitarios y legisladores. Al utilizar estos recursos, ver\u00e1\u2026 <a href=\"https:\/\/www.harvesters.org\/es\/aprender-sobre-el-hambre\/recursos-educativos\" class=\"read-more\">More<\/a><\/p>\n","protected":false},"author":3,"featured_media":0,"parent":9474,"menu_order":4,"comment_status":"closed","ping_status":"closed","template":"","meta":{"_acf_changed":false,"inline_featured_image":false,"_uag_custom_page_level_css":"","footnotes":""},"class_list":["post-9507","page","type-page","status-publish","hentry"],"acf":[],"yoast_head":"<!-- This site is optimized with the Yoast SEO plugin v27.5 - https:\/\/yoast.com\/product\/yoast-seo-wordpress\/ -->\n<title>Recursos educativos - Harvesters<\/title>\n<meta name=\"description\" content=\"Comprenda lo com\u00fan que es el hambre y su impacto en la salud, la educaci\u00f3n y la productividad. Informaci\u00f3n vital para nuestra comunidad, l\u00edderes y legisladores.\" \/>\n<meta name=\"robots\" content=\"index, follow, max-snippet:-1, max-image-preview:large, max-video-preview:-1\" \/>\n<link rel=\"canonical\" href=\"https:\/\/www.harvesters.org\/es\/aprender-sobre-el-hambre\/recursos-educativos\" \/>\n<meta property=\"og:locale\" content=\"es_ES\" \/>\n<meta property=\"og:type\" content=\"article\" \/>\n<meta property=\"og:title\" content=\"Recursos educativos - Harvesters\" \/>\n<meta property=\"og:description\" content=\"Comprenda lo com\u00fan que es el hambre y su impacto en la salud, la educaci\u00f3n y la productividad. Informaci\u00f3n vital para nuestra comunidad, l\u00edderes y legisladores.\" \/>\n<meta property=\"og:url\" content=\"https:\/\/www.harvesters.org\/es\/aprender-sobre-el-hambre\/recursos-educativos\" \/>\n<meta property=\"og:site_name\" content=\"Harvesters\" \/>\n<meta property=\"article:modified_time\" content=\"2024-05-16T21:12:23+00:00\" \/>\n<meta property=\"og:image\" content=\"http:\/\/www.harvesters.org\/wp-content\/uploads\/2021\/08\/Feeding-America.png\" \/>\n<meta name=\"twitter:card\" content=\"summary_large_image\" \/>\n<meta name=\"twitter:label1\" content=\"Tiempo de lectura\" \/>\n\t<meta name=\"twitter:data1\" content=\"3 minutos\" \/>\n<script type=\"application\/ld+json\" class=\"yoast-schema-graph\">{\"@context\":\"https:\\\/\\\/schema.org\",\"@graph\":[{\"@type\":\"WebPage\",\"@id\":\"https:\\\/\\\/www.harvesters.org\\\/es\\\/aprender-sobre-el-hambre\\\/recursos-educativos\",\"url\":\"https:\\\/\\\/www.harvesters.org\\\/es\\\/aprender-sobre-el-hambre\\\/recursos-educativos\",\"name\":\"Recursos educativos - Harvesters\",\"isPartOf\":{\"@id\":\"https:\\\/\\\/www.harvesters.org\\\/#website\"},\"primaryImageOfPage\":{\"@id\":\"https:\\\/\\\/www.harvesters.org\\\/es\\\/aprender-sobre-el-hambre\\\/recursos-educativos#primaryimage\"},\"image\":{\"@id\":\"https:\\\/\\\/www.harvesters.org\\\/es\\\/aprender-sobre-el-hambre\\\/recursos-educativos#primaryimage\"},\"thumbnailUrl\":\"http:\\\/\\\/www.harvesters.org\\\/wp-content\\\/uploads\\\/2021\\\/08\\\/Feeding-America.png\",\"datePublished\":\"2021-06-01T13:19:42+00:00\",\"dateModified\":\"2024-05-16T21:12:23+00:00\",\"description\":\"Comprenda lo com\u00fan que es el hambre y su impacto en la salud, la educaci\u00f3n y la productividad. Informaci\u00f3n vital para nuestra comunidad, l\u00edderes y legisladores.\",\"breadcrumb\":{\"@id\":\"https:\\\/\\\/www.harvesters.org\\\/es\\\/aprender-sobre-el-hambre\\\/recursos-educativos#breadcrumb\"},\"inLanguage\":\"es\",\"potentialAction\":[{\"@type\":\"ReadAction\",\"target\":[\"https:\\\/\\\/www.harvesters.org\\\/es\\\/aprender-sobre-el-hambre\\\/recursos-educativos\"]}]},{\"@type\":\"ImageObject\",\"inLanguage\":\"es\",\"@id\":\"https:\\\/\\\/www.harvesters.org\\\/es\\\/aprender-sobre-el-hambre\\\/recursos-educativos#primaryimage\",\"url\":\"http:\\\/\\\/www.harvesters.org\\\/wp-content\\\/uploads\\\/2021\\\/08\\\/Feeding-America.png\",\"contentUrl\":\"http:\\\/\\\/www.harvesters.org\\\/wp-content\\\/uploads\\\/2021\\\/08\\\/Feeding-America.png\"},{\"@type\":\"BreadcrumbList\",\"@id\":\"https:\\\/\\\/www.harvesters.org\\\/es\\\/aprender-sobre-el-hambre\\\/recursos-educativos#breadcrumb\",\"itemListElement\":[{\"@type\":\"ListItem\",\"position\":1,\"name\":\"Home\",\"item\":\"https:\\\/\\\/www.harvesters.org\\\/es\"},{\"@type\":\"ListItem\",\"position\":2,\"name\":\"Aprender sobre el hambre\",\"item\":\"https:\\\/\\\/www.harvesters.org\\\/es\\\/aprender-sobre-el-hambre\"},{\"@type\":\"ListItem\",\"position\":3,\"name\":\"Recursos educativos\"}]},{\"@type\":\"WebSite\",\"@id\":\"https:\\\/\\\/www.harvesters.org\\\/#website\",\"url\":\"https:\\\/\\\/www.harvesters.org\\\/\",\"name\":\"Harvesters\",\"description\":\"\",\"potentialAction\":[{\"@type\":\"SearchAction\",\"target\":{\"@type\":\"EntryPoint\",\"urlTemplate\":\"https:\\\/\\\/www.harvesters.org\\\/?s={search_term_string}\"},\"query-input\":{\"@type\":\"PropertyValueSpecification\",\"valueRequired\":true,\"valueName\":\"search_term_string\"}}],\"inLanguage\":\"es\"}]}<\/script>\n<!-- \/ Yoast SEO plugin. -->","yoast_head_json":{"title":"Recursos educativos - Harvesters","description":"Comprenda lo com\u00fan que es el hambre y su impacto en la salud, la educaci\u00f3n y la productividad. Informaci\u00f3n vital para nuestra comunidad, l\u00edderes y legisladores.","robots":{"index":"index","follow":"follow","max-snippet":"max-snippet:-1","max-image-preview":"max-image-preview:large","max-video-preview":"max-video-preview:-1"},"canonical":"https:\/\/www.harvesters.org\/es\/aprender-sobre-el-hambre\/recursos-educativos","og_locale":"es_ES","og_type":"article","og_title":"Recursos educativos - Harvesters","og_description":"Comprenda lo com\u00fan que es el hambre y su impacto en la salud, la educaci\u00f3n y la productividad. Informaci\u00f3n vital para nuestra comunidad, l\u00edderes y legisladores.","og_url":"https:\/\/www.harvesters.org\/es\/aprender-sobre-el-hambre\/recursos-educativos","og_site_name":"Harvesters","article_modified_time":"2024-05-16T21:12:23+00:00","og_image":[{"url":"http:\/\/www.harvesters.org\/wp-content\/uploads\/2021\/08\/Feeding-America.png","type":"","width":"","height":""}],"twitter_card":"summary_large_image","twitter_misc":{"Tiempo de lectura":"3 minutos"},"schema":{"@context":"https:\/\/schema.org","@graph":[{"@type":"WebPage","@id":"https:\/\/www.harvesters.org\/es\/aprender-sobre-el-hambre\/recursos-educativos","url":"https:\/\/www.harvesters.org\/es\/aprender-sobre-el-hambre\/recursos-educativos","name":"Recursos educativos - Harvesters","isPartOf":{"@id":"https:\/\/www.harvesters.org\/#website"},"primaryImageOfPage":{"@id":"https:\/\/www.harvesters.org\/es\/aprender-sobre-el-hambre\/recursos-educativos#primaryimage"},"image":{"@id":"https:\/\/www.harvesters.org\/es\/aprender-sobre-el-hambre\/recursos-educativos#primaryimage"},"thumbnailUrl":"http:\/\/www.harvesters.org\/wp-content\/uploads\/2021\/08\/Feeding-America.png","datePublished":"2021-06-01T13:19:42+00:00","dateModified":"2024-05-16T21:12:23+00:00","description":"Comprenda lo com\u00fan que es el hambre y su impacto en la salud, la educaci\u00f3n y la productividad. Informaci\u00f3n vital para nuestra comunidad, l\u00edderes y legisladores.","breadcrumb":{"@id":"https:\/\/www.harvesters.org\/es\/aprender-sobre-el-hambre\/recursos-educativos#breadcrumb"},"inLanguage":"es","potentialAction":[{"@type":"ReadAction","target":["https:\/\/www.harvesters.org\/es\/aprender-sobre-el-hambre\/recursos-educativos"]}]},{"@type":"ImageObject","inLanguage":"es","@id":"https:\/\/www.harvesters.org\/es\/aprender-sobre-el-hambre\/recursos-educativos#primaryimage","url":"http:\/\/www.harvesters.org\/wp-content\/uploads\/2021\/08\/Feeding-America.png","contentUrl":"http:\/\/www.harvesters.org\/wp-content\/uploads\/2021\/08\/Feeding-America.png"},{"@type":"BreadcrumbList","@id":"https:\/\/www.harvesters.org\/es\/aprender-sobre-el-hambre\/recursos-educativos#breadcrumb","itemListElement":[{"@type":"ListItem","position":1,"name":"Home","item":"https:\/\/www.harvesters.org\/es"},{"@type":"ListItem","position":2,"name":"Aprender sobre el hambre","item":"https:\/\/www.harvesters.org\/es\/aprender-sobre-el-hambre"},{"@type":"ListItem","position":3,"name":"Recursos educativos"}]},{"@type":"WebSite","@id":"https:\/\/www.harvesters.org\/#website","url":"https:\/\/www.harvesters.org\/","name":"Harvesters","description":"","potentialAction":[{"@type":"SearchAction","target":{"@type":"EntryPoint","urlTemplate":"https:\/\/www.harvesters.org\/?s={search_term_string}"},"query-input":{"@type":"PropertyValueSpecification","valueRequired":true,"valueName":"search_term_string"}}],"inLanguage":"es"}]}},"uagb_featured_image_src":{"full":false,"thumbnail":false,"medium":false,"medium_large":false,"large":false,"1536x1536":false,"2048x2048":false,"alm-thumbnail":false,"featured-16-9":false,"featured-4-3":false,"featured-4-3-full":false,"featured-16-9-full":false,"gform-image-choice-sm":false,"gform-image-choice-md":false,"gform-image-choice-lg":false},"uagb_author_info":{"display_name":"John Kuefler","author_link":"https:\/\/www.harvesters.org\/es\/author\/john-kuefleruxwest-com"},"uagb_comment_info":0,"uagb_excerpt":"Comprenda lo com\u00fan que es el hambre y como su impacto en la salud, la educaci\u00f3n y la productividad es vital para informar a nuestros vecinos, l\u00edderes comunitarios y legisladores. Al utilizar estos recursos, ver\u00e1\u2026 More","_links":{"self":[{"href":"https:\/\/www.harvesters.org\/es\/wp-json\/wp\/v2\/pages\/9507","targetHints":{"allow":["GET"]}}],"collection":[{"href":"https:\/\/www.harvesters.org\/es\/wp-json\/wp\/v2\/pages"}],"about":[{"href":"https:\/\/www.harvesters.org\/es\/wp-json\/wp\/v2\/types\/page"}],"author":[{"embeddable":true,"href":"https:\/\/www.harvesters.org\/es\/wp-json\/wp\/v2\/users\/3"}],"replies":[{"embeddable":true,"href":"https:\/\/www.harvesters.org\/es\/wp-json\/wp\/v2\/comments?post=9507"}],"version-history":[{"count":13,"href":"https:\/\/www.harvesters.org\/es\/wp-json\/wp\/v2\/pages\/9507\/revisions"}],"predecessor-version":[{"id":11467,"href":"https:\/\/www.harvesters.org\/es\/wp-json\/wp\/v2\/pages\/9507\/revisions\/11467"}],"up":[{"embeddable":true,"href":"https:\/\/www.harvesters.org\/es\/wp-json\/wp\/v2\/pages\/9474"}],"wp:attachment":[{"href":"https:\/\/www.harvesters.org\/es\/wp-json\/wp\/v2\/media?parent=9507"}],"curies":[{"name":"wp","href":"https:\/\/api.w.org\/{rel}","templated":true}]}}