{"id":9497,"date":"2021-05-11T12:23:46","date_gmt":"2021-05-11T17:23:46","guid":{"rendered":"https:\/\/www.harvesters.org\/?page_id=9497"},"modified":"2024-12-11T13:11:50","modified_gmt":"2024-12-11T19:11:50","slug":"eventos-y-noticias","status":"publish","type":"page","link":"https:\/\/www.harvesters.org\/es\/eventos-y-noticias","title":{"rendered":"Eventos y noticias"},"content":{"rendered":"\n<div class=\"wp-block-columns is-layout-flex wp-container-core-columns-is-layout-9d6595d7 wp-block-columns-is-layout-flex\">\n<div class=\"wp-block-column is-layout-flow wp-block-column-is-layout-flow\">\n<figure class=\"wp-block-image size-full\"><img loading=\"lazy\" decoding=\"async\" width=\"1000\" height=\"750\" src=\"http:\/\/www.harvesters.org\/wp-content\/uploads\/2021\/08\/EN1.jpg\" alt=\"Lidia Bastianich en Forks and Corks\" class=\"wp-image-3867\" srcset=\"https:\/\/www.harvesters.org\/wp-content\/uploads\/2021\/08\/EN1.jpg 1000w, https:\/\/www.harvesters.org\/wp-content\/uploads\/2021\/08\/EN1-300x225.jpg 300w, https:\/\/www.harvesters.org\/wp-content\/uploads\/2021\/08\/EN1-768x576.jpg 768w, https:\/\/www.harvesters.org\/wp-content\/uploads\/2021\/08\/EN1-383x287.jpg 383w, https:\/\/www.harvesters.org\/wp-content\/uploads\/2021\/08\/EN1-950x712.jpg 950w\" sizes=\"auto, (max-width: 1000px) 100vw, 1000px\" \/><\/figure>\n<\/div>\n\n\n\n<div class=\"wp-block-column is-layout-flow wp-block-column-is-layout-flow\">\n<figure class=\"wp-block-image size-full\"><img loading=\"lazy\" decoding=\"async\" width=\"1000\" height=\"750\" src=\"http:\/\/www.harvesters.org\/wp-content\/uploads\/2021\/08\/EN2.jpg\" alt=\"Mes de Acci\u00f3n Contra el Hambre Alcalde en Harvesters para Caminata por el Hambre\" class=\"wp-image-3868\" srcset=\"https:\/\/www.harvesters.org\/wp-content\/uploads\/2021\/08\/EN2.jpg 1000w, https:\/\/www.harvesters.org\/wp-content\/uploads\/2021\/08\/EN2-300x225.jpg 300w, https:\/\/www.harvesters.org\/wp-content\/uploads\/2021\/08\/EN2-768x576.jpg 768w, https:\/\/www.harvesters.org\/wp-content\/uploads\/2021\/08\/EN2-383x287.jpg 383w, https:\/\/www.harvesters.org\/wp-content\/uploads\/2021\/08\/EN2-950x712.jpg 950w\" sizes=\"auto, (max-width: 1000px) 100vw, 1000px\" \/><\/figure>\n<\/div>\n\n\n\n<div class=\"wp-block-column is-layout-flow wp-block-column-is-layout-flow\">\n<figure class=\"wp-block-image size-full\"><img loading=\"lazy\" decoding=\"async\" width=\"1000\" height=\"750\" src=\"http:\/\/www.harvesters.org\/wp-content\/uploads\/2021\/08\/EN3.jpg\" alt=\"Grupo Four Good en Sala de Eventos con Luces de Cuerda\" class=\"wp-image-3869\" srcset=\"https:\/\/www.harvesters.org\/wp-content\/uploads\/2021\/08\/EN3.jpg 1000w, https:\/\/www.harvesters.org\/wp-content\/uploads\/2021\/08\/EN3-300x225.jpg 300w, https:\/\/www.harvesters.org\/wp-content\/uploads\/2021\/08\/EN3-768x576.jpg 768w, https:\/\/www.harvesters.org\/wp-content\/uploads\/2021\/08\/EN3-383x287.jpg 383w, https:\/\/www.harvesters.org\/wp-content\/uploads\/2021\/08\/EN3-950x712.jpg 950w\" sizes=\"auto, (max-width: 1000px) 100vw, 1000px\" \/><\/figure>\n<\/div>\n\n\n\n<div class=\"wp-block-column is-layout-flow wp-block-column-is-layout-flow\">\n<figure class=\"wp-block-image size-full\"><img loading=\"lazy\" decoding=\"async\" width=\"1000\" height=\"750\" src=\"http:\/\/www.harvesters.org\/wp-content\/uploads\/2021\/08\/EN4.jpg\" alt=\"El Grupo Community Can carga bolsas en el cami\u00f3n de Harvesters\" class=\"wp-image-3870\" srcset=\"https:\/\/www.harvesters.org\/wp-content\/uploads\/2021\/08\/EN4.jpg 1000w, https:\/\/www.harvesters.org\/wp-content\/uploads\/2021\/08\/EN4-300x225.jpg 300w, https:\/\/www.harvesters.org\/wp-content\/uploads\/2021\/08\/EN4-768x576.jpg 768w, https:\/\/www.harvesters.org\/wp-content\/uploads\/2021\/08\/EN4-383x287.jpg 383w, https:\/\/www.harvesters.org\/wp-content\/uploads\/2021\/08\/EN4-950x712.jpg 950w\" sizes=\"auto, (max-width: 1000px) 100vw, 1000px\" \/><\/figure>\n<\/div>\n<\/div>\n\n\n\n<h1 class=\"wp-block-heading\">Eventos y noticias<\/h1>\n\n\n\n<p>Mant\u00e9ngase al d\u00eda con nuestras \u00faltimas noticias y eventos. A lo largo del a\u00f1o, hay numerosas formas de mostrar su apoyo a Harvesters a trav\u00e9s de nuestros eventos, asociaciones comunitarias y otras actividades anuales de recaudaci\u00f3n de fondos. <\/p>\n\n\n\n<div style=\"height:20px\" aria-hidden=\"true\" class=\"wp-block-spacer\"><\/div>\n\n\n<div id=\"cards-block_f032c15f69d7c1d29ed9a21302407132\" class=\"cards\">\r\n\r\n\r\n\r\n    <div class=\"impact w-full md:pb-12 pb-6 cards\">\r\n        <div class=\" flex-wrap flex flex-col justify-self-stretch items-center\">\r\n                        \r\n            <div class=\" flex flex-wrap justify-center items-stretch -mx-3\">\r\n                                                                 \r\n                                                                    <a href=\"\/events\/\" target=\"\" class=\"w-56 h-56 p-3 flex items-stretch\">\r\n                                                <div class=\" yellow w-full  pt-6 pb-3 px-4 rounded-md text-center flex flex-col items-center justify-self-stretch\">\r\n\r\n                                                                                    <div class=\"m-auto icon rounded-full\">\r\n                                <img decoding=\"async\" src=\"https:\/\/www.harvesters.org\/wp-content\/uploads\/2021\/07\/Event-Calendar.png\" class=\"m-auto\" alt=\"\">\r\n                            <\/div>\r\n                            \r\n\r\n                            <h3 class=\" word-break-ch  pt-3 w-full uppercase text-center mt-0 mb-1\">\r\n                                Calendario de eventos<\/h3>\r\n                                                    <\/div>\r\n                                        <\/a>\r\n                                                \r\n\r\n                                                 \r\n                                                                    <a href=\"\/events-and-news\/latest-news\/\" target=\"\" class=\"w-56 h-56 p-3 flex items-stretch\">\r\n                                                <div class=\" red w-full  pt-6 pb-3 px-4 rounded-md text-center flex flex-col items-center justify-self-stretch\">\r\n\r\n                                                                                    <div class=\"m-auto icon rounded-full\">\r\n                                <img decoding=\"async\" src=\"https:\/\/www.harvesters.org\/wp-content\/uploads\/2021\/07\/Latest-News.png\" class=\"m-auto\" alt=\"\">\r\n                            <\/div>\r\n                            \r\n\r\n                            <h3 class=\" word-break-ch  pt-3 w-full uppercase text-center mt-0 mb-1\">\r\n                                \u00daltimas noticias<\/h3>\r\n                                                    <\/div>\r\n                                        <\/a>\r\n                                                \r\n\r\n                                \r\n            <\/div>\r\n        <\/div>\r\n    <\/div>\r\n<\/div>\n\n\n<div style=\"height:60px\" aria-hidden=\"true\" class=\"wp-block-spacer\"><\/div>\n","protected":false},"excerpt":{"rendered":"<p>Eventos y noticias Mant\u00e9ngase al d\u00eda con nuestras \u00faltimas noticias y eventos. A lo largo del a\u00f1o, hay numerosas formas de mostrar su apoyo a Harvesters a trav\u00e9s de nuestros eventos, asociaciones comunitarias y otras\u2026 <a href=\"https:\/\/www.harvesters.org\/es\/eventos-y-noticias\" class=\"read-more\">More<\/a><\/p>\n","protected":false},"author":3,"featured_media":0,"parent":0,"menu_order":0,"comment_status":"closed","ping_status":"closed","template":"","meta":{"_acf_changed":false,"inline_featured_image":false,"_uag_custom_page_level_css":"","footnotes":""},"class_list":["post-9497","page","type-page","status-publish","hentry"],"acf":[],"yoast_head":"<!-- This site is optimized with the Yoast SEO plugin v27.4 - https:\/\/yoast.com\/product\/yoast-seo-wordpress\/ -->\n<title>Eventos y noticias - Harvesters<\/title>\n<meta name=\"description\" content=\"A lo largo del a\u00f1o, hay numerosas formas de apoyar a Harvesters a trav\u00e9s de nuestros eventos, asociaciones comunitarias y otras actividades anuales de recaudaci\u00f3n de fondos.\" \/>\n<meta name=\"robots\" content=\"index, follow, max-snippet:-1, max-image-preview:large, max-video-preview:-1\" \/>\n<link rel=\"canonical\" href=\"https:\/\/www.harvesters.org\/es\/eventos-y-noticias\" \/>\n<meta property=\"og:locale\" content=\"es_ES\" \/>\n<meta property=\"og:type\" content=\"article\" \/>\n<meta property=\"og:title\" content=\"Eventos y noticias - Harvesters\" \/>\n<meta property=\"og:description\" content=\"A lo largo del a\u00f1o, hay numerosas formas de apoyar a Harvesters a trav\u00e9s de nuestros eventos, asociaciones comunitarias y otras actividades anuales de recaudaci\u00f3n de fondos.\" \/>\n<meta property=\"og:url\" content=\"https:\/\/www.harvesters.org\/es\/eventos-y-noticias\" \/>\n<meta property=\"og:site_name\" content=\"Harvesters\" \/>\n<meta property=\"article:modified_time\" content=\"2024-12-11T19:11:50+00:00\" \/>\n<meta property=\"og:image\" content=\"https:\/\/www.harvesters.org\/wp-content\/uploads\/2021\/08\/EN1.jpg\" \/>\n\t<meta property=\"og:image:width\" content=\"1000\" \/>\n\t<meta property=\"og:image:height\" content=\"750\" \/>\n\t<meta property=\"og:image:type\" content=\"image\/jpeg\" \/>\n<meta name=\"twitter:card\" content=\"summary_large_image\" \/>\n<meta name=\"twitter:label1\" content=\"Tiempo de lectura\" \/>\n\t<meta name=\"twitter:data1\" content=\"1 minuto\" \/>\n<script type=\"application\/ld+json\" class=\"yoast-schema-graph\">{\"@context\":\"https:\\\/\\\/schema.org\",\"@graph\":[{\"@type\":\"WebPage\",\"@id\":\"https:\\\/\\\/www.harvesters.org\\\/es\\\/eventos-y-noticias\",\"url\":\"https:\\\/\\\/www.harvesters.org\\\/es\\\/eventos-y-noticias\",\"name\":\"Eventos y noticias - Harvesters\",\"isPartOf\":{\"@id\":\"https:\\\/\\\/www.harvesters.org\\\/#website\"},\"primaryImageOfPage\":{\"@id\":\"https:\\\/\\\/www.harvesters.org\\\/es\\\/eventos-y-noticias#primaryimage\"},\"image\":{\"@id\":\"https:\\\/\\\/www.harvesters.org\\\/es\\\/eventos-y-noticias#primaryimage\"},\"thumbnailUrl\":\"http:\\\/\\\/www.harvesters.org\\\/wp-content\\\/uploads\\\/2021\\\/08\\\/EN1.jpg\",\"datePublished\":\"2021-05-11T17:23:46+00:00\",\"dateModified\":\"2024-12-11T19:11:50+00:00\",\"description\":\"A lo largo del a\u00f1o, hay numerosas formas de apoyar a Harvesters a trav\u00e9s de nuestros eventos, asociaciones comunitarias y otras actividades anuales de recaudaci\u00f3n de fondos.\",\"breadcrumb\":{\"@id\":\"https:\\\/\\\/www.harvesters.org\\\/es\\\/eventos-y-noticias#breadcrumb\"},\"inLanguage\":\"es\",\"potentialAction\":[{\"@type\":\"ReadAction\",\"target\":[\"https:\\\/\\\/www.harvesters.org\\\/es\\\/eventos-y-noticias\"]}]},{\"@type\":\"ImageObject\",\"inLanguage\":\"es\",\"@id\":\"https:\\\/\\\/www.harvesters.org\\\/es\\\/eventos-y-noticias#primaryimage\",\"url\":\"http:\\\/\\\/www.harvesters.org\\\/wp-content\\\/uploads\\\/2021\\\/08\\\/EN1.jpg\",\"contentUrl\":\"http:\\\/\\\/www.harvesters.org\\\/wp-content\\\/uploads\\\/2021\\\/08\\\/EN1.jpg\"},{\"@type\":\"BreadcrumbList\",\"@id\":\"https:\\\/\\\/www.harvesters.org\\\/es\\\/eventos-y-noticias#breadcrumb\",\"itemListElement\":[{\"@type\":\"ListItem\",\"position\":1,\"name\":\"Home\",\"item\":\"https:\\\/\\\/www.harvesters.org\\\/es\"},{\"@type\":\"ListItem\",\"position\":2,\"name\":\"Eventos y noticias\"}]},{\"@type\":\"WebSite\",\"@id\":\"https:\\\/\\\/www.harvesters.org\\\/#website\",\"url\":\"https:\\\/\\\/www.harvesters.org\\\/\",\"name\":\"Harvesters\",\"description\":\"\",\"potentialAction\":[{\"@type\":\"SearchAction\",\"target\":{\"@type\":\"EntryPoint\",\"urlTemplate\":\"https:\\\/\\\/www.harvesters.org\\\/?s={search_term_string}\"},\"query-input\":{\"@type\":\"PropertyValueSpecification\",\"valueRequired\":true,\"valueName\":\"search_term_string\"}}],\"inLanguage\":\"es\"}]}<\/script>\n<!-- \/ Yoast SEO plugin. -->","yoast_head_json":{"title":"Eventos y noticias - Harvesters","description":"A lo largo del a\u00f1o, hay numerosas formas de apoyar a Harvesters a trav\u00e9s de nuestros eventos, asociaciones comunitarias y otras actividades anuales de recaudaci\u00f3n de fondos.","robots":{"index":"index","follow":"follow","max-snippet":"max-snippet:-1","max-image-preview":"max-image-preview:large","max-video-preview":"max-video-preview:-1"},"canonical":"https:\/\/www.harvesters.org\/es\/eventos-y-noticias","og_locale":"es_ES","og_type":"article","og_title":"Eventos y noticias - Harvesters","og_description":"A lo largo del a\u00f1o, hay numerosas formas de apoyar a Harvesters a trav\u00e9s de nuestros eventos, asociaciones comunitarias y otras actividades anuales de recaudaci\u00f3n de fondos.","og_url":"https:\/\/www.harvesters.org\/es\/eventos-y-noticias","og_site_name":"Harvesters","article_modified_time":"2024-12-11T19:11:50+00:00","og_image":[{"width":1000,"height":750,"url":"https:\/\/www.harvesters.org\/wp-content\/uploads\/2021\/08\/EN1.jpg","type":"image\/jpeg"}],"twitter_card":"summary_large_image","twitter_misc":{"Tiempo de lectura":"1 minuto"},"schema":{"@context":"https:\/\/schema.org","@graph":[{"@type":"WebPage","@id":"https:\/\/www.harvesters.org\/es\/eventos-y-noticias","url":"https:\/\/www.harvesters.org\/es\/eventos-y-noticias","name":"Eventos y noticias - Harvesters","isPartOf":{"@id":"https:\/\/www.harvesters.org\/#website"},"primaryImageOfPage":{"@id":"https:\/\/www.harvesters.org\/es\/eventos-y-noticias#primaryimage"},"image":{"@id":"https:\/\/www.harvesters.org\/es\/eventos-y-noticias#primaryimage"},"thumbnailUrl":"http:\/\/www.harvesters.org\/wp-content\/uploads\/2021\/08\/EN1.jpg","datePublished":"2021-05-11T17:23:46+00:00","dateModified":"2024-12-11T19:11:50+00:00","description":"A lo largo del a\u00f1o, hay numerosas formas de apoyar a Harvesters a trav\u00e9s de nuestros eventos, asociaciones comunitarias y otras actividades anuales de recaudaci\u00f3n de fondos.","breadcrumb":{"@id":"https:\/\/www.harvesters.org\/es\/eventos-y-noticias#breadcrumb"},"inLanguage":"es","potentialAction":[{"@type":"ReadAction","target":["https:\/\/www.harvesters.org\/es\/eventos-y-noticias"]}]},{"@type":"ImageObject","inLanguage":"es","@id":"https:\/\/www.harvesters.org\/es\/eventos-y-noticias#primaryimage","url":"http:\/\/www.harvesters.org\/wp-content\/uploads\/2021\/08\/EN1.jpg","contentUrl":"http:\/\/www.harvesters.org\/wp-content\/uploads\/2021\/08\/EN1.jpg"},{"@type":"BreadcrumbList","@id":"https:\/\/www.harvesters.org\/es\/eventos-y-noticias#breadcrumb","itemListElement":[{"@type":"ListItem","position":1,"name":"Home","item":"https:\/\/www.harvesters.org\/es"},{"@type":"ListItem","position":2,"name":"Eventos y noticias"}]},{"@type":"WebSite","@id":"https:\/\/www.harvesters.org\/#website","url":"https:\/\/www.harvesters.org\/","name":"Harvesters","description":"","potentialAction":[{"@type":"SearchAction","target":{"@type":"EntryPoint","urlTemplate":"https:\/\/www.harvesters.org\/?s={search_term_string}"},"query-input":{"@type":"PropertyValueSpecification","valueRequired":true,"valueName":"search_term_string"}}],"inLanguage":"es"}]}},"uagb_featured_image_src":{"full":false,"thumbnail":false,"medium":false,"medium_large":false,"large":false,"1536x1536":false,"2048x2048":false,"alm-thumbnail":false,"featured-16-9":false,"featured-4-3":false,"featured-4-3-full":false,"featured-16-9-full":false,"gform-image-choice-sm":false,"gform-image-choice-md":false,"gform-image-choice-lg":false},"uagb_author_info":{"display_name":"John Kuefler","author_link":"https:\/\/www.harvesters.org\/es\/author\/john-kuefleruxwest-com"},"uagb_comment_info":0,"uagb_excerpt":"Eventos y noticias Mant\u00e9ngase al d\u00eda con nuestras \u00faltimas noticias y eventos. A lo largo del a\u00f1o, hay numerosas formas de mostrar su apoyo a Harvesters a trav\u00e9s de nuestros eventos, asociaciones comunitarias y otras\u2026 More","_links":{"self":[{"href":"https:\/\/www.harvesters.org\/es\/wp-json\/wp\/v2\/pages\/9497","targetHints":{"allow":["GET"]}}],"collection":[{"href":"https:\/\/www.harvesters.org\/es\/wp-json\/wp\/v2\/pages"}],"about":[{"href":"https:\/\/www.harvesters.org\/es\/wp-json\/wp\/v2\/types\/page"}],"author":[{"embeddable":true,"href":"https:\/\/www.harvesters.org\/es\/wp-json\/wp\/v2\/users\/3"}],"replies":[{"embeddable":true,"href":"https:\/\/www.harvesters.org\/es\/wp-json\/wp\/v2\/comments?post=9497"}],"version-history":[{"count":13,"href":"https:\/\/www.harvesters.org\/es\/wp-json\/wp\/v2\/pages\/9497\/revisions"}],"predecessor-version":[{"id":13516,"href":"https:\/\/www.harvesters.org\/es\/wp-json\/wp\/v2\/pages\/9497\/revisions\/13516"}],"wp:attachment":[{"href":"https:\/\/www.harvesters.org\/es\/wp-json\/wp\/v2\/media?parent=9497"}],"curies":[{"name":"wp","href":"https:\/\/api.w.org\/{rel}","templated":true}]}}