{"id":9489,"date":"2021-06-01T08:21:03","date_gmt":"2021-06-01T13:21:03","guid":{"rendered":"https:\/\/www.harvesters.org\/?page_id=9489"},"modified":"2024-05-16T12:16:06","modified_gmt":"2024-05-16T17:16:06","slug":"nuestra-red-de-agencias","status":"publish","type":"page","link":"https:\/\/www.harvesters.org\/es\/sobre-harvesters\/nuestra-red-de-agencias","title":{"rendered":"Nuestra red de agencias"},"content":{"rendered":"\n<div class=\"wp-block-columns is-layout-flex wp-container-core-columns-is-layout-9d6595d7 wp-block-columns-is-layout-flex\">\n<div class=\"wp-block-column is-layout-flow wp-block-column-is-layout-flow\" style=\"flex-basis:40%\">\n<figure class=\"wp-block-image size-full\"><img loading=\"lazy\" decoding=\"async\" width=\"1000\" height=\"750\" src=\"http:\/\/www.harvesters.org\/wp-content\/uploads\/2021\/09\/Agency-Distribution.jpg\" alt=\"Distribuci&#xF3;n por agencias\" class=\"wp-image-4819\" srcset=\"https:\/\/www.harvesters.org\/wp-content\/uploads\/2021\/09\/Agency-Distribution.jpg 1000w, https:\/\/www.harvesters.org\/wp-content\/uploads\/2021\/09\/Agency-Distribution-300x225.jpg 300w, https:\/\/www.harvesters.org\/wp-content\/uploads\/2021\/09\/Agency-Distribution-768x576.jpg 768w, https:\/\/www.harvesters.org\/wp-content\/uploads\/2021\/09\/Agency-Distribution-383x287.jpg 383w, https:\/\/www.harvesters.org\/wp-content\/uploads\/2021\/09\/Agency-Distribution-950x712.jpg 950w\" sizes=\"auto, (max-width: 1000px) 100vw, 1000px\" \/><\/figure>\n<\/div>\n\n\n\n<div class=\"wp-block-column is-layout-flow wp-block-column-is-layout-flow\" style=\"flex-basis:60%\">\n<h2 class=\"wp-block-heading\">Juntos, nuestro impacto es grande<\/h2>\n\n\n\n<p>Harvesters cumple su misi\u00f3n de alimentar a las personas hambrientas trabajando con una incre\u00edble red de m\u00e1s de 760 agencias sin fines de lucro asociadas.<\/p>\n\n\n\n<p>Como un banco de alimentos, no proporcionamos servicios directos a las familias ni a las personas mayores hambrientas. Adquirimos, almacenamos y distribuimos alimentos y art\u00edculos para el hogar a nuestra red. <\/p>\n\n\n\n<p>Nuestra red se compone de diversas organizaciones, como despensas de alimentos, comedores comunitarios, albergues, casas de acogida para ni\u00f1os, escuelas, iglesias, centros comunitarios, cl\u00ednicas de salud, bibliotecas y otros. Estas agencias distribuyen alimentos y comidas directamente a los necesitados.<\/p>\n\n\n\n<p>Durante el a\u00f1o fiscal 2021, las agencias de Harvesters ayudaron a Harvesters a distribuir m\u00e1s de 76 millones de libras de alimentos, proporcionando m\u00e1s de 67 millones de comidas. <\/p>\n<\/div>\n<\/div>\n\n<h3 class=\"wp-block-heading\">Las organizaciones deben cumplir estos criterios b\u00e1sicos para formar parte de la red de Harvesters:<\/h3>\n\n<ul class=\"wp-block-list\">\n<li>Los solicitantes deben operar dentro del \u00e1rea de servicio de 26 condados de Harvesters<\/li>\n<\/ul>\n\n<ul class=\"wp-block-list\">\n<li>Los solicitantes deben tener un estatus 501(c)3 de exento de impuestos ante el Servicio de Impuestos Internos<\/li>\n<\/ul>\n\n<ul class=\"wp-block-list\">\n<li>Cumplir los requisitos m\u00ednimos de n\u00famero de personas atendidas cada mes (var\u00eda seg\u00fan el programa)<\/li>\n<\/ul>\n\n<ul class=\"wp-block-list\">\n<li>Cumplir los requisitos m\u00ednimos de meses de funcionamiento (var\u00eda seg\u00fan el programa)<\/li>\n<\/ul>\n\n<div style=\"height:15px\" aria-hidden=\"true\" class=\"wp-block-spacer\"><\/div>\n\n<p><meta charset=\"utf-8\"\/>Si una agencia se encuentra en un radio de cinco milla de otra agencia que realiza un programa similar, Harvesters sugiere que las agencias colaboren para servir mejor a la comunidad mediante un esfuerzo de equipo. La agencia solicitante puede o no puede ser aprobada si proporciona el mismo servicio en las proximidades de una agencia miembro existente.<\/p>\n\n<p><meta charset=\"utf-8\"\/>Consulte nuestro <a href=\"https:\/\/www.harvesters.org\/es?page_id=9525\" target=\"_blank\" rel=\"noreferrer noopener\">localizador de alimentos<\/a> para ver d\u00f3nde se encuentran nuestros socios.<\/p>\n\n<h3 class=\"wp-block-heading\">\u00bfQuiere formar parte de la Red de Agencias de Harvesters?<\/h3>\n\n<p><meta charset=\"utf-8\"\/><\/p>\n\n<p>En la actualidad, Harvesters est\u00e1 revisando el tama\u00f1o y el alcance de nuestra red, as\u00ed como nuestros procesos de solicitud. En estos momentos no estamos incorporando activamente agencias asociadas. Si usted o su organizaci\u00f3n est\u00e1n interesados en presentar una solicitud para formar parte de nuestra red, <u><a href=\"https:\/\/nam12.safelinks.protection.outlook.com\/?url=https%3A%2F%2Fapp.smartsheet.com%2Fb%2Fform%2Fce1f009b43aa4589b27a4acc8625c5cd&amp;data=05%7C01%7Cmkline%40harvesters.org%7C2bd491c88f11457e832608dbef776f04%7Ca2ef59a78cd94644942a6f1c496b2b30%7C0%7C0%7C638367068480190837%7CUnknown%7CTWFpbGZsb3d8eyJWIjoiMC4wLjAwMDAiLCJQIjoiV2luMzIiLCJBTiI6Ik1haWwiLCJXVCI6Mn0%3D%7C3000%7C%7C%7C&amp;sdata=M4jN95tOrj6Lom5%2F6Nhg%2BANsq5ELQCPqWpLR%2FZ8Lc3s%3D&amp;reserved=0\" target=\"_blank\" rel=\"noreferrer noopener\">haga clic aqu\u00ed<\/a><\/u>. Su solicitud se a\u00f1adir\u00e1 a nuestra lista de espera para su revisi\u00f3n. No dude en ponerse en contacto con nuestro equipo de Impacto Comunitario en el 877-653-9519 o en <u><a href=\"mailto:customercare@harvesters.org\">customercare@harvesters.org<\/a><\/u> si tiene m\u00e1s preguntas. <\/p>\n\n<p><meta charset=\"utf-8\"\/>M\u00e1s informaci\u00f3n sobre <a href=\"https:\/\/www.harvesters.org\/es\/sobre-harvesters\/nuestros-programas\">nuestros programas<\/a>.<\/p>\n\n<h3 class=\"wp-block-heading\">Miembros actuales de la Red de Agencias de Harvesters<\/h3>\n\n<p>Si actualmente es miembro de la red de agencias asociadas de Harvesters y necesita informaci\u00f3n sobre c\u00f3mo acceder al portal de agencias, Harvesters Hub, <a href=\"https:\/\/www.harvesters.org\/es?page_id=9317\">haga clic aqu\u00ed<\/a>.<\/p>\n\n<div style=\"height:60px\" aria-hidden=\"true\" class=\"wp-block-spacer\"><\/div>\n\n<p><\/p>\n","protected":false},"excerpt":{"rendered":"<p>Juntos, nuestro impacto es grande Harvesters cumple su misi\u00f3n de alimentar a las personas hambrientas trabajando con una incre\u00edble red de m\u00e1s de 760 agencias sin fines de lucro asociadas. Como un banco de alimentos,\u2026 <a href=\"https:\/\/www.harvesters.org\/es\/sobre-harvesters\/nuestra-red-de-agencias\" class=\"read-more\">More<\/a><\/p>\n","protected":false},"author":3,"featured_media":0,"parent":9521,"menu_order":3,"comment_status":"closed","ping_status":"closed","template":"","meta":{"_acf_changed":false,"inline_featured_image":false,"_uag_custom_page_level_css":"","footnotes":""},"class_list":["post-9489","page","type-page","status-publish","hentry"],"acf":[],"yoast_head":"<!-- This site is optimized with the Yoast SEO plugin v27.5 - https:\/\/yoast.com\/product\/yoast-seo-wordpress\/ -->\n<title>Nuestra red de agencias - Harvesters<\/title>\n<meta name=\"description\" content=\"Conozca nuestra red de agencias e obtener informaci\u00f3n si su organizaci\u00f3n est\u00e1 interesada en asociarse a la red.\" \/>\n<meta name=\"robots\" content=\"index, follow, max-snippet:-1, max-image-preview:large, max-video-preview:-1\" \/>\n<link rel=\"canonical\" href=\"https:\/\/www.harvesters.org\/es\/sobre-harvesters\/nuestra-red-de-agencias\" \/>\n<meta property=\"og:locale\" content=\"es_ES\" \/>\n<meta property=\"og:type\" content=\"article\" \/>\n<meta property=\"og:title\" content=\"Nuestra red de agencias - Harvesters\" \/>\n<meta property=\"og:description\" content=\"Conozca nuestra red de agencias e obtener informaci\u00f3n si su organizaci\u00f3n est\u00e1 interesada en asociarse a la red.\" \/>\n<meta property=\"og:url\" content=\"https:\/\/www.harvesters.org\/es\/sobre-harvesters\/nuestra-red-de-agencias\" \/>\n<meta property=\"og:site_name\" content=\"Harvesters\" \/>\n<meta property=\"article:modified_time\" content=\"2024-05-16T17:16:06+00:00\" \/>\n<meta property=\"og:image\" content=\"http:\/\/www.harvesters.org\/wp-content\/uploads\/2021\/09\/Agency-Distribution.jpg\" \/>\n<meta name=\"twitter:card\" content=\"summary_large_image\" \/>\n<meta name=\"twitter:label1\" content=\"Tiempo de lectura\" \/>\n\t<meta name=\"twitter:data1\" content=\"2 minutos\" \/>\n<script type=\"application\/ld+json\" class=\"yoast-schema-graph\">{\"@context\":\"https:\\\/\\\/schema.org\",\"@graph\":[{\"@type\":\"WebPage\",\"@id\":\"https:\\\/\\\/www.harvesters.org\\\/es\\\/sobre-harvesters\\\/nuestra-red-de-agencias\",\"url\":\"https:\\\/\\\/www.harvesters.org\\\/es\\\/sobre-harvesters\\\/nuestra-red-de-agencias\",\"name\":\"Nuestra red de agencias - Harvesters\",\"isPartOf\":{\"@id\":\"https:\\\/\\\/www.harvesters.org\\\/#website\"},\"primaryImageOfPage\":{\"@id\":\"https:\\\/\\\/www.harvesters.org\\\/es\\\/sobre-harvesters\\\/nuestra-red-de-agencias#primaryimage\"},\"image\":{\"@id\":\"https:\\\/\\\/www.harvesters.org\\\/es\\\/sobre-harvesters\\\/nuestra-red-de-agencias#primaryimage\"},\"thumbnailUrl\":\"http:\\\/\\\/www.harvesters.org\\\/wp-content\\\/uploads\\\/2021\\\/09\\\/Agency-Distribution.jpg\",\"datePublished\":\"2021-06-01T13:21:03+00:00\",\"dateModified\":\"2024-05-16T17:16:06+00:00\",\"description\":\"Conozca nuestra red de agencias e obtener informaci\u00f3n si su organizaci\u00f3n est\u00e1 interesada en asociarse a la red.\",\"breadcrumb\":{\"@id\":\"https:\\\/\\\/www.harvesters.org\\\/es\\\/sobre-harvesters\\\/nuestra-red-de-agencias#breadcrumb\"},\"inLanguage\":\"es\",\"potentialAction\":[{\"@type\":\"ReadAction\",\"target\":[\"https:\\\/\\\/www.harvesters.org\\\/es\\\/sobre-harvesters\\\/nuestra-red-de-agencias\"]}]},{\"@type\":\"ImageObject\",\"inLanguage\":\"es\",\"@id\":\"https:\\\/\\\/www.harvesters.org\\\/es\\\/sobre-harvesters\\\/nuestra-red-de-agencias#primaryimage\",\"url\":\"http:\\\/\\\/www.harvesters.org\\\/wp-content\\\/uploads\\\/2021\\\/09\\\/Agency-Distribution.jpg\",\"contentUrl\":\"http:\\\/\\\/www.harvesters.org\\\/wp-content\\\/uploads\\\/2021\\\/09\\\/Agency-Distribution.jpg\"},{\"@type\":\"BreadcrumbList\",\"@id\":\"https:\\\/\\\/www.harvesters.org\\\/es\\\/sobre-harvesters\\\/nuestra-red-de-agencias#breadcrumb\",\"itemListElement\":[{\"@type\":\"ListItem\",\"position\":1,\"name\":\"Home\",\"item\":\"https:\\\/\\\/www.harvesters.org\\\/es\"},{\"@type\":\"ListItem\",\"position\":2,\"name\":\"Sobre Harvesters\",\"item\":\"https:\\\/\\\/www.harvesters.org\\\/es\\\/sobre-harvesters\"},{\"@type\":\"ListItem\",\"position\":3,\"name\":\"Nuestra red de agencias\"}]},{\"@type\":\"WebSite\",\"@id\":\"https:\\\/\\\/www.harvesters.org\\\/#website\",\"url\":\"https:\\\/\\\/www.harvesters.org\\\/\",\"name\":\"Harvesters\",\"description\":\"\",\"potentialAction\":[{\"@type\":\"SearchAction\",\"target\":{\"@type\":\"EntryPoint\",\"urlTemplate\":\"https:\\\/\\\/www.harvesters.org\\\/?s={search_term_string}\"},\"query-input\":{\"@type\":\"PropertyValueSpecification\",\"valueRequired\":true,\"valueName\":\"search_term_string\"}}],\"inLanguage\":\"es\"}]}<\/script>\n<!-- \/ Yoast SEO plugin. -->","yoast_head_json":{"title":"Nuestra red de agencias - Harvesters","description":"Conozca nuestra red de agencias e obtener informaci\u00f3n si su organizaci\u00f3n est\u00e1 interesada en asociarse a la red.","robots":{"index":"index","follow":"follow","max-snippet":"max-snippet:-1","max-image-preview":"max-image-preview:large","max-video-preview":"max-video-preview:-1"},"canonical":"https:\/\/www.harvesters.org\/es\/sobre-harvesters\/nuestra-red-de-agencias","og_locale":"es_ES","og_type":"article","og_title":"Nuestra red de agencias - Harvesters","og_description":"Conozca nuestra red de agencias e obtener informaci\u00f3n si su organizaci\u00f3n est\u00e1 interesada en asociarse a la red.","og_url":"https:\/\/www.harvesters.org\/es\/sobre-harvesters\/nuestra-red-de-agencias","og_site_name":"Harvesters","article_modified_time":"2024-05-16T17:16:06+00:00","og_image":[{"url":"http:\/\/www.harvesters.org\/wp-content\/uploads\/2021\/09\/Agency-Distribution.jpg","type":"","width":"","height":""}],"twitter_card":"summary_large_image","twitter_misc":{"Tiempo de lectura":"2 minutos"},"schema":{"@context":"https:\/\/schema.org","@graph":[{"@type":"WebPage","@id":"https:\/\/www.harvesters.org\/es\/sobre-harvesters\/nuestra-red-de-agencias","url":"https:\/\/www.harvesters.org\/es\/sobre-harvesters\/nuestra-red-de-agencias","name":"Nuestra red de agencias - Harvesters","isPartOf":{"@id":"https:\/\/www.harvesters.org\/#website"},"primaryImageOfPage":{"@id":"https:\/\/www.harvesters.org\/es\/sobre-harvesters\/nuestra-red-de-agencias#primaryimage"},"image":{"@id":"https:\/\/www.harvesters.org\/es\/sobre-harvesters\/nuestra-red-de-agencias#primaryimage"},"thumbnailUrl":"http:\/\/www.harvesters.org\/wp-content\/uploads\/2021\/09\/Agency-Distribution.jpg","datePublished":"2021-06-01T13:21:03+00:00","dateModified":"2024-05-16T17:16:06+00:00","description":"Conozca nuestra red de agencias e obtener informaci\u00f3n si su organizaci\u00f3n est\u00e1 interesada en asociarse a la red.","breadcrumb":{"@id":"https:\/\/www.harvesters.org\/es\/sobre-harvesters\/nuestra-red-de-agencias#breadcrumb"},"inLanguage":"es","potentialAction":[{"@type":"ReadAction","target":["https:\/\/www.harvesters.org\/es\/sobre-harvesters\/nuestra-red-de-agencias"]}]},{"@type":"ImageObject","inLanguage":"es","@id":"https:\/\/www.harvesters.org\/es\/sobre-harvesters\/nuestra-red-de-agencias#primaryimage","url":"http:\/\/www.harvesters.org\/wp-content\/uploads\/2021\/09\/Agency-Distribution.jpg","contentUrl":"http:\/\/www.harvesters.org\/wp-content\/uploads\/2021\/09\/Agency-Distribution.jpg"},{"@type":"BreadcrumbList","@id":"https:\/\/www.harvesters.org\/es\/sobre-harvesters\/nuestra-red-de-agencias#breadcrumb","itemListElement":[{"@type":"ListItem","position":1,"name":"Home","item":"https:\/\/www.harvesters.org\/es"},{"@type":"ListItem","position":2,"name":"Sobre Harvesters","item":"https:\/\/www.harvesters.org\/es\/sobre-harvesters"},{"@type":"ListItem","position":3,"name":"Nuestra red de agencias"}]},{"@type":"WebSite","@id":"https:\/\/www.harvesters.org\/#website","url":"https:\/\/www.harvesters.org\/","name":"Harvesters","description":"","potentialAction":[{"@type":"SearchAction","target":{"@type":"EntryPoint","urlTemplate":"https:\/\/www.harvesters.org\/?s={search_term_string}"},"query-input":{"@type":"PropertyValueSpecification","valueRequired":true,"valueName":"search_term_string"}}],"inLanguage":"es"}]}},"uagb_featured_image_src":{"full":false,"thumbnail":false,"medium":false,"medium_large":false,"large":false,"1536x1536":false,"2048x2048":false,"alm-thumbnail":false,"featured-16-9":false,"featured-4-3":false,"featured-4-3-full":false,"featured-16-9-full":false,"gform-image-choice-sm":false,"gform-image-choice-md":false,"gform-image-choice-lg":false},"uagb_author_info":{"display_name":"John Kuefler","author_link":"https:\/\/www.harvesters.org\/es\/author\/john-kuefleruxwest-com"},"uagb_comment_info":0,"uagb_excerpt":"Juntos, nuestro impacto es grande Harvesters cumple su misi\u00f3n de alimentar a las personas hambrientas trabajando con una incre\u00edble red de m\u00e1s de 760 agencias sin fines de lucro asociadas. Como un banco de alimentos,\u2026 More","_links":{"self":[{"href":"https:\/\/www.harvesters.org\/es\/wp-json\/wp\/v2\/pages\/9489","targetHints":{"allow":["GET"]}}],"collection":[{"href":"https:\/\/www.harvesters.org\/es\/wp-json\/wp\/v2\/pages"}],"about":[{"href":"https:\/\/www.harvesters.org\/es\/wp-json\/wp\/v2\/types\/page"}],"author":[{"embeddable":true,"href":"https:\/\/www.harvesters.org\/es\/wp-json\/wp\/v2\/users\/3"}],"replies":[{"embeddable":true,"href":"https:\/\/www.harvesters.org\/es\/wp-json\/wp\/v2\/comments?post=9489"}],"version-history":[{"count":11,"href":"https:\/\/www.harvesters.org\/es\/wp-json\/wp\/v2\/pages\/9489\/revisions"}],"predecessor-version":[{"id":11404,"href":"https:\/\/www.harvesters.org\/es\/wp-json\/wp\/v2\/pages\/9489\/revisions\/11404"}],"up":[{"embeddable":true,"href":"https:\/\/www.harvesters.org\/es\/wp-json\/wp\/v2\/pages\/9521"}],"wp:attachment":[{"href":"https:\/\/www.harvesters.org\/es\/wp-json\/wp\/v2\/media?parent=9489"}],"curies":[{"name":"wp","href":"https:\/\/api.w.org\/{rel}","templated":true}]}}