{"id":9488,"date":"2021-06-01T08:18:02","date_gmt":"2021-06-01T13:18:02","guid":{"rendered":"https:\/\/www.harvesters.org\/?page_id=9488"},"modified":"2025-02-12T15:18:46","modified_gmt":"2025-02-12T21:18:46","slug":"donar-alimentos","status":"publish","type":"page","link":"https:\/\/www.harvesters.org\/es\/como-ayudar\/donar-alimentos","title":{"rendered":"Donar alimentos"},"content":{"rendered":"\n<div class=\"wp-block-columns is-layout-flex wp-container-core-columns-is-layout-9d6595d7 wp-block-columns-is-layout-flex\">\n<div class=\"wp-block-column is-layout-flow wp-block-column-is-layout-flow\">\n<figure class=\"wp-block-image size-full\"><img loading=\"lazy\" decoding=\"async\" width=\"1000\" height=\"750\" src=\"http:\/\/www.harvesters.org\/wp-content\/uploads\/2021\/08\/Give-Food-1.jpg\" alt=\"Donaci\u00f3n de alimentos en cami\u00f3n\" class=\"wp-image-4166\" srcset=\"https:\/\/www.harvesters.org\/wp-content\/uploads\/2021\/08\/Give-Food-1.jpg 1000w, https:\/\/www.harvesters.org\/wp-content\/uploads\/2021\/08\/Give-Food-1-300x225.jpg 300w, https:\/\/www.harvesters.org\/wp-content\/uploads\/2021\/08\/Give-Food-1-768x576.jpg 768w, https:\/\/www.harvesters.org\/wp-content\/uploads\/2021\/08\/Give-Food-1-383x287.jpg 383w, https:\/\/www.harvesters.org\/wp-content\/uploads\/2021\/08\/Give-Food-1-950x712.jpg 950w\" sizes=\"auto, (max-width: 1000px) 100vw, 1000px\" \/><\/figure>\n<\/div>\n\n\n\n<div class=\"wp-block-column is-layout-flow wp-block-column-is-layout-flow\">\n<figure class=\"wp-block-image size-full\"><img loading=\"lazy\" decoding=\"async\" width=\"1250\" height=\"938\" src=\"http:\/\/www.harvesters.org\/wp-content\/uploads\/2022\/10\/Harvesters-Truck-in-City-Setting.jpg\" alt=\"\" class=\"wp-image-6731\" srcset=\"https:\/\/www.harvesters.org\/wp-content\/uploads\/2022\/10\/Harvesters-Truck-in-City-Setting.jpg 1250w, https:\/\/www.harvesters.org\/wp-content\/uploads\/2022\/10\/Harvesters-Truck-in-City-Setting-300x225.jpg 300w, https:\/\/www.harvesters.org\/wp-content\/uploads\/2022\/10\/Harvesters-Truck-in-City-Setting-1024x768.jpg 1024w, https:\/\/www.harvesters.org\/wp-content\/uploads\/2022\/10\/Harvesters-Truck-in-City-Setting-768x576.jpg 768w, https:\/\/www.harvesters.org\/wp-content\/uploads\/2022\/10\/Harvesters-Truck-in-City-Setting-383x287.jpg 383w, https:\/\/www.harvesters.org\/wp-content\/uploads\/2022\/10\/Harvesters-Truck-in-City-Setting-950x712.jpg 950w\" sizes=\"auto, (max-width: 1250px) 100vw, 1250px\" \/><\/figure>\n<\/div>\n\n\n\n<div class=\"wp-block-column is-layout-flow wp-block-column-is-layout-flow\">\n<figure class=\"wp-block-image size-full\"><img loading=\"lazy\" decoding=\"async\" width=\"1000\" height=\"750\" src=\"http:\/\/www.harvesters.org\/wp-content\/uploads\/2021\/08\/Give-Food-2.jpg\" alt=\"Donaci\u00f3n de alimentos en barriles cerca de un cami\u00f3n de Harvesters\" class=\"wp-image-4165\" srcset=\"https:\/\/www.harvesters.org\/wp-content\/uploads\/2021\/08\/Give-Food-2.jpg 1000w, https:\/\/www.harvesters.org\/wp-content\/uploads\/2021\/08\/Give-Food-2-300x225.jpg 300w, https:\/\/www.harvesters.org\/wp-content\/uploads\/2021\/08\/Give-Food-2-768x576.jpg 768w, https:\/\/www.harvesters.org\/wp-content\/uploads\/2021\/08\/Give-Food-2-383x287.jpg 383w, https:\/\/www.harvesters.org\/wp-content\/uploads\/2021\/08\/Give-Food-2-950x712.jpg 950w\" sizes=\"auto, (max-width: 1000px) 100vw, 1000px\" \/><\/figure>\n<\/div>\n<\/div>\n\n\n\n<h1 class=\"wp-block-heading\">Donar alimentos<\/h1>\n\n\n\n<p>Cuando usted se colabora con Harvesters, los alimentos y fondos que colecciona ayudan a alimentar a familias, ni\u00f1os y personas mayores que enfrentan la inseguridad de comida en nuestra regi\u00f3n. Animamos a cualquier persona u organizaci\u00f3n a participar mediante las maneras siguientes.<\/p>\n\n\n\n<div style=\"height:20px\" aria-hidden=\"true\" class=\"wp-block-spacer\"><\/div>\n\n\n<div id=\"cards-block_69c4a7b785c22cef6cbce5cbce864dff\" class=\"cards\">\r\n\r\n\r\n\r\n    <div class=\"impact w-full md:pb-12 pb-6 cards\">\r\n        <div class=\" flex-wrap flex flex-col justify-self-stretch items-center\">\r\n                        \r\n            <div class=\" flex flex-wrap justify-center items-stretch -mx-3\">\r\n                                                                 \r\n                                                                    <a href=\"http:\/\/www.harvesters.org\/how-to-help\/give-food\/host-food-or-fund-drive\/\" target=\"\" class=\"w-56 h-56 p-3 flex items-stretch\">\r\n                                                <div class=\" blue w-full  pt-6 pb-3 px-4 rounded-md text-center flex flex-col items-center justify-self-stretch\">\r\n\r\n                                                                                    <div class=\"m-auto icon rounded-full\">\r\n                                <img decoding=\"async\" src=\"https:\/\/www.harvesters.org\/wp-content\/uploads\/2021\/06\/icon-host-fund-drive.png\" class=\"m-auto\" alt=\"\">\r\n                            <\/div>\r\n                            \r\n\r\n                            <h3 class=\" pt-3 w-full uppercase text-center mt-0 mb-1\">\r\n                                Organizar una colecta de alimentos o fondos<\/h3>\r\n                                                    <\/div>\r\n                                        <\/a>\r\n                                                \r\n\r\n                                                 \r\n                                                                    <a href=\"http:\/\/www.harvesters.org\/how-to-help\/give-food\/host-virtual-food-drive\/\" target=\"\" class=\"w-56 h-56 p-3 flex items-stretch\">\r\n                                                <div class=\" yellow w-full  pt-6 pb-3 px-4 rounded-md text-center flex flex-col items-center justify-self-stretch\">\r\n\r\n                                                                                    <div class=\"m-auto icon rounded-full\">\r\n                                <img decoding=\"async\" src=\"https:\/\/www.harvesters.org\/wp-content\/uploads\/2021\/06\/icon-host-virtual-drive.png\" class=\"m-auto\" alt=\"\">\r\n                            <\/div>\r\n                            \r\n\r\n                            <h3 class=\" pt-3 w-full uppercase text-center mt-0 mb-1\">\r\n                                Organizar una colecta virtual de alimentos<\/h3>\r\n                                                    <\/div>\r\n                                        <\/a>\r\n                                                \r\n\r\n                                                 \r\n                                                                    <a href=\"http:\/\/www.harvesters.org\/how-to-help\/give-food\/most-needed-items\/\" target=\"\" class=\"w-56 h-56 p-3 flex items-stretch\">\r\n                                                <div class=\" red w-full  pt-6 pb-3 px-4 rounded-md text-center flex flex-col items-center justify-self-stretch\">\r\n\r\n                                                                                    <div class=\"m-auto icon rounded-full\">\r\n                                <img decoding=\"async\" src=\"https:\/\/www.harvesters.org\/wp-content\/uploads\/2021\/06\/icon-most-needed-items-red.png\" class=\"m-auto\" alt=\"\">\r\n                            <\/div>\r\n                            \r\n\r\n                            <h3 class=\" pt-3 w-full uppercase text-center mt-0 mb-1\">\r\n                                Art\u00edculos m\u00e1s necesarias<\/h3>\r\n                                                    <\/div>\r\n                                        <\/a>\r\n                                                \r\n\r\n                                \r\n            <\/div>\r\n        <\/div>\r\n    <\/div>\r\n<\/div>\n\n<div id=\"cards-block_3da1676d6b1ba350f56e1226a2f3e891\" class=\"cards\">\r\n\r\n\r\n\r\n    <div class=\"impact w-full md:pb-12 pb-6 cards\">\r\n        <div class=\" flex-wrap flex flex-col justify-self-stretch items-center\">\r\n                        \r\n            <div class=\" flex flex-wrap justify-center items-stretch -mx-3\">\r\n                                                                 \r\n                                                                    <a href=\"http:\/\/www.harvesters.org\/how-to-help\/give-food\/food-industry-donations\/\" target=\"\" class=\"w-56 h-56 p-3 flex items-stretch\">\r\n                                                <div class=\" blue w-full  pt-6 pb-3 px-4 rounded-md text-center flex flex-col items-center justify-self-stretch\">\r\n\r\n                                                                                    <div class=\"m-auto icon rounded-full\">\r\n                                <img decoding=\"async\" src=\"https:\/\/www.harvesters.org\/wp-content\/uploads\/2021\/06\/icon-food-industry.png\" class=\"m-auto\" alt=\"\">\r\n                            <\/div>\r\n                            \r\n\r\n                            <h3 class=\" pt-3 w-full uppercase text-center mt-0 mb-1\">\r\n                                Donaciones de la industria alimentaria<\/h3>\r\n                                                    <\/div>\r\n                                        <\/a>\r\n                                                \r\n\r\n                                                 \r\n                                                                    <a href=\"https:\/\/www.harvesters.org\/how-to-help\/volunteer\/off-site-volunteer-opportunities\" target=\"\" class=\"w-56 h-56 p-3 flex items-stretch\">\r\n                                                <div class=\" yellow w-full  pt-6 pb-3 px-4 rounded-md text-center flex flex-col items-center justify-self-stretch\">\r\n\r\n                                                                                    <div class=\"m-auto icon rounded-full\">\r\n                                <img decoding=\"async\" src=\"https:\/\/www.harvesters.org\/wp-content\/uploads\/2021\/08\/Asset-1.png\" class=\"m-auto\" alt=\"\">\r\n                            <\/div>\r\n                            \r\n\r\n                            <h3 class=\" pt-3 w-full uppercase text-center mt-0 mb-1\">\r\n                                Oportunidades de voluntariado fuera del sitio<\/h3>\r\n                                                    <\/div>\r\n                                        <\/a>\r\n                                                \r\n\r\n                                \r\n            <\/div>\r\n        <\/div>\r\n    <\/div>\r\n<\/div>\n\n\n<div style=\"height:59px\" aria-hidden=\"true\" class=\"wp-block-spacer\"><\/div>\n","protected":false},"excerpt":{"rendered":"<p>Donar alimentos Cuando usted se colabora con Harvesters, los alimentos y fondos que colecciona ayudan a alimentar a familias, ni\u00f1os y personas mayores que enfrentan la inseguridad de comida en nuestra regi\u00f3n. Animamos a cualquier\u2026 <a href=\"https:\/\/www.harvesters.org\/es\/como-ayudar\/donar-alimentos\" class=\"read-more\">More<\/a><\/p>\n","protected":false},"author":3,"featured_media":0,"parent":9516,"menu_order":0,"comment_status":"closed","ping_status":"closed","template":"","meta":{"_acf_changed":false,"inline_featured_image":false,"_uag_custom_page_level_css":"","footnotes":""},"class_list":["post-9488","page","type-page","status-publish","hentry"],"acf":[],"yoast_head":"<!-- This site is optimized with the Yoast SEO plugin v27.5 - https:\/\/yoast.com\/product\/yoast-seo-wordpress\/ -->\n<title>Donar alimentos - Harvesters<\/title>\n<meta name=\"description\" content=\"Done alimentos o ay\u00fadenos a recolectar alimentos para ayudar a nuestra red a alimentar a familias, ni\u00f1os y personas mayores hambrientos de las regiones de Kansas City y Topeka.\" \/>\n<meta name=\"robots\" content=\"index, follow, max-snippet:-1, max-image-preview:large, max-video-preview:-1\" \/>\n<link rel=\"canonical\" href=\"https:\/\/www.harvesters.org\/es\/como-ayudar\/donar-alimentos\" \/>\n<meta property=\"og:locale\" content=\"es_ES\" \/>\n<meta property=\"og:type\" content=\"article\" \/>\n<meta property=\"og:title\" content=\"Donar alimentos - Harvesters\" \/>\n<meta property=\"og:description\" content=\"Done alimentos o ay\u00fadenos a recolectar alimentos para ayudar a nuestra red a alimentar a familias, ni\u00f1os y personas mayores hambrientos de las regiones de Kansas City y Topeka.\" \/>\n<meta property=\"og:url\" content=\"https:\/\/www.harvesters.org\/es\/como-ayudar\/donar-alimentos\" \/>\n<meta property=\"og:site_name\" content=\"Harvesters\" \/>\n<meta property=\"article:modified_time\" content=\"2025-02-12T21:18:46+00:00\" \/>\n<meta property=\"og:image\" content=\"https:\/\/www.harvesters.org\/wp-content\/uploads\/2021\/08\/Give-Food-1.jpg\" \/>\n\t<meta property=\"og:image:width\" content=\"1000\" \/>\n\t<meta property=\"og:image:height\" content=\"750\" \/>\n\t<meta property=\"og:image:type\" content=\"image\/jpeg\" \/>\n<meta name=\"twitter:card\" content=\"summary_large_image\" \/>\n<meta name=\"twitter:label1\" content=\"Tiempo de lectura\" \/>\n\t<meta name=\"twitter:data1\" content=\"1 minuto\" \/>\n<script type=\"application\/ld+json\" class=\"yoast-schema-graph\">{\"@context\":\"https:\\\/\\\/schema.org\",\"@graph\":[{\"@type\":\"WebPage\",\"@id\":\"https:\\\/\\\/www.harvesters.org\\\/es\\\/como-ayudar\\\/donar-alimentos\",\"url\":\"https:\\\/\\\/www.harvesters.org\\\/es\\\/como-ayudar\\\/donar-alimentos\",\"name\":\"Donar alimentos - Harvesters\",\"isPartOf\":{\"@id\":\"https:\\\/\\\/www.harvesters.org\\\/#website\"},\"primaryImageOfPage\":{\"@id\":\"https:\\\/\\\/www.harvesters.org\\\/es\\\/como-ayudar\\\/donar-alimentos#primaryimage\"},\"image\":{\"@id\":\"https:\\\/\\\/www.harvesters.org\\\/es\\\/como-ayudar\\\/donar-alimentos#primaryimage\"},\"thumbnailUrl\":\"http:\\\/\\\/www.harvesters.org\\\/wp-content\\\/uploads\\\/2021\\\/08\\\/Give-Food-1.jpg\",\"datePublished\":\"2021-06-01T13:18:02+00:00\",\"dateModified\":\"2025-02-12T21:18:46+00:00\",\"description\":\"Done alimentos o ay\u00fadenos a recolectar alimentos para ayudar a nuestra red a alimentar a familias, ni\u00f1os y personas mayores hambrientos de las regiones de Kansas City y Topeka.\",\"breadcrumb\":{\"@id\":\"https:\\\/\\\/www.harvesters.org\\\/es\\\/como-ayudar\\\/donar-alimentos#breadcrumb\"},\"inLanguage\":\"es\",\"potentialAction\":[{\"@type\":\"ReadAction\",\"target\":[\"https:\\\/\\\/www.harvesters.org\\\/es\\\/como-ayudar\\\/donar-alimentos\"]}]},{\"@type\":\"ImageObject\",\"inLanguage\":\"es\",\"@id\":\"https:\\\/\\\/www.harvesters.org\\\/es\\\/como-ayudar\\\/donar-alimentos#primaryimage\",\"url\":\"http:\\\/\\\/www.harvesters.org\\\/wp-content\\\/uploads\\\/2021\\\/08\\\/Give-Food-1.jpg\",\"contentUrl\":\"http:\\\/\\\/www.harvesters.org\\\/wp-content\\\/uploads\\\/2021\\\/08\\\/Give-Food-1.jpg\"},{\"@type\":\"BreadcrumbList\",\"@id\":\"https:\\\/\\\/www.harvesters.org\\\/es\\\/como-ayudar\\\/donar-alimentos#breadcrumb\",\"itemListElement\":[{\"@type\":\"ListItem\",\"position\":1,\"name\":\"Home\",\"item\":\"https:\\\/\\\/www.harvesters.org\\\/es\"},{\"@type\":\"ListItem\",\"position\":2,\"name\":\"C\u00f3mo ayudar\",\"item\":\"https:\\\/\\\/www.harvesters.org\\\/es\\\/como-ayudar\"},{\"@type\":\"ListItem\",\"position\":3,\"name\":\"Donar alimentos\"}]},{\"@type\":\"WebSite\",\"@id\":\"https:\\\/\\\/www.harvesters.org\\\/#website\",\"url\":\"https:\\\/\\\/www.harvesters.org\\\/\",\"name\":\"Harvesters\",\"description\":\"\",\"potentialAction\":[{\"@type\":\"SearchAction\",\"target\":{\"@type\":\"EntryPoint\",\"urlTemplate\":\"https:\\\/\\\/www.harvesters.org\\\/?s={search_term_string}\"},\"query-input\":{\"@type\":\"PropertyValueSpecification\",\"valueRequired\":true,\"valueName\":\"search_term_string\"}}],\"inLanguage\":\"es\"}]}<\/script>\n<!-- \/ Yoast SEO plugin. -->","yoast_head_json":{"title":"Donar alimentos - Harvesters","description":"Done alimentos o ay\u00fadenos a recolectar alimentos para ayudar a nuestra red a alimentar a familias, ni\u00f1os y personas mayores hambrientos de las regiones de Kansas City y Topeka.","robots":{"index":"index","follow":"follow","max-snippet":"max-snippet:-1","max-image-preview":"max-image-preview:large","max-video-preview":"max-video-preview:-1"},"canonical":"https:\/\/www.harvesters.org\/es\/como-ayudar\/donar-alimentos","og_locale":"es_ES","og_type":"article","og_title":"Donar alimentos - Harvesters","og_description":"Done alimentos o ay\u00fadenos a recolectar alimentos para ayudar a nuestra red a alimentar a familias, ni\u00f1os y personas mayores hambrientos de las regiones de Kansas City y Topeka.","og_url":"https:\/\/www.harvesters.org\/es\/como-ayudar\/donar-alimentos","og_site_name":"Harvesters","article_modified_time":"2025-02-12T21:18:46+00:00","og_image":[{"width":1000,"height":750,"url":"https:\/\/www.harvesters.org\/wp-content\/uploads\/2021\/08\/Give-Food-1.jpg","type":"image\/jpeg"}],"twitter_card":"summary_large_image","twitter_misc":{"Tiempo de lectura":"1 minuto"},"schema":{"@context":"https:\/\/schema.org","@graph":[{"@type":"WebPage","@id":"https:\/\/www.harvesters.org\/es\/como-ayudar\/donar-alimentos","url":"https:\/\/www.harvesters.org\/es\/como-ayudar\/donar-alimentos","name":"Donar alimentos - Harvesters","isPartOf":{"@id":"https:\/\/www.harvesters.org\/#website"},"primaryImageOfPage":{"@id":"https:\/\/www.harvesters.org\/es\/como-ayudar\/donar-alimentos#primaryimage"},"image":{"@id":"https:\/\/www.harvesters.org\/es\/como-ayudar\/donar-alimentos#primaryimage"},"thumbnailUrl":"http:\/\/www.harvesters.org\/wp-content\/uploads\/2021\/08\/Give-Food-1.jpg","datePublished":"2021-06-01T13:18:02+00:00","dateModified":"2025-02-12T21:18:46+00:00","description":"Done alimentos o ay\u00fadenos a recolectar alimentos para ayudar a nuestra red a alimentar a familias, ni\u00f1os y personas mayores hambrientos de las regiones de Kansas City y Topeka.","breadcrumb":{"@id":"https:\/\/www.harvesters.org\/es\/como-ayudar\/donar-alimentos#breadcrumb"},"inLanguage":"es","potentialAction":[{"@type":"ReadAction","target":["https:\/\/www.harvesters.org\/es\/como-ayudar\/donar-alimentos"]}]},{"@type":"ImageObject","inLanguage":"es","@id":"https:\/\/www.harvesters.org\/es\/como-ayudar\/donar-alimentos#primaryimage","url":"http:\/\/www.harvesters.org\/wp-content\/uploads\/2021\/08\/Give-Food-1.jpg","contentUrl":"http:\/\/www.harvesters.org\/wp-content\/uploads\/2021\/08\/Give-Food-1.jpg"},{"@type":"BreadcrumbList","@id":"https:\/\/www.harvesters.org\/es\/como-ayudar\/donar-alimentos#breadcrumb","itemListElement":[{"@type":"ListItem","position":1,"name":"Home","item":"https:\/\/www.harvesters.org\/es"},{"@type":"ListItem","position":2,"name":"C\u00f3mo ayudar","item":"https:\/\/www.harvesters.org\/es\/como-ayudar"},{"@type":"ListItem","position":3,"name":"Donar alimentos"}]},{"@type":"WebSite","@id":"https:\/\/www.harvesters.org\/#website","url":"https:\/\/www.harvesters.org\/","name":"Harvesters","description":"","potentialAction":[{"@type":"SearchAction","target":{"@type":"EntryPoint","urlTemplate":"https:\/\/www.harvesters.org\/?s={search_term_string}"},"query-input":{"@type":"PropertyValueSpecification","valueRequired":true,"valueName":"search_term_string"}}],"inLanguage":"es"}]}},"uagb_featured_image_src":{"full":false,"thumbnail":false,"medium":false,"medium_large":false,"large":false,"1536x1536":false,"2048x2048":false,"alm-thumbnail":false,"featured-16-9":false,"featured-4-3":false,"featured-4-3-full":false,"featured-16-9-full":false,"gform-image-choice-sm":false,"gform-image-choice-md":false,"gform-image-choice-lg":false},"uagb_author_info":{"display_name":"John Kuefler","author_link":"https:\/\/www.harvesters.org\/es\/author\/john-kuefleruxwest-com"},"uagb_comment_info":0,"uagb_excerpt":"Donar alimentos Cuando usted se colabora con Harvesters, los alimentos y fondos que colecciona ayudan a alimentar a familias, ni\u00f1os y personas mayores que enfrentan la inseguridad de comida en nuestra regi\u00f3n. Animamos a cualquier\u2026 More","_links":{"self":[{"href":"https:\/\/www.harvesters.org\/es\/wp-json\/wp\/v2\/pages\/9488","targetHints":{"allow":["GET"]}}],"collection":[{"href":"https:\/\/www.harvesters.org\/es\/wp-json\/wp\/v2\/pages"}],"about":[{"href":"https:\/\/www.harvesters.org\/es\/wp-json\/wp\/v2\/types\/page"}],"author":[{"embeddable":true,"href":"https:\/\/www.harvesters.org\/es\/wp-json\/wp\/v2\/users\/3"}],"replies":[{"embeddable":true,"href":"https:\/\/www.harvesters.org\/es\/wp-json\/wp\/v2\/comments?post=9488"}],"version-history":[{"count":22,"href":"https:\/\/www.harvesters.org\/es\/wp-json\/wp\/v2\/pages\/9488\/revisions"}],"predecessor-version":[{"id":13981,"href":"https:\/\/www.harvesters.org\/es\/wp-json\/wp\/v2\/pages\/9488\/revisions\/13981"}],"up":[{"embeddable":true,"href":"https:\/\/www.harvesters.org\/es\/wp-json\/wp\/v2\/pages\/9516"}],"wp:attachment":[{"href":"https:\/\/www.harvesters.org\/es\/wp-json\/wp\/v2\/media?parent=9488"}],"curies":[{"name":"wp","href":"https:\/\/api.w.org\/{rel}","templated":true}]}}