{"id":9482,"date":"2021-06-01T08:18:16","date_gmt":"2021-06-01T13:18:16","guid":{"rendered":"https:\/\/www.harvesters.org\/?page_id=9482"},"modified":"2025-01-14T10:47:14","modified_gmt":"2025-01-14T16:47:14","slug":"voluntariado","status":"publish","type":"page","link":"https:\/\/www.harvesters.org\/es\/como-ayudar\/voluntariado","title":{"rendered":"Voluntariado"},"content":{"rendered":"\n<div class=\"wp-block-columns is-layout-flex wp-container-core-columns-is-layout-9d6595d7 wp-block-columns-is-layout-flex\">\n<div class=\"wp-block-column is-layout-flow wp-block-column-is-layout-flow\">\n<figure class=\"wp-block-image size-full\"><img loading=\"lazy\" decoding=\"async\" width=\"2560\" height=\"1920\" src=\"http:\/\/www.harvesters.org\/wp-content\/uploads\/2024\/01\/IMG_6340-scaled.jpg\" alt=\"\" class=\"wp-image-10664\" srcset=\"https:\/\/www.harvesters.org\/wp-content\/uploads\/2024\/01\/IMG_6340-scaled.jpg 2560w, https:\/\/www.harvesters.org\/wp-content\/uploads\/2024\/01\/IMG_6340-300x225.jpg 300w, https:\/\/www.harvesters.org\/wp-content\/uploads\/2024\/01\/IMG_6340-1024x768.jpg 1024w, https:\/\/www.harvesters.org\/wp-content\/uploads\/2024\/01\/IMG_6340-768x576.jpg 768w, https:\/\/www.harvesters.org\/wp-content\/uploads\/2024\/01\/IMG_6340-1536x1152.jpg 1536w, https:\/\/www.harvesters.org\/wp-content\/uploads\/2024\/01\/IMG_6340-2048x1536.jpg 2048w, https:\/\/www.harvesters.org\/wp-content\/uploads\/2024\/01\/IMG_6340-383x287.jpg 383w, https:\/\/www.harvesters.org\/wp-content\/uploads\/2024\/01\/IMG_6340-950x712.jpg 950w\" sizes=\"auto, (max-width: 2560px) 100vw, 2560px\" \/><\/figure>\n<\/div>\n\n\n\n<div class=\"wp-block-column is-layout-flow wp-block-column-is-layout-flow\">\n<figure class=\"wp-block-image size-full\"><img loading=\"lazy\" decoding=\"async\" width=\"1000\" height=\"750\" src=\"http:\/\/www.harvesters.org\/wp-content\/uploads\/2024\/04\/Don-McClain.jpg\" alt=\"\" class=\"wp-image-11074\" srcset=\"https:\/\/www.harvesters.org\/wp-content\/uploads\/2024\/04\/Don-McClain.jpg 1000w, https:\/\/www.harvesters.org\/wp-content\/uploads\/2024\/04\/Don-McClain-300x225.jpg 300w, https:\/\/www.harvesters.org\/wp-content\/uploads\/2024\/04\/Don-McClain-768x576.jpg 768w, https:\/\/www.harvesters.org\/wp-content\/uploads\/2024\/04\/Don-McClain-383x287.jpg 383w, https:\/\/www.harvesters.org\/wp-content\/uploads\/2024\/04\/Don-McClain-950x712.jpg 950w\" sizes=\"auto, (max-width: 1000px) 100vw, 1000px\" \/><\/figure>\n<\/div>\n\n\n\n<div class=\"wp-block-column is-layout-flow wp-block-column-is-layout-flow\">\n<figure class=\"wp-block-image size-full\"><img loading=\"lazy\" decoding=\"async\" width=\"2016\" height=\"1512\" src=\"http:\/\/www.harvesters.org\/wp-content\/uploads\/2023\/12\/Selected-photo-4.jpg\" alt=\"\" class=\"wp-image-10479\" srcset=\"https:\/\/www.harvesters.org\/wp-content\/uploads\/2023\/12\/Selected-photo-4.jpg 2016w, https:\/\/www.harvesters.org\/wp-content\/uploads\/2023\/12\/Selected-photo-4-300x225.jpg 300w, https:\/\/www.harvesters.org\/wp-content\/uploads\/2023\/12\/Selected-photo-4-1024x768.jpg 1024w, https:\/\/www.harvesters.org\/wp-content\/uploads\/2023\/12\/Selected-photo-4-768x576.jpg 768w, https:\/\/www.harvesters.org\/wp-content\/uploads\/2023\/12\/Selected-photo-4-1536x1152.jpg 1536w, https:\/\/www.harvesters.org\/wp-content\/uploads\/2023\/12\/Selected-photo-4-383x287.jpg 383w, https:\/\/www.harvesters.org\/wp-content\/uploads\/2023\/12\/Selected-photo-4-950x712.jpg 950w\" sizes=\"auto, (max-width: 2016px) 100vw, 2016px\" \/><\/figure>\n<\/div>\n<\/div>\n\n\n\n<h1 class=\"wp-block-heading\">Voluntariado<\/h1>\n\n\n\n<p>Cuando usted se ofrece su tiempo, est\u00e1 contribuyendo directamente al sustento de sus vecinos. Desde la clasificaci\u00f3n de productos no perecederos en nuestros almacenes hasta el servicio de comidas y la distribuci\u00f3n de comestibles, tiene un impacto directo en el bienestar de nuestra comunidad con cada oportunidad de voluntariado. Gracias por compartir su tiempo y su talento.<\/p>\n\n\n\n<div style=\"height:20px\" aria-hidden=\"true\" class=\"wp-block-spacer\"><\/div>\n\n\n<div id=\"cards-block_917060ac30a6c1271dad14643337658e\" class=\"cards\">\r\n\r\n\r\n\r\n    <div class=\"impact w-full md:pb-12 pb-6 cards\">\r\n        <div class=\" flex-wrap flex flex-col justify-self-stretch items-center\">\r\n                        \r\n            <div class=\" flex flex-wrap justify-center items-stretch -mx-3\">\r\n                                                                 \r\n                                                                    <a href=\"http:\/\/www.harvesters.org\/how-to-help\/volunteer\/volunteer-opportunities\/\" target=\"\" class=\"w-56 h-56 p-3 flex items-stretch\">\r\n                                                <div class=\" blue w-full  pt-6 pb-3 px-4 rounded-md text-center flex flex-col items-center justify-self-stretch\">\r\n\r\n                                                                                    <div class=\"m-auto icon rounded-full\">\r\n                                <img decoding=\"async\" src=\"https:\/\/www.harvesters.org\/wp-content\/uploads\/2021\/06\/icon-volunteer-opportunities.png\" class=\"m-auto\" alt=\"\">\r\n                            <\/div>\r\n                            \r\n\r\n                            <h3 class=\" pt-3 w-full uppercase text-center mt-0 mb-1\">\r\n                                Oportunidades de voluntariado<\/h3>\r\n                                                    <\/div>\r\n                                        <\/a>\r\n                                                \r\n\r\n                                                 \r\n                                                                    <a href=\"https:\/\/www.harvesters.org\/how-to-help\/volunteer\/volunteer-opportunities?console_type=group\" target=\"\" class=\"w-56 h-56 p-3 flex items-stretch\">\r\n                                                <div class=\" red w-full  pt-6 pb-3 px-4 rounded-md text-center flex flex-col items-center justify-self-stretch\">\r\n\r\n                                                                                    <div class=\"m-auto icon rounded-full\">\r\n                                <img decoding=\"async\" src=\"https:\/\/www.harvesters.org\/wp-content\/uploads\/2023\/10\/SkillsBasedVolunteer.png\" class=\"m-auto\" alt=\"Skills Based Volunteer Opportunities\">\r\n                            <\/div>\r\n                            \r\n\r\n                            <h3 class=\" pt-3 w-full uppercase text-center mt-0 mb-1\">\r\n                                Oportunidades de Voluntariado para un Grupo<\/h3>\r\n                                                    <\/div>\r\n                                        <\/a>\r\n                                                \r\n\r\n                                                 \r\n                                                                    <a href=\"https:\/\/www.harvesters.org\/es\/como-ayudar\/voluntariado\/oportunidades-de-voluntariado-fuera-del-sitio\" target=\"\" class=\"w-56 h-56 p-3 flex items-stretch\">\r\n                                                <div class=\" yellow w-full  pt-6 pb-3 px-4 rounded-md text-center flex flex-col items-center justify-self-stretch\">\r\n\r\n                                                                                    <div class=\"m-auto icon rounded-full\">\r\n                                <img decoding=\"async\" src=\"https:\/\/www.harvesters.org\/wp-content\/uploads\/2021\/08\/Asset-1.png\" class=\"m-auto\" alt=\"\">\r\n                            <\/div>\r\n                            \r\n\r\n                            <h3 class=\" pt-3 w-full uppercase text-center mt-0 mb-1\">\r\n                                Oportunidades de Voluntariado Fuera del Sitio<\/h3>\r\n                                                    <\/div>\r\n                                        <\/a>\r\n                                                \r\n\r\n                                                 \r\n                                                                    <a href=\"http:\/\/www.harvesters.org\/how-to-help\/volunteer\/volunteer-guidelines\/\" target=\"\" class=\"w-56 h-56 p-3 flex items-stretch\">\r\n                                                <div class=\" green w-full  pt-6 pb-3 px-4 rounded-md text-center flex flex-col items-center justify-self-stretch\">\r\n\r\n                                                                                    <div class=\"m-auto icon rounded-full\">\r\n                                <img decoding=\"async\" src=\"https:\/\/www.harvesters.org\/wp-content\/uploads\/2021\/07\/Volunteer-Guidelines.png\" class=\"m-auto\" alt=\"\">\r\n                            <\/div>\r\n                            \r\n\r\n                            <h3 class=\" pt-3 w-full uppercase text-center mt-0 mb-1\">\r\n                                Directrices para voluntarios<\/h3>\r\n                                                    <\/div>\r\n                                        <\/a>\r\n                                                \r\n\r\n                                \r\n            <\/div>\r\n        <\/div>\r\n    <\/div>\r\n<\/div>\n\n<div id=\"cards-block_931719d9ca35450367eafb0868e29805\" class=\"cards\">\r\n\r\n\r\n\r\n    <div class=\"impact w-full md:pb-12 pb-6 cards\">\r\n        <div class=\" flex-wrap flex flex-col justify-self-stretch items-center\">\r\n                        \r\n            <div class=\" flex flex-wrap justify-center items-stretch -mx-3\">\r\n                                                                 \r\n                                                                    <a href=\"http:\/\/www.harvesters.org\/how-to-help\/volunteer\/community-service\/\" target=\"\" class=\"w-56 h-56 p-3 flex items-stretch\">\r\n                                                <div class=\" red w-full  pt-6 pb-3 px-4 rounded-md text-center flex flex-col items-center justify-self-stretch\">\r\n\r\n                                                                                    <div class=\"m-auto icon rounded-full\">\r\n                                <img decoding=\"async\" src=\"https:\/\/www.harvesters.org\/wp-content\/uploads\/2021\/06\/icon-community-service.png\" class=\"m-auto\" alt=\"\">\r\n                            <\/div>\r\n                            \r\n\r\n                            <h3 class=\" pt-3 w-full uppercase text-center mt-0 mb-1\">\r\n                                Horas de servicio comunitario<\/h3>\r\n                                                    <\/div>\r\n                                        <\/a>\r\n                                                \r\n\r\n                                                 \r\n                                                                    <a href=\"http:\/\/www.harvesters.org\/how-to-help\/volunteer\/become-an-ambassador\/\" target=\"\" class=\"w-56 h-56 p-3 flex items-stretch\">\r\n                                                <div class=\" yellow w-full  pt-6 pb-3 px-4 rounded-md text-center flex flex-col items-center justify-self-stretch\">\r\n\r\n                                                                                    <div class=\"m-auto icon rounded-full\">\r\n                                <img decoding=\"async\" src=\"https:\/\/www.harvesters.org\/wp-content\/uploads\/2021\/06\/icon-become-ambassador.png\" class=\"m-auto\" alt=\"\">\r\n                            <\/div>\r\n                            \r\n\r\n                            <h3 class=\" pt-3 w-full uppercase text-center mt-0 mb-1\">\r\n                                Convi\u00e9rtase en embajador<\/h3>\r\n                                                    <\/div>\r\n                                        <\/a>\r\n                                                \r\n\r\n                                \r\n            <\/div>\r\n        <\/div>\r\n    <\/div>\r\n<\/div>\n\n\n<div style=\"height:60px\" aria-hidden=\"true\" class=\"wp-block-spacer\"><\/div>\n","protected":false},"excerpt":{"rendered":"<p>Voluntariado Cuando usted se ofrece su tiempo, est\u00e1 contribuyendo directamente al sustento de sus vecinos. Desde la clasificaci\u00f3n de productos no perecederos en nuestros almacenes hasta el servicio de comidas y la distribuci\u00f3n de comestibles,\u2026 <a href=\"https:\/\/www.harvesters.org\/es\/como-ayudar\/voluntariado\" class=\"read-more\">More<\/a><\/p>\n","protected":false},"author":3,"featured_media":0,"parent":9516,"menu_order":2,"comment_status":"closed","ping_status":"closed","template":"","meta":{"_acf_changed":false,"inline_featured_image":false,"_uag_custom_page_level_css":"","footnotes":""},"class_list":["post-9482","page","type-page","status-publish","hentry"],"acf":[],"yoast_head":"<!-- This site is optimized with the Yoast SEO plugin v27.5 - https:\/\/yoast.com\/product\/yoast-seo-wordpress\/ -->\n<title>Voluntariado - Harvesters<\/title>\n<meta name=\"description\" content=\"Hay muchas oportunidades de voluntariado, desde clasificar productos no perecederos en nuestros almacenes hasta servir comidas y distribuir comestibles.\" \/>\n<meta name=\"robots\" content=\"index, follow, max-snippet:-1, max-image-preview:large, max-video-preview:-1\" \/>\n<link rel=\"canonical\" href=\"https:\/\/www.harvesters.org\/es\/como-ayudar\/voluntariado\" \/>\n<meta property=\"og:locale\" content=\"es_ES\" \/>\n<meta property=\"og:type\" content=\"article\" \/>\n<meta property=\"og:title\" content=\"Voluntariado - Harvesters\" \/>\n<meta property=\"og:description\" content=\"Hay muchas oportunidades de voluntariado, desde clasificar productos no perecederos en nuestros almacenes hasta servir comidas y distribuir comestibles.\" \/>\n<meta property=\"og:url\" content=\"https:\/\/www.harvesters.org\/es\/como-ayudar\/voluntariado\" \/>\n<meta property=\"og:site_name\" content=\"Harvesters\" \/>\n<meta property=\"article:modified_time\" content=\"2025-01-14T16:47:14+00:00\" \/>\n<meta property=\"og:image\" content=\"https:\/\/www.harvesters.org\/wp-content\/uploads\/2024\/01\/IMG_6340-scaled.jpg\" \/>\n\t<meta property=\"og:image:width\" content=\"2560\" \/>\n\t<meta property=\"og:image:height\" content=\"1920\" \/>\n\t<meta property=\"og:image:type\" content=\"image\/jpeg\" \/>\n<meta name=\"twitter:card\" content=\"summary_large_image\" \/>\n<meta name=\"twitter:label1\" content=\"Tiempo de lectura\" \/>\n\t<meta name=\"twitter:data1\" content=\"1 minuto\" \/>\n<script type=\"application\/ld+json\" class=\"yoast-schema-graph\">{\"@context\":\"https:\\\/\\\/schema.org\",\"@graph\":[{\"@type\":\"WebPage\",\"@id\":\"https:\\\/\\\/www.harvesters.org\\\/es\\\/como-ayudar\\\/voluntariado\",\"url\":\"https:\\\/\\\/www.harvesters.org\\\/es\\\/como-ayudar\\\/voluntariado\",\"name\":\"Voluntariado - Harvesters\",\"isPartOf\":{\"@id\":\"https:\\\/\\\/www.harvesters.org\\\/#website\"},\"primaryImageOfPage\":{\"@id\":\"https:\\\/\\\/www.harvesters.org\\\/es\\\/como-ayudar\\\/voluntariado#primaryimage\"},\"image\":{\"@id\":\"https:\\\/\\\/www.harvesters.org\\\/es\\\/como-ayudar\\\/voluntariado#primaryimage\"},\"thumbnailUrl\":\"http:\\\/\\\/www.harvesters.org\\\/wp-content\\\/uploads\\\/2024\\\/01\\\/IMG_6340-scaled.jpg\",\"datePublished\":\"2021-06-01T13:18:16+00:00\",\"dateModified\":\"2025-01-14T16:47:14+00:00\",\"description\":\"Hay muchas oportunidades de voluntariado, desde clasificar productos no perecederos en nuestros almacenes hasta servir comidas y distribuir comestibles.\",\"breadcrumb\":{\"@id\":\"https:\\\/\\\/www.harvesters.org\\\/es\\\/como-ayudar\\\/voluntariado#breadcrumb\"},\"inLanguage\":\"es\",\"potentialAction\":[{\"@type\":\"ReadAction\",\"target\":[\"https:\\\/\\\/www.harvesters.org\\\/es\\\/como-ayudar\\\/voluntariado\"]}]},{\"@type\":\"ImageObject\",\"inLanguage\":\"es\",\"@id\":\"https:\\\/\\\/www.harvesters.org\\\/es\\\/como-ayudar\\\/voluntariado#primaryimage\",\"url\":\"http:\\\/\\\/www.harvesters.org\\\/wp-content\\\/uploads\\\/2024\\\/01\\\/IMG_6340-scaled.jpg\",\"contentUrl\":\"http:\\\/\\\/www.harvesters.org\\\/wp-content\\\/uploads\\\/2024\\\/01\\\/IMG_6340-scaled.jpg\"},{\"@type\":\"BreadcrumbList\",\"@id\":\"https:\\\/\\\/www.harvesters.org\\\/es\\\/como-ayudar\\\/voluntariado#breadcrumb\",\"itemListElement\":[{\"@type\":\"ListItem\",\"position\":1,\"name\":\"Home\",\"item\":\"https:\\\/\\\/www.harvesters.org\\\/es\"},{\"@type\":\"ListItem\",\"position\":2,\"name\":\"C\u00f3mo ayudar\",\"item\":\"https:\\\/\\\/www.harvesters.org\\\/es\\\/como-ayudar\"},{\"@type\":\"ListItem\",\"position\":3,\"name\":\"Voluntariado\"}]},{\"@type\":\"WebSite\",\"@id\":\"https:\\\/\\\/www.harvesters.org\\\/#website\",\"url\":\"https:\\\/\\\/www.harvesters.org\\\/\",\"name\":\"Harvesters\",\"description\":\"\",\"potentialAction\":[{\"@type\":\"SearchAction\",\"target\":{\"@type\":\"EntryPoint\",\"urlTemplate\":\"https:\\\/\\\/www.harvesters.org\\\/?s={search_term_string}\"},\"query-input\":{\"@type\":\"PropertyValueSpecification\",\"valueRequired\":true,\"valueName\":\"search_term_string\"}}],\"inLanguage\":\"es\"}]}<\/script>\n<!-- \/ Yoast SEO plugin. -->","yoast_head_json":{"title":"Voluntariado - Harvesters","description":"Hay muchas oportunidades de voluntariado, desde clasificar productos no perecederos en nuestros almacenes hasta servir comidas y distribuir comestibles.","robots":{"index":"index","follow":"follow","max-snippet":"max-snippet:-1","max-image-preview":"max-image-preview:large","max-video-preview":"max-video-preview:-1"},"canonical":"https:\/\/www.harvesters.org\/es\/como-ayudar\/voluntariado","og_locale":"es_ES","og_type":"article","og_title":"Voluntariado - Harvesters","og_description":"Hay muchas oportunidades de voluntariado, desde clasificar productos no perecederos en nuestros almacenes hasta servir comidas y distribuir comestibles.","og_url":"https:\/\/www.harvesters.org\/es\/como-ayudar\/voluntariado","og_site_name":"Harvesters","article_modified_time":"2025-01-14T16:47:14+00:00","og_image":[{"width":2560,"height":1920,"url":"https:\/\/www.harvesters.org\/wp-content\/uploads\/2024\/01\/IMG_6340-scaled.jpg","type":"image\/jpeg"}],"twitter_card":"summary_large_image","twitter_misc":{"Tiempo de lectura":"1 minuto"},"schema":{"@context":"https:\/\/schema.org","@graph":[{"@type":"WebPage","@id":"https:\/\/www.harvesters.org\/es\/como-ayudar\/voluntariado","url":"https:\/\/www.harvesters.org\/es\/como-ayudar\/voluntariado","name":"Voluntariado - Harvesters","isPartOf":{"@id":"https:\/\/www.harvesters.org\/#website"},"primaryImageOfPage":{"@id":"https:\/\/www.harvesters.org\/es\/como-ayudar\/voluntariado#primaryimage"},"image":{"@id":"https:\/\/www.harvesters.org\/es\/como-ayudar\/voluntariado#primaryimage"},"thumbnailUrl":"http:\/\/www.harvesters.org\/wp-content\/uploads\/2024\/01\/IMG_6340-scaled.jpg","datePublished":"2021-06-01T13:18:16+00:00","dateModified":"2025-01-14T16:47:14+00:00","description":"Hay muchas oportunidades de voluntariado, desde clasificar productos no perecederos en nuestros almacenes hasta servir comidas y distribuir comestibles.","breadcrumb":{"@id":"https:\/\/www.harvesters.org\/es\/como-ayudar\/voluntariado#breadcrumb"},"inLanguage":"es","potentialAction":[{"@type":"ReadAction","target":["https:\/\/www.harvesters.org\/es\/como-ayudar\/voluntariado"]}]},{"@type":"ImageObject","inLanguage":"es","@id":"https:\/\/www.harvesters.org\/es\/como-ayudar\/voluntariado#primaryimage","url":"http:\/\/www.harvesters.org\/wp-content\/uploads\/2024\/01\/IMG_6340-scaled.jpg","contentUrl":"http:\/\/www.harvesters.org\/wp-content\/uploads\/2024\/01\/IMG_6340-scaled.jpg"},{"@type":"BreadcrumbList","@id":"https:\/\/www.harvesters.org\/es\/como-ayudar\/voluntariado#breadcrumb","itemListElement":[{"@type":"ListItem","position":1,"name":"Home","item":"https:\/\/www.harvesters.org\/es"},{"@type":"ListItem","position":2,"name":"C\u00f3mo ayudar","item":"https:\/\/www.harvesters.org\/es\/como-ayudar"},{"@type":"ListItem","position":3,"name":"Voluntariado"}]},{"@type":"WebSite","@id":"https:\/\/www.harvesters.org\/#website","url":"https:\/\/www.harvesters.org\/","name":"Harvesters","description":"","potentialAction":[{"@type":"SearchAction","target":{"@type":"EntryPoint","urlTemplate":"https:\/\/www.harvesters.org\/?s={search_term_string}"},"query-input":{"@type":"PropertyValueSpecification","valueRequired":true,"valueName":"search_term_string"}}],"inLanguage":"es"}]}},"uagb_featured_image_src":{"full":false,"thumbnail":false,"medium":false,"medium_large":false,"large":false,"1536x1536":false,"2048x2048":false,"alm-thumbnail":false,"featured-16-9":false,"featured-4-3":false,"featured-4-3-full":false,"featured-16-9-full":false,"gform-image-choice-sm":false,"gform-image-choice-md":false,"gform-image-choice-lg":false},"uagb_author_info":{"display_name":"John Kuefler","author_link":"https:\/\/www.harvesters.org\/es\/author\/john-kuefleruxwest-com"},"uagb_comment_info":0,"uagb_excerpt":"Voluntariado Cuando usted se ofrece su tiempo, est\u00e1 contribuyendo directamente al sustento de sus vecinos. Desde la clasificaci\u00f3n de productos no perecederos en nuestros almacenes hasta el servicio de comidas y la distribuci\u00f3n de comestibles,\u2026 More","_links":{"self":[{"href":"https:\/\/www.harvesters.org\/es\/wp-json\/wp\/v2\/pages\/9482","targetHints":{"allow":["GET"]}}],"collection":[{"href":"https:\/\/www.harvesters.org\/es\/wp-json\/wp\/v2\/pages"}],"about":[{"href":"https:\/\/www.harvesters.org\/es\/wp-json\/wp\/v2\/types\/page"}],"author":[{"embeddable":true,"href":"https:\/\/www.harvesters.org\/es\/wp-json\/wp\/v2\/users\/3"}],"replies":[{"embeddable":true,"href":"https:\/\/www.harvesters.org\/es\/wp-json\/wp\/v2\/comments?post=9482"}],"version-history":[{"count":34,"href":"https:\/\/www.harvesters.org\/es\/wp-json\/wp\/v2\/pages\/9482\/revisions"}],"predecessor-version":[{"id":13727,"href":"https:\/\/www.harvesters.org\/es\/wp-json\/wp\/v2\/pages\/9482\/revisions\/13727"}],"up":[{"embeddable":true,"href":"https:\/\/www.harvesters.org\/es\/wp-json\/wp\/v2\/pages\/9516"}],"wp:attachment":[{"href":"https:\/\/www.harvesters.org\/es\/wp-json\/wp\/v2\/media?parent=9482"}],"curies":[{"name":"wp","href":"https:\/\/api.w.org\/{rel}","templated":true}]}}