{"id":9474,"date":"2021-05-11T12:23:20","date_gmt":"2021-05-11T17:23:20","guid":{"rendered":"https:\/\/www.harvesters.org\/?page_id=9474"},"modified":"2025-01-14T11:57:06","modified_gmt":"2025-01-14T17:57:06","slug":"aprender-sobre-el-hambre","status":"publish","type":"page","link":"https:\/\/www.harvesters.org\/es\/aprender-sobre-el-hambre","title":{"rendered":"Aprender sobre el hambre"},"content":{"rendered":"\n<div class=\"wp-block-columns is-layout-flex wp-container-core-columns-is-layout-9d6595d7 wp-block-columns-is-layout-flex\">\n<div class=\"wp-block-column is-layout-flow wp-block-column-is-layout-flow\">\n<figure class=\"wp-block-image size-full\"><img loading=\"lazy\" decoding=\"async\" width=\"950\" height=\"712\" src=\"https:\/\/www.harvesters.org\/wp-content\/uploads\/2024\/04\/Mario-and-Zoila-Espinoza-950x712-1.jpg\" alt=\"\" class=\"wp-image-11132\" srcset=\"https:\/\/www.harvesters.org\/wp-content\/uploads\/2024\/04\/Mario-and-Zoila-Espinoza-950x712-1.jpg 950w, https:\/\/www.harvesters.org\/wp-content\/uploads\/2024\/04\/Mario-and-Zoila-Espinoza-950x712-1-300x225.jpg 300w, https:\/\/www.harvesters.org\/wp-content\/uploads\/2024\/04\/Mario-and-Zoila-Espinoza-950x712-1-768x576.jpg 768w, https:\/\/www.harvesters.org\/wp-content\/uploads\/2024\/04\/Mario-and-Zoila-Espinoza-950x712-1-383x287.jpg 383w\" sizes=\"auto, (max-width: 950px) 100vw, 950px\" \/><\/figure>\n<\/div>\n\n\n\n<div class=\"wp-block-column is-layout-flow wp-block-column-is-layout-flow\">\n<figure class=\"wp-block-image size-full\"><img loading=\"lazy\" decoding=\"async\" width=\"1000\" height=\"750\" src=\"http:\/\/www.harvesters.org\/wp-content\/uploads\/2021\/08\/LAH2.jpg\" alt=\"Grupo preparando comida para el Desaf\u00edo de Almuerzo\" class=\"wp-image-3863\" srcset=\"https:\/\/www.harvesters.org\/wp-content\/uploads\/2021\/08\/LAH2.jpg 1000w, https:\/\/www.harvesters.org\/wp-content\/uploads\/2021\/08\/LAH2-300x225.jpg 300w, https:\/\/www.harvesters.org\/wp-content\/uploads\/2021\/08\/LAH2-768x576.jpg 768w, https:\/\/www.harvesters.org\/wp-content\/uploads\/2021\/08\/LAH2-383x287.jpg 383w, https:\/\/www.harvesters.org\/wp-content\/uploads\/2021\/08\/LAH2-950x712.jpg 950w\" sizes=\"auto, (max-width: 1000px) 100vw, 1000px\" \/><\/figure>\n<\/div>\n\n\n\n<div class=\"wp-block-column is-layout-flow wp-block-column-is-layout-flow\">\n<figure class=\"wp-block-image size-full\"><img loading=\"lazy\" decoding=\"async\" width=\"1000\" height=\"750\" src=\"http:\/\/www.harvesters.org\/wp-content\/uploads\/2021\/08\/LAH3.jpg\" alt=\"Mesa informativa sobre Harvesters\" class=\"wp-image-3864\" srcset=\"https:\/\/www.harvesters.org\/wp-content\/uploads\/2021\/08\/LAH3.jpg 1000w, https:\/\/www.harvesters.org\/wp-content\/uploads\/2021\/08\/LAH3-300x225.jpg 300w, https:\/\/www.harvesters.org\/wp-content\/uploads\/2021\/08\/LAH3-768x576.jpg 768w, https:\/\/www.harvesters.org\/wp-content\/uploads\/2021\/08\/LAH3-383x287.jpg 383w, https:\/\/www.harvesters.org\/wp-content\/uploads\/2021\/08\/LAH3-950x712.jpg 950w\" sizes=\"auto, (max-width: 1000px) 100vw, 1000px\" \/><\/figure>\n<\/div>\n\n\n\n<div class=\"wp-block-column is-layout-flow wp-block-column-is-layout-flow\">\n<figure class=\"wp-block-image size-full\"><img loading=\"lazy\" decoding=\"async\" width=\"394\" height=\"293\" src=\"https:\/\/www.harvesters.org\/wp-content\/uploads\/2024\/04\/Mobile-Distribution.jpg\" alt=\"\" class=\"wp-image-11128\" style=\"object-fit:cover\" srcset=\"https:\/\/www.harvesters.org\/wp-content\/uploads\/2024\/04\/Mobile-Distribution.jpg 394w, https:\/\/www.harvesters.org\/wp-content\/uploads\/2024\/04\/Mobile-Distribution-300x223.jpg 300w\" sizes=\"auto, (max-width: 394px) 100vw, 394px\" \/><\/figure>\n<\/div>\n<\/div>\n\n\n\n<h1 class=\"wp-block-heading\">Aprender sobre el hambre<\/h1>\n\n\n\n<p>Puede resultar dif\u00edcil de creer que en un pa\u00eds con tantos recursos, la inseguridad alimentaria est\u00e9 tan extendida. El hambre existe en cada comunidad en los EE.UU. El hambre nos perjudica a todos. Perjudica a las personas y familias. Debilita a las comunidades al amenazar la capacidad de las personas para alcanzar su potencial y contribuir plenamente. Creemos que abordar el problema del hambre requiere un entendimiento profundo del problema.<\/p>\n\n\n\n<div style=\"height:20px\" aria-hidden=\"true\" class=\"wp-block-spacer\"><\/div>\n\n\n<div id=\"cards-block_40a3ce942534216205f002d7e63ed12f\" class=\"cards\">\r\n\r\n\r\n\r\n    <div class=\"impact w-full md:pb-12 pb-6 cards\">\r\n        <div class=\" flex-wrap flex flex-col justify-self-stretch items-center\">\r\n                        \r\n            <div class=\" flex flex-wrap justify-center items-stretch -mx-3\">\r\n                                                                 \r\n                                                                    <a href=\"https:\/\/www.harvesters.org\/es\/aprender-sobre-el-hambre\/hambre-en-nuestra-region\" target=\"\" class=\"w-56 h-56 p-3 flex items-stretch\">\r\n                                                <div class=\" green w-full  pt-6 pb-3 px-4 rounded-md text-center flex flex-col items-center justify-self-stretch\">\r\n\r\n                                                                                    <div class=\"m-auto icon rounded-full\">\r\n                                <img decoding=\"async\" src=\"https:\/\/www.harvesters.org\/wp-content\/uploads\/2021\/07\/Hunger-In-our-Region.png\" class=\"m-auto\" alt=\"\">\r\n                            <\/div>\r\n                            \r\n\r\n                            <h3 class=\" pt-3 w-full uppercase text-center mt-0 mb-1\">\r\n                                Hambre en nuestra regi\u00f3n<\/h3>\r\n                                                    <\/div>\r\n                                        <\/a>\r\n                                                \r\n\r\n                                                 \r\n                                                                    <a href=\"https:\/\/www.harvesters.org\/es?page_id=9352\" target=\"\" class=\"w-56 h-56 p-3 flex items-stretch\">\r\n                                                <div class=\" red w-full  pt-6 pb-3 px-4 rounded-md text-center flex flex-col items-center justify-self-stretch\">\r\n\r\n                                                                                    <div class=\"m-auto icon rounded-full\">\r\n                                <img decoding=\"async\" src=\"https:\/\/www.harvesters.org\/wp-content\/uploads\/2021\/07\/Request-a-Speaker.png\" class=\"m-auto\" alt=\"\">\r\n                            <\/div>\r\n                            \r\n\r\n                            <h3 class=\" pt-3 w-full uppercase text-center mt-0 mb-1\">\r\n                                Solicitar un Orador<\/h3>\r\n                                                    <\/div>\r\n                                        <\/a>\r\n                                                \r\n\r\n                                                 \r\n                                                                    <a href=\"https:\/\/www.harvesters.org\/es\/aprender-sobre-el-hambre\/recursos-educativos\" target=\"\" class=\"w-56 h-56 p-3 flex items-stretch\">\r\n                                                <div class=\" blue w-full  pt-6 pb-3 px-4 rounded-md text-center flex flex-col items-center justify-self-stretch\">\r\n\r\n                                                                                    <div class=\"m-auto icon rounded-full\">\r\n                                <img decoding=\"async\" src=\"https:\/\/www.harvesters.org\/wp-content\/uploads\/2021\/07\/Education-Resources.png\" class=\"m-auto\" alt=\"\">\r\n                            <\/div>\r\n                            \r\n\r\n                            <h3 class=\" pt-3 w-full uppercase text-center mt-0 mb-1\">\r\n                                Recursos Educativos<\/h3>\r\n                                                    <\/div>\r\n                                        <\/a>\r\n                                                \r\n\r\n                                \r\n            <\/div>\r\n        <\/div>\r\n    <\/div>\r\n<\/div>\n\n\n<div style=\"height:60px\" aria-hidden=\"true\" class=\"wp-block-spacer\"><\/div>\n","protected":false},"excerpt":{"rendered":"<p>Aprender sobre el hambre Puede resultar dif\u00edcil de creer que en un pa\u00eds con tantos recursos, la inseguridad alimentaria est\u00e9 tan extendida. El hambre existe en cada comunidad en los EE.UU. El hambre nos perjudica\u2026 <a href=\"https:\/\/www.harvesters.org\/es\/aprender-sobre-el-hambre\" class=\"read-more\">More<\/a><\/p>\n","protected":false},"author":3,"featured_media":0,"parent":0,"menu_order":0,"comment_status":"closed","ping_status":"closed","template":"","meta":{"_acf_changed":false,"inline_featured_image":false,"_uag_custom_page_level_css":"","footnotes":""},"class_list":["post-9474","page","type-page","status-publish","hentry"],"acf":[],"yoast_head":"<!-- This site is optimized with the Yoast SEO plugin v27.5 - https:\/\/yoast.com\/product\/yoast-seo-wordpress\/ -->\n<title>Aprender sobre el hambre - Harvesters<\/title>\n<meta name=\"description\" content=\"En Harvesters, creemos que abordar el problema del hambre requiere un entendimiento profundo del problema. Aprender m\u00e1s aqu\u00ed.\" \/>\n<meta name=\"robots\" content=\"index, follow, max-snippet:-1, max-image-preview:large, max-video-preview:-1\" \/>\n<link rel=\"canonical\" href=\"https:\/\/www.harvesters.org\/es\/aprender-sobre-el-hambre\" \/>\n<meta property=\"og:locale\" content=\"es_ES\" \/>\n<meta property=\"og:type\" content=\"article\" \/>\n<meta property=\"og:title\" content=\"Aprender sobre el hambre - Harvesters\" \/>\n<meta property=\"og:description\" content=\"En Harvesters, creemos que abordar el problema del hambre requiere un entendimiento profundo del problema. Aprender m\u00e1s aqu\u00ed.\" \/>\n<meta property=\"og:url\" content=\"https:\/\/www.harvesters.org\/es\/aprender-sobre-el-hambre\" \/>\n<meta property=\"og:site_name\" content=\"Harvesters\" \/>\n<meta property=\"article:modified_time\" content=\"2025-01-14T17:57:06+00:00\" \/>\n<meta property=\"og:image\" content=\"https:\/\/www.harvesters.org\/wp-content\/uploads\/2024\/04\/Mario-and-Zoila-Espinoza-950x712-1.jpg\" \/>\n\t<meta property=\"og:image:width\" content=\"950\" \/>\n\t<meta property=\"og:image:height\" content=\"712\" \/>\n\t<meta property=\"og:image:type\" content=\"image\/jpeg\" \/>\n<meta name=\"twitter:card\" content=\"summary_large_image\" \/>\n<meta name=\"twitter:label1\" content=\"Tiempo de lectura\" \/>\n\t<meta name=\"twitter:data1\" content=\"2 minutos\" \/>\n<script type=\"application\/ld+json\" class=\"yoast-schema-graph\">{\"@context\":\"https:\\\/\\\/schema.org\",\"@graph\":[{\"@type\":\"WebPage\",\"@id\":\"https:\\\/\\\/www.harvesters.org\\\/es\\\/aprender-sobre-el-hambre\",\"url\":\"https:\\\/\\\/www.harvesters.org\\\/es\\\/aprender-sobre-el-hambre\",\"name\":\"Aprender sobre el hambre - Harvesters\",\"isPartOf\":{\"@id\":\"https:\\\/\\\/www.harvesters.org\\\/#website\"},\"primaryImageOfPage\":{\"@id\":\"https:\\\/\\\/www.harvesters.org\\\/es\\\/aprender-sobre-el-hambre#primaryimage\"},\"image\":{\"@id\":\"https:\\\/\\\/www.harvesters.org\\\/es\\\/aprender-sobre-el-hambre#primaryimage\"},\"thumbnailUrl\":\"https:\\\/\\\/www.harvesters.org\\\/wp-content\\\/uploads\\\/2024\\\/04\\\/Mario-and-Zoila-Espinoza-950x712-1.jpg\",\"datePublished\":\"2021-05-11T17:23:20+00:00\",\"dateModified\":\"2025-01-14T17:57:06+00:00\",\"description\":\"En Harvesters, creemos que abordar el problema del hambre requiere un entendimiento profundo del problema. Aprender m\u00e1s aqu\u00ed.\",\"breadcrumb\":{\"@id\":\"https:\\\/\\\/www.harvesters.org\\\/es\\\/aprender-sobre-el-hambre#breadcrumb\"},\"inLanguage\":\"es\",\"potentialAction\":[{\"@type\":\"ReadAction\",\"target\":[\"https:\\\/\\\/www.harvesters.org\\\/es\\\/aprender-sobre-el-hambre\"]}]},{\"@type\":\"ImageObject\",\"inLanguage\":\"es\",\"@id\":\"https:\\\/\\\/www.harvesters.org\\\/es\\\/aprender-sobre-el-hambre#primaryimage\",\"url\":\"https:\\\/\\\/www.harvesters.org\\\/wp-content\\\/uploads\\\/2024\\\/04\\\/Mario-and-Zoila-Espinoza-950x712-1.jpg\",\"contentUrl\":\"https:\\\/\\\/www.harvesters.org\\\/wp-content\\\/uploads\\\/2024\\\/04\\\/Mario-and-Zoila-Espinoza-950x712-1.jpg\"},{\"@type\":\"BreadcrumbList\",\"@id\":\"https:\\\/\\\/www.harvesters.org\\\/es\\\/aprender-sobre-el-hambre#breadcrumb\",\"itemListElement\":[{\"@type\":\"ListItem\",\"position\":1,\"name\":\"Home\",\"item\":\"https:\\\/\\\/www.harvesters.org\\\/es\"},{\"@type\":\"ListItem\",\"position\":2,\"name\":\"Aprender sobre el hambre\"}]},{\"@type\":\"WebSite\",\"@id\":\"https:\\\/\\\/www.harvesters.org\\\/#website\",\"url\":\"https:\\\/\\\/www.harvesters.org\\\/\",\"name\":\"Harvesters\",\"description\":\"\",\"potentialAction\":[{\"@type\":\"SearchAction\",\"target\":{\"@type\":\"EntryPoint\",\"urlTemplate\":\"https:\\\/\\\/www.harvesters.org\\\/?s={search_term_string}\"},\"query-input\":{\"@type\":\"PropertyValueSpecification\",\"valueRequired\":true,\"valueName\":\"search_term_string\"}}],\"inLanguage\":\"es\"}]}<\/script>\n<!-- \/ Yoast SEO plugin. -->","yoast_head_json":{"title":"Aprender sobre el hambre - Harvesters","description":"En Harvesters, creemos que abordar el problema del hambre requiere un entendimiento profundo del problema. Aprender m\u00e1s aqu\u00ed.","robots":{"index":"index","follow":"follow","max-snippet":"max-snippet:-1","max-image-preview":"max-image-preview:large","max-video-preview":"max-video-preview:-1"},"canonical":"https:\/\/www.harvesters.org\/es\/aprender-sobre-el-hambre","og_locale":"es_ES","og_type":"article","og_title":"Aprender sobre el hambre - Harvesters","og_description":"En Harvesters, creemos que abordar el problema del hambre requiere un entendimiento profundo del problema. Aprender m\u00e1s aqu\u00ed.","og_url":"https:\/\/www.harvesters.org\/es\/aprender-sobre-el-hambre","og_site_name":"Harvesters","article_modified_time":"2025-01-14T17:57:06+00:00","og_image":[{"width":950,"height":712,"url":"https:\/\/www.harvesters.org\/wp-content\/uploads\/2024\/04\/Mario-and-Zoila-Espinoza-950x712-1.jpg","type":"image\/jpeg"}],"twitter_card":"summary_large_image","twitter_misc":{"Tiempo de lectura":"2 minutos"},"schema":{"@context":"https:\/\/schema.org","@graph":[{"@type":"WebPage","@id":"https:\/\/www.harvesters.org\/es\/aprender-sobre-el-hambre","url":"https:\/\/www.harvesters.org\/es\/aprender-sobre-el-hambre","name":"Aprender sobre el hambre - Harvesters","isPartOf":{"@id":"https:\/\/www.harvesters.org\/#website"},"primaryImageOfPage":{"@id":"https:\/\/www.harvesters.org\/es\/aprender-sobre-el-hambre#primaryimage"},"image":{"@id":"https:\/\/www.harvesters.org\/es\/aprender-sobre-el-hambre#primaryimage"},"thumbnailUrl":"https:\/\/www.harvesters.org\/wp-content\/uploads\/2024\/04\/Mario-and-Zoila-Espinoza-950x712-1.jpg","datePublished":"2021-05-11T17:23:20+00:00","dateModified":"2025-01-14T17:57:06+00:00","description":"En Harvesters, creemos que abordar el problema del hambre requiere un entendimiento profundo del problema. Aprender m\u00e1s aqu\u00ed.","breadcrumb":{"@id":"https:\/\/www.harvesters.org\/es\/aprender-sobre-el-hambre#breadcrumb"},"inLanguage":"es","potentialAction":[{"@type":"ReadAction","target":["https:\/\/www.harvesters.org\/es\/aprender-sobre-el-hambre"]}]},{"@type":"ImageObject","inLanguage":"es","@id":"https:\/\/www.harvesters.org\/es\/aprender-sobre-el-hambre#primaryimage","url":"https:\/\/www.harvesters.org\/wp-content\/uploads\/2024\/04\/Mario-and-Zoila-Espinoza-950x712-1.jpg","contentUrl":"https:\/\/www.harvesters.org\/wp-content\/uploads\/2024\/04\/Mario-and-Zoila-Espinoza-950x712-1.jpg"},{"@type":"BreadcrumbList","@id":"https:\/\/www.harvesters.org\/es\/aprender-sobre-el-hambre#breadcrumb","itemListElement":[{"@type":"ListItem","position":1,"name":"Home","item":"https:\/\/www.harvesters.org\/es"},{"@type":"ListItem","position":2,"name":"Aprender sobre el hambre"}]},{"@type":"WebSite","@id":"https:\/\/www.harvesters.org\/#website","url":"https:\/\/www.harvesters.org\/","name":"Harvesters","description":"","potentialAction":[{"@type":"SearchAction","target":{"@type":"EntryPoint","urlTemplate":"https:\/\/www.harvesters.org\/?s={search_term_string}"},"query-input":{"@type":"PropertyValueSpecification","valueRequired":true,"valueName":"search_term_string"}}],"inLanguage":"es"}]}},"uagb_featured_image_src":{"full":false,"thumbnail":false,"medium":false,"medium_large":false,"large":false,"1536x1536":false,"2048x2048":false,"alm-thumbnail":false,"featured-16-9":false,"featured-4-3":false,"featured-4-3-full":false,"featured-16-9-full":false,"gform-image-choice-sm":false,"gform-image-choice-md":false,"gform-image-choice-lg":false},"uagb_author_info":{"display_name":"John Kuefler","author_link":"https:\/\/www.harvesters.org\/es\/author\/john-kuefleruxwest-com"},"uagb_comment_info":0,"uagb_excerpt":"Aprender sobre el hambre Puede resultar dif\u00edcil de creer que en un pa\u00eds con tantos recursos, la inseguridad alimentaria est\u00e9 tan extendida. El hambre existe en cada comunidad en los EE.UU. El hambre nos perjudica\u2026 More","_links":{"self":[{"href":"https:\/\/www.harvesters.org\/es\/wp-json\/wp\/v2\/pages\/9474","targetHints":{"allow":["GET"]}}],"collection":[{"href":"https:\/\/www.harvesters.org\/es\/wp-json\/wp\/v2\/pages"}],"about":[{"href":"https:\/\/www.harvesters.org\/es\/wp-json\/wp\/v2\/types\/page"}],"author":[{"embeddable":true,"href":"https:\/\/www.harvesters.org\/es\/wp-json\/wp\/v2\/users\/3"}],"replies":[{"embeddable":true,"href":"https:\/\/www.harvesters.org\/es\/wp-json\/wp\/v2\/comments?post=9474"}],"version-history":[{"count":18,"href":"https:\/\/www.harvesters.org\/es\/wp-json\/wp\/v2\/pages\/9474\/revisions"}],"predecessor-version":[{"id":13734,"href":"https:\/\/www.harvesters.org\/es\/wp-json\/wp\/v2\/pages\/9474\/revisions\/13734"}],"wp:attachment":[{"href":"https:\/\/www.harvesters.org\/es\/wp-json\/wp\/v2\/media?parent=9474"}],"curies":[{"name":"wp","href":"https:\/\/api.w.org\/{rel}","templated":true}]}}