{"id":9473,"date":"2021-06-01T08:21:38","date_gmt":"2021-06-01T13:21:38","guid":{"rendered":"https:\/\/www.harvesters.org\/?page_id=9473"},"modified":"2024-03-19T14:26:24","modified_gmt":"2024-03-19T19:26:24","slug":"carreras","status":"publish","type":"page","link":"https:\/\/www.harvesters.org\/es\/sobre-harvesters\/carreras","title":{"rendered":"Carreras"},"content":{"rendered":"\n<div class=\"wp-block-columns is-layout-flex wp-container-core-columns-is-layout-9d6595d7 wp-block-columns-is-layout-flex\">\n<div class=\"wp-block-column is-layout-flow wp-block-column-is-layout-flow\"><\/div>\n<\/div>\n\n<p>Harvesters adopta una filosof\u00eda que reconoce y valora la diversidad. Nuestros valores fundamentales destacan las caracter\u00edsticas que buscamos en los miembros del personal. En Harvesters, valoramos a los empleados que se gu\u00edan por una misi\u00f3n, aceptan la responsabilidad personal, empoderan a sus compa\u00f1eros, valoran el trabajo en equipo, son innovadores, muestran confianza y respeto, contribuyen a un ambiente de trabajo de calidad y son comunicadores abiertos.<\/p>\n\n<p>Vea a continuaci\u00f3n nuestras oportunidades de empleo actuales. \u00bfTiene problemas para ver los anuncios incrustados? <a href=\"https:\/\/workforcenow.adp.com\/mascsr\/default\/mdf\/recruitment\/recruitment.html?cid=8c9c90fc-1b48-4689-8265-05f22e43bb7d&amp;ccId=19000101_000001&amp;type=JS&amp;lang=en_US&amp;selectedMenuKey=CurrentOpenings\" target=\"_blank\" rel=\"noreferrer noopener\">Haga clic aqu\u00ed para ver todos los anuncios en un navegador nuevo<\/a>.<\/p>\n\n<p>\u00bfTiene preguntas sobre la solicitud? \u00a1Nos encantar\u00eda seguir hablando con usted! Env\u00ede un correo electr\u00f3nico a la Gerente de Recursos Humanos, Portia Sowers, a <a href=\"mailto:psowers@harvesters.org\" target=\"_blank\" rel=\"noreferrer noopener\">psowers@harvesters.org.<\/a><\/p>\n\n<br\/>\n<object data=\"https:\/\/workforcenow.adp.com\/mascsr\/default\/mdf\/recruitment\/recruitment.html?cid=8c9c90fc-1b48-4689-8265-05f22e43bb7d&#038;ccId=19000101_000001&#038;type=JS&#038;lang=en_US&#038;selectedMenuKey=CurrentOpenings\" type=\"text\/html\" width=\"1240px\" height=\"500px\"><\/object> <p><\/p>\n\n<p> <\/p>\n\n<h3 class=\"wp-block-heading\">Un poco sobre Harvesters<\/h3>\n\n<p>Nuestro objetivo es atraer, desarrollar, retener y promover una fuerza de trabajo diversa y con talento adoptando una cultura en la que todos los empleados contribuyan al m\u00e1ximo de su potencial. Harvesters ofrece a sus empleados un excelente ambiente de trabajo y un completo paquete de beneficios. <\/p>\n\n<div style=\"height:20px\" aria-hidden=\"true\" class=\"wp-block-spacer\"><\/div>\n\n<div style=\"height:10px\" aria-hidden=\"true\" class=\"wp-block-spacer\"><\/div>\n\n<div class=\"wp-block-columns is-layout-flex wp-container-core-columns-is-layout-9d6595d7 wp-block-columns-is-layout-flex\">\n<div class=\"wp-block-column is-layout-flow wp-block-column-is-layout-flow\">\n<figure class=\"wp-block-embed is-type-video is-provider-youtube wp-block-embed-youtube wp-embed-aspect-16-9 wp-has-aspect-ratio\"><div class=\"wp-block-embed__wrapper\">\n<iframe loading=\"lazy\" title=\"Discover Your Purpose at Harvesters!\" width=\"500\" height=\"281\" src=\"https:\/\/www.youtube.com\/embed\/CisIB8u7wrE?feature=oembed\" frameborder=\"0\" allow=\"accelerometer; autoplay; clipboard-write; encrypted-media; gyroscope; picture-in-picture; web-share\" referrerpolicy=\"strict-origin-when-cross-origin\" allowfullscreen><\/iframe>\n<\/div><\/figure>\n<\/div>\n\n\n\n<div class=\"wp-block-column is-layout-flow wp-block-column-is-layout-flow\">\n<hr class=\"wp-block-separator has-text-color has-blue-color has-css-opacity has-blue-background-color has-background is-style-wide\"\/>\n\n\n\n<div style=\"height:20px\" aria-hidden=\"true\" class=\"wp-block-spacer\"><\/div>\n\n\n\n<h3 class=\"wp-block-heading\">\u00a1Somos un centro de trabajo con certificaci\u00f3n Healthy KC de nivel platino!<\/h3>\n\n\n\n<div class=\"wp-block-columns is-layout-flex wp-container-core-columns-is-layout-9d6595d7 wp-block-columns-is-layout-flex\">\n<div class=\"wp-block-column is-layout-flow wp-block-column-is-layout-flow\" style=\"flex-basis:30%\">\n<figure class=\"wp-block-image aligncenter size-large\"><img loading=\"lazy\" decoding=\"async\" width=\"683\" height=\"1024\" src=\"http:\/\/www.harvesters.org\/wp-content\/uploads\/2023\/03\/Healthy-KC-Platinum-683x1024.png\" alt=\"Healthy KC Platino\" class=\"wp-image-7734\" srcset=\"https:\/\/www.harvesters.org\/wp-content\/uploads\/2023\/03\/Healthy-KC-Platinum-683x1024.png 683w, https:\/\/www.harvesters.org\/wp-content\/uploads\/2023\/03\/Healthy-KC-Platinum-200x300.png 200w, https:\/\/www.harvesters.org\/wp-content\/uploads\/2023\/03\/Healthy-KC-Platinum-768x1152.png 768w, https:\/\/www.harvesters.org\/wp-content\/uploads\/2023\/03\/Healthy-KC-Platinum.png 800w\" sizes=\"auto, (max-width: 683px) 100vw, 683px\" \/><\/figure>\n<\/div>\n\n\n\n<div class=\"wp-block-column is-vertically-aligned-center is-layout-flow wp-block-column-is-layout-flow\" style=\"flex-basis:70%\">\n<p>Formar parte del movimiento de comunidades sanas es uno de nuestros objetivos en Harvesters. Harvesters mantiene su compromiso y liderazgo en la creaci\u00f3n de una cultura de bienestar para nuestros empleados.<\/p>\n\n\n\n<p>Harvesters fomenta un ambiente en el que nuestros empleados pueden prosperar sabiendo que llevar\u00e1 a una mayor productividad y a mejores resultados en materia de salud. \u00a1Esto le ha valido a Harvesters la certificaci\u00f3n de nivel platino para 2022-2023!<\/p>\n<\/div>\n<\/div>\n\n\n\n<hr class=\"wp-block-separator has-text-color has-blue-color has-css-opacity has-blue-background-color has-background is-style-wide\"\/>\n<\/div>\n<\/div>\n\n<h3 class=\"wp-block-heading\">Pol\u00edticas e informaci\u00f3n:<\/h3>\n\n<p><a href=\"http:\/\/www.harvesters.org\/wp-content\/uploads\/2021\/09\/Equal-Employment-Opportunity-Policy-Statement.pdf\" target=\"_blank\" rel=\"noreferrer noopener\">Declaraci\u00f3n de pol\u00edtica de igualdad de oportunidades en el empleo<\/a><\/p>\n\n<p><a href=\"https:\/\/www.e-verify.gov\/\" target=\"_blank\" rel=\"noreferrer noopener\">Harvesters participa en el programa E-Verify.<\/a><\/p>\n\n<div style=\"height:10px\" aria-hidden=\"true\" class=\"wp-block-spacer\"><\/div>\n\n<hr class=\"wp-block-separator has-text-color has-blue-color has-css-opacity has-blue-background-color has-background is-style-wide\"\/>\n\n<div style=\"height:20px\" aria-hidden=\"true\" class=\"wp-block-spacer\"><\/div>\n\n<h3 class=\"wp-block-heading\">Oportunidades de negocio<\/h3>\n\n<p><a href=\"https:\/\/www.harvesters.org\/es?page_id=9303\">Haga clic aqu\u00ed<\/a> para obtener m\u00e1s informaci\u00f3n sobre las oportunidades de negocio con Harvesters.<\/p>\n\n<div style=\"height:60px\" aria-hidden=\"true\" class=\"wp-block-spacer\"><\/div>\n\n<p><\/p>\n","protected":false},"excerpt":{"rendered":"<p>Harvesters adopta una filosof\u00eda que reconoce y valora la diversidad. Nuestros valores fundamentales destacan las caracter\u00edsticas que buscamos en los miembros del personal. En Harvesters, valoramos a los empleados que se gu\u00edan por una misi\u00f3n,\u2026 <a href=\"https:\/\/www.harvesters.org\/es\/sobre-harvesters\/carreras\" class=\"read-more\">More<\/a><\/p>\n","protected":false},"author":3,"featured_media":0,"parent":9521,"menu_order":5,"comment_status":"closed","ping_status":"closed","template":"","meta":{"_acf_changed":false,"inline_featured_image":false,"_uag_custom_page_level_css":"","footnotes":""},"class_list":["post-9473","page","type-page","status-publish","hentry"],"acf":[],"yoast_head":"<!-- This site is optimized with the Yoast SEO plugin v27.5 - https:\/\/yoast.com\/product\/yoast-seo-wordpress\/ -->\n<title>Carreras - Harvesters<\/title>\n<meta name=\"description\" content=\"Encontrar trabajo en Harvesters - ver nuestras oportunidades de empleo actuales. Valoramos a los empleados que se gu\u00edan por una misi\u00f3n y comparten nuestros valores.\" \/>\n<meta name=\"robots\" content=\"index, follow, max-snippet:-1, max-image-preview:large, max-video-preview:-1\" \/>\n<link rel=\"canonical\" href=\"https:\/\/www.harvesters.org\/es\/sobre-harvesters\/carreras\" \/>\n<meta property=\"og:locale\" content=\"es_ES\" \/>\n<meta property=\"og:type\" content=\"article\" \/>\n<meta property=\"og:title\" content=\"Carreras - Harvesters\" \/>\n<meta property=\"og:description\" content=\"Encontrar trabajo en Harvesters - ver nuestras oportunidades de empleo actuales. Valoramos a los empleados que se gu\u00edan por una misi\u00f3n y comparten nuestros valores.\" \/>\n<meta property=\"og:url\" content=\"https:\/\/www.harvesters.org\/es\/sobre-harvesters\/carreras\" \/>\n<meta property=\"og:site_name\" content=\"Harvesters\" \/>\n<meta property=\"article:modified_time\" content=\"2024-03-19T19:26:24+00:00\" \/>\n<meta property=\"og:image\" content=\"http:\/\/www.harvesters.org\/wp-content\/uploads\/2023\/03\/Healthy-KC-Platinum-683x1024.png\" \/>\n<meta name=\"twitter:card\" content=\"summary_large_image\" \/>\n<meta name=\"twitter:label1\" content=\"Tiempo de lectura\" \/>\n\t<meta name=\"twitter:data1\" content=\"2 minutos\" \/>\n<script type=\"application\/ld+json\" class=\"yoast-schema-graph\">{\"@context\":\"https:\\\/\\\/schema.org\",\"@graph\":[{\"@type\":\"WebPage\",\"@id\":\"https:\\\/\\\/www.harvesters.org\\\/es\\\/sobre-harvesters\\\/carreras\",\"url\":\"https:\\\/\\\/www.harvesters.org\\\/es\\\/sobre-harvesters\\\/carreras\",\"name\":\"Carreras - Harvesters\",\"isPartOf\":{\"@id\":\"https:\\\/\\\/www.harvesters.org\\\/#website\"},\"primaryImageOfPage\":{\"@id\":\"https:\\\/\\\/www.harvesters.org\\\/es\\\/sobre-harvesters\\\/carreras#primaryimage\"},\"image\":{\"@id\":\"https:\\\/\\\/www.harvesters.org\\\/es\\\/sobre-harvesters\\\/carreras#primaryimage\"},\"thumbnailUrl\":\"http:\\\/\\\/www.harvesters.org\\\/wp-content\\\/uploads\\\/2023\\\/03\\\/Healthy-KC-Platinum-683x1024.png\",\"datePublished\":\"2021-06-01T13:21:38+00:00\",\"dateModified\":\"2024-03-19T19:26:24+00:00\",\"description\":\"Encontrar trabajo en Harvesters - ver nuestras oportunidades de empleo actuales. Valoramos a los empleados que se gu\u00edan por una misi\u00f3n y comparten nuestros valores.\",\"breadcrumb\":{\"@id\":\"https:\\\/\\\/www.harvesters.org\\\/es\\\/sobre-harvesters\\\/carreras#breadcrumb\"},\"inLanguage\":\"es\",\"potentialAction\":[{\"@type\":\"ReadAction\",\"target\":[\"https:\\\/\\\/www.harvesters.org\\\/es\\\/sobre-harvesters\\\/carreras\"]}]},{\"@type\":\"ImageObject\",\"inLanguage\":\"es\",\"@id\":\"https:\\\/\\\/www.harvesters.org\\\/es\\\/sobre-harvesters\\\/carreras#primaryimage\",\"url\":\"http:\\\/\\\/www.harvesters.org\\\/wp-content\\\/uploads\\\/2023\\\/03\\\/Healthy-KC-Platinum-683x1024.png\",\"contentUrl\":\"http:\\\/\\\/www.harvesters.org\\\/wp-content\\\/uploads\\\/2023\\\/03\\\/Healthy-KC-Platinum-683x1024.png\"},{\"@type\":\"BreadcrumbList\",\"@id\":\"https:\\\/\\\/www.harvesters.org\\\/es\\\/sobre-harvesters\\\/carreras#breadcrumb\",\"itemListElement\":[{\"@type\":\"ListItem\",\"position\":1,\"name\":\"Home\",\"item\":\"https:\\\/\\\/www.harvesters.org\\\/es\"},{\"@type\":\"ListItem\",\"position\":2,\"name\":\"Sobre Harvesters\",\"item\":\"https:\\\/\\\/www.harvesters.org\\\/es\\\/sobre-harvesters\"},{\"@type\":\"ListItem\",\"position\":3,\"name\":\"Carreras\"}]},{\"@type\":\"WebSite\",\"@id\":\"https:\\\/\\\/www.harvesters.org\\\/#website\",\"url\":\"https:\\\/\\\/www.harvesters.org\\\/\",\"name\":\"Harvesters\",\"description\":\"\",\"potentialAction\":[{\"@type\":\"SearchAction\",\"target\":{\"@type\":\"EntryPoint\",\"urlTemplate\":\"https:\\\/\\\/www.harvesters.org\\\/?s={search_term_string}\"},\"query-input\":{\"@type\":\"PropertyValueSpecification\",\"valueRequired\":true,\"valueName\":\"search_term_string\"}}],\"inLanguage\":\"es\"}]}<\/script>\n<!-- \/ Yoast SEO plugin. -->","yoast_head_json":{"title":"Carreras - Harvesters","description":"Encontrar trabajo en Harvesters - ver nuestras oportunidades de empleo actuales. Valoramos a los empleados que se gu\u00edan por una misi\u00f3n y comparten nuestros valores.","robots":{"index":"index","follow":"follow","max-snippet":"max-snippet:-1","max-image-preview":"max-image-preview:large","max-video-preview":"max-video-preview:-1"},"canonical":"https:\/\/www.harvesters.org\/es\/sobre-harvesters\/carreras","og_locale":"es_ES","og_type":"article","og_title":"Carreras - Harvesters","og_description":"Encontrar trabajo en Harvesters - ver nuestras oportunidades de empleo actuales. Valoramos a los empleados que se gu\u00edan por una misi\u00f3n y comparten nuestros valores.","og_url":"https:\/\/www.harvesters.org\/es\/sobre-harvesters\/carreras","og_site_name":"Harvesters","article_modified_time":"2024-03-19T19:26:24+00:00","og_image":[{"url":"http:\/\/www.harvesters.org\/wp-content\/uploads\/2023\/03\/Healthy-KC-Platinum-683x1024.png","type":"","width":"","height":""}],"twitter_card":"summary_large_image","twitter_misc":{"Tiempo de lectura":"2 minutos"},"schema":{"@context":"https:\/\/schema.org","@graph":[{"@type":"WebPage","@id":"https:\/\/www.harvesters.org\/es\/sobre-harvesters\/carreras","url":"https:\/\/www.harvesters.org\/es\/sobre-harvesters\/carreras","name":"Carreras - Harvesters","isPartOf":{"@id":"https:\/\/www.harvesters.org\/#website"},"primaryImageOfPage":{"@id":"https:\/\/www.harvesters.org\/es\/sobre-harvesters\/carreras#primaryimage"},"image":{"@id":"https:\/\/www.harvesters.org\/es\/sobre-harvesters\/carreras#primaryimage"},"thumbnailUrl":"http:\/\/www.harvesters.org\/wp-content\/uploads\/2023\/03\/Healthy-KC-Platinum-683x1024.png","datePublished":"2021-06-01T13:21:38+00:00","dateModified":"2024-03-19T19:26:24+00:00","description":"Encontrar trabajo en Harvesters - ver nuestras oportunidades de empleo actuales. Valoramos a los empleados que se gu\u00edan por una misi\u00f3n y comparten nuestros valores.","breadcrumb":{"@id":"https:\/\/www.harvesters.org\/es\/sobre-harvesters\/carreras#breadcrumb"},"inLanguage":"es","potentialAction":[{"@type":"ReadAction","target":["https:\/\/www.harvesters.org\/es\/sobre-harvesters\/carreras"]}]},{"@type":"ImageObject","inLanguage":"es","@id":"https:\/\/www.harvesters.org\/es\/sobre-harvesters\/carreras#primaryimage","url":"http:\/\/www.harvesters.org\/wp-content\/uploads\/2023\/03\/Healthy-KC-Platinum-683x1024.png","contentUrl":"http:\/\/www.harvesters.org\/wp-content\/uploads\/2023\/03\/Healthy-KC-Platinum-683x1024.png"},{"@type":"BreadcrumbList","@id":"https:\/\/www.harvesters.org\/es\/sobre-harvesters\/carreras#breadcrumb","itemListElement":[{"@type":"ListItem","position":1,"name":"Home","item":"https:\/\/www.harvesters.org\/es"},{"@type":"ListItem","position":2,"name":"Sobre Harvesters","item":"https:\/\/www.harvesters.org\/es\/sobre-harvesters"},{"@type":"ListItem","position":3,"name":"Carreras"}]},{"@type":"WebSite","@id":"https:\/\/www.harvesters.org\/#website","url":"https:\/\/www.harvesters.org\/","name":"Harvesters","description":"","potentialAction":[{"@type":"SearchAction","target":{"@type":"EntryPoint","urlTemplate":"https:\/\/www.harvesters.org\/?s={search_term_string}"},"query-input":{"@type":"PropertyValueSpecification","valueRequired":true,"valueName":"search_term_string"}}],"inLanguage":"es"}]}},"uagb_featured_image_src":{"full":false,"thumbnail":false,"medium":false,"medium_large":false,"large":false,"1536x1536":false,"2048x2048":false,"alm-thumbnail":false,"featured-16-9":false,"featured-4-3":false,"featured-4-3-full":false,"featured-16-9-full":false,"gform-image-choice-sm":false,"gform-image-choice-md":false,"gform-image-choice-lg":false},"uagb_author_info":{"display_name":"John Kuefler","author_link":"https:\/\/www.harvesters.org\/es\/author\/john-kuefleruxwest-com"},"uagb_comment_info":0,"uagb_excerpt":"Harvesters adopta una filosof\u00eda que reconoce y valora la diversidad. Nuestros valores fundamentales destacan las caracter\u00edsticas que buscamos en los miembros del personal. En Harvesters, valoramos a los empleados que se gu\u00edan por una misi\u00f3n,\u2026 More","_links":{"self":[{"href":"https:\/\/www.harvesters.org\/es\/wp-json\/wp\/v2\/pages\/9473","targetHints":{"allow":["GET"]}}],"collection":[{"href":"https:\/\/www.harvesters.org\/es\/wp-json\/wp\/v2\/pages"}],"about":[{"href":"https:\/\/www.harvesters.org\/es\/wp-json\/wp\/v2\/types\/page"}],"author":[{"embeddable":true,"href":"https:\/\/www.harvesters.org\/es\/wp-json\/wp\/v2\/users\/3"}],"replies":[{"embeddable":true,"href":"https:\/\/www.harvesters.org\/es\/wp-json\/wp\/v2\/comments?post=9473"}],"version-history":[{"count":15,"href":"https:\/\/www.harvesters.org\/es\/wp-json\/wp\/v2\/pages\/9473\/revisions"}],"predecessor-version":[{"id":10986,"href":"https:\/\/www.harvesters.org\/es\/wp-json\/wp\/v2\/pages\/9473\/revisions\/10986"}],"up":[{"embeddable":true,"href":"https:\/\/www.harvesters.org\/es\/wp-json\/wp\/v2\/pages\/9521"}],"wp:attachment":[{"href":"https:\/\/www.harvesters.org\/es\/wp-json\/wp\/v2\/media?parent=9473"}],"curies":[{"name":"wp","href":"https:\/\/api.w.org\/{rel}","templated":true}]}}