{"id":9462,"date":"2021-06-01T08:24:40","date_gmt":"2021-06-01T13:24:40","guid":{"rendered":"https:\/\/www.harvesters.org\/?page_id=9462"},"modified":"2024-12-09T00:33:26","modified_gmt":"2024-12-09T06:33:26","slug":"oportunidades-de-voluntariado","status":"publish","type":"page","link":"https:\/\/www.harvesters.org\/es\/como-ayudar\/voluntariado\/oportunidades-de-voluntariado","title":{"rendered":"Oportunidades de voluntariado"},"content":{"rendered":"\n<div class=\"wp-block-columns is-layout-flex wp-container-core-columns-is-layout-9d6595d7 wp-block-columns-is-layout-flex\">\n<div class=\"wp-block-column is-layout-flow wp-block-column-is-layout-flow\" style=\"flex-basis:33.33%\">\n<figure class=\"wp-block-image size-full\"><img loading=\"lazy\" decoding=\"async\" width=\"400\" height=\"293\" src=\"http:\/\/www.harvesters.org\/wp-content\/uploads\/2022\/11\/EVERY.jpg\" alt=\"\" class=\"wp-image-7073\" srcset=\"https:\/\/www.harvesters.org\/wp-content\/uploads\/2022\/11\/EVERY.jpg 400w, https:\/\/www.harvesters.org\/wp-content\/uploads\/2022\/11\/EVERY-300x220.jpg 300w\" sizes=\"auto, (max-width: 400px) 100vw, 400px\" \/><\/figure>\n<\/div>\n\n\n\n<div class=\"wp-block-column is-layout-flow wp-block-column-is-layout-flow\" style=\"flex-basis:66.66%\">\n<p>Todas las oportunidades de voluntariado en Harvesters requieren inscripci\u00f3n previa para que podamos asegurarnos de que estamos preparados para cada turno de voluntariado. Inscribirse es f\u00e1cil. Eche un vistazo a las oportunidades que aparecen a continuaci\u00f3n e inscr\u00edbase en la que m\u00e1s le convenga. Si desea inscribirse como grupo, rellene nuestro <a href=\"https:\/\/www.harvesters.org\/how-to-help\/volunteer\/volunteer-opportunities?console_type=group\">formulario de solicitud de grupo de voluntarios<\/a>.<\/p>\n\n\n\n<p><strong>Si tiene alguna pregunta o duda, p\u00f3ngase en contacto con nosotros:<\/strong><br>Kansas City: llame al (816) 929-3090 o env\u00ede un correo electr\u00f3nico a <a href=\"mailto:getinvolved@harvesters.org\">getinvolved@harvesters.org.<\/a><br>Lawrence: llame al (785) 856-6089 o env\u00ede un correo electr\u00f3nico a <a href=\"mailto:fighthunger@harvesters.org\">fighthunger@harvesters.org<\/a>.<\/p>\n<\/div>\n<\/div>\n\n\n\n<div style=\"height:21px\" aria-hidden=\"true\" class=\"wp-block-spacer\"><\/div>\n\n\n\n<script type=\"text\/javascript\" src=\"https:\/\/cdn.cervistech.com\/acts\/javascript\/resize.js\"><\/script>\n\n\n\n<div class=\"wp-block-columns is-layout-flex wp-container-core-columns-is-layout-9d6595d7 wp-block-columns-is-layout-flex\">\n<div class=\"wp-block-column is-layout-flow wp-block-column-is-layout-flow\" style=\"flex-basis:25%\">\n<div class=\"wp-block-buttons is-layout-flex wp-block-buttons-is-layout-flex\">\n<div class=\"wp-block-button has-custom-width wp-block-button__width-100 has-custom-font-size\" style=\"font-size:14px\"><a class=\"wp-block-button__link has-white-color has-light-green-background-color has-text-color has-background wp-element-button\" href=\"https:\/\/www.harvesters.org\/how-to-help\/volunteer\/volunteer-opportunities?console_type=group\">Grupo de voluntarios<br>Formulario de solicitud<\/a><\/div>\n\n\n\n<div class=\"wp-block-button has-custom-width wp-block-button__width-100 has-custom-font-size\" style=\"font-size:14px\"><a class=\"wp-block-button__link has-white-color has-secondary-background-color has-text-color has-background wp-element-button\" href=\"https:\/\/www.harvesters.org\/es\/como-ayudar\/ofrecerse-como-voluntario-a\/oportunidades-de-voluntariado\">Todo de Harvesters <br>Oportunidades de voluntariado<\/a><\/div>\n<\/div>\n\n\n\n<div class=\"wp-block-buttons is-layout-flex wp-block-buttons-is-layout-flex\">\n<div class=\"wp-block-button has-custom-width wp-block-button__width-100 has-custom-font-size\" style=\"font-size:14px\"><a class=\"wp-block-button__link has-white-color has-secondary-background-color has-text-color has-background wp-element-button\" href=\"https:\/\/www.harvesters.org\/es\/como-ayudar\/ofrecerse-como-voluntario-a\/oportunidades-de-voluntariado?cat_id=38\">Todo de Kansas City<br>Oportunidades de voluntariado<\/a><\/div>\n<\/div>\n\n\n\n<div class=\"wp-block-buttons is-layout-flex wp-block-buttons-is-layout-flex\">\n<div class=\"wp-block-button has-custom-width wp-block-button__width-100 has-custom-font-size\" style=\"font-size:14px\"><a class=\"wp-block-button__link has-white-color has-secondary-background-color has-text-color has-background wp-element-button\" href=\"https:\/\/www.harvesters.org\/es\/como-ayudar\/ofrecerse-como-voluntario-a\/oportunidades-de-voluntariado?cat_id=40\">Todo de Topeka\/Lawrence <br>Oportunidades de voluntariado<\/a><\/div>\n<\/div>\n\n\n\n<div class=\"wp-block-buttons is-layout-flex wp-block-buttons-is-layout-flex\">\n<div class=\"wp-block-button has-custom-width wp-block-button__width-100 has-custom-font-size\" style=\"font-size:14px\"><a class=\"wp-block-button__link has-white-color has-secondary-background-color has-text-color has-background wp-element-button\" href=\"https:\/\/www.harvesters.org\/es\/como-ayudar\/ofrecerse-como-voluntario-a\/oportunidades-de-voluntariado?cat_id=226\">Sea voluntario en nuestro <br>almac\u00e9n de Kansas City<\/a><\/div>\n<\/div>\n\n\n\n<div class=\"wp-block-buttons is-layout-flex wp-block-buttons-is-layout-flex\">\n<div class=\"wp-block-button has-custom-width wp-block-button__width-100 has-custom-font-size\" style=\"font-size:14px\"><a class=\"wp-block-button__link has-white-color has-secondary-background-color has-text-color has-background wp-element-button\" href=\"https:\/\/www.harvesters.org\/es\/como-ayudar\/ofrecerse-como-voluntario-a\/oportunidades-de-voluntariado?cat_id=227\">Sea voluntario en nuestro <br>almac\u00e9n de Lawrence<\/a><\/div>\n<\/div>\n\n\n\n<div class=\"wp-block-buttons is-layout-flex wp-block-buttons-is-layout-flex\">\n<div class=\"wp-block-button has-custom-width wp-block-button__width-100 has-custom-font-size\" style=\"font-size:14px\"><a class=\"wp-block-button__link has-white-color has-secondary-background-color has-text-color has-background wp-element-button\" href=\"https:\/\/www.harvesters.org\/es\/como-ayudar\/ofrecerse-como-voluntario-a\/oportunidades-de-voluntariado?cat_id=132\"><meta charset=\"utf-8\">Sea voluntario en Kansas City<br>Agencia asociada<\/a><\/div>\n<\/div>\n\n\n\n<div class=\"wp-block-buttons is-layout-flex wp-block-buttons-is-layout-flex\">\n<div class=\"wp-block-button has-custom-width wp-block-button__width-100 has-custom-font-size\" style=\"font-size:14px\"><a class=\"wp-block-button__link has-white-color has-secondary-background-color has-text-color has-background wp-element-button\" href=\"https:\/\/www.harvesters.org\/es\/como-ayudar\/ofrecerse-como-voluntario-a\/oportunidades-de-voluntariado?cat_id=134\">Sea voluntario en Topeka\/Lawrence<br>Agencia asociada<\/a><\/div>\n<\/div>\n\n\n\n<div class=\"wp-block-buttons is-layout-flex wp-block-buttons-is-layout-flex\">\n<div class=\"wp-block-button has-custom-width wp-block-button__width-100 has-custom-font-size\" style=\"font-size:14px\"><a class=\"wp-block-button__link has-white-color has-secondary-background-color has-text-color has-background wp-element-button\" href=\"https:\/\/www.harvesters.org\/es\/como-ayudar\/ofrecerse-como-voluntario-a\/oportunidades-de-voluntariado?cat_id=181\"><meta charset=\"utf-8\">Sea voluntario en Kansas City<br>Evento especial<\/a><\/div>\n<\/div>\n\n\n\n<div class=\"wp-block-buttons is-layout-flex wp-block-buttons-is-layout-flex\">\n<div class=\"wp-block-button has-custom-width wp-block-button__width-100 has-custom-font-size\" style=\"font-size:14px\"><a class=\"wp-block-button__link has-white-color has-secondary-background-color has-text-color has-background wp-element-button\" href=\"https:\/\/www.harvesters.org\/es\/como-ayudar\/ofrecerse-como-voluntario-a\/oportunidades-de-voluntariado?cat_id=209\">Sea voluntario en Topeka\/Lawrence<br>Evento especial<\/a><\/div>\n<\/div>\n\n\n\n<div class=\"wp-block-buttons is-layout-flex wp-block-buttons-is-layout-flex\">\n<div class=\"wp-block-button has-custom-width wp-block-button__width-100 has-custom-font-size\" style=\"font-size:14px\"><a class=\"wp-block-button__link has-white-color has-secondary-background-color has-text-color has-background wp-element-button\" href=\"https:\/\/www.harvesters.org\/es\/como-ayudar\/ofrecerse-como-voluntario-a\/oportunidades-de-voluntariado?console_type=date\">Oportunidades de voluntariado<br>Por fecha<\/a><\/div>\n<\/div>\n\n\n\n<p><\/p>\n<\/div>\n\n\n\n<div class=\"wp-block-column is-layout-flow wp-block-column-is-layout-flow\" style=\"flex-basis:75%\">\n<iframe loading=\"lazy\" id=\"myFrame\" name=\"myFrame\" src=\"https:\/\/volunteer.harvesters.org\/acts\/webreg\/eventwebreglist.php?org_id=0015\" width=\"660\" height=\"1075\" frameborder=\"0\"><\/iframe>\n<\/div>\n<\/div>\n\n\n\n<div style=\"height:60px\" aria-hidden=\"true\" class=\"wp-block-spacer\"><\/div>\n","protected":false},"excerpt":{"rendered":"<p>Todas las oportunidades de voluntariado en Harvesters requieren inscripci\u00f3n previa para que podamos asegurarnos de que estamos preparados para cada turno de voluntariado. Inscribirse es f\u00e1cil. Eche un vistazo a las oportunidades que aparecen a\u2026 <a href=\"https:\/\/www.harvesters.org\/es\/como-ayudar\/voluntariado\/oportunidades-de-voluntariado\" class=\"read-more\">More<\/a><\/p>\n","protected":false},"author":3,"featured_media":0,"parent":9482,"menu_order":0,"comment_status":"closed","ping_status":"closed","template":"","meta":{"_acf_changed":false,"inline_featured_image":false,"_uag_custom_page_level_css":"","footnotes":""},"class_list":["post-9462","page","type-page","status-publish","hentry"],"acf":[],"yoast_head":"<!-- This site is optimized with the Yoast SEO plugin v27.5 - https:\/\/yoast.com\/product\/yoast-seo-wordpress\/ -->\n<title>Oportunidades de voluntariado - Harvesters<\/title>\n<meta name=\"description\" content=\"Buscar oportunidades de voluntariado en las regiones de Kansas City y Topeka. Inscr\u00edbase como individuo o grupo para ayudar a Harvesters a alimentar a los necesitados.\" \/>\n<meta name=\"robots\" content=\"index, follow, max-snippet:-1, max-image-preview:large, max-video-preview:-1\" \/>\n<link rel=\"canonical\" href=\"https:\/\/www.harvesters.org\/es\/como-ayudar\/voluntariado\/oportunidades-de-voluntariado\" \/>\n<meta property=\"og:locale\" content=\"es_ES\" \/>\n<meta property=\"og:type\" content=\"article\" \/>\n<meta property=\"og:title\" content=\"Oportunidades de voluntariado - Harvesters\" \/>\n<meta property=\"og:description\" content=\"Buscar oportunidades de voluntariado en las regiones de Kansas City y Topeka. Inscr\u00edbase como individuo o grupo para ayudar a Harvesters a alimentar a los necesitados.\" \/>\n<meta property=\"og:url\" content=\"https:\/\/www.harvesters.org\/es\/como-ayudar\/voluntariado\/oportunidades-de-voluntariado\" \/>\n<meta property=\"og:site_name\" content=\"Harvesters\" \/>\n<meta property=\"article:modified_time\" content=\"2024-12-09T06:33:26+00:00\" \/>\n<meta property=\"og:image\" content=\"https:\/\/www.harvesters.org\/wp-content\/uploads\/2022\/11\/EVERY.jpg\" \/>\n\t<meta property=\"og:image:width\" content=\"400\" \/>\n\t<meta property=\"og:image:height\" content=\"293\" \/>\n\t<meta property=\"og:image:type\" content=\"image\/jpeg\" \/>\n<meta name=\"twitter:card\" content=\"summary_large_image\" \/>\n<meta name=\"twitter:label1\" content=\"Tiempo de lectura\" \/>\n\t<meta name=\"twitter:data1\" content=\"1 minuto\" \/>\n<script type=\"application\/ld+json\" class=\"yoast-schema-graph\">{\"@context\":\"https:\\\/\\\/schema.org\",\"@graph\":[{\"@type\":\"WebPage\",\"@id\":\"https:\\\/\\\/www.harvesters.org\\\/es\\\/como-ayudar\\\/voluntariado\\\/oportunidades-de-voluntariado\",\"url\":\"https:\\\/\\\/www.harvesters.org\\\/es\\\/como-ayudar\\\/voluntariado\\\/oportunidades-de-voluntariado\",\"name\":\"Oportunidades de voluntariado - Harvesters\",\"isPartOf\":{\"@id\":\"https:\\\/\\\/www.harvesters.org\\\/#website\"},\"primaryImageOfPage\":{\"@id\":\"https:\\\/\\\/www.harvesters.org\\\/es\\\/como-ayudar\\\/voluntariado\\\/oportunidades-de-voluntariado#primaryimage\"},\"image\":{\"@id\":\"https:\\\/\\\/www.harvesters.org\\\/es\\\/como-ayudar\\\/voluntariado\\\/oportunidades-de-voluntariado#primaryimage\"},\"thumbnailUrl\":\"http:\\\/\\\/www.harvesters.org\\\/wp-content\\\/uploads\\\/2022\\\/11\\\/EVERY.jpg\",\"datePublished\":\"2021-06-01T13:24:40+00:00\",\"dateModified\":\"2024-12-09T06:33:26+00:00\",\"description\":\"Buscar oportunidades de voluntariado en las regiones de Kansas City y Topeka. Inscr\u00edbase como individuo o grupo para ayudar a Harvesters a alimentar a los necesitados.\",\"breadcrumb\":{\"@id\":\"https:\\\/\\\/www.harvesters.org\\\/es\\\/como-ayudar\\\/voluntariado\\\/oportunidades-de-voluntariado#breadcrumb\"},\"inLanguage\":\"es\",\"potentialAction\":[{\"@type\":\"ReadAction\",\"target\":[\"https:\\\/\\\/www.harvesters.org\\\/es\\\/como-ayudar\\\/voluntariado\\\/oportunidades-de-voluntariado\"]}]},{\"@type\":\"ImageObject\",\"inLanguage\":\"es\",\"@id\":\"https:\\\/\\\/www.harvesters.org\\\/es\\\/como-ayudar\\\/voluntariado\\\/oportunidades-de-voluntariado#primaryimage\",\"url\":\"http:\\\/\\\/www.harvesters.org\\\/wp-content\\\/uploads\\\/2022\\\/11\\\/EVERY.jpg\",\"contentUrl\":\"http:\\\/\\\/www.harvesters.org\\\/wp-content\\\/uploads\\\/2022\\\/11\\\/EVERY.jpg\"},{\"@type\":\"BreadcrumbList\",\"@id\":\"https:\\\/\\\/www.harvesters.org\\\/es\\\/como-ayudar\\\/voluntariado\\\/oportunidades-de-voluntariado#breadcrumb\",\"itemListElement\":[{\"@type\":\"ListItem\",\"position\":1,\"name\":\"Home\",\"item\":\"https:\\\/\\\/www.harvesters.org\\\/es\"},{\"@type\":\"ListItem\",\"position\":2,\"name\":\"C\u00f3mo ayudar\",\"item\":\"https:\\\/\\\/www.harvesters.org\\\/es\\\/como-ayudar\"},{\"@type\":\"ListItem\",\"position\":3,\"name\":\"Voluntariado\",\"item\":\"https:\\\/\\\/www.harvesters.org\\\/es\\\/como-ayudar\\\/voluntariado\"},{\"@type\":\"ListItem\",\"position\":4,\"name\":\"Oportunidades de voluntariado\"}]},{\"@type\":\"WebSite\",\"@id\":\"https:\\\/\\\/www.harvesters.org\\\/#website\",\"url\":\"https:\\\/\\\/www.harvesters.org\\\/\",\"name\":\"Harvesters\",\"description\":\"\",\"potentialAction\":[{\"@type\":\"SearchAction\",\"target\":{\"@type\":\"EntryPoint\",\"urlTemplate\":\"https:\\\/\\\/www.harvesters.org\\\/?s={search_term_string}\"},\"query-input\":{\"@type\":\"PropertyValueSpecification\",\"valueRequired\":true,\"valueName\":\"search_term_string\"}}],\"inLanguage\":\"es\"}]}<\/script>\n<!-- \/ Yoast SEO plugin. -->","yoast_head_json":{"title":"Oportunidades de voluntariado - Harvesters","description":"Buscar oportunidades de voluntariado en las regiones de Kansas City y Topeka. Inscr\u00edbase como individuo o grupo para ayudar a Harvesters a alimentar a los necesitados.","robots":{"index":"index","follow":"follow","max-snippet":"max-snippet:-1","max-image-preview":"max-image-preview:large","max-video-preview":"max-video-preview:-1"},"canonical":"https:\/\/www.harvesters.org\/es\/como-ayudar\/voluntariado\/oportunidades-de-voluntariado","og_locale":"es_ES","og_type":"article","og_title":"Oportunidades de voluntariado - Harvesters","og_description":"Buscar oportunidades de voluntariado en las regiones de Kansas City y Topeka. Inscr\u00edbase como individuo o grupo para ayudar a Harvesters a alimentar a los necesitados.","og_url":"https:\/\/www.harvesters.org\/es\/como-ayudar\/voluntariado\/oportunidades-de-voluntariado","og_site_name":"Harvesters","article_modified_time":"2024-12-09T06:33:26+00:00","og_image":[{"width":400,"height":293,"url":"https:\/\/www.harvesters.org\/wp-content\/uploads\/2022\/11\/EVERY.jpg","type":"image\/jpeg"}],"twitter_card":"summary_large_image","twitter_misc":{"Tiempo de lectura":"1 minuto"},"schema":{"@context":"https:\/\/schema.org","@graph":[{"@type":"WebPage","@id":"https:\/\/www.harvesters.org\/es\/como-ayudar\/voluntariado\/oportunidades-de-voluntariado","url":"https:\/\/www.harvesters.org\/es\/como-ayudar\/voluntariado\/oportunidades-de-voluntariado","name":"Oportunidades de voluntariado - Harvesters","isPartOf":{"@id":"https:\/\/www.harvesters.org\/#website"},"primaryImageOfPage":{"@id":"https:\/\/www.harvesters.org\/es\/como-ayudar\/voluntariado\/oportunidades-de-voluntariado#primaryimage"},"image":{"@id":"https:\/\/www.harvesters.org\/es\/como-ayudar\/voluntariado\/oportunidades-de-voluntariado#primaryimage"},"thumbnailUrl":"http:\/\/www.harvesters.org\/wp-content\/uploads\/2022\/11\/EVERY.jpg","datePublished":"2021-06-01T13:24:40+00:00","dateModified":"2024-12-09T06:33:26+00:00","description":"Buscar oportunidades de voluntariado en las regiones de Kansas City y Topeka. Inscr\u00edbase como individuo o grupo para ayudar a Harvesters a alimentar a los necesitados.","breadcrumb":{"@id":"https:\/\/www.harvesters.org\/es\/como-ayudar\/voluntariado\/oportunidades-de-voluntariado#breadcrumb"},"inLanguage":"es","potentialAction":[{"@type":"ReadAction","target":["https:\/\/www.harvesters.org\/es\/como-ayudar\/voluntariado\/oportunidades-de-voluntariado"]}]},{"@type":"ImageObject","inLanguage":"es","@id":"https:\/\/www.harvesters.org\/es\/como-ayudar\/voluntariado\/oportunidades-de-voluntariado#primaryimage","url":"http:\/\/www.harvesters.org\/wp-content\/uploads\/2022\/11\/EVERY.jpg","contentUrl":"http:\/\/www.harvesters.org\/wp-content\/uploads\/2022\/11\/EVERY.jpg"},{"@type":"BreadcrumbList","@id":"https:\/\/www.harvesters.org\/es\/como-ayudar\/voluntariado\/oportunidades-de-voluntariado#breadcrumb","itemListElement":[{"@type":"ListItem","position":1,"name":"Home","item":"https:\/\/www.harvesters.org\/es"},{"@type":"ListItem","position":2,"name":"C\u00f3mo ayudar","item":"https:\/\/www.harvesters.org\/es\/como-ayudar"},{"@type":"ListItem","position":3,"name":"Voluntariado","item":"https:\/\/www.harvesters.org\/es\/como-ayudar\/voluntariado"},{"@type":"ListItem","position":4,"name":"Oportunidades de voluntariado"}]},{"@type":"WebSite","@id":"https:\/\/www.harvesters.org\/#website","url":"https:\/\/www.harvesters.org\/","name":"Harvesters","description":"","potentialAction":[{"@type":"SearchAction","target":{"@type":"EntryPoint","urlTemplate":"https:\/\/www.harvesters.org\/?s={search_term_string}"},"query-input":{"@type":"PropertyValueSpecification","valueRequired":true,"valueName":"search_term_string"}}],"inLanguage":"es"}]}},"uagb_featured_image_src":{"full":false,"thumbnail":false,"medium":false,"medium_large":false,"large":false,"1536x1536":false,"2048x2048":false,"alm-thumbnail":false,"featured-16-9":false,"featured-4-3":false,"featured-4-3-full":false,"featured-16-9-full":false,"gform-image-choice-sm":false,"gform-image-choice-md":false,"gform-image-choice-lg":false},"uagb_author_info":{"display_name":"John Kuefler","author_link":"https:\/\/www.harvesters.org\/es\/author\/john-kuefleruxwest-com"},"uagb_comment_info":0,"uagb_excerpt":"Todas las oportunidades de voluntariado en Harvesters requieren inscripci\u00f3n previa para que podamos asegurarnos de que estamos preparados para cada turno de voluntariado. Inscribirse es f\u00e1cil. Eche un vistazo a las oportunidades que aparecen a\u2026 More","_links":{"self":[{"href":"https:\/\/www.harvesters.org\/es\/wp-json\/wp\/v2\/pages\/9462","targetHints":{"allow":["GET"]}}],"collection":[{"href":"https:\/\/www.harvesters.org\/es\/wp-json\/wp\/v2\/pages"}],"about":[{"href":"https:\/\/www.harvesters.org\/es\/wp-json\/wp\/v2\/types\/page"}],"author":[{"embeddable":true,"href":"https:\/\/www.harvesters.org\/es\/wp-json\/wp\/v2\/users\/3"}],"replies":[{"embeddable":true,"href":"https:\/\/www.harvesters.org\/es\/wp-json\/wp\/v2\/comments?post=9462"}],"version-history":[{"count":10,"href":"https:\/\/www.harvesters.org\/es\/wp-json\/wp\/v2\/pages\/9462\/revisions"}],"predecessor-version":[{"id":13771,"href":"https:\/\/www.harvesters.org\/es\/wp-json\/wp\/v2\/pages\/9462\/revisions\/13771"}],"up":[{"embeddable":true,"href":"https:\/\/www.harvesters.org\/es\/wp-json\/wp\/v2\/pages\/9482"}],"wp:attachment":[{"href":"https:\/\/www.harvesters.org\/es\/wp-json\/wp\/v2\/media?parent=9462"}],"curies":[{"name":"wp","href":"https:\/\/api.w.org\/{rel}","templated":true}]}}