{"id":9446,"date":"2021-06-01T08:24:54","date_gmt":"2021-06-01T13:24:54","guid":{"rendered":"https:\/\/www.harvesters.org\/?page_id=9446"},"modified":"2024-06-17T15:27:51","modified_gmt":"2024-06-17T20:27:51","slug":"horas-de-servicio-comunitario","status":"publish","type":"page","link":"https:\/\/www.harvesters.org\/es\/como-ayudar\/voluntariado\/horas-de-servicio-comunitario","title":{"rendered":"Horas de servicio comunitario"},"content":{"rendered":"\n<div class=\"wp-block-columns is-layout-flex wp-container-core-columns-is-layout-9d6595d7 wp-block-columns-is-layout-flex\">\n<div class=\"wp-block-column is-layout-flow wp-block-column-is-layout-flow\" style=\"flex-basis:100%\">\n<div class=\"wp-block-columns is-layout-flex wp-container-core-columns-is-layout-9d6595d7 wp-block-columns-is-layout-flex\">\n<div class=\"wp-block-column is-layout-flow wp-block-column-is-layout-flow\">\n<h2 class=\"wp-block-heading\">C\u00f3mo conseguir que le aprueben las horas<\/h2>\n\n\n\n<h3 class=\"wp-block-heading\">Horas de servicio comunitario<\/h3>\n\n\n\n<p>Los voluntarios que necesitan horas confirmadas para la escuela, los scouts, la iglesia u otros programas de servicio comunitario no jur\u00eddicos pueden programar horas de voluntariado en l\u00ednea utilizando la p\u00e1gina de <a href=\"https:\/\/www.harvesters.org\/es\/como-ayudar\/voluntariado\/oportunidades-de-voluntariado\">Oportunidades de Voluntariado<\/a>. Cuando llegue a Harvesters, informe a la recepci\u00f3n de que necesitar\u00e1 horas confirmadas.<\/p>\n\n\n\n<h3 class=\"wp-block-heading\">Horas de servicio comunitario por orden judicial<\/h3>\n\n\n\n<p>Si necesita que se confirmen las horas de servicio comunitario por motivos legales, debe llamar a nuestro Departamento de Servicio Comunitario al (816) 929-3240. <strong>No se confirmar\u00e1<\/strong> el servicio comunitario por orden judicial programado en l\u00ednea a trav\u00e9s de nuestra p\u00e1gina de Oportunidades de Voluntariado.<\/p>\n<\/div>\n\n\n\n<div class=\"wp-block-column is-layout-flow wp-block-column-is-layout-flow\">\n<figure class=\"wp-block-image size-large\"><img loading=\"lazy\" decoding=\"async\" width=\"803\" height=\"803\" src=\"http:\/\/www.harvesters.org\/wp-content\/uploads\/2021\/06\/Truman-Distribution-5-crop1x1.jpg\" alt=\"mujer con mascara llevando caja de comida\" class=\"wp-image-1063\" srcset=\"https:\/\/www.harvesters.org\/wp-content\/uploads\/2021\/06\/Truman-Distribution-5-crop1x1.jpg 803w, https:\/\/www.harvesters.org\/wp-content\/uploads\/2021\/06\/Truman-Distribution-5-crop1x1-300x300.jpg 300w, https:\/\/www.harvesters.org\/wp-content\/uploads\/2021\/06\/Truman-Distribution-5-crop1x1-150x150.jpg 150w, https:\/\/www.harvesters.org\/wp-content\/uploads\/2021\/06\/Truman-Distribution-5-crop1x1-768x768.jpg 768w\" sizes=\"auto, (max-width: 803px) 100vw, 803px\" \/><\/figure>\n<\/div>\n<\/div>\n<\/div>\n<\/div>\n","protected":false},"excerpt":{"rendered":"<p>C\u00f3mo conseguir que le aprueben las horas Horas de servicio comunitario Los voluntarios que necesitan horas confirmadas para la escuela, los scouts, la iglesia u otros programas de servicio comunitario no jur\u00eddicos pueden programar horas\u2026 <a href=\"https:\/\/www.harvesters.org\/es\/como-ayudar\/voluntariado\/horas-de-servicio-comunitario\" class=\"read-more\">More<\/a><\/p>\n","protected":false},"author":3,"featured_media":0,"parent":9482,"menu_order":3,"comment_status":"closed","ping_status":"closed","template":"","meta":{"_acf_changed":false,"inline_featured_image":false,"_uag_custom_page_level_css":"","footnotes":""},"class_list":["post-9446","page","type-page","status-publish","hentry"],"acf":[],"yoast_head":"<!-- This site is optimized with the Yoast SEO plugin v27.5 - https:\/\/yoast.com\/product\/yoast-seo-wordpress\/ -->\n<title>Horas de servicio comunitario - Harvesters<\/title>\n<meta name=\"description\" content=\"Inf\u00f3rmese sobre c\u00f3mo inscribirse en programas de la escuela o iglesia, scouts, u otros programas no jur\u00eddicos de servicio a la comunidad, as\u00ed como en trabajos de servicio ordenados por una corte.\" \/>\n<meta name=\"robots\" content=\"index, follow, max-snippet:-1, max-image-preview:large, max-video-preview:-1\" \/>\n<link rel=\"canonical\" href=\"https:\/\/www.harvesters.org\/es\/como-ayudar\/voluntariado\/horas-de-servicio-comunitario\" \/>\n<meta property=\"og:locale\" content=\"es_ES\" \/>\n<meta property=\"og:type\" content=\"article\" \/>\n<meta property=\"og:title\" content=\"Horas de servicio comunitario - Harvesters\" \/>\n<meta property=\"og:description\" content=\"Inf\u00f3rmese sobre c\u00f3mo inscribirse en programas de la escuela o iglesia, scouts, u otros programas no jur\u00eddicos de servicio a la comunidad, as\u00ed como en trabajos de servicio ordenados por una corte.\" \/>\n<meta property=\"og:url\" content=\"https:\/\/www.harvesters.org\/es\/como-ayudar\/voluntariado\/horas-de-servicio-comunitario\" \/>\n<meta property=\"og:site_name\" content=\"Harvesters\" \/>\n<meta property=\"article:modified_time\" content=\"2024-06-17T20:27:51+00:00\" \/>\n<meta property=\"og:image\" content=\"http:\/\/www.harvesters.org\/wp-content\/uploads\/2021\/06\/Truman-Distribution-5-crop1x1.jpg\" \/>\n<meta name=\"twitter:card\" content=\"summary_large_image\" \/>\n<meta name=\"twitter:label1\" content=\"Tiempo de lectura\" \/>\n\t<meta name=\"twitter:data1\" content=\"1 minuto\" \/>\n<script type=\"application\/ld+json\" class=\"yoast-schema-graph\">{\"@context\":\"https:\\\/\\\/schema.org\",\"@graph\":[{\"@type\":\"WebPage\",\"@id\":\"https:\\\/\\\/www.harvesters.org\\\/es\\\/como-ayudar\\\/voluntariado\\\/horas-de-servicio-comunitario\",\"url\":\"https:\\\/\\\/www.harvesters.org\\\/es\\\/como-ayudar\\\/voluntariado\\\/horas-de-servicio-comunitario\",\"name\":\"Horas de servicio comunitario - Harvesters\",\"isPartOf\":{\"@id\":\"https:\\\/\\\/www.harvesters.org\\\/#website\"},\"primaryImageOfPage\":{\"@id\":\"https:\\\/\\\/www.harvesters.org\\\/es\\\/como-ayudar\\\/voluntariado\\\/horas-de-servicio-comunitario#primaryimage\"},\"image\":{\"@id\":\"https:\\\/\\\/www.harvesters.org\\\/es\\\/como-ayudar\\\/voluntariado\\\/horas-de-servicio-comunitario#primaryimage\"},\"thumbnailUrl\":\"http:\\\/\\\/www.harvesters.org\\\/wp-content\\\/uploads\\\/2021\\\/06\\\/Truman-Distribution-5-crop1x1.jpg\",\"datePublished\":\"2021-06-01T13:24:54+00:00\",\"dateModified\":\"2024-06-17T20:27:51+00:00\",\"description\":\"Inf\u00f3rmese sobre c\u00f3mo inscribirse en programas de la escuela o iglesia, scouts, u otros programas no jur\u00eddicos de servicio a la comunidad, as\u00ed como en trabajos de servicio ordenados por una corte.\",\"breadcrumb\":{\"@id\":\"https:\\\/\\\/www.harvesters.org\\\/es\\\/como-ayudar\\\/voluntariado\\\/horas-de-servicio-comunitario#breadcrumb\"},\"inLanguage\":\"es\",\"potentialAction\":[{\"@type\":\"ReadAction\",\"target\":[\"https:\\\/\\\/www.harvesters.org\\\/es\\\/como-ayudar\\\/voluntariado\\\/horas-de-servicio-comunitario\"]}]},{\"@type\":\"ImageObject\",\"inLanguage\":\"es\",\"@id\":\"https:\\\/\\\/www.harvesters.org\\\/es\\\/como-ayudar\\\/voluntariado\\\/horas-de-servicio-comunitario#primaryimage\",\"url\":\"http:\\\/\\\/www.harvesters.org\\\/wp-content\\\/uploads\\\/2021\\\/06\\\/Truman-Distribution-5-crop1x1.jpg\",\"contentUrl\":\"http:\\\/\\\/www.harvesters.org\\\/wp-content\\\/uploads\\\/2021\\\/06\\\/Truman-Distribution-5-crop1x1.jpg\"},{\"@type\":\"BreadcrumbList\",\"@id\":\"https:\\\/\\\/www.harvesters.org\\\/es\\\/como-ayudar\\\/voluntariado\\\/horas-de-servicio-comunitario#breadcrumb\",\"itemListElement\":[{\"@type\":\"ListItem\",\"position\":1,\"name\":\"Home\",\"item\":\"https:\\\/\\\/www.harvesters.org\\\/es\"},{\"@type\":\"ListItem\",\"position\":2,\"name\":\"C\u00f3mo ayudar\",\"item\":\"https:\\\/\\\/www.harvesters.org\\\/es\\\/como-ayudar\"},{\"@type\":\"ListItem\",\"position\":3,\"name\":\"Voluntariado\",\"item\":\"https:\\\/\\\/www.harvesters.org\\\/es\\\/como-ayudar\\\/voluntariado\"},{\"@type\":\"ListItem\",\"position\":4,\"name\":\"Horas de servicio comunitario\"}]},{\"@type\":\"WebSite\",\"@id\":\"https:\\\/\\\/www.harvesters.org\\\/#website\",\"url\":\"https:\\\/\\\/www.harvesters.org\\\/\",\"name\":\"Harvesters\",\"description\":\"\",\"potentialAction\":[{\"@type\":\"SearchAction\",\"target\":{\"@type\":\"EntryPoint\",\"urlTemplate\":\"https:\\\/\\\/www.harvesters.org\\\/?s={search_term_string}\"},\"query-input\":{\"@type\":\"PropertyValueSpecification\",\"valueRequired\":true,\"valueName\":\"search_term_string\"}}],\"inLanguage\":\"es\"}]}<\/script>\n<!-- \/ Yoast SEO plugin. -->","yoast_head_json":{"title":"Horas de servicio comunitario - Harvesters","description":"Inf\u00f3rmese sobre c\u00f3mo inscribirse en programas de la escuela o iglesia, scouts, u otros programas no jur\u00eddicos de servicio a la comunidad, as\u00ed como en trabajos de servicio ordenados por una corte.","robots":{"index":"index","follow":"follow","max-snippet":"max-snippet:-1","max-image-preview":"max-image-preview:large","max-video-preview":"max-video-preview:-1"},"canonical":"https:\/\/www.harvesters.org\/es\/como-ayudar\/voluntariado\/horas-de-servicio-comunitario","og_locale":"es_ES","og_type":"article","og_title":"Horas de servicio comunitario - Harvesters","og_description":"Inf\u00f3rmese sobre c\u00f3mo inscribirse en programas de la escuela o iglesia, scouts, u otros programas no jur\u00eddicos de servicio a la comunidad, as\u00ed como en trabajos de servicio ordenados por una corte.","og_url":"https:\/\/www.harvesters.org\/es\/como-ayudar\/voluntariado\/horas-de-servicio-comunitario","og_site_name":"Harvesters","article_modified_time":"2024-06-17T20:27:51+00:00","og_image":[{"url":"http:\/\/www.harvesters.org\/wp-content\/uploads\/2021\/06\/Truman-Distribution-5-crop1x1.jpg","type":"","width":"","height":""}],"twitter_card":"summary_large_image","twitter_misc":{"Tiempo de lectura":"1 minuto"},"schema":{"@context":"https:\/\/schema.org","@graph":[{"@type":"WebPage","@id":"https:\/\/www.harvesters.org\/es\/como-ayudar\/voluntariado\/horas-de-servicio-comunitario","url":"https:\/\/www.harvesters.org\/es\/como-ayudar\/voluntariado\/horas-de-servicio-comunitario","name":"Horas de servicio comunitario - Harvesters","isPartOf":{"@id":"https:\/\/www.harvesters.org\/#website"},"primaryImageOfPage":{"@id":"https:\/\/www.harvesters.org\/es\/como-ayudar\/voluntariado\/horas-de-servicio-comunitario#primaryimage"},"image":{"@id":"https:\/\/www.harvesters.org\/es\/como-ayudar\/voluntariado\/horas-de-servicio-comunitario#primaryimage"},"thumbnailUrl":"http:\/\/www.harvesters.org\/wp-content\/uploads\/2021\/06\/Truman-Distribution-5-crop1x1.jpg","datePublished":"2021-06-01T13:24:54+00:00","dateModified":"2024-06-17T20:27:51+00:00","description":"Inf\u00f3rmese sobre c\u00f3mo inscribirse en programas de la escuela o iglesia, scouts, u otros programas no jur\u00eddicos de servicio a la comunidad, as\u00ed como en trabajos de servicio ordenados por una corte.","breadcrumb":{"@id":"https:\/\/www.harvesters.org\/es\/como-ayudar\/voluntariado\/horas-de-servicio-comunitario#breadcrumb"},"inLanguage":"es","potentialAction":[{"@type":"ReadAction","target":["https:\/\/www.harvesters.org\/es\/como-ayudar\/voluntariado\/horas-de-servicio-comunitario"]}]},{"@type":"ImageObject","inLanguage":"es","@id":"https:\/\/www.harvesters.org\/es\/como-ayudar\/voluntariado\/horas-de-servicio-comunitario#primaryimage","url":"http:\/\/www.harvesters.org\/wp-content\/uploads\/2021\/06\/Truman-Distribution-5-crop1x1.jpg","contentUrl":"http:\/\/www.harvesters.org\/wp-content\/uploads\/2021\/06\/Truman-Distribution-5-crop1x1.jpg"},{"@type":"BreadcrumbList","@id":"https:\/\/www.harvesters.org\/es\/como-ayudar\/voluntariado\/horas-de-servicio-comunitario#breadcrumb","itemListElement":[{"@type":"ListItem","position":1,"name":"Home","item":"https:\/\/www.harvesters.org\/es"},{"@type":"ListItem","position":2,"name":"C\u00f3mo ayudar","item":"https:\/\/www.harvesters.org\/es\/como-ayudar"},{"@type":"ListItem","position":3,"name":"Voluntariado","item":"https:\/\/www.harvesters.org\/es\/como-ayudar\/voluntariado"},{"@type":"ListItem","position":4,"name":"Horas de servicio comunitario"}]},{"@type":"WebSite","@id":"https:\/\/www.harvesters.org\/#website","url":"https:\/\/www.harvesters.org\/","name":"Harvesters","description":"","potentialAction":[{"@type":"SearchAction","target":{"@type":"EntryPoint","urlTemplate":"https:\/\/www.harvesters.org\/?s={search_term_string}"},"query-input":{"@type":"PropertyValueSpecification","valueRequired":true,"valueName":"search_term_string"}}],"inLanguage":"es"}]}},"uagb_featured_image_src":{"full":false,"thumbnail":false,"medium":false,"medium_large":false,"large":false,"1536x1536":false,"2048x2048":false,"alm-thumbnail":false,"featured-16-9":false,"featured-4-3":false,"featured-4-3-full":false,"featured-16-9-full":false,"gform-image-choice-sm":false,"gform-image-choice-md":false,"gform-image-choice-lg":false},"uagb_author_info":{"display_name":"John Kuefler","author_link":"https:\/\/www.harvesters.org\/es\/author\/john-kuefleruxwest-com"},"uagb_comment_info":0,"uagb_excerpt":"C\u00f3mo conseguir que le aprueben las horas Horas de servicio comunitario Los voluntarios que necesitan horas confirmadas para la escuela, los scouts, la iglesia u otros programas de servicio comunitario no jur\u00eddicos pueden programar horas\u2026 More","_links":{"self":[{"href":"https:\/\/www.harvesters.org\/es\/wp-json\/wp\/v2\/pages\/9446","targetHints":{"allow":["GET"]}}],"collection":[{"href":"https:\/\/www.harvesters.org\/es\/wp-json\/wp\/v2\/pages"}],"about":[{"href":"https:\/\/www.harvesters.org\/es\/wp-json\/wp\/v2\/types\/page"}],"author":[{"embeddable":true,"href":"https:\/\/www.harvesters.org\/es\/wp-json\/wp\/v2\/users\/3"}],"replies":[{"embeddable":true,"href":"https:\/\/www.harvesters.org\/es\/wp-json\/wp\/v2\/comments?post=9446"}],"version-history":[{"count":10,"href":"https:\/\/www.harvesters.org\/es\/wp-json\/wp\/v2\/pages\/9446\/revisions"}],"predecessor-version":[{"id":11614,"href":"https:\/\/www.harvesters.org\/es\/wp-json\/wp\/v2\/pages\/9446\/revisions\/11614"}],"up":[{"embeddable":true,"href":"https:\/\/www.harvesters.org\/es\/wp-json\/wp\/v2\/pages\/9482"}],"wp:attachment":[{"href":"https:\/\/www.harvesters.org\/es\/wp-json\/wp\/v2\/media?parent=9446"}],"curies":[{"name":"wp","href":"https:\/\/api.w.org\/{rel}","templated":true}]}}