{"id":9436,"date":"2021-06-01T08:25:07","date_gmt":"2021-06-01T13:25:07","guid":{"rendered":"https:\/\/www.harvesters.org\/?page_id=9436"},"modified":"2024-12-03T11:30:23","modified_gmt":"2024-12-03T17:30:23","slug":"conviertase-en-embajador","status":"publish","type":"page","link":"https:\/\/www.harvesters.org\/es\/como-ayudar\/voluntariado\/conviertase-en-embajador","title":{"rendered":"Convi\u00e9rtase en embajador"},"content":{"rendered":"\n<h2 class=\"wp-block-heading\" id=\"harvesters-hunger-fighters\">Luchadores contra el hambre<\/h2>\n\n\n\n<p>Harvesters cuenta con un grupo de voluntarios que han llevado su compromiso a un nivel superior y se han convertido en Embajadores Harvesters. A trav\u00e9s de discursos y liderazgo en proyectos especiales, los Embajadores proporcionan un mayor apoyo a la misi\u00f3n de Harvesters. Los embajadores ayudan a crear una mayor conciencia y comprensi\u00f3n de la inseguridad alimentaria en nuestra comunidad y de c\u00f3mo Harvesters trabaja para satisfacer esa necesidad.  <\/p>\n\n\n\n<div style=\"height:15px\" aria-hidden=\"true\" class=\"wp-block-spacer\"><\/div>\n\n\n\n<hr class=\"wp-block-separator has-text-color has-blue-color has-css-opacity has-blue-background-color has-background is-style-wide\"\/>\n\n\n\n<div style=\"height:15px\" aria-hidden=\"true\" class=\"wp-block-spacer\"><\/div>\n\n\n\n<div class=\"wp-block-pb-accordion-item c-accordion__item js-accordion-item no-js\" data-initially-open=\"false\" data-click-to-close=\"true\" data-auto-close=\"true\" data-scroll=\"false\" data-scroll-offset=\"0\"><h2 id=\"at-94360\" class=\"c-accordion__title js-accordion-controller\" role=\"button\">What Ambassadors Do<\/h2><div id=\"ac-94360\" class=\"c-accordion__content\">\n<p>Los embajadores nos ayudan en diversos proyectos. Puede ser cualquier cosa, desde hablar con un grupo sobre el hambre, ofrecer visitas a nuestras instalaciones, facilitar actividades de aprendizaje o dirigir una campa\u00f1a de recogida de alimentos o un proyecto de voluntariado.<\/p>\n<\/div><\/div>\n\n\n\n<hr class=\"wp-block-separator has-text-color has-blue-color has-css-opacity has-blue-background-color has-background is-style-wide\"\/>\n\n\n\n<div style=\"height:15px\" aria-hidden=\"true\" class=\"wp-block-spacer\"><\/div>\n\n\n\n<div class=\"wp-block-pb-accordion-item c-accordion__item js-accordion-item no-js\" data-initially-open=\"false\" data-click-to-close=\"true\" data-auto-close=\"true\" data-scroll=\"false\" data-scroll-offset=\"0\"><h2 id=\"at-94361\" class=\"c-accordion__title js-accordion-controller\" role=\"button\">Why Ambassadors are Important<\/h2><div id=\"ac-94361\" class=\"c-accordion__content\">\n<p>Los embajadores nos ayudan a ampliar nuestro alcance e impacto en la comunidad. Le proporcionaremos formaci\u00f3n y mensajes actuales (temas de debate, guiones, publicaciones en redes sociales, etc.) sobre c\u00f3mo abordamos estas cuestiones, as\u00ed como estad\u00edsticas para educar a la comunidad. Si tienes aptitudes profesionales y ganas de implicar a otros en nuestra misi\u00f3n, \u00a1esta oportunidad puede ser perfecta para ti!<\/p>\n<\/div><\/div>\n\n\n\n<hr class=\"wp-block-separator has-text-color has-blue-color has-css-opacity has-blue-background-color has-background is-style-wide\"\/>\n\n\n\n<div style=\"height:15px\" aria-hidden=\"true\" class=\"wp-block-spacer\"><\/div>\n\n\n\n<div class=\"wp-block-pb-accordion-item c-accordion__item js-accordion-item no-js\" data-initially-open=\"false\" data-click-to-close=\"true\" data-auto-close=\"true\" data-scroll=\"false\" data-scroll-offset=\"0\"><h2 id=\"at-94362\" class=\"c-accordion__title js-accordion-controller\" role=\"button\">Yearly Ambassador Commitment<\/h2><div id=\"ac-94362\" class=\"c-accordion__content\">\n<p>El programa de Embajadores de Harvesters es un compromiso de un a\u00f1o, basado en nuestro a\u00f1o fiscal (julio-junio). Los participantes deben comprometerse a prestar 24 horas de servicio cada trimestre. Se pedir\u00e1 a los embajadores que rellenen una lista de preferencias e intereses y un inventario de aptitudes para que el personal pueda facilitar una correspondencia adecuada y significativa con los proyectos, oportunidades y acciones.<\/p>\n<\/div><\/div>\n\n\n\n<hr class=\"wp-block-separator has-text-color has-blue-color has-css-opacity has-blue-background-color has-background is-style-wide\"\/>\n\n\n\n<div style=\"height:15px\" aria-hidden=\"true\" class=\"wp-block-spacer\"><\/div>\n\n\n\n<div class=\"wp-block-pb-accordion-item c-accordion__item js-accordion-item no-js\" data-initially-open=\"false\" data-click-to-close=\"true\" data-auto-close=\"true\" data-scroll=\"false\" data-scroll-offset=\"0\"><h2 id=\"at-94363\" class=\"c-accordion__title js-accordion-controller\" role=\"button\">Requirements to Become an Ambassador<\/h2><div id=\"ac-94363\" class=\"c-accordion__content\">\n<p>Los solicitantes deben haber completado un m\u00ednimo de 24 horas de participaci\u00f3n con Harvesters durante el a\u00f1o anterior. Se da preferencia a los solicitantes que demuestren una participaci\u00f3n sostenida y que se hayan esforzado por participar como voluntarios en varias de las siguientes actividades, o un esfuerzo significativo en una o m\u00e1s de las siguientes: voluntariado en el almac\u00e9n, otro voluntariado in situ (Servicios de la Agencia, Desarrollo de Fondos, Recepci\u00f3n, Furgoneta de Carga, etc.), recogida de alimentos fuera de las instalaciones, campa\u00f1as de recaudaci\u00f3n de fondos, eventos fuera de las instalaciones, promoci\u00f3n u otros proyectos especiales.<\/p>\n<\/div><\/div>\n\n\n\n<hr class=\"wp-block-separator has-text-color has-blue-color has-css-opacity has-blue-background-color has-background is-style-wide\"\/>\n\n\n\n<div style=\"height:15px\" aria-hidden=\"true\" class=\"wp-block-spacer\"><\/div>\n\n\n\n<div class=\"wp-block-pb-accordion-item c-accordion__item js-accordion-item no-js\" data-initially-open=\"false\" data-click-to-close=\"true\" data-auto-close=\"true\" data-scroll=\"false\" data-scroll-offset=\"0\"><h2 id=\"at-94364\" class=\"c-accordion__title js-accordion-controller\" role=\"button\">Apply to Become an Ambassador<\/h2><div id=\"ac-94364\" class=\"c-accordion__content\">\n<p>Para presentar su candidatura, env\u00ede el siguiente formulario. Una vez presentada su solicitud, recibir\u00e1 un acuse de recibo. Tras revisar su solicitud, nos pondremos en contacto con usted para concertar una entrevista. Si es seleccionado para ser Embajador, se le pedir\u00e1 que complete una verificaci\u00f3n de antecedentes.<\/p>\n\n\n\n<\/div><\/div>\n\n\n\n<hr class=\"wp-block-separator has-text-color has-blue-color has-css-opacity has-blue-background-color has-background is-style-wide\"\/>\n\n\n\n<div style=\"height:30px\" aria-hidden=\"true\" class=\"wp-block-spacer\"><\/div>\n\n\n\n<p>\u00bfEs usted Embajador y busca oportunidades y recursos para serlo?  <\/p>\n\n\n\n<div style=\"height:15px\" aria-hidden=\"true\" class=\"wp-block-spacer\"><\/div>\n\n\n\n<div class=\"wp-block-buttons is-layout-flex wp-block-buttons-is-layout-flex\">\n<div class=\"wp-block-button has-custom-width wp-block-button__width-50 is-style-fill\"><a class=\"wp-block-button__link has-white-color has-secondary-background-color has-text-color has-background wp-element-button\" href=\"https:\/\/www.harvesters.org\/es?page_id=9393\" style=\"border-radius:6px\">ACCESO DE EMBAJADORES<\/a><\/div>\n<\/div>\n\n\n\n<div style=\"height:21px\" aria-hidden=\"true\" class=\"wp-block-spacer\"><\/div>\n\n\n\n<h3 class=\"wp-block-heading\" id=\"have-a-question-or-need-additional-information-contact-us\">\u00bfTiene alguna pregunta o necesita m\u00e1s informaci\u00f3n? P\u00f3ngase en contacto con nosotros:<\/h3>\n\n\n\n<p>Kansas City: llame al (816) 929-3090 o env\u00ede un correo electr\u00f3nico <a href=\"mailto:getinvolved@harvesters.org\">a getinvolved@harvesters.org<\/a>.  <br>Topeka: llame al (785) 861-7750 o env\u00ede un correo electr\u00f3nico <a href=\"mailto:fighthunger@harvesters.org\">a fighthunger@harvesters.org.<\/a><\/p>\n\n\n\n<div style=\"height:60px\" aria-hidden=\"true\" class=\"wp-block-spacer\"><\/div>\n\n\n\n<div style=\"height:61px\" aria-hidden=\"true\" class=\"wp-block-spacer\"><\/div>\n","protected":false},"excerpt":{"rendered":"<p>Luchadores contra el hambre Harvesters cuenta con un grupo de voluntarios que han llevado su compromiso a un nivel superior y se han convertido en Embajadores Harvesters. A trav\u00e9s de discursos y liderazgo en proyectos\u2026 <a href=\"https:\/\/www.harvesters.org\/es\/como-ayudar\/voluntariado\/conviertase-en-embajador\" class=\"read-more\">More<\/a><\/p>\n","protected":false},"author":3,"featured_media":0,"parent":9482,"menu_order":4,"comment_status":"closed","ping_status":"closed","template":"","meta":{"_acf_changed":false,"inline_featured_image":false,"_uag_custom_page_level_css":"","footnotes":""},"class_list":["post-9436","page","type-page","status-publish","hentry"],"acf":[],"yoast_head":"<!-- This site is optimized with the Yoast SEO plugin v27.5 - https:\/\/yoast.com\/product\/yoast-seo-wordpress\/ -->\n<title>Convi\u00e9rtase en embajador - Harvesters<\/title>\n<meta name=\"description\" content=\"Los embajadores ayudan a Harvesters en diversos proyectos, desde hablar con grupos sobre el hambre hasta dirigir una campa\u00f1a de recogida de alimentos o un proyecto de voluntariado.\" \/>\n<meta name=\"robots\" content=\"index, follow, max-snippet:-1, max-image-preview:large, max-video-preview:-1\" \/>\n<link rel=\"canonical\" href=\"https:\/\/www.harvesters.org\/es\/como-ayudar\/voluntariado\/conviertase-en-embajador\" \/>\n<meta property=\"og:locale\" content=\"es_ES\" \/>\n<meta property=\"og:type\" content=\"article\" \/>\n<meta property=\"og:title\" content=\"Convi\u00e9rtase en embajador - Harvesters\" \/>\n<meta property=\"og:description\" content=\"Los embajadores ayudan a Harvesters en diversos proyectos, desde hablar con grupos sobre el hambre hasta dirigir una campa\u00f1a de recogida de alimentos o un proyecto de voluntariado.\" \/>\n<meta property=\"og:url\" content=\"https:\/\/www.harvesters.org\/es\/como-ayudar\/voluntariado\/conviertase-en-embajador\" \/>\n<meta property=\"og:site_name\" content=\"Harvesters\" \/>\n<meta property=\"article:modified_time\" content=\"2024-12-03T17:30:23+00:00\" \/>\n<meta name=\"twitter:card\" content=\"summary_large_image\" \/>\n<meta name=\"twitter:label1\" content=\"Tiempo de lectura\" \/>\n\t<meta name=\"twitter:data1\" content=\"3 minutos\" \/>\n<script type=\"application\/ld+json\" class=\"yoast-schema-graph\">{\"@context\":\"https:\\\/\\\/schema.org\",\"@graph\":[{\"@type\":\"WebPage\",\"@id\":\"https:\\\/\\\/www.harvesters.org\\\/es\\\/como-ayudar\\\/voluntariado\\\/conviertase-en-embajador\",\"url\":\"https:\\\/\\\/www.harvesters.org\\\/es\\\/como-ayudar\\\/voluntariado\\\/conviertase-en-embajador\",\"name\":\"Convi\u00e9rtase en embajador - Harvesters\",\"isPartOf\":{\"@id\":\"https:\\\/\\\/www.harvesters.org\\\/#website\"},\"datePublished\":\"2021-06-01T13:25:07+00:00\",\"dateModified\":\"2024-12-03T17:30:23+00:00\",\"description\":\"Los embajadores ayudan a Harvesters en diversos proyectos, desde hablar con grupos sobre el hambre hasta dirigir una campa\u00f1a de recogida de alimentos o un proyecto de voluntariado.\",\"breadcrumb\":{\"@id\":\"https:\\\/\\\/www.harvesters.org\\\/es\\\/como-ayudar\\\/voluntariado\\\/conviertase-en-embajador#breadcrumb\"},\"inLanguage\":\"es\",\"potentialAction\":[{\"@type\":\"ReadAction\",\"target\":[\"https:\\\/\\\/www.harvesters.org\\\/es\\\/como-ayudar\\\/voluntariado\\\/conviertase-en-embajador\"]}]},{\"@type\":\"BreadcrumbList\",\"@id\":\"https:\\\/\\\/www.harvesters.org\\\/es\\\/como-ayudar\\\/voluntariado\\\/conviertase-en-embajador#breadcrumb\",\"itemListElement\":[{\"@type\":\"ListItem\",\"position\":1,\"name\":\"Home\",\"item\":\"https:\\\/\\\/www.harvesters.org\\\/es\"},{\"@type\":\"ListItem\",\"position\":2,\"name\":\"C\u00f3mo ayudar\",\"item\":\"https:\\\/\\\/www.harvesters.org\\\/es\\\/como-ayudar\"},{\"@type\":\"ListItem\",\"position\":3,\"name\":\"Voluntariado\",\"item\":\"https:\\\/\\\/www.harvesters.org\\\/es\\\/como-ayudar\\\/voluntariado\"},{\"@type\":\"ListItem\",\"position\":4,\"name\":\"Convi\u00e9rtase en embajador\"}]},{\"@type\":\"WebSite\",\"@id\":\"https:\\\/\\\/www.harvesters.org\\\/#website\",\"url\":\"https:\\\/\\\/www.harvesters.org\\\/\",\"name\":\"Harvesters\",\"description\":\"\",\"potentialAction\":[{\"@type\":\"SearchAction\",\"target\":{\"@type\":\"EntryPoint\",\"urlTemplate\":\"https:\\\/\\\/www.harvesters.org\\\/?s={search_term_string}\"},\"query-input\":{\"@type\":\"PropertyValueSpecification\",\"valueRequired\":true,\"valueName\":\"search_term_string\"}}],\"inLanguage\":\"es\"}]}<\/script>\n<!-- \/ Yoast SEO plugin. -->","yoast_head_json":{"title":"Convi\u00e9rtase en embajador - Harvesters","description":"Los embajadores ayudan a Harvesters en diversos proyectos, desde hablar con grupos sobre el hambre hasta dirigir una campa\u00f1a de recogida de alimentos o un proyecto de voluntariado.","robots":{"index":"index","follow":"follow","max-snippet":"max-snippet:-1","max-image-preview":"max-image-preview:large","max-video-preview":"max-video-preview:-1"},"canonical":"https:\/\/www.harvesters.org\/es\/como-ayudar\/voluntariado\/conviertase-en-embajador","og_locale":"es_ES","og_type":"article","og_title":"Convi\u00e9rtase en embajador - Harvesters","og_description":"Los embajadores ayudan a Harvesters en diversos proyectos, desde hablar con grupos sobre el hambre hasta dirigir una campa\u00f1a de recogida de alimentos o un proyecto de voluntariado.","og_url":"https:\/\/www.harvesters.org\/es\/como-ayudar\/voluntariado\/conviertase-en-embajador","og_site_name":"Harvesters","article_modified_time":"2024-12-03T17:30:23+00:00","twitter_card":"summary_large_image","twitter_misc":{"Tiempo de lectura":"3 minutos"},"schema":{"@context":"https:\/\/schema.org","@graph":[{"@type":"WebPage","@id":"https:\/\/www.harvesters.org\/es\/como-ayudar\/voluntariado\/conviertase-en-embajador","url":"https:\/\/www.harvesters.org\/es\/como-ayudar\/voluntariado\/conviertase-en-embajador","name":"Convi\u00e9rtase en embajador - Harvesters","isPartOf":{"@id":"https:\/\/www.harvesters.org\/#website"},"datePublished":"2021-06-01T13:25:07+00:00","dateModified":"2024-12-03T17:30:23+00:00","description":"Los embajadores ayudan a Harvesters en diversos proyectos, desde hablar con grupos sobre el hambre hasta dirigir una campa\u00f1a de recogida de alimentos o un proyecto de voluntariado.","breadcrumb":{"@id":"https:\/\/www.harvesters.org\/es\/como-ayudar\/voluntariado\/conviertase-en-embajador#breadcrumb"},"inLanguage":"es","potentialAction":[{"@type":"ReadAction","target":["https:\/\/www.harvesters.org\/es\/como-ayudar\/voluntariado\/conviertase-en-embajador"]}]},{"@type":"BreadcrumbList","@id":"https:\/\/www.harvesters.org\/es\/como-ayudar\/voluntariado\/conviertase-en-embajador#breadcrumb","itemListElement":[{"@type":"ListItem","position":1,"name":"Home","item":"https:\/\/www.harvesters.org\/es"},{"@type":"ListItem","position":2,"name":"C\u00f3mo ayudar","item":"https:\/\/www.harvesters.org\/es\/como-ayudar"},{"@type":"ListItem","position":3,"name":"Voluntariado","item":"https:\/\/www.harvesters.org\/es\/como-ayudar\/voluntariado"},{"@type":"ListItem","position":4,"name":"Convi\u00e9rtase en embajador"}]},{"@type":"WebSite","@id":"https:\/\/www.harvesters.org\/#website","url":"https:\/\/www.harvesters.org\/","name":"Harvesters","description":"","potentialAction":[{"@type":"SearchAction","target":{"@type":"EntryPoint","urlTemplate":"https:\/\/www.harvesters.org\/?s={search_term_string}"},"query-input":{"@type":"PropertyValueSpecification","valueRequired":true,"valueName":"search_term_string"}}],"inLanguage":"es"}]}},"uagb_featured_image_src":{"full":false,"thumbnail":false,"medium":false,"medium_large":false,"large":false,"1536x1536":false,"2048x2048":false,"alm-thumbnail":false,"featured-16-9":false,"featured-4-3":false,"featured-4-3-full":false,"featured-16-9-full":false,"gform-image-choice-sm":false,"gform-image-choice-md":false,"gform-image-choice-lg":false},"uagb_author_info":{"display_name":"John Kuefler","author_link":"https:\/\/www.harvesters.org\/es\/author\/john-kuefleruxwest-com"},"uagb_comment_info":0,"uagb_excerpt":"Luchadores contra el hambre Harvesters cuenta con un grupo de voluntarios que han llevado su compromiso a un nivel superior y se han convertido en Embajadores Harvesters. A trav\u00e9s de discursos y liderazgo en proyectos\u2026 More","_links":{"self":[{"href":"https:\/\/www.harvesters.org\/es\/wp-json\/wp\/v2\/pages\/9436","targetHints":{"allow":["GET"]}}],"collection":[{"href":"https:\/\/www.harvesters.org\/es\/wp-json\/wp\/v2\/pages"}],"about":[{"href":"https:\/\/www.harvesters.org\/es\/wp-json\/wp\/v2\/types\/page"}],"author":[{"embeddable":true,"href":"https:\/\/www.harvesters.org\/es\/wp-json\/wp\/v2\/users\/3"}],"replies":[{"embeddable":true,"href":"https:\/\/www.harvesters.org\/es\/wp-json\/wp\/v2\/comments?post=9436"}],"version-history":[{"count":4,"href":"https:\/\/www.harvesters.org\/es\/wp-json\/wp\/v2\/pages\/9436\/revisions"}],"predecessor-version":[{"id":12913,"href":"https:\/\/www.harvesters.org\/es\/wp-json\/wp\/v2\/pages\/9436\/revisions\/12913"}],"up":[{"embeddable":true,"href":"https:\/\/www.harvesters.org\/es\/wp-json\/wp\/v2\/pages\/9482"}],"wp:attachment":[{"href":"https:\/\/www.harvesters.org\/es\/wp-json\/wp\/v2\/media?parent=9436"}],"curies":[{"name":"wp","href":"https:\/\/api.w.org\/{rel}","templated":true}]}}