{"id":9435,"date":"2021-06-01T13:50:01","date_gmt":"2021-06-01T18:50:01","guid":{"rendered":"https:\/\/www.harvesters.org\/?page_id=9435"},"modified":"2024-12-10T13:24:50","modified_gmt":"2024-12-10T19:24:50","slug":"alimentacion-para-personas-mayores","status":"publish","type":"page","link":"https:\/\/www.harvesters.org\/es\/sobre-harvesters\/nuestros-programas\/alimentacion-para-personas-mayores","title":{"rendered":"Alimentar a las personas mayores"},"content":{"rendered":"\n<h2 class=\"wp-block-heading\">Esforz\u00e1ndose por la independencia y la salud de las personas mayores<\/h2>\n\n<p>M\u00e1s de 5 millones de personas mayores del pa\u00eds corren el riesgo de pasar hambre. La inseguridad alimentaria entre las personas mayores var\u00eda seg\u00fan el estado y la regi\u00f3n. En Kansas, el 8.8% de las personas mayores sufren inseguridad alimentaria (la d\u00e9cima tasa m\u00e1s alta del pa\u00eds) y en Missouri la tasa es del 7.3%. En el \u00e1rea metropolitana de Kansas City, Mo., la tasa de inseguridad alimentaria de las personas mayores es del 8.1%.<\/p>\n\n<p>Adem\u00e1s, las personas mayores que padecen inseguridad alimentaria corren mayor riesgo de sufrir depresi\u00f3n y enfermedades cr\u00f3nicas, en gran parte porque el acceso limitado a alimentos saludables provoca problemas de salud y movilidad. Tienen un 262% m\u00e1s de probabilidades de sufrir depresi\u00f3n y un 71% m\u00e1s de probabilidades de sufrir insuficiencia cardiaca. Para m\u00e1s informaci\u00f3n, <a href=\"http:\/\/www.harvesters.org\/wp-content\/uploads\/2021\/09\/State-of-Senior-Hunger-in-2019-Executive-Summary.pdf\" target=\"_blank\" rel=\"noreferrer noopener\">lea el resumen ejecutivo del Informe Sobre el Hambre en las Personas Mayores de Feeding America.<\/a><\/p>\n\n<div style=\"height:20px\" aria-hidden=\"true\" class=\"wp-block-spacer\"><\/div>\n\n<hr class=\"wp-block-separator has-text-color has-blue-color has-css-opacity has-blue-background-color has-background is-style-wide\"\/>\n\n<div style=\"height:40px\" aria-hidden=\"true\" class=\"wp-block-spacer\"><\/div>\n\n<div class=\"wp-block-columns is-layout-flex wp-container-core-columns-is-layout-9d6595d7 wp-block-columns-is-layout-flex\">\n<div class=\"wp-block-column is-layout-flow wp-block-column-is-layout-flow\" style=\"flex-basis:40%\">\n<figure class=\"wp-block-image size-full\"><img loading=\"lazy\" decoding=\"async\" width=\"1000\" height=\"750\" src=\"http:\/\/www.harvesters.org\/wp-content\/uploads\/2021\/08\/Senior-Bus.jpg\" alt=\"Mujeres mayores en una distribuci&#xF3;n m&#xF3;vil\" class=\"wp-image-4016\" srcset=\"https:\/\/www.harvesters.org\/wp-content\/uploads\/2021\/08\/Senior-Bus.jpg 1000w, https:\/\/www.harvesters.org\/wp-content\/uploads\/2021\/08\/Senior-Bus-300x225.jpg 300w, https:\/\/www.harvesters.org\/wp-content\/uploads\/2021\/08\/Senior-Bus-768x576.jpg 768w, https:\/\/www.harvesters.org\/wp-content\/uploads\/2021\/08\/Senior-Bus-383x287.jpg 383w, https:\/\/www.harvesters.org\/wp-content\/uploads\/2021\/08\/Senior-Bus-950x712.jpg 950w\" sizes=\"auto, (max-width: 1000px) 100vw, 1000px\" \/><\/figure>\n<\/div>\n\n\n\n<div class=\"wp-block-column is-layout-flow wp-block-column-is-layout-flow\" style=\"flex-basis:60%\">\n<h3 class=\"wp-block-heading\">Despensas m\u00f3viles para personas mayores<\/h3>\n\n\n\n<p>Las despensas m\u00f3viles de alimentos para personas mayores son una asociaci\u00f3n entre Harvesters y organizaciones sin fines de lucro que prestan servicios sociales a personas mayores en situaci\u00f3n de riesgo que viven en comunidades de viviendas de ingresos bajos a moderados. Nuestros camiones refrigerados reparten frutas, verduras, productos l\u00e1cteos y panes frescos a las personas mayores. Muchas de estas personas mayores est\u00e1n confinadas en casa, viven con peque\u00f1os ingresos fijos y tienen un acceso limitado a las tiendas de comestibles. Este programa les ayuda a seguir llevando una vida sana e independiente.<\/p>\n<\/div>\n<\/div>\n\n<hr class=\"wp-block-separator has-text-color has-blue-color has-css-opacity has-blue-background-color has-background is-style-wide\"\/>\n\n<div style=\"height:40px\" aria-hidden=\"true\" class=\"wp-block-spacer\"><\/div>\n\n<div class=\"wp-block-columns is-layout-flex wp-container-core-columns-is-layout-9d6595d7 wp-block-columns-is-layout-flex\">\n<div class=\"wp-block-column is-layout-flow wp-block-column-is-layout-flow\" style=\"flex-basis:40%\">\n<figure class=\"wp-block-image size-full\"><img loading=\"lazy\" decoding=\"async\" width=\"1000\" height=\"750\" src=\"http:\/\/www.harvesters.org\/wp-content\/uploads\/2021\/08\/Senior-Woman-in-Car.jpg\" alt=\"Mujer mayor sentada en un auto\" class=\"wp-image-4021\" srcset=\"https:\/\/www.harvesters.org\/wp-content\/uploads\/2021\/08\/Senior-Woman-in-Car.jpg 1000w, https:\/\/www.harvesters.org\/wp-content\/uploads\/2021\/08\/Senior-Woman-in-Car-300x225.jpg 300w, https:\/\/www.harvesters.org\/wp-content\/uploads\/2021\/08\/Senior-Woman-in-Car-768x576.jpg 768w, https:\/\/www.harvesters.org\/wp-content\/uploads\/2021\/08\/Senior-Woman-in-Car-383x287.jpg 383w, https:\/\/www.harvesters.org\/wp-content\/uploads\/2021\/08\/Senior-Woman-in-Car-950x712.jpg 950w\" sizes=\"auto, (max-width: 1000px) 100vw, 1000px\" \/><\/figure>\n<\/div>\n\n\n\n<div class=\"wp-block-column is-layout-flow wp-block-column-is-layout-flow\" style=\"flex-basis:60%\">\n<h3 class=\"wp-block-heading\">Productos B\u00e1sicos para Personas Mayores (CSFP)<\/h3>\n\n\n\n<p>En colaboraci\u00f3n con el gobierno federal, muchas de las agencias de Harvesters distribuyen mensualmente cajas de alimentos b\u00e1sicos a personas mayores con bajos ingresos a trav\u00e9s del <a href=\"https:\/\/www.fns.usda.gov\/csfp\/commodity-supplemental-food-program\" target=\"_blank\" rel=\"noreferrer noopener\">Programa Suplementario de Alimentos B\u00e1sicos<\/a> (CSFP). Las cajas contienen productos de larga duraci\u00f3n como leche, jugos de fruta, pasta, arroz, mantequilla de man\u00ed y latas de carne, frutas y verduras. <a href=\"http:\/\/www.harvesters.org\/wp-content\/uploads\/2023\/01\/CSFP-Flyer-2023.pdf\" target=\"_blank\" rel=\"noreferrer noopener\">Descargue este panfleto<\/a> para obtener m\u00e1s informaci\u00f3n o p\u00f3ngase en contacto con nosotros en <a href=\"mailto:govprograms@harvesters.org\" target=\"_blank\" rel=\"noreferrer noopener\">govprograms@harvesters.org<\/a> para averiguar si califica y localizar a un proveedor cerca de usted.<\/p>\n\n\n\n<p>Esta instituci\u00f3n ofrece <a href=\"http:\/\/www.harvesters.org\/equal-opportunity\/\" target=\"_blank\" rel=\"noreferrer noopener\">igualdad de oportunidades<\/a>.<\/p>\n<\/div>\n<\/div>\n\n<hr class=\"wp-block-separator has-text-color has-blue-color has-css-opacity has-blue-background-color has-background is-style-wide\"\/>\n\n<div style=\"height:40px\" aria-hidden=\"true\" class=\"wp-block-spacer\"><\/div>\n\n<div class=\"wp-block-columns is-layout-flex wp-container-core-columns-is-layout-9d6595d7 wp-block-columns-is-layout-flex\">\n<div class=\"wp-block-column is-layout-flow wp-block-column-is-layout-flow\" style=\"flex-basis:40%\">\n<figure class=\"wp-block-image size-full\"><img loading=\"lazy\" decoding=\"async\" width=\"1000\" height=\"750\" src=\"http:\/\/www.harvesters.org\/wp-content\/uploads\/2021\/08\/Senior-Couple-Holding-Strawberries.jpg\" alt=\"Pareja de personas mayores con fresas en la mano\" class=\"wp-image-4020\" srcset=\"https:\/\/www.harvesters.org\/wp-content\/uploads\/2021\/08\/Senior-Couple-Holding-Strawberries.jpg 1000w, https:\/\/www.harvesters.org\/wp-content\/uploads\/2021\/08\/Senior-Couple-Holding-Strawberries-300x225.jpg 300w, https:\/\/www.harvesters.org\/wp-content\/uploads\/2021\/08\/Senior-Couple-Holding-Strawberries-768x576.jpg 768w, https:\/\/www.harvesters.org\/wp-content\/uploads\/2021\/08\/Senior-Couple-Holding-Strawberries-383x287.jpg 383w, https:\/\/www.harvesters.org\/wp-content\/uploads\/2021\/08\/Senior-Couple-Holding-Strawberries-950x712.jpg 950w\" sizes=\"auto, (max-width: 1000px) 100vw, 1000px\" \/><\/figure>\n<\/div>\n\n\n\n<div class=\"wp-block-column is-layout-flow wp-block-column-is-layout-flow\" style=\"flex-basis:60%\">\n<h3 class=\"wp-block-heading\">Programa de Asistencia Nutricional Suplementaria (SNAP)<\/h3>\n\n\n\n<p>El SNAP (Programa de Asistencia Nutricional Suplementaria) es otra buena opci\u00f3n para las personas mayores. El SNAP proporciona beneficios en una tarjeta EBT que funciona como una tarjeta de d\u00e9bito y permite a las personas mayores comprar comestibles que satisfagan sus necesidades diet\u00e9ticas y culturales.<\/p>\n\n\n\n<p><a href=\"https:\/\/www.harvesters.org\/es\/asistencia-con-snap\">Obtenga m\u00e1s informaci\u00f3n sobre SNAP<\/a> y c\u00f3mo ponerse en contacto con nuestro equipo Extensi\u00f3n de SNAP para obtener ayuda para solicitar beneficios.<\/p>\n<\/div>\n<\/div>\n\n<div style=\"height:60px\" aria-hidden=\"true\" class=\"wp-block-spacer\"><\/div>\n","protected":false},"excerpt":{"rendered":"<p>Esforz\u00e1ndose por la independencia y la salud de las personas mayores M\u00e1s de 5 millones de personas mayores del pa\u00eds corren el riesgo de pasar hambre. La inseguridad alimentaria entre las personas mayores var\u00eda seg\u00fan\u2026 <a href=\"https:\/\/www.harvesters.org\/es\/sobre-harvesters\/nuestros-programas\/alimentacion-para-personas-mayores\" class=\"read-more\">More<\/a><\/p>\n","protected":false},"author":3,"featured_media":0,"parent":9483,"menu_order":3,"comment_status":"closed","ping_status":"closed","template":"","meta":{"_acf_changed":false,"inline_featured_image":false,"_uag_custom_page_level_css":"","footnotes":""},"class_list":["post-9435","page","type-page","status-publish","hentry"],"acf":[],"yoast_head":"<!-- This site is optimized with the Yoast SEO plugin v27.5 - https:\/\/yoast.com\/product\/yoast-seo-wordpress\/ -->\n<title>Alimentar a las personas mayores - Harvesters<\/title>\n<meta name=\"description\" content=\"Alimentando a las personas mayores a trav\u00e9s de despensas m\u00f3viles de alimentos, el Programa Suplementario de Productos B\u00e1sicos (CSFP), SNAP (Programa de Asistencia Nutricional Suplementaria) y m\u00e1s.\" \/>\n<meta name=\"robots\" content=\"index, follow, max-snippet:-1, max-image-preview:large, max-video-preview:-1\" \/>\n<link rel=\"canonical\" href=\"https:\/\/www.harvesters.org\/es\/sobre-harvesters\/nuestros-programas\/alimentacion-para-personas-mayores\" \/>\n<meta property=\"og:locale\" content=\"es_ES\" \/>\n<meta property=\"og:type\" content=\"article\" \/>\n<meta property=\"og:title\" content=\"Alimentar a las personas mayores - Harvesters\" \/>\n<meta property=\"og:description\" content=\"Alimentando a las personas mayores a trav\u00e9s de despensas m\u00f3viles de alimentos, el Programa Suplementario de Productos B\u00e1sicos (CSFP), SNAP (Programa de Asistencia Nutricional Suplementaria) y m\u00e1s.\" \/>\n<meta property=\"og:url\" content=\"https:\/\/www.harvesters.org\/es\/sobre-harvesters\/nuestros-programas\/alimentacion-para-personas-mayores\" \/>\n<meta property=\"og:site_name\" content=\"Harvesters\" \/>\n<meta property=\"article:modified_time\" content=\"2024-12-10T19:24:50+00:00\" \/>\n<meta property=\"og:image\" content=\"https:\/\/www.harvesters.org\/wp-content\/uploads\/2021\/08\/Senior-Bus.jpg\" \/>\n\t<meta property=\"og:image:width\" content=\"1000\" \/>\n\t<meta property=\"og:image:height\" content=\"750\" \/>\n\t<meta property=\"og:image:type\" content=\"image\/jpeg\" \/>\n<meta name=\"twitter:card\" content=\"summary_large_image\" \/>\n<meta name=\"twitter:label1\" content=\"Tiempo de lectura\" \/>\n\t<meta name=\"twitter:data1\" content=\"3 minutos\" \/>\n<script type=\"application\/ld+json\" class=\"yoast-schema-graph\">{\"@context\":\"https:\\\/\\\/schema.org\",\"@graph\":[{\"@type\":\"WebPage\",\"@id\":\"https:\\\/\\\/www.harvesters.org\\\/es\\\/sobre-harvesters\\\/nuestros-programas\\\/alimentacion-para-personas-mayores\",\"url\":\"https:\\\/\\\/www.harvesters.org\\\/es\\\/sobre-harvesters\\\/nuestros-programas\\\/alimentacion-para-personas-mayores\",\"name\":\"Alimentar a las personas mayores - Harvesters\",\"isPartOf\":{\"@id\":\"https:\\\/\\\/www.harvesters.org\\\/#website\"},\"primaryImageOfPage\":{\"@id\":\"https:\\\/\\\/www.harvesters.org\\\/es\\\/sobre-harvesters\\\/nuestros-programas\\\/alimentacion-para-personas-mayores#primaryimage\"},\"image\":{\"@id\":\"https:\\\/\\\/www.harvesters.org\\\/es\\\/sobre-harvesters\\\/nuestros-programas\\\/alimentacion-para-personas-mayores#primaryimage\"},\"thumbnailUrl\":\"http:\\\/\\\/www.harvesters.org\\\/wp-content\\\/uploads\\\/2021\\\/08\\\/Senior-Bus.jpg\",\"datePublished\":\"2021-06-01T18:50:01+00:00\",\"dateModified\":\"2024-12-10T19:24:50+00:00\",\"description\":\"Alimentando a las personas mayores a trav\u00e9s de despensas m\u00f3viles de alimentos, el Programa Suplementario de Productos B\u00e1sicos (CSFP), SNAP (Programa de Asistencia Nutricional Suplementaria) y m\u00e1s.\",\"breadcrumb\":{\"@id\":\"https:\\\/\\\/www.harvesters.org\\\/es\\\/sobre-harvesters\\\/nuestros-programas\\\/alimentacion-para-personas-mayores#breadcrumb\"},\"inLanguage\":\"es\",\"potentialAction\":[{\"@type\":\"ReadAction\",\"target\":[\"https:\\\/\\\/www.harvesters.org\\\/es\\\/sobre-harvesters\\\/nuestros-programas\\\/alimentacion-para-personas-mayores\"]}]},{\"@type\":\"ImageObject\",\"inLanguage\":\"es\",\"@id\":\"https:\\\/\\\/www.harvesters.org\\\/es\\\/sobre-harvesters\\\/nuestros-programas\\\/alimentacion-para-personas-mayores#primaryimage\",\"url\":\"http:\\\/\\\/www.harvesters.org\\\/wp-content\\\/uploads\\\/2021\\\/08\\\/Senior-Bus.jpg\",\"contentUrl\":\"http:\\\/\\\/www.harvesters.org\\\/wp-content\\\/uploads\\\/2021\\\/08\\\/Senior-Bus.jpg\"},{\"@type\":\"BreadcrumbList\",\"@id\":\"https:\\\/\\\/www.harvesters.org\\\/es\\\/sobre-harvesters\\\/nuestros-programas\\\/alimentacion-para-personas-mayores#breadcrumb\",\"itemListElement\":[{\"@type\":\"ListItem\",\"position\":1,\"name\":\"Home\",\"item\":\"https:\\\/\\\/www.harvesters.org\\\/es\"},{\"@type\":\"ListItem\",\"position\":2,\"name\":\"Sobre Harvesters\",\"item\":\"https:\\\/\\\/www.harvesters.org\\\/es\\\/sobre-harvesters\"},{\"@type\":\"ListItem\",\"position\":3,\"name\":\"Nuestros programas\",\"item\":\"https:\\\/\\\/www.harvesters.org\\\/es\\\/sobre-harvesters\\\/nuestros-programas\"},{\"@type\":\"ListItem\",\"position\":4,\"name\":\"Alimentar a las personas mayores\"}]},{\"@type\":\"WebSite\",\"@id\":\"https:\\\/\\\/www.harvesters.org\\\/#website\",\"url\":\"https:\\\/\\\/www.harvesters.org\\\/\",\"name\":\"Harvesters\",\"description\":\"\",\"potentialAction\":[{\"@type\":\"SearchAction\",\"target\":{\"@type\":\"EntryPoint\",\"urlTemplate\":\"https:\\\/\\\/www.harvesters.org\\\/?s={search_term_string}\"},\"query-input\":{\"@type\":\"PropertyValueSpecification\",\"valueRequired\":true,\"valueName\":\"search_term_string\"}}],\"inLanguage\":\"es\"}]}<\/script>\n<!-- \/ Yoast SEO plugin. -->","yoast_head_json":{"title":"Alimentar a las personas mayores - Harvesters","description":"Alimentando a las personas mayores a trav\u00e9s de despensas m\u00f3viles de alimentos, el Programa Suplementario de Productos B\u00e1sicos (CSFP), SNAP (Programa de Asistencia Nutricional Suplementaria) y m\u00e1s.","robots":{"index":"index","follow":"follow","max-snippet":"max-snippet:-1","max-image-preview":"max-image-preview:large","max-video-preview":"max-video-preview:-1"},"canonical":"https:\/\/www.harvesters.org\/es\/sobre-harvesters\/nuestros-programas\/alimentacion-para-personas-mayores","og_locale":"es_ES","og_type":"article","og_title":"Alimentar a las personas mayores - Harvesters","og_description":"Alimentando a las personas mayores a trav\u00e9s de despensas m\u00f3viles de alimentos, el Programa Suplementario de Productos B\u00e1sicos (CSFP), SNAP (Programa de Asistencia Nutricional Suplementaria) y m\u00e1s.","og_url":"https:\/\/www.harvesters.org\/es\/sobre-harvesters\/nuestros-programas\/alimentacion-para-personas-mayores","og_site_name":"Harvesters","article_modified_time":"2024-12-10T19:24:50+00:00","og_image":[{"width":1000,"height":750,"url":"https:\/\/www.harvesters.org\/wp-content\/uploads\/2021\/08\/Senior-Bus.jpg","type":"image\/jpeg"}],"twitter_card":"summary_large_image","twitter_misc":{"Tiempo de lectura":"3 minutos"},"schema":{"@context":"https:\/\/schema.org","@graph":[{"@type":"WebPage","@id":"https:\/\/www.harvesters.org\/es\/sobre-harvesters\/nuestros-programas\/alimentacion-para-personas-mayores","url":"https:\/\/www.harvesters.org\/es\/sobre-harvesters\/nuestros-programas\/alimentacion-para-personas-mayores","name":"Alimentar a las personas mayores - Harvesters","isPartOf":{"@id":"https:\/\/www.harvesters.org\/#website"},"primaryImageOfPage":{"@id":"https:\/\/www.harvesters.org\/es\/sobre-harvesters\/nuestros-programas\/alimentacion-para-personas-mayores#primaryimage"},"image":{"@id":"https:\/\/www.harvesters.org\/es\/sobre-harvesters\/nuestros-programas\/alimentacion-para-personas-mayores#primaryimage"},"thumbnailUrl":"http:\/\/www.harvesters.org\/wp-content\/uploads\/2021\/08\/Senior-Bus.jpg","datePublished":"2021-06-01T18:50:01+00:00","dateModified":"2024-12-10T19:24:50+00:00","description":"Alimentando a las personas mayores a trav\u00e9s de despensas m\u00f3viles de alimentos, el Programa Suplementario de Productos B\u00e1sicos (CSFP), SNAP (Programa de Asistencia Nutricional Suplementaria) y m\u00e1s.","breadcrumb":{"@id":"https:\/\/www.harvesters.org\/es\/sobre-harvesters\/nuestros-programas\/alimentacion-para-personas-mayores#breadcrumb"},"inLanguage":"es","potentialAction":[{"@type":"ReadAction","target":["https:\/\/www.harvesters.org\/es\/sobre-harvesters\/nuestros-programas\/alimentacion-para-personas-mayores"]}]},{"@type":"ImageObject","inLanguage":"es","@id":"https:\/\/www.harvesters.org\/es\/sobre-harvesters\/nuestros-programas\/alimentacion-para-personas-mayores#primaryimage","url":"http:\/\/www.harvesters.org\/wp-content\/uploads\/2021\/08\/Senior-Bus.jpg","contentUrl":"http:\/\/www.harvesters.org\/wp-content\/uploads\/2021\/08\/Senior-Bus.jpg"},{"@type":"BreadcrumbList","@id":"https:\/\/www.harvesters.org\/es\/sobre-harvesters\/nuestros-programas\/alimentacion-para-personas-mayores#breadcrumb","itemListElement":[{"@type":"ListItem","position":1,"name":"Home","item":"https:\/\/www.harvesters.org\/es"},{"@type":"ListItem","position":2,"name":"Sobre Harvesters","item":"https:\/\/www.harvesters.org\/es\/sobre-harvesters"},{"@type":"ListItem","position":3,"name":"Nuestros programas","item":"https:\/\/www.harvesters.org\/es\/sobre-harvesters\/nuestros-programas"},{"@type":"ListItem","position":4,"name":"Alimentar a las personas mayores"}]},{"@type":"WebSite","@id":"https:\/\/www.harvesters.org\/#website","url":"https:\/\/www.harvesters.org\/","name":"Harvesters","description":"","potentialAction":[{"@type":"SearchAction","target":{"@type":"EntryPoint","urlTemplate":"https:\/\/www.harvesters.org\/?s={search_term_string}"},"query-input":{"@type":"PropertyValueSpecification","valueRequired":true,"valueName":"search_term_string"}}],"inLanguage":"es"}]}},"uagb_featured_image_src":{"full":false,"thumbnail":false,"medium":false,"medium_large":false,"large":false,"1536x1536":false,"2048x2048":false,"alm-thumbnail":false,"featured-16-9":false,"featured-4-3":false,"featured-4-3-full":false,"featured-16-9-full":false,"gform-image-choice-sm":false,"gform-image-choice-md":false,"gform-image-choice-lg":false},"uagb_author_info":{"display_name":"John Kuefler","author_link":"https:\/\/www.harvesters.org\/es\/author\/john-kuefleruxwest-com"},"uagb_comment_info":0,"uagb_excerpt":"Esforz\u00e1ndose por la independencia y la salud de las personas mayores M\u00e1s de 5 millones de personas mayores del pa\u00eds corren el riesgo de pasar hambre. La inseguridad alimentaria entre las personas mayores var\u00eda seg\u00fan\u2026 More","_links":{"self":[{"href":"https:\/\/www.harvesters.org\/es\/wp-json\/wp\/v2\/pages\/9435","targetHints":{"allow":["GET"]}}],"collection":[{"href":"https:\/\/www.harvesters.org\/es\/wp-json\/wp\/v2\/pages"}],"about":[{"href":"https:\/\/www.harvesters.org\/es\/wp-json\/wp\/v2\/types\/page"}],"author":[{"embeddable":true,"href":"https:\/\/www.harvesters.org\/es\/wp-json\/wp\/v2\/users\/3"}],"replies":[{"embeddable":true,"href":"https:\/\/www.harvesters.org\/es\/wp-json\/wp\/v2\/comments?post=9435"}],"version-history":[{"count":10,"href":"https:\/\/www.harvesters.org\/es\/wp-json\/wp\/v2\/pages\/9435\/revisions"}],"predecessor-version":[{"id":13502,"href":"https:\/\/www.harvesters.org\/es\/wp-json\/wp\/v2\/pages\/9435\/revisions\/13502"}],"up":[{"embeddable":true,"href":"https:\/\/www.harvesters.org\/es\/wp-json\/wp\/v2\/pages\/9483"}],"wp:attachment":[{"href":"https:\/\/www.harvesters.org\/es\/wp-json\/wp\/v2\/media?parent=9435"}],"curies":[{"name":"wp","href":"https:\/\/api.w.org\/{rel}","templated":true}]}}