{"id":9429,"date":"2021-06-01T13:47:28","date_gmt":"2021-06-01T18:47:28","guid":{"rendered":"https:\/\/www.harvesters.org\/?page_id=9429"},"modified":"2024-12-30T18:57:46","modified_gmt":"2024-12-31T00:57:46","slug":"nuestro-plan-estrategico","status":"publish","type":"page","link":"https:\/\/www.harvesters.org\/es\/sobre-harvesters\/que-hacemos\/nuestro-plan-estrategico","title":{"rendered":"Nuestro plan estrat\u00e9gico"},"content":{"rendered":"\n<p>El equipo directivo y el consejo de administraci\u00f3n de Harvesters realizan una evaluaci\u00f3n exhaustiva del impacto de la organizaci\u00f3n y elaboran un plan estrat\u00e9gico para el \u00e9xito futuro de la organizaci\u00f3n cada tres a cinco a\u00f1os.  <\/p>\n\n<h3 class=\"wp-block-heading\">Nuestro plan estrat\u00e9gico<\/h3>\n\n<p><a href=\"http:\/\/www.harvesters.org\/wp-content\/uploads\/2022\/07\/Harvesters-Strategic-Plan-FINAL-FY23-25.pdf\" target=\"_blank\" rel=\"noreferrer noopener\">Ejercicios 2023-2025<\/a><\/p>\n\n<p><a href=\"http:\/\/www.harvesters.org\/wp-content\/uploads\/2021\/09\/Harvesters-Fiscal-Year-2021-2020-Progress-Toward-Strategic-Targets.pdf\" target=\"_blank\" rel=\"noreferrer noopener\">Avance de los objetivos estrat\u00e9gicos de Harvesters para el ejercicio 2021<\/a><\/p>\n\n<p><a href=\"http:\/\/www.harvesters.org\/wp-content\/uploads\/2021\/09\/Harvesters-Fiscal-Year-2021-2022-Strategic-Goals.pdf\" target=\"_blank\" rel=\"noreferrer noopener\">Objetivos estrat\u00e9gicos de Harvesters para el ejercicio 2022<\/a><\/p>\n\n<div style=\"height:60px\" aria-hidden=\"true\" class=\"wp-block-spacer\"><\/div>\n","protected":false},"excerpt":{"rendered":"<p>El equipo directivo y el consejo de administraci\u00f3n de Harvesters realizan una evaluaci\u00f3n exhaustiva del impacto de la organizaci\u00f3n y elaboran un plan estrat\u00e9gico para el \u00e9xito futuro de la organizaci\u00f3n cada tres a cinco\u2026 <a href=\"https:\/\/www.harvesters.org\/es\/sobre-harvesters\/que-hacemos\/nuestro-plan-estrategico\" class=\"read-more\">More<\/a><\/p>\n","protected":false},"author":3,"featured_media":0,"parent":9494,"menu_order":2,"comment_status":"closed","ping_status":"closed","template":"","meta":{"_acf_changed":false,"inline_featured_image":false,"_uag_custom_page_level_css":"","footnotes":""},"class_list":["post-9429","page","type-page","status-publish","hentry"],"acf":[],"yoast_head":"<!-- This site is optimized with the Yoast SEO plugin v27.4 - https:\/\/yoast.com\/product\/yoast-seo-wordpress\/ -->\n<title>Nuestro plan estrat\u00e9gico - Harvesters<\/title>\n<meta name=\"description\" content=\"Realizamos una evaluaci\u00f3n exhaustiva del impacto de Harvesters y elaboramos un plan estrat\u00e9gico para el \u00e9xito futuro de la organizaci\u00f3n cada 3-5 a\u00f1os.\" \/>\n<meta name=\"robots\" content=\"index, follow, max-snippet:-1, max-image-preview:large, max-video-preview:-1\" \/>\n<link rel=\"canonical\" href=\"https:\/\/www.harvesters.org\/es\/sobre-harvesters\/que-hacemos\/nuestro-plan-estrategico\" \/>\n<meta property=\"og:locale\" content=\"es_ES\" \/>\n<meta property=\"og:type\" content=\"article\" \/>\n<meta property=\"og:title\" content=\"Nuestro plan estrat\u00e9gico - Harvesters\" \/>\n<meta property=\"og:description\" content=\"Realizamos una evaluaci\u00f3n exhaustiva del impacto de Harvesters y elaboramos un plan estrat\u00e9gico para el \u00e9xito futuro de la organizaci\u00f3n cada 3-5 a\u00f1os.\" \/>\n<meta property=\"og:url\" content=\"https:\/\/www.harvesters.org\/es\/sobre-harvesters\/que-hacemos\/nuestro-plan-estrategico\" \/>\n<meta property=\"og:site_name\" content=\"Harvesters\" \/>\n<meta property=\"article:modified_time\" content=\"2024-12-31T00:57:46+00:00\" \/>\n<meta name=\"twitter:card\" content=\"summary_large_image\" \/>\n<meta name=\"twitter:label1\" content=\"Tiempo de lectura\" \/>\n\t<meta name=\"twitter:data1\" content=\"1 minuto\" \/>\n<script type=\"application\/ld+json\" class=\"yoast-schema-graph\">{\"@context\":\"https:\\\/\\\/schema.org\",\"@graph\":[{\"@type\":\"WebPage\",\"@id\":\"https:\\\/\\\/www.harvesters.org\\\/es\\\/sobre-harvesters\\\/que-hacemos\\\/nuestro-plan-estrategico\",\"url\":\"https:\\\/\\\/www.harvesters.org\\\/es\\\/sobre-harvesters\\\/que-hacemos\\\/nuestro-plan-estrategico\",\"name\":\"Nuestro plan estrat\u00e9gico - Harvesters\",\"isPartOf\":{\"@id\":\"https:\\\/\\\/www.harvesters.org\\\/#website\"},\"datePublished\":\"2021-06-01T18:47:28+00:00\",\"dateModified\":\"2024-12-31T00:57:46+00:00\",\"description\":\"Realizamos una evaluaci\u00f3n exhaustiva del impacto de Harvesters y elaboramos un plan estrat\u00e9gico para el \u00e9xito futuro de la organizaci\u00f3n cada 3-5 a\u00f1os.\",\"breadcrumb\":{\"@id\":\"https:\\\/\\\/www.harvesters.org\\\/es\\\/sobre-harvesters\\\/que-hacemos\\\/nuestro-plan-estrategico#breadcrumb\"},\"inLanguage\":\"es\",\"potentialAction\":[{\"@type\":\"ReadAction\",\"target\":[\"https:\\\/\\\/www.harvesters.org\\\/es\\\/sobre-harvesters\\\/que-hacemos\\\/nuestro-plan-estrategico\"]}]},{\"@type\":\"BreadcrumbList\",\"@id\":\"https:\\\/\\\/www.harvesters.org\\\/es\\\/sobre-harvesters\\\/que-hacemos\\\/nuestro-plan-estrategico#breadcrumb\",\"itemListElement\":[{\"@type\":\"ListItem\",\"position\":1,\"name\":\"Home\",\"item\":\"https:\\\/\\\/www.harvesters.org\\\/es\"},{\"@type\":\"ListItem\",\"position\":2,\"name\":\"Sobre Harvesters\",\"item\":\"https:\\\/\\\/www.harvesters.org\\\/es\\\/sobre-harvesters\"},{\"@type\":\"ListItem\",\"position\":3,\"name\":\"Qu\u00e9 hacemos\",\"item\":\"https:\\\/\\\/www.harvesters.org\\\/es\\\/sobre-harvesters\\\/que-hacemos\"},{\"@type\":\"ListItem\",\"position\":4,\"name\":\"Nuestro plan estrat\u00e9gico\"}]},{\"@type\":\"WebSite\",\"@id\":\"https:\\\/\\\/www.harvesters.org\\\/#website\",\"url\":\"https:\\\/\\\/www.harvesters.org\\\/\",\"name\":\"Harvesters\",\"description\":\"\",\"potentialAction\":[{\"@type\":\"SearchAction\",\"target\":{\"@type\":\"EntryPoint\",\"urlTemplate\":\"https:\\\/\\\/www.harvesters.org\\\/?s={search_term_string}\"},\"query-input\":{\"@type\":\"PropertyValueSpecification\",\"valueRequired\":true,\"valueName\":\"search_term_string\"}}],\"inLanguage\":\"es\"}]}<\/script>\n<!-- \/ Yoast SEO plugin. -->","yoast_head_json":{"title":"Nuestro plan estrat\u00e9gico - Harvesters","description":"Realizamos una evaluaci\u00f3n exhaustiva del impacto de Harvesters y elaboramos un plan estrat\u00e9gico para el \u00e9xito futuro de la organizaci\u00f3n cada 3-5 a\u00f1os.","robots":{"index":"index","follow":"follow","max-snippet":"max-snippet:-1","max-image-preview":"max-image-preview:large","max-video-preview":"max-video-preview:-1"},"canonical":"https:\/\/www.harvesters.org\/es\/sobre-harvesters\/que-hacemos\/nuestro-plan-estrategico","og_locale":"es_ES","og_type":"article","og_title":"Nuestro plan estrat\u00e9gico - Harvesters","og_description":"Realizamos una evaluaci\u00f3n exhaustiva del impacto de Harvesters y elaboramos un plan estrat\u00e9gico para el \u00e9xito futuro de la organizaci\u00f3n cada 3-5 a\u00f1os.","og_url":"https:\/\/www.harvesters.org\/es\/sobre-harvesters\/que-hacemos\/nuestro-plan-estrategico","og_site_name":"Harvesters","article_modified_time":"2024-12-31T00:57:46+00:00","twitter_card":"summary_large_image","twitter_misc":{"Tiempo de lectura":"1 minuto"},"schema":{"@context":"https:\/\/schema.org","@graph":[{"@type":"WebPage","@id":"https:\/\/www.harvesters.org\/es\/sobre-harvesters\/que-hacemos\/nuestro-plan-estrategico","url":"https:\/\/www.harvesters.org\/es\/sobre-harvesters\/que-hacemos\/nuestro-plan-estrategico","name":"Nuestro plan estrat\u00e9gico - Harvesters","isPartOf":{"@id":"https:\/\/www.harvesters.org\/#website"},"datePublished":"2021-06-01T18:47:28+00:00","dateModified":"2024-12-31T00:57:46+00:00","description":"Realizamos una evaluaci\u00f3n exhaustiva del impacto de Harvesters y elaboramos un plan estrat\u00e9gico para el \u00e9xito futuro de la organizaci\u00f3n cada 3-5 a\u00f1os.","breadcrumb":{"@id":"https:\/\/www.harvesters.org\/es\/sobre-harvesters\/que-hacemos\/nuestro-plan-estrategico#breadcrumb"},"inLanguage":"es","potentialAction":[{"@type":"ReadAction","target":["https:\/\/www.harvesters.org\/es\/sobre-harvesters\/que-hacemos\/nuestro-plan-estrategico"]}]},{"@type":"BreadcrumbList","@id":"https:\/\/www.harvesters.org\/es\/sobre-harvesters\/que-hacemos\/nuestro-plan-estrategico#breadcrumb","itemListElement":[{"@type":"ListItem","position":1,"name":"Home","item":"https:\/\/www.harvesters.org\/es"},{"@type":"ListItem","position":2,"name":"Sobre Harvesters","item":"https:\/\/www.harvesters.org\/es\/sobre-harvesters"},{"@type":"ListItem","position":3,"name":"Qu\u00e9 hacemos","item":"https:\/\/www.harvesters.org\/es\/sobre-harvesters\/que-hacemos"},{"@type":"ListItem","position":4,"name":"Nuestro plan estrat\u00e9gico"}]},{"@type":"WebSite","@id":"https:\/\/www.harvesters.org\/#website","url":"https:\/\/www.harvesters.org\/","name":"Harvesters","description":"","potentialAction":[{"@type":"SearchAction","target":{"@type":"EntryPoint","urlTemplate":"https:\/\/www.harvesters.org\/?s={search_term_string}"},"query-input":{"@type":"PropertyValueSpecification","valueRequired":true,"valueName":"search_term_string"}}],"inLanguage":"es"}]}},"uagb_featured_image_src":{"full":false,"thumbnail":false,"medium":false,"medium_large":false,"large":false,"1536x1536":false,"2048x2048":false,"alm-thumbnail":false,"featured-16-9":false,"featured-4-3":false,"featured-4-3-full":false,"featured-16-9-full":false,"gform-image-choice-sm":false,"gform-image-choice-md":false,"gform-image-choice-lg":false},"uagb_author_info":{"display_name":"John Kuefler","author_link":"https:\/\/www.harvesters.org\/es\/author\/john-kuefleruxwest-com"},"uagb_comment_info":0,"uagb_excerpt":"El equipo directivo y el consejo de administraci\u00f3n de Harvesters realizan una evaluaci\u00f3n exhaustiva del impacto de la organizaci\u00f3n y elaboran un plan estrat\u00e9gico para el \u00e9xito futuro de la organizaci\u00f3n cada tres a cinco\u2026 More","_links":{"self":[{"href":"https:\/\/www.harvesters.org\/es\/wp-json\/wp\/v2\/pages\/9429","targetHints":{"allow":["GET"]}}],"collection":[{"href":"https:\/\/www.harvesters.org\/es\/wp-json\/wp\/v2\/pages"}],"about":[{"href":"https:\/\/www.harvesters.org\/es\/wp-json\/wp\/v2\/types\/page"}],"author":[{"embeddable":true,"href":"https:\/\/www.harvesters.org\/es\/wp-json\/wp\/v2\/users\/3"}],"replies":[{"embeddable":true,"href":"https:\/\/www.harvesters.org\/es\/wp-json\/wp\/v2\/comments?post=9429"}],"version-history":[{"count":6,"href":"https:\/\/www.harvesters.org\/es\/wp-json\/wp\/v2\/pages\/9429\/revisions"}],"predecessor-version":[{"id":13612,"href":"https:\/\/www.harvesters.org\/es\/wp-json\/wp\/v2\/pages\/9429\/revisions\/13612"}],"up":[{"embeddable":true,"href":"https:\/\/www.harvesters.org\/es\/wp-json\/wp\/v2\/pages\/9494"}],"wp:attachment":[{"href":"https:\/\/www.harvesters.org\/es\/wp-json\/wp\/v2\/media?parent=9429"}],"curies":[{"name":"wp","href":"https:\/\/api.w.org\/{rel}","templated":true}]}}