{"id":9425,"date":"2021-06-01T08:26:13","date_gmt":"2021-06-01T13:26:13","guid":{"rendered":"https:\/\/www.harvesters.org\/?page_id=9425"},"modified":"2024-12-09T00:03:02","modified_gmt":"2024-12-09T06:03:02","slug":"harvest-365-donacion-mensual","status":"publish","type":"page","link":"https:\/\/www.harvesters.org\/es\/como-ayudar\/done-fondos\/harvest-365-donacion-mensual","title":{"rendered":"Harvest 365 &#8211; Donaci\u00f3n Mensual"},"content":{"rendered":"\n<h2 class=\"wp-block-heading\" id=\"make-a-difference-every-day-of-the-year\">Haga una Diferencia Todos los D\u00edas del A\u00f1o<\/h2>\n\n\n\n<div class=\"wp-block-columns is-layout-flex wp-container-core-columns-is-layout-9d6595d7 wp-block-columns-is-layout-flex\">\n<div class=\"wp-block-column is-layout-flow wp-block-column-is-layout-flow\" style=\"flex-basis:33.33%\">\n<figure class=\"wp-block-image size-full\"><img loading=\"lazy\" decoding=\"async\" width=\"1000\" height=\"750\" src=\"http:\/\/www.harvesters.org\/wp-content\/uploads\/2021\/08\/Harvest-365.jpg\" alt=\"Harvest 365 Haciendo una diferencia todos los d\u00edas del a\u00f1o.\" class=\"wp-image-4184\" srcset=\"https:\/\/www.harvesters.org\/wp-content\/uploads\/2021\/08\/Harvest-365.jpg 1000w, https:\/\/www.harvesters.org\/wp-content\/uploads\/2021\/08\/Harvest-365-300x225.jpg 300w, https:\/\/www.harvesters.org\/wp-content\/uploads\/2021\/08\/Harvest-365-768x576.jpg 768w, https:\/\/www.harvesters.org\/wp-content\/uploads\/2021\/08\/Harvest-365-383x287.jpg 383w, https:\/\/www.harvesters.org\/wp-content\/uploads\/2021\/08\/Harvest-365-950x712.jpg 950w\" sizes=\"auto, (max-width: 1000px) 100vw, 1000px\" \/><\/figure>\n<\/div>\n\n\n\n<div class=\"wp-block-column is-layout-flow wp-block-column-is-layout-flow\" style=\"flex-basis:66.66%\">\n<p>El hambre nos acompa\u00f1a los 365 d\u00edas del a\u00f1o. Demasiadas familias de nuestra comunidad no saben de d\u00f3nde vendr\u00e1 su pr\u00f3xima comida. <\/p>\n\n\n\n<p>\u00bfQuiere tener un mayor impacto en la lucha contra el hambre? Esta es su oportunidad. H\u00e1gase miembro de Harvest 365 hoy mismo<\/p>\n\n\n\n<p>Cada d\u00f3lar que dona proporciona dos comidas a familias, personas mayores y ni\u00f1os hambrientos de nuestra comunidad. Cuando se hace miembro de Harvest 365, se une a un grupo de nuestros colaboradores m\u00e1s entregados que, a trav\u00e9s de <meta charset=\"utf-8\">, nos proporcionan la ayuda constante que necesitamos para atender a las personas que m\u00e1s conf\u00edan en nosotros.<\/p>\n<\/div>\n<\/div>\n\n\n\n<h3 class=\"wp-block-heading\" id=\"more-reasons-to-become-a-harvest-365-member\">M\u00e1s razones para hacerse miembro de Harvest 365:<\/h3>\n\n\n\n<p>Es <strong>gratificante<\/strong> &#8211; Puede sentirse bien sabiendo que sus donaciones mensuales se destinan inmediatamente a marcar la diferencia en las vidas de las personas afectadas por el hambre.<\/p>\n\n\n\n<p>Es <strong>eficaz<\/strong> &#8211; Su compromiso mensual para acabar con el hambre nos ayuda a reducir nuestros costes con menos env\u00edos y tr\u00e1mites administrativos, lo que nos permite utilizar sus donaciones de forma m\u00e1s eficaz.<\/p>\n\n\n\n<p>Es <strong>c\u00f3modo<\/strong>: sus donaciones pueden realizarse autom\u00e1ticamente a trav\u00e9s de su cuenta bancaria, tarjeta de cr\u00e9dito o cuenta PayPal. O estaremos encantados de enviarle 12 sobres para que env\u00ede su cheque personal cada mes. <\/p>\n\n\n\n<p>Es <strong>flexible<\/strong>: usted elige el nivel de donaci\u00f3n que m\u00e1s le convenga. Puede aumentar, disminuir o incluso cancelar su regalo mensual en cualquier momento.<\/p>\n\n\n\n<p>Adem\u00e1s, los miembros de Harvest 365 disfrutan de grandes ventajas. Recibir\u00e1:<\/p>\n\n\n\n<ul class=\"wp-block-list\">\n<li>Invitaci\u00f3n a lor turnos especiales de voluntariado de Harvest 365<\/li>\n\n\n\n<li>Descuentos en eventos de Harvesters<\/li>\n\n\n\n<li>Una bolsa reutilizable de Harvesters<\/li>\n\n\n\n<li>Una camiseta de Harvest 365 o una bolsa de almuerzo para usar en la ciudad (m\u00ednimo $25\/mes)<\/li>\n<\/ul>\n\n\n\n<p><\/p>\n\n\n\n<p>\u00danase hoy mismo a la lucha diaria contra el hambre con su compromiso mensual Harvest 365.<\/p>\n\n\n\n<div style=\"height:20px\" aria-hidden=\"true\" class=\"wp-block-spacer\"><\/div>\n\n\n\n<div class=\"wp-block-columns is-layout-flex wp-container-core-columns-is-layout-9d6595d7 wp-block-columns-is-layout-flex\">\n<div class=\"wp-block-column is-layout-flow wp-block-column-is-layout-flow\">\n<div class=\"wp-block-buttons is-layout-flex wp-block-buttons-is-layout-flex\">\n<div class=\"wp-block-button is-style-fill\"><a class=\"wp-block-button__link has-white-color has-secondary-background-color has-text-color has-background wp-element-button\" href=\"https:\/\/secure3.convio.net\/harvst\/site\/Donation2?df_id=3100&amp;3100.donation=form1\" style=\"border-radius:8px\" target=\"_blank\" rel=\"https:\/\/secure3.convio.net\/harvst\/site\/Donation2?1521.donation=form1&amp;df_id=1521&amp;mfc_pref=T noopener\">\u00daNASE A HARVEST 365 <br>HOY<\/a><\/div>\n<\/div>\n<\/div>\n\n\n\n<div class=\"wp-block-column is-layout-flow wp-block-column-is-layout-flow\">\n<div class=\"wp-block-buttons is-layout-flex wp-block-buttons-is-layout-flex\">\n<div class=\"wp-block-button is-style-fill\"><a class=\"wp-block-button__link has-white-color has-secondary-background-color has-text-color has-background wp-element-button\" href=\"https:\/\/secure3.convio.net\/harvst\/site\/UserCenter\" style=\"border-radius:8px\" target=\"_blank\" rel=\"noreferrer noopener\">HARVEST 365 <br>INICIO DE SESI\u00d3N<\/a><\/div>\n<\/div>\n<\/div>\n\n\n\n<div class=\"wp-block-column is-layout-flow wp-block-column-is-layout-flow\">\n<div class=\"wp-block-buttons is-layout-flex wp-block-buttons-is-layout-flex\">\n<div class=\"wp-block-button is-style-fill\"><a class=\"wp-block-button__link has-white-color has-secondary-background-color has-text-color has-background wp-element-button\" href=\"https:\/\/www.harvesters.org\/how-to-help\/donate\/harvest-365-benefit-choice\" style=\"border-radius:8px\" target=\"_blank\" rel=\"noreferrer noopener\">HARVEST 365 <br>OPCIONES DE VENTAJAS<\/a><\/div>\n<\/div>\n<\/div>\n<\/div>\n\n\n\n<div style=\"height:20px\" aria-hidden=\"true\" class=\"wp-block-spacer\"><\/div>\n\n\n\n<p>\u00bfPreguntas o dudas? P\u00f3ngase en contacto con Marisa Young en <a href=\"mailto:myoung@harvesters.org\">myoung@harvesters.org<\/a> o (816) 929-3010.<\/p>\n\n\n\n<div style=\"height:20px\" aria-hidden=\"true\" class=\"wp-block-spacer\"><\/div>\n\n\n\n<div style=\"height:20px\" aria-hidden=\"true\" class=\"wp-block-spacer\"><\/div>\n\n\n\n<div style=\"height:100px\" aria-hidden=\"true\" class=\"wp-block-spacer\"><\/div>\n","protected":false},"excerpt":{"rendered":"<p>Haga una Diferencia Todos los D\u00edas del A\u00f1o El hambre nos acompa\u00f1a los 365 d\u00edas del a\u00f1o. Demasiadas familias de nuestra comunidad no saben de d\u00f3nde vendr\u00e1 su pr\u00f3xima comida. \u00bfQuiere tener un mayor impacto\u2026 <a href=\"https:\/\/www.harvesters.org\/es\/como-ayudar\/done-fondos\/harvest-365-donacion-mensual\" class=\"read-more\">More<\/a><\/p>\n","protected":false},"author":3,"featured_media":0,"parent":9383,"menu_order":2,"comment_status":"closed","ping_status":"closed","template":"","meta":{"_acf_changed":false,"inline_featured_image":false,"_uag_custom_page_level_css":"","footnotes":""},"class_list":["post-9425","page","type-page","status-publish","hentry"],"acf":[],"yoast_head":"<!-- This site is optimized with the Yoast SEO plugin v27.5 - https:\/\/yoast.com\/product\/yoast-seo-wordpress\/ -->\n<title>Harvest 365 - Donaci\u00f3n Mensual - Harvesters<\/title>\n<meta name=\"description\" content=\"Inscr\u00edbase para donar mensualmente a Harvesters y que su donaci\u00f3n se haga autom\u00e1ticamente a trav\u00e9s de su cuenta bancaria, tarjeta de cr\u00e9dito o cuenta PayPal.\" \/>\n<meta name=\"robots\" content=\"index, follow, max-snippet:-1, max-image-preview:large, max-video-preview:-1\" \/>\n<link rel=\"canonical\" href=\"https:\/\/www.harvesters.org\/es\/como-ayudar\/done-fondos\/harvest-365-donacion-mensual\" \/>\n<meta property=\"og:locale\" content=\"es_ES\" \/>\n<meta property=\"og:type\" content=\"article\" \/>\n<meta property=\"og:title\" content=\"Harvest 365 - Donaci\u00f3n Mensual - Harvesters\" \/>\n<meta property=\"og:description\" content=\"Inscr\u00edbase para donar mensualmente a Harvesters y que su donaci\u00f3n se haga autom\u00e1ticamente a trav\u00e9s de su cuenta bancaria, tarjeta de cr\u00e9dito o cuenta PayPal.\" \/>\n<meta property=\"og:url\" content=\"https:\/\/www.harvesters.org\/es\/como-ayudar\/done-fondos\/harvest-365-donacion-mensual\" \/>\n<meta property=\"og:site_name\" content=\"Harvesters\" \/>\n<meta property=\"article:modified_time\" content=\"2024-12-09T06:03:02+00:00\" \/>\n<meta property=\"og:image\" content=\"https:\/\/www.harvesters.org\/wp-content\/uploads\/2021\/08\/Harvest-365.jpg\" \/>\n\t<meta property=\"og:image:width\" content=\"1000\" \/>\n\t<meta property=\"og:image:height\" content=\"750\" \/>\n\t<meta property=\"og:image:type\" content=\"image\/jpeg\" \/>\n<meta name=\"twitter:card\" content=\"summary_large_image\" \/>\n<meta name=\"twitter:label1\" content=\"Tiempo de lectura\" \/>\n\t<meta name=\"twitter:data1\" content=\"2 minutos\" \/>\n<script type=\"application\/ld+json\" class=\"yoast-schema-graph\">{\"@context\":\"https:\\\/\\\/schema.org\",\"@graph\":[{\"@type\":\"WebPage\",\"@id\":\"https:\\\/\\\/www.harvesters.org\\\/es\\\/como-ayudar\\\/done-fondos\\\/harvest-365-donacion-mensual\",\"url\":\"https:\\\/\\\/www.harvesters.org\\\/es\\\/como-ayudar\\\/done-fondos\\\/harvest-365-donacion-mensual\",\"name\":\"Harvest 365 - Donaci\u00f3n Mensual - Harvesters\",\"isPartOf\":{\"@id\":\"https:\\\/\\\/www.harvesters.org\\\/#website\"},\"primaryImageOfPage\":{\"@id\":\"https:\\\/\\\/www.harvesters.org\\\/es\\\/como-ayudar\\\/done-fondos\\\/harvest-365-donacion-mensual#primaryimage\"},\"image\":{\"@id\":\"https:\\\/\\\/www.harvesters.org\\\/es\\\/como-ayudar\\\/done-fondos\\\/harvest-365-donacion-mensual#primaryimage\"},\"thumbnailUrl\":\"http:\\\/\\\/www.harvesters.org\\\/wp-content\\\/uploads\\\/2021\\\/08\\\/Harvest-365.jpg\",\"datePublished\":\"2021-06-01T13:26:13+00:00\",\"dateModified\":\"2024-12-09T06:03:02+00:00\",\"description\":\"Inscr\u00edbase para donar mensualmente a Harvesters y que su donaci\u00f3n se haga autom\u00e1ticamente a trav\u00e9s de su cuenta bancaria, tarjeta de cr\u00e9dito o cuenta PayPal.\",\"breadcrumb\":{\"@id\":\"https:\\\/\\\/www.harvesters.org\\\/es\\\/como-ayudar\\\/done-fondos\\\/harvest-365-donacion-mensual#breadcrumb\"},\"inLanguage\":\"es\",\"potentialAction\":[{\"@type\":\"ReadAction\",\"target\":[\"https:\\\/\\\/www.harvesters.org\\\/es\\\/como-ayudar\\\/done-fondos\\\/harvest-365-donacion-mensual\"]}]},{\"@type\":\"ImageObject\",\"inLanguage\":\"es\",\"@id\":\"https:\\\/\\\/www.harvesters.org\\\/es\\\/como-ayudar\\\/done-fondos\\\/harvest-365-donacion-mensual#primaryimage\",\"url\":\"http:\\\/\\\/www.harvesters.org\\\/wp-content\\\/uploads\\\/2021\\\/08\\\/Harvest-365.jpg\",\"contentUrl\":\"http:\\\/\\\/www.harvesters.org\\\/wp-content\\\/uploads\\\/2021\\\/08\\\/Harvest-365.jpg\"},{\"@type\":\"BreadcrumbList\",\"@id\":\"https:\\\/\\\/www.harvesters.org\\\/es\\\/como-ayudar\\\/done-fondos\\\/harvest-365-donacion-mensual#breadcrumb\",\"itemListElement\":[{\"@type\":\"ListItem\",\"position\":1,\"name\":\"Home\",\"item\":\"https:\\\/\\\/www.harvesters.org\\\/es\"},{\"@type\":\"ListItem\",\"position\":2,\"name\":\"C\u00f3mo ayudar\",\"item\":\"https:\\\/\\\/www.harvesters.org\\\/es\\\/como-ayudar\"},{\"@type\":\"ListItem\",\"position\":3,\"name\":\"Donar fondos\",\"item\":\"https:\\\/\\\/www.harvesters.org\\\/es\\\/como-ayudar\\\/done-fondos\"},{\"@type\":\"ListItem\",\"position\":4,\"name\":\"Harvest 365 &#8211; Donaci\u00f3n Mensual\"}]},{\"@type\":\"WebSite\",\"@id\":\"https:\\\/\\\/www.harvesters.org\\\/#website\",\"url\":\"https:\\\/\\\/www.harvesters.org\\\/\",\"name\":\"Harvesters\",\"description\":\"\",\"potentialAction\":[{\"@type\":\"SearchAction\",\"target\":{\"@type\":\"EntryPoint\",\"urlTemplate\":\"https:\\\/\\\/www.harvesters.org\\\/?s={search_term_string}\"},\"query-input\":{\"@type\":\"PropertyValueSpecification\",\"valueRequired\":true,\"valueName\":\"search_term_string\"}}],\"inLanguage\":\"es\"}]}<\/script>\n<!-- \/ Yoast SEO plugin. -->","yoast_head_json":{"title":"Harvest 365 - Donaci\u00f3n Mensual - Harvesters","description":"Inscr\u00edbase para donar mensualmente a Harvesters y que su donaci\u00f3n se haga autom\u00e1ticamente a trav\u00e9s de su cuenta bancaria, tarjeta de cr\u00e9dito o cuenta PayPal.","robots":{"index":"index","follow":"follow","max-snippet":"max-snippet:-1","max-image-preview":"max-image-preview:large","max-video-preview":"max-video-preview:-1"},"canonical":"https:\/\/www.harvesters.org\/es\/como-ayudar\/done-fondos\/harvest-365-donacion-mensual","og_locale":"es_ES","og_type":"article","og_title":"Harvest 365 - Donaci\u00f3n Mensual - Harvesters","og_description":"Inscr\u00edbase para donar mensualmente a Harvesters y que su donaci\u00f3n se haga autom\u00e1ticamente a trav\u00e9s de su cuenta bancaria, tarjeta de cr\u00e9dito o cuenta PayPal.","og_url":"https:\/\/www.harvesters.org\/es\/como-ayudar\/done-fondos\/harvest-365-donacion-mensual","og_site_name":"Harvesters","article_modified_time":"2024-12-09T06:03:02+00:00","og_image":[{"width":1000,"height":750,"url":"https:\/\/www.harvesters.org\/wp-content\/uploads\/2021\/08\/Harvest-365.jpg","type":"image\/jpeg"}],"twitter_card":"summary_large_image","twitter_misc":{"Tiempo de lectura":"2 minutos"},"schema":{"@context":"https:\/\/schema.org","@graph":[{"@type":"WebPage","@id":"https:\/\/www.harvesters.org\/es\/como-ayudar\/done-fondos\/harvest-365-donacion-mensual","url":"https:\/\/www.harvesters.org\/es\/como-ayudar\/done-fondos\/harvest-365-donacion-mensual","name":"Harvest 365 - Donaci\u00f3n Mensual - Harvesters","isPartOf":{"@id":"https:\/\/www.harvesters.org\/#website"},"primaryImageOfPage":{"@id":"https:\/\/www.harvesters.org\/es\/como-ayudar\/done-fondos\/harvest-365-donacion-mensual#primaryimage"},"image":{"@id":"https:\/\/www.harvesters.org\/es\/como-ayudar\/done-fondos\/harvest-365-donacion-mensual#primaryimage"},"thumbnailUrl":"http:\/\/www.harvesters.org\/wp-content\/uploads\/2021\/08\/Harvest-365.jpg","datePublished":"2021-06-01T13:26:13+00:00","dateModified":"2024-12-09T06:03:02+00:00","description":"Inscr\u00edbase para donar mensualmente a Harvesters y que su donaci\u00f3n se haga autom\u00e1ticamente a trav\u00e9s de su cuenta bancaria, tarjeta de cr\u00e9dito o cuenta PayPal.","breadcrumb":{"@id":"https:\/\/www.harvesters.org\/es\/como-ayudar\/done-fondos\/harvest-365-donacion-mensual#breadcrumb"},"inLanguage":"es","potentialAction":[{"@type":"ReadAction","target":["https:\/\/www.harvesters.org\/es\/como-ayudar\/done-fondos\/harvest-365-donacion-mensual"]}]},{"@type":"ImageObject","inLanguage":"es","@id":"https:\/\/www.harvesters.org\/es\/como-ayudar\/done-fondos\/harvest-365-donacion-mensual#primaryimage","url":"http:\/\/www.harvesters.org\/wp-content\/uploads\/2021\/08\/Harvest-365.jpg","contentUrl":"http:\/\/www.harvesters.org\/wp-content\/uploads\/2021\/08\/Harvest-365.jpg"},{"@type":"BreadcrumbList","@id":"https:\/\/www.harvesters.org\/es\/como-ayudar\/done-fondos\/harvest-365-donacion-mensual#breadcrumb","itemListElement":[{"@type":"ListItem","position":1,"name":"Home","item":"https:\/\/www.harvesters.org\/es"},{"@type":"ListItem","position":2,"name":"C\u00f3mo ayudar","item":"https:\/\/www.harvesters.org\/es\/como-ayudar"},{"@type":"ListItem","position":3,"name":"Donar fondos","item":"https:\/\/www.harvesters.org\/es\/como-ayudar\/done-fondos"},{"@type":"ListItem","position":4,"name":"Harvest 365 &#8211; Donaci\u00f3n Mensual"}]},{"@type":"WebSite","@id":"https:\/\/www.harvesters.org\/#website","url":"https:\/\/www.harvesters.org\/","name":"Harvesters","description":"","potentialAction":[{"@type":"SearchAction","target":{"@type":"EntryPoint","urlTemplate":"https:\/\/www.harvesters.org\/?s={search_term_string}"},"query-input":{"@type":"PropertyValueSpecification","valueRequired":true,"valueName":"search_term_string"}}],"inLanguage":"es"}]}},"uagb_featured_image_src":{"full":false,"thumbnail":false,"medium":false,"medium_large":false,"large":false,"1536x1536":false,"2048x2048":false,"alm-thumbnail":false,"featured-16-9":false,"featured-4-3":false,"featured-4-3-full":false,"featured-16-9-full":false,"gform-image-choice-sm":false,"gform-image-choice-md":false,"gform-image-choice-lg":false},"uagb_author_info":{"display_name":"John Kuefler","author_link":"https:\/\/www.harvesters.org\/es\/author\/john-kuefleruxwest-com"},"uagb_comment_info":0,"uagb_excerpt":"Haga una Diferencia Todos los D\u00edas del A\u00f1o El hambre nos acompa\u00f1a los 365 d\u00edas del a\u00f1o. Demasiadas familias de nuestra comunidad no saben de d\u00f3nde vendr\u00e1 su pr\u00f3xima comida. \u00bfQuiere tener un mayor impacto\u2026 More","_links":{"self":[{"href":"https:\/\/www.harvesters.org\/es\/wp-json\/wp\/v2\/pages\/9425","targetHints":{"allow":["GET"]}}],"collection":[{"href":"https:\/\/www.harvesters.org\/es\/wp-json\/wp\/v2\/pages"}],"about":[{"href":"https:\/\/www.harvesters.org\/es\/wp-json\/wp\/v2\/types\/page"}],"author":[{"embeddable":true,"href":"https:\/\/www.harvesters.org\/es\/wp-json\/wp\/v2\/users\/3"}],"replies":[{"embeddable":true,"href":"https:\/\/www.harvesters.org\/es\/wp-json\/wp\/v2\/comments?post=9425"}],"version-history":[{"count":9,"href":"https:\/\/www.harvesters.org\/es\/wp-json\/wp\/v2\/pages\/9425\/revisions"}],"predecessor-version":[{"id":13452,"href":"https:\/\/www.harvesters.org\/es\/wp-json\/wp\/v2\/pages\/9425\/revisions\/13452"}],"up":[{"embeddable":true,"href":"https:\/\/www.harvesters.org\/es\/wp-json\/wp\/v2\/pages\/9383"}],"wp:attachment":[{"href":"https:\/\/www.harvesters.org\/es\/wp-json\/wp\/v2\/media?parent=9425"}],"curies":[{"name":"wp","href":"https:\/\/api.w.org\/{rel}","templated":true}]}}