{"id":9414,"date":"2021-06-01T08:26:57","date_gmt":"2021-06-01T13:26:57","guid":{"rendered":"https:\/\/www.harvesters.org\/?page_id=9414"},"modified":"2024-12-10T12:48:48","modified_gmt":"2024-12-10T18:48:48","slug":"como-funciona-un-banco-de-alimentos","status":"publish","type":"page","link":"https:\/\/www.harvesters.org\/es\/sobre-harvesters\/que-hacemos\/como-funciona-un-banco-de-alimentos","title":{"rendered":"C\u00f3mo funciona un banco de alimentos"},"content":{"rendered":"\n<p>Harvesters es un banco de alimentos. Un banco de alimentos es un lugar que recoge, envasa, almacena y distribuye alimentos a una red de m\u00e1s de 900 organismos asociados. Estos socios incluyen despensas de alimentos, comedores comunitarias y refugios que proporcionan comestibles o comidas a familias, ni\u00f1os y personas mayores necesitadas.<\/p>\n\n<p>Veamos c\u00f3mo funciona un banco de alimentos. <\/p>\n\n<div style=\"height:30px\" aria-hidden=\"true\" class=\"wp-block-spacer\"><\/div>\n\n<div class=\"wp-block-columns is-layout-flex wp-container-core-columns-is-layout-9d6595d7 wp-block-columns-is-layout-flex\">\n<div class=\"wp-block-column is-layout-flow wp-block-column-is-layout-flow\">\n<figure class=\"wp-block-image size-full\"><img loading=\"lazy\" decoding=\"async\" width=\"1000\" height=\"750\" src=\"http:\/\/www.harvesters.org\/wp-content\/uploads\/2021\/08\/Barrel-In-Store.jpg\" alt=\"Barril de Harvesters en la tienda\" class=\"wp-image-4153\" srcset=\"https:\/\/www.harvesters.org\/wp-content\/uploads\/2021\/08\/Barrel-In-Store.jpg 1000w, https:\/\/www.harvesters.org\/wp-content\/uploads\/2021\/08\/Barrel-In-Store-300x225.jpg 300w, https:\/\/www.harvesters.org\/wp-content\/uploads\/2021\/08\/Barrel-In-Store-768x576.jpg 768w, https:\/\/www.harvesters.org\/wp-content\/uploads\/2021\/08\/Barrel-In-Store-383x287.jpg 383w, https:\/\/www.harvesters.org\/wp-content\/uploads\/2021\/08\/Barrel-In-Store-950x712.jpg 950w\" sizes=\"auto, (max-width: 1000px) 100vw, 1000px\" \/><\/figure>\n\n\n\n<div style=\"height:20px\" aria-hidden=\"true\" class=\"wp-block-spacer\"><\/div>\n\n\n\n<p class=\"has-text-align-center\">Todo empieza con los alimentos donados que se recogen en nuestros barriles de los supermercados u otros comercios, de las colectas alimentos de la comunidad o de socios de la industria alimentaria y agricultores.<\/p>\n<\/div>\n\n\n\n<div class=\"wp-block-column is-layout-flow wp-block-column-is-layout-flow\">\n<figure class=\"wp-block-image size-full\"><img loading=\"lazy\" decoding=\"async\" width=\"1000\" height=\"750\" src=\"http:\/\/www.harvesters.org\/wp-content\/uploads\/2021\/08\/Barrels-in-Warehouse.jpg\" alt=\"Muchos barriles de Harvesters en el almac&#xE9;n\" class=\"wp-image-4145\" srcset=\"https:\/\/www.harvesters.org\/wp-content\/uploads\/2021\/08\/Barrels-in-Warehouse.jpg 1000w, https:\/\/www.harvesters.org\/wp-content\/uploads\/2021\/08\/Barrels-in-Warehouse-300x225.jpg 300w, https:\/\/www.harvesters.org\/wp-content\/uploads\/2021\/08\/Barrels-in-Warehouse-768x576.jpg 768w, https:\/\/www.harvesters.org\/wp-content\/uploads\/2021\/08\/Barrels-in-Warehouse-383x287.jpg 383w, https:\/\/www.harvesters.org\/wp-content\/uploads\/2021\/08\/Barrels-in-Warehouse-950x712.jpg 950w\" sizes=\"auto, (max-width: 1000px) 100vw, 1000px\" \/><\/figure>\n\n\n\n<div style=\"height:20px\" aria-hidden=\"true\" class=\"wp-block-spacer\"><\/div>\n\n\n\n<p class=\"has-text-align-center\">Nos esforzamos por conseguir el mayor n\u00famero posible de donaciones para poder ayudar al mayor n\u00famero de personas.<\/p>\n<\/div>\n\n\n\n<div class=\"wp-block-column is-layout-flow wp-block-column-is-layout-flow\">\n<figure class=\"wp-block-image size-full\"><img loading=\"lazy\" decoding=\"async\" width=\"1000\" height=\"750\" src=\"http:\/\/www.harvesters.org\/wp-content\/uploads\/2021\/08\/Volunteer-Sorting-Food.jpg\" alt=\"Voluntario clasificando alimentos\" class=\"wp-image-4147\" srcset=\"https:\/\/www.harvesters.org\/wp-content\/uploads\/2021\/08\/Volunteer-Sorting-Food.jpg 1000w, https:\/\/www.harvesters.org\/wp-content\/uploads\/2021\/08\/Volunteer-Sorting-Food-300x225.jpg 300w, https:\/\/www.harvesters.org\/wp-content\/uploads\/2021\/08\/Volunteer-Sorting-Food-768x576.jpg 768w, https:\/\/www.harvesters.org\/wp-content\/uploads\/2021\/08\/Volunteer-Sorting-Food-383x287.jpg 383w, https:\/\/www.harvesters.org\/wp-content\/uploads\/2021\/08\/Volunteer-Sorting-Food-950x712.jpg 950w\" sizes=\"auto, (max-width: 1000px) 100vw, 1000px\" \/><\/figure>\n\n\n\n<div style=\"height:20px\" aria-hidden=\"true\" class=\"wp-block-spacer\"><\/div>\n\n\n\n<p class=\"has-text-align-center\">Los alimentos llegan a nuestros almacenes, donde los voluntarios los clasifican y reenvasan en porciones m\u00e1s peque\u00f1as o empaquetan juntos art\u00edculos similares para que nuestros socios de la red puedan pedirlos f\u00e1cilmente en l\u00ednea.<\/p>\n<\/div>\n<\/div>\n\n<div class=\"wp-block-columns is-layout-flex wp-container-core-columns-is-layout-9d6595d7 wp-block-columns-is-layout-flex\">\n<div class=\"wp-block-column is-layout-flow wp-block-column-is-layout-flow\">\n<figure class=\"wp-block-image size-full\"><img loading=\"lazy\" decoding=\"async\" width=\"1000\" height=\"750\" src=\"http:\/\/www.harvesters.org\/wp-content\/uploads\/2021\/08\/Warehouse-KC.jpg\" alt=\"Alimentos en las estanter&#xED;as de los almacenes\" class=\"wp-image-4148\" srcset=\"https:\/\/www.harvesters.org\/wp-content\/uploads\/2021\/08\/Warehouse-KC.jpg 1000w, https:\/\/www.harvesters.org\/wp-content\/uploads\/2021\/08\/Warehouse-KC-300x225.jpg 300w, https:\/\/www.harvesters.org\/wp-content\/uploads\/2021\/08\/Warehouse-KC-768x576.jpg 768w, https:\/\/www.harvesters.org\/wp-content\/uploads\/2021\/08\/Warehouse-KC-383x287.jpg 383w, https:\/\/www.harvesters.org\/wp-content\/uploads\/2021\/08\/Warehouse-KC-950x712.jpg 950w\" sizes=\"auto, (max-width: 1000px) 100vw, 1000px\" \/><\/figure>\n\n\n\n<div style=\"height:20px\" aria-hidden=\"true\" class=\"wp-block-spacer\"><\/div>\n\n\n\n<p class=\"has-text-align-center\">Almacenamos los alimentos hasta que los necesitamos. Los art\u00edculos no perecederos y de uso dom\u00e9stico se almacenan en grandes estanter\u00edas repartidas por todo nuestro almac\u00e9n, y los perecederos, en nuestra nevera y refrigeradora.<\/p>\n<\/div>\n\n\n\n<div class=\"wp-block-column is-layout-flow wp-block-column-is-layout-flow\">\n<figure class=\"wp-block-image size-full\"><img loading=\"lazy\" decoding=\"async\" width=\"1000\" height=\"750\" src=\"http:\/\/www.harvesters.org\/wp-content\/uploads\/2021\/08\/Loading-Food-1.jpg\" alt=\"Carga de un pal&#xE9; de alimentos en un cami&#xF3;n\" class=\"wp-image-4151\" srcset=\"https:\/\/www.harvesters.org\/wp-content\/uploads\/2021\/08\/Loading-Food-1.jpg 1000w, https:\/\/www.harvesters.org\/wp-content\/uploads\/2021\/08\/Loading-Food-1-300x225.jpg 300w, https:\/\/www.harvesters.org\/wp-content\/uploads\/2021\/08\/Loading-Food-1-768x576.jpg 768w, https:\/\/www.harvesters.org\/wp-content\/uploads\/2021\/08\/Loading-Food-1-383x287.jpg 383w, https:\/\/www.harvesters.org\/wp-content\/uploads\/2021\/08\/Loading-Food-1-950x712.jpg 950w\" sizes=\"auto, (max-width: 1000px) 100vw, 1000px\" \/><\/figure>\n\n\n\n<div style=\"height:20px\" aria-hidden=\"true\" class=\"wp-block-spacer\"><\/div>\n\n\n\n<p class=\"has-text-align-center\">A continuaci\u00f3n, los alimentos se cargan en nuestros camiones y se entregan a nuestra red de agencias. Algunas agencias vienen a Harvesters a recoger sus pedidos.<\/p>\n<\/div>\n\n\n\n<div class=\"wp-block-column is-layout-flow wp-block-column-is-layout-flow\">\n<figure class=\"wp-block-image size-full\"><img loading=\"lazy\" decoding=\"async\" width=\"1000\" height=\"750\" src=\"http:\/\/www.harvesters.org\/wp-content\/uploads\/2021\/08\/Distributing-Food.jpg\" alt=\"Voluntario de la Agencia distribuyendo alimentos\" class=\"wp-image-4156\" srcset=\"https:\/\/www.harvesters.org\/wp-content\/uploads\/2021\/08\/Distributing-Food.jpg 1000w, https:\/\/www.harvesters.org\/wp-content\/uploads\/2021\/08\/Distributing-Food-300x225.jpg 300w, https:\/\/www.harvesters.org\/wp-content\/uploads\/2021\/08\/Distributing-Food-768x576.jpg 768w, https:\/\/www.harvesters.org\/wp-content\/uploads\/2021\/08\/Distributing-Food-383x287.jpg 383w, https:\/\/www.harvesters.org\/wp-content\/uploads\/2021\/08\/Distributing-Food-950x712.jpg 950w\" sizes=\"auto, (max-width: 1000px) 100vw, 1000px\" \/><\/figure>\n\n\n\n<div style=\"height:20px\" aria-hidden=\"true\" class=\"wp-block-spacer\"><\/div>\n\n\n\n<p class=\"has-text-align-center\">Nuestras agencias completan el \u00faltimo paso, pero el m\u00e1s importante, del proceso. Distribuyen los alimentos directamente a familias, ni\u00f1os y personas mayores.<\/p>\n<\/div>\n<\/div>\n\n<div style=\"height:59px\" aria-hidden=\"true\" class=\"wp-block-spacer\"><\/div>\n","protected":false},"excerpt":{"rendered":"<p>Harvesters es un banco de alimentos. Un banco de alimentos es un lugar que recoge, envasa, almacena y distribuye alimentos a una red de m\u00e1s de 900 organismos asociados. Estos socios incluyen despensas de alimentos,\u2026 <a href=\"https:\/\/www.harvesters.org\/es\/sobre-harvesters\/que-hacemos\/como-funciona-un-banco-de-alimentos\" class=\"read-more\">More<\/a><\/p>\n","protected":false},"author":3,"featured_media":0,"parent":9494,"menu_order":0,"comment_status":"closed","ping_status":"closed","template":"","meta":{"_acf_changed":false,"inline_featured_image":false,"_uag_custom_page_level_css":"","footnotes":""},"class_list":["post-9414","page","type-page","status-publish","hentry"],"acf":[],"yoast_head":"<!-- This site is optimized with the Yoast SEO plugin v27.5 - https:\/\/yoast.com\/product\/yoast-seo-wordpress\/ -->\n<title>C\u00f3mo funciona un banco de alimentos - Harvesters<\/title>\n<meta name=\"description\" content=\"Harvesters es un banco de alimentos que recoge, envasa, almacena y distribuye alimentos a m\u00e1s de 760 agencias asociadas del noroeste de Misuri y el noreste de Kansas.\" \/>\n<meta name=\"robots\" content=\"index, follow, max-snippet:-1, max-image-preview:large, max-video-preview:-1\" \/>\n<link rel=\"canonical\" href=\"https:\/\/www.harvesters.org\/es\/sobre-harvesters\/que-hacemos\/como-funciona-un-banco-de-alimentos\" \/>\n<meta property=\"og:locale\" content=\"es_ES\" \/>\n<meta property=\"og:type\" content=\"article\" \/>\n<meta property=\"og:title\" content=\"C\u00f3mo funciona un banco de alimentos - Harvesters\" \/>\n<meta property=\"og:description\" content=\"Harvesters es un banco de alimentos que recoge, envasa, almacena y distribuye alimentos a m\u00e1s de 760 agencias asociadas del noroeste de Misuri y el noreste de Kansas.\" \/>\n<meta property=\"og:url\" content=\"https:\/\/www.harvesters.org\/es\/sobre-harvesters\/que-hacemos\/como-funciona-un-banco-de-alimentos\" \/>\n<meta property=\"og:site_name\" content=\"Harvesters\" \/>\n<meta property=\"article:modified_time\" content=\"2024-12-10T18:48:48+00:00\" \/>\n<meta property=\"og:image\" content=\"https:\/\/www.harvesters.org\/wp-content\/uploads\/2021\/08\/Barrel-In-Store.jpg\" \/>\n\t<meta property=\"og:image:width\" content=\"1000\" \/>\n\t<meta property=\"og:image:height\" content=\"750\" \/>\n\t<meta property=\"og:image:type\" content=\"image\/jpeg\" \/>\n<meta name=\"twitter:card\" content=\"summary_large_image\" \/>\n<meta name=\"twitter:label1\" content=\"Tiempo de lectura\" \/>\n\t<meta name=\"twitter:data1\" content=\"3 minutos\" \/>\n<script type=\"application\/ld+json\" class=\"yoast-schema-graph\">{\"@context\":\"https:\\\/\\\/schema.org\",\"@graph\":[{\"@type\":\"WebPage\",\"@id\":\"https:\\\/\\\/www.harvesters.org\\\/es\\\/sobre-harvesters\\\/que-hacemos\\\/como-funciona-un-banco-de-alimentos\",\"url\":\"https:\\\/\\\/www.harvesters.org\\\/es\\\/sobre-harvesters\\\/que-hacemos\\\/como-funciona-un-banco-de-alimentos\",\"name\":\"C\u00f3mo funciona un banco de alimentos - Harvesters\",\"isPartOf\":{\"@id\":\"https:\\\/\\\/www.harvesters.org\\\/#website\"},\"primaryImageOfPage\":{\"@id\":\"https:\\\/\\\/www.harvesters.org\\\/es\\\/sobre-harvesters\\\/que-hacemos\\\/como-funciona-un-banco-de-alimentos#primaryimage\"},\"image\":{\"@id\":\"https:\\\/\\\/www.harvesters.org\\\/es\\\/sobre-harvesters\\\/que-hacemos\\\/como-funciona-un-banco-de-alimentos#primaryimage\"},\"thumbnailUrl\":\"http:\\\/\\\/www.harvesters.org\\\/wp-content\\\/uploads\\\/2021\\\/08\\\/Barrel-In-Store.jpg\",\"datePublished\":\"2021-06-01T13:26:57+00:00\",\"dateModified\":\"2024-12-10T18:48:48+00:00\",\"description\":\"Harvesters es un banco de alimentos que recoge, envasa, almacena y distribuye alimentos a m\u00e1s de 760 agencias asociadas del noroeste de Misuri y el noreste de Kansas.\",\"breadcrumb\":{\"@id\":\"https:\\\/\\\/www.harvesters.org\\\/es\\\/sobre-harvesters\\\/que-hacemos\\\/como-funciona-un-banco-de-alimentos#breadcrumb\"},\"inLanguage\":\"es\",\"potentialAction\":[{\"@type\":\"ReadAction\",\"target\":[\"https:\\\/\\\/www.harvesters.org\\\/es\\\/sobre-harvesters\\\/que-hacemos\\\/como-funciona-un-banco-de-alimentos\"]}]},{\"@type\":\"ImageObject\",\"inLanguage\":\"es\",\"@id\":\"https:\\\/\\\/www.harvesters.org\\\/es\\\/sobre-harvesters\\\/que-hacemos\\\/como-funciona-un-banco-de-alimentos#primaryimage\",\"url\":\"http:\\\/\\\/www.harvesters.org\\\/wp-content\\\/uploads\\\/2021\\\/08\\\/Barrel-In-Store.jpg\",\"contentUrl\":\"http:\\\/\\\/www.harvesters.org\\\/wp-content\\\/uploads\\\/2021\\\/08\\\/Barrel-In-Store.jpg\"},{\"@type\":\"BreadcrumbList\",\"@id\":\"https:\\\/\\\/www.harvesters.org\\\/es\\\/sobre-harvesters\\\/que-hacemos\\\/como-funciona-un-banco-de-alimentos#breadcrumb\",\"itemListElement\":[{\"@type\":\"ListItem\",\"position\":1,\"name\":\"Home\",\"item\":\"https:\\\/\\\/www.harvesters.org\\\/es\"},{\"@type\":\"ListItem\",\"position\":2,\"name\":\"Sobre Harvesters\",\"item\":\"https:\\\/\\\/www.harvesters.org\\\/es\\\/sobre-harvesters\"},{\"@type\":\"ListItem\",\"position\":3,\"name\":\"Qu\u00e9 hacemos\",\"item\":\"https:\\\/\\\/www.harvesters.org\\\/es\\\/sobre-harvesters\\\/que-hacemos\"},{\"@type\":\"ListItem\",\"position\":4,\"name\":\"C\u00f3mo funciona un banco de alimentos\"}]},{\"@type\":\"WebSite\",\"@id\":\"https:\\\/\\\/www.harvesters.org\\\/#website\",\"url\":\"https:\\\/\\\/www.harvesters.org\\\/\",\"name\":\"Harvesters\",\"description\":\"\",\"potentialAction\":[{\"@type\":\"SearchAction\",\"target\":{\"@type\":\"EntryPoint\",\"urlTemplate\":\"https:\\\/\\\/www.harvesters.org\\\/?s={search_term_string}\"},\"query-input\":{\"@type\":\"PropertyValueSpecification\",\"valueRequired\":true,\"valueName\":\"search_term_string\"}}],\"inLanguage\":\"es\"}]}<\/script>\n<!-- \/ Yoast SEO plugin. -->","yoast_head_json":{"title":"C\u00f3mo funciona un banco de alimentos - Harvesters","description":"Harvesters es un banco de alimentos que recoge, envasa, almacena y distribuye alimentos a m\u00e1s de 760 agencias asociadas del noroeste de Misuri y el noreste de Kansas.","robots":{"index":"index","follow":"follow","max-snippet":"max-snippet:-1","max-image-preview":"max-image-preview:large","max-video-preview":"max-video-preview:-1"},"canonical":"https:\/\/www.harvesters.org\/es\/sobre-harvesters\/que-hacemos\/como-funciona-un-banco-de-alimentos","og_locale":"es_ES","og_type":"article","og_title":"C\u00f3mo funciona un banco de alimentos - Harvesters","og_description":"Harvesters es un banco de alimentos que recoge, envasa, almacena y distribuye alimentos a m\u00e1s de 760 agencias asociadas del noroeste de Misuri y el noreste de Kansas.","og_url":"https:\/\/www.harvesters.org\/es\/sobre-harvesters\/que-hacemos\/como-funciona-un-banco-de-alimentos","og_site_name":"Harvesters","article_modified_time":"2024-12-10T18:48:48+00:00","og_image":[{"width":1000,"height":750,"url":"https:\/\/www.harvesters.org\/wp-content\/uploads\/2021\/08\/Barrel-In-Store.jpg","type":"image\/jpeg"}],"twitter_card":"summary_large_image","twitter_misc":{"Tiempo de lectura":"3 minutos"},"schema":{"@context":"https:\/\/schema.org","@graph":[{"@type":"WebPage","@id":"https:\/\/www.harvesters.org\/es\/sobre-harvesters\/que-hacemos\/como-funciona-un-banco-de-alimentos","url":"https:\/\/www.harvesters.org\/es\/sobre-harvesters\/que-hacemos\/como-funciona-un-banco-de-alimentos","name":"C\u00f3mo funciona un banco de alimentos - Harvesters","isPartOf":{"@id":"https:\/\/www.harvesters.org\/#website"},"primaryImageOfPage":{"@id":"https:\/\/www.harvesters.org\/es\/sobre-harvesters\/que-hacemos\/como-funciona-un-banco-de-alimentos#primaryimage"},"image":{"@id":"https:\/\/www.harvesters.org\/es\/sobre-harvesters\/que-hacemos\/como-funciona-un-banco-de-alimentos#primaryimage"},"thumbnailUrl":"http:\/\/www.harvesters.org\/wp-content\/uploads\/2021\/08\/Barrel-In-Store.jpg","datePublished":"2021-06-01T13:26:57+00:00","dateModified":"2024-12-10T18:48:48+00:00","description":"Harvesters es un banco de alimentos que recoge, envasa, almacena y distribuye alimentos a m\u00e1s de 760 agencias asociadas del noroeste de Misuri y el noreste de Kansas.","breadcrumb":{"@id":"https:\/\/www.harvesters.org\/es\/sobre-harvesters\/que-hacemos\/como-funciona-un-banco-de-alimentos#breadcrumb"},"inLanguage":"es","potentialAction":[{"@type":"ReadAction","target":["https:\/\/www.harvesters.org\/es\/sobre-harvesters\/que-hacemos\/como-funciona-un-banco-de-alimentos"]}]},{"@type":"ImageObject","inLanguage":"es","@id":"https:\/\/www.harvesters.org\/es\/sobre-harvesters\/que-hacemos\/como-funciona-un-banco-de-alimentos#primaryimage","url":"http:\/\/www.harvesters.org\/wp-content\/uploads\/2021\/08\/Barrel-In-Store.jpg","contentUrl":"http:\/\/www.harvesters.org\/wp-content\/uploads\/2021\/08\/Barrel-In-Store.jpg"},{"@type":"BreadcrumbList","@id":"https:\/\/www.harvesters.org\/es\/sobre-harvesters\/que-hacemos\/como-funciona-un-banco-de-alimentos#breadcrumb","itemListElement":[{"@type":"ListItem","position":1,"name":"Home","item":"https:\/\/www.harvesters.org\/es"},{"@type":"ListItem","position":2,"name":"Sobre Harvesters","item":"https:\/\/www.harvesters.org\/es\/sobre-harvesters"},{"@type":"ListItem","position":3,"name":"Qu\u00e9 hacemos","item":"https:\/\/www.harvesters.org\/es\/sobre-harvesters\/que-hacemos"},{"@type":"ListItem","position":4,"name":"C\u00f3mo funciona un banco de alimentos"}]},{"@type":"WebSite","@id":"https:\/\/www.harvesters.org\/#website","url":"https:\/\/www.harvesters.org\/","name":"Harvesters","description":"","potentialAction":[{"@type":"SearchAction","target":{"@type":"EntryPoint","urlTemplate":"https:\/\/www.harvesters.org\/?s={search_term_string}"},"query-input":{"@type":"PropertyValueSpecification","valueRequired":true,"valueName":"search_term_string"}}],"inLanguage":"es"}]}},"uagb_featured_image_src":{"full":false,"thumbnail":false,"medium":false,"medium_large":false,"large":false,"1536x1536":false,"2048x2048":false,"alm-thumbnail":false,"featured-16-9":false,"featured-4-3":false,"featured-4-3-full":false,"featured-16-9-full":false,"gform-image-choice-sm":false,"gform-image-choice-md":false,"gform-image-choice-lg":false},"uagb_author_info":{"display_name":"John Kuefler","author_link":"https:\/\/www.harvesters.org\/es\/author\/john-kuefleruxwest-com"},"uagb_comment_info":0,"uagb_excerpt":"Harvesters es un banco de alimentos. Un banco de alimentos es un lugar que recoge, envasa, almacena y distribuye alimentos a una red de m\u00e1s de 900 organismos asociados. Estos socios incluyen despensas de alimentos,\u2026 More","_links":{"self":[{"href":"https:\/\/www.harvesters.org\/es\/wp-json\/wp\/v2\/pages\/9414","targetHints":{"allow":["GET"]}}],"collection":[{"href":"https:\/\/www.harvesters.org\/es\/wp-json\/wp\/v2\/pages"}],"about":[{"href":"https:\/\/www.harvesters.org\/es\/wp-json\/wp\/v2\/types\/page"}],"author":[{"embeddable":true,"href":"https:\/\/www.harvesters.org\/es\/wp-json\/wp\/v2\/users\/3"}],"replies":[{"embeddable":true,"href":"https:\/\/www.harvesters.org\/es\/wp-json\/wp\/v2\/comments?post=9414"}],"version-history":[{"count":7,"href":"https:\/\/www.harvesters.org\/es\/wp-json\/wp\/v2\/pages\/9414\/revisions"}],"predecessor-version":[{"id":13494,"href":"https:\/\/www.harvesters.org\/es\/wp-json\/wp\/v2\/pages\/9414\/revisions\/13494"}],"up":[{"embeddable":true,"href":"https:\/\/www.harvesters.org\/es\/wp-json\/wp\/v2\/pages\/9494"}],"wp:attachment":[{"href":"https:\/\/www.harvesters.org\/es\/wp-json\/wp\/v2\/media?parent=9414"}],"curies":[{"name":"wp","href":"https:\/\/api.w.org\/{rel}","templated":true}]}}