{"id":9413,"date":"2021-06-01T13:48:08","date_gmt":"2021-06-01T18:48:08","guid":{"rendered":"https:\/\/www.harvesters.org\/?page_id=9413"},"modified":"2024-12-11T12:14:38","modified_gmt":"2024-12-11T18:14:38","slug":"informes-anuales-y-financieros","status":"publish","type":"page","link":"https:\/\/www.harvesters.org\/es\/sobre-harvesters\/que-hacemos\/informes-anuales-y-financieros","title":{"rendered":"Informes anuales y financieros"},"content":{"rendered":"\n<p>El trabajo de Harvesters para alimentar a los hambrientos no ser\u00eda posible sin el apoyo de donantes de alimentos y financieros, agencias y voluntarios. Harvesters trabaja estrat\u00e9gicamente para utilizar estos recursos de forma inteligente y eficaz con el fin de proporcionar alimentos al mayor n\u00famero posible de personas, educar sobre el hambre y contribuir a la salud y el bienestar generales de la regi\u00f3n a la que servimos.<\/p>\n\n<h3 class=\"wp-block-heading\" id=\"our-annual-report\">Nuestro informe anual<\/h3>\n\n<p><a href=\"https:\/\/secure.harvesters.org\/site\/SPageNavigator\/Fiscal_Year_2023_Annual_Report.html\" target=\"_blank\" rel=\"noreferrer noopener\">Informe Anual del FY23<\/a><br\/><a href=\"http:\/\/www.harvesters.org\/wp-content\/uploads\/2024\/06\/Annual-Report-Volunteer-Org-FY23.pdf\" target=\"_blank\" rel=\"noreferrer noopener\">FY23 Voluntarios &#8211; Organizaciones<\/a><br\/><a href=\"http:\/\/www.harvesters.org\/wp-content\/uploads\/2024\/06\/Annual-Report-Volunteer-Ind-FY23.pdf\" target=\"_blank\" rel=\"noreferrer noopener\">FY23 Voluntarios &#8211; Individuos<\/a><br\/><a href=\"http:\/\/www.harvesters.org\/wp-content\/uploads\/2024\/06\/Annual-Report-Youth-Volunteers-FY23.pdf\" target=\"_blank\" rel=\"noreferrer noopener\">FY23 Voluntarios &#8211; J\u00f3venes<\/a><br\/><a href=\"http:\/\/www.harvesters.org\/wp-content\/uploads\/2024\/06\/Annual-Report-FY23-Individual-Donors.pdf\" target=\"_blank\" rel=\"noreferrer noopener\">FY23 Donantes &#8211; Particulares<\/a><br\/><a href=\"http:\/\/www.harvesters.org\/wp-content\/uploads\/2024\/06\/FY23-Product-Donors.pdf\" target=\"_blank\" rel=\"noreferrer noopener\">FY23 Donantes de productos<\/a><br\/><\/p>\n\n<h3 class=\"wp-block-heading\" id=\"past-annual-reports\">Informes anuales anteriores<\/h3>\n\n<p><a href=\"https:\/\/secure3.convio.net\/harvst\/site\/SPageNavigator\/Fiscal_Year_2022_Annual_Report.html\" target=\"_blank\" rel=\"noreferrer noopener\">Informe Anual del FY22<\/a><br\/><a href=\"http:\/\/www.harvesters.org\/wp-content\/uploads\/2023\/06\/2022-Volunteer-Organizations.pdf\" target=\"_blank\" rel=\"noreferrer noopener\">Voluntarios FY22 &#8211; Organizaciones<\/a><br\/><a href=\"http:\/\/www.harvesters.org\/wp-content\/uploads\/2023\/06\/HCFN-Volunteers-Individuals.pdf\" target=\"_blank\" rel=\"noreferrer noopener\">FY22 Voluntarios &#8211; Particulares<\/a><br\/><a href=\"http:\/\/www.harvesters.org\/wp-content\/uploads\/2023\/06\/HCFN-FFD-Food-and-Fund-Drives-Organizations.pdf\" target=\"_blank\" rel=\"noreferrer noopener\">FY22 Colectas de alimentos y fondos &#8211; Organizaciones<\/a><br\/><a href=\"http:\/\/www.harvesters.org\/wp-content\/uploads\/2023\/06\/2022-Food-and-Fund-Drives-individuals.pdf\" target=\"_blank\" rel=\"noreferrer noopener\">FY22 Recogida de Alimentos y Fondos &#8211; Particulares<\/a><br\/><a href=\"http:\/\/www.harvesters.org\/wp-content\/uploads\/2023\/06\/HCFN-Donors-Organizations.pdf\" target=\"_blank\" rel=\"noreferrer noopener\">FY22 Donantes &#8211; Organizaciones<\/a><br\/><a href=\"http:\/\/www.harvesters.org\/wp-content\/uploads\/2023\/06\/2022-Donor-Individuals.pdf\" target=\"_blank\" rel=\"noreferrer noopener\">FY22 Donantes &#8211; Particulares<\/a><br\/><a href=\"http:\/\/www.harvesters.org\/wp-content\/uploads\/2023\/06\/HCFN-Donors-Product-Donors.pdf\" target=\"_blank\" rel=\"noreferrer noopener\">FY22 Donantes de productos<\/a><\/p>\n\n<p><a href=\"http:\/\/www.harvesters.org\/wp-content\/uploads\/2022\/02\/Annual-Report-FY21.pdf\" target=\"_blank\" rel=\"noreferrer noopener\">Informe Anual FY2021<\/a><br\/><a href=\"http:\/\/www.harvesters.org\/wp-content\/uploads\/2022\/04\/Annual-Report-Volunteer-Org-FY21.pdf\" target=\"_blank\" rel=\"noreferrer noopener\">FY21Voluntarios &#8211; Organizaciones<\/a><br\/><a href=\"http:\/\/www.harvesters.org\/wp-content\/uploads\/2022\/04\/Annual-Report-Volunteer-Ind-FY21.pdf\" target=\"_blank\" rel=\"noreferrer noopener\">FY21 Voluntarios &#8211; Particulares<\/a><br\/><a href=\"http:\/\/www.harvesters.org\/wp-content\/uploads\/2022\/04\/Annual-Report-FFD-Orgs-FY21.pdf\" target=\"_blank\" rel=\"noreferrer noopener\">FY21 Colectas de alimentos y fondos &#8211; Organizaciones<\/a><br\/><a href=\"http:\/\/www.harvesters.org\/wp-content\/uploads\/2022\/04\/Annual-Report-FFD-Individuals-FY21.pdf\" target=\"_blank\" rel=\"noreferrer noopener\">FY21 Recogida de alimentos y fondos &#8211; Particulares<\/a><br\/><a href=\"http:\/\/www.harvesters.org\/wp-content\/uploads\/2022\/04\/Annual-Report-Corporate-Donors-FY21.pdf\" target=\"_blank\" rel=\"noreferrer noopener\">FY21 Donantes &#8211; Organizaciones<\/a><br\/><a href=\"http:\/\/www.harvesters.org\/wp-content\/uploads\/2022\/04\/Annual-Report-Individual-Donors-FY21.pdf\" target=\"_blank\" rel=\"noreferrer noopener\">FY21 Donantes &#8211; Particulares<\/a><br\/><a href=\"http:\/\/www.harvesters.org\/wp-content\/uploads\/2022\/04\/Annual-Report-Product-Donors-FY21.pdf\" target=\"_blank\" rel=\"noreferrer noopener\">FY21 Donantes de productos<\/a><\/p>\n\n<p><a href=\"http:\/\/www.harvesters.org\/wp-content\/uploads\/2021\/07\/Annual-Report-2020.pdf\" target=\"_blank\" rel=\"noreferrer noopener\">Informe anual del ejercicio 20<\/a><br\/><a href=\"http:\/\/www.harvesters.org\/wp-content\/uploads\/2021\/07\/HCFN-Volunteers-Orgs-2020.pdf\" target=\"_blank\" rel=\"noreferrer noopener\">FY20 Voluntarios-Organizaciones<br\/><\/a><a href=\"http:\/\/www.harvesters.org\/wp-content\/uploads\/2021\/07\/HCFN-Volunteers-Individuals-2020.pdf\" target=\"_blank\" rel=\"noreferrer noopener\">FY20 Voluntarios-Individuos<br\/><\/a><a href=\"http:\/\/www.harvesters.org\/wp-content\/uploads\/2021\/07\/HCFN-FFD-Orgs-2020.pdf\" target=\"_blank\" rel=\"noreferrer noopener\">FY20 Recogida de alimentos y fondos-Organizaciones<br\/><\/a><a href=\"http:\/\/www.harvesters.org\/wp-content\/uploads\/2021\/07\/HCFN-FFD-Individuals-2020.pdf\" target=\"_blank\" rel=\"noreferrer noopener\">FY20 Recogida de alimentos y fondos-Individuos<\/a><a href=\"https:\/\/www.harvesters.org\/Harvesters.org\/media\/assets-uploaded\/General%20PDF%20Docs\/HCFN-FFD-Individuals-2020.pdf\" target=\"_blank\" rel=\"noreferrer noopener\"><br\/><\/a><a href=\"http:\/\/www.harvesters.org\/wp-content\/uploads\/2021\/07\/HCFN-Donors-Orgs-2020-docx.pdf\">FY20 Donors &#8211; Organizations<br\/><\/a><a href=\"http:\/\/www.harvesters.org\/wp-content\/uploads\/2021\/07\/HCFN-Donors-Individuals-2020.pdf\" target=\"_blank\" rel=\"noreferrer noopener\">FY20 Donors &#8211; Individuals<br\/><\/a><a href=\"http:\/\/www.harvesters.org\/wp-content\/uploads\/2021\/07\/HCFN-Product-Donors-2020-docx.pdf\" target=\"_blank\" rel=\"noreferrer noopener\">FY20 Product Donors<\/a><\/p>\n\n<h3 class=\"wp-block-heading\" id=\"our-990-forms\">Nuestros formularios 990<\/h3>\n\n<p><a href=\"http:\/\/www.harvesters.org\/wp-content\/uploads\/2024\/05\/Harvesters-2022-990.pdf\">Cosechadoras 2022 990<\/a><br\/><a href=\"http:\/\/www.harvesters.org\/wp-content\/uploads\/2024\/01\/Harvesters-990-EFY-2022.pdf\" target=\"_blank\" rel=\"noreferrer noopener\">Cosechadoras 2021 990<\/a><br\/><a href=\"http:\/\/www.harvesters.org\/wp-content\/uploads\/2022\/02\/2020-Tax-Return-FYE-06.30.21-Harvesters-Public-Inspection.pdf\" target=\"_blank\" rel=\"noreferrer noopener\">Cosechadoras 2020 990<\/a><a href=\"http:\/\/www.harvesters.org\/wp-content\/uploads\/2022\/02\/2020-Tax-Return-FYE-06.30.21-HCFN-Full-Copy-and-Public-Inspection.pdf\" target=\"_blank\" rel=\"noreferrer noopener\"><br\/>HCFN 2020 990<\/a><br\/><a href=\"http:\/\/www.harvesters.org\/wp-content\/uploads\/2021\/07\/2019-Tax-Return-FYE-06-30-20-Harvesters-Public-Inspection-Copy.pdf\" target=\"_blank\" rel=\"noreferrer noopener\">Cosechadoras 2019 990<br\/><\/a><a href=\"http:\/\/www.harvesters.org\/wp-content\/uploads\/2021\/07\/2019-Tax-Return-FYE-06-30-20-HCFN-Full-Copy-and-Public-Inspection-Copy.pdf\" target=\"_blank\" rel=\"noreferrer noopener\">HCFN 2019 990<br\/><\/a><a href=\"http:\/\/www.harvesters.org\/wp-content\/uploads\/2021\/07\/Harvesters-2018-Form-990.pdf\" target=\"_blank\" rel=\"noreferrer noopener\">Cosechadoras 2018 Formulario 990<br\/><\/a><a href=\"http:\/\/www.harvesters.org\/wp-content\/uploads\/2021\/07\/HCFN-2018-Form-990.pdf\" target=\"_blank\" rel=\"noreferrer noopener\">HCFN Formulario 990 2018<\/a><\/p>\n\n<h3 class=\"wp-block-heading\" id=\"our-audit-reports\">Nuestros informes de auditor\u00eda<\/h3>\n\n<p><a href=\"http:\/\/www.harvesters.org\/wp-content\/uploads\/2024\/10\/Harvesters-Short-Report-FY-2023-2024.pdf\" target=\"_blank\" rel=\"noreferrer noopener\">Harvesters Audit Report 2023-2024<\/a><br\/><a href=\"http:\/\/www.harvesters.org\/wp-content\/uploads\/2023\/10\/Harvesters-Short-Report-FY-2022-2023.pdf\">Harvesters Audit Report 2022-2023<\/a><br\/><a href=\"http:\/\/www.harvesters.org\/wp-content\/uploads\/2022\/11\/Harvesters-Short-Report-FY-2021-2022.pdf\" target=\"_blank\" rel=\"noreferrer noopener\">Harvesters Audit Report 2021-2022<\/a><\/p>\n\n<div style=\"height:60px\" aria-hidden=\"true\" class=\"wp-block-spacer\"><\/div>\n","protected":false},"excerpt":{"rendered":"<p>El trabajo de Harvesters para alimentar a los hambrientos no ser\u00eda posible sin el apoyo de donantes de alimentos y financieros, agencias y voluntarios. Harvesters trabaja estrat\u00e9gicamente para utilizar estos recursos de forma inteligente y\u2026 <a href=\"https:\/\/www.harvesters.org\/es\/sobre-harvesters\/que-hacemos\/informes-anuales-y-financieros\" class=\"read-more\">More<\/a><\/p>\n","protected":false},"author":3,"featured_media":0,"parent":9494,"menu_order":3,"comment_status":"closed","ping_status":"closed","template":"","meta":{"_acf_changed":false,"inline_featured_image":false,"_uag_custom_page_level_css":"","footnotes":""},"class_list":["post-9413","page","type-page","status-publish","hentry"],"acf":[],"yoast_head":"<!-- This site is optimized with the Yoast SEO plugin v27.5 - https:\/\/yoast.com\/product\/yoast-seo-wordpress\/ -->\n<title>Informes anuales y financieros - Harvesters<\/title>\n<meta name=\"description\" content=\"Listas de nuestros donantes y c\u00f3mo utilizamos los recursos de forma inteligente y eficaz para proporcionar alimentos a personas hambrientas, educar y mejorar el bienestar de la gente.\" \/>\n<meta name=\"robots\" content=\"index, follow, max-snippet:-1, max-image-preview:large, max-video-preview:-1\" \/>\n<link rel=\"canonical\" href=\"https:\/\/www.harvesters.org\/es\/sobre-harvesters\/que-hacemos\/informes-anuales-y-financieros\" \/>\n<meta property=\"og:locale\" content=\"es_ES\" \/>\n<meta property=\"og:type\" content=\"article\" \/>\n<meta property=\"og:title\" content=\"Informes anuales y financieros - Harvesters\" \/>\n<meta property=\"og:description\" content=\"Listas de nuestros donantes y c\u00f3mo utilizamos los recursos de forma inteligente y eficaz para proporcionar alimentos a personas hambrientas, educar y mejorar el bienestar de la gente.\" \/>\n<meta property=\"og:url\" content=\"https:\/\/www.harvesters.org\/es\/sobre-harvesters\/que-hacemos\/informes-anuales-y-financieros\" \/>\n<meta property=\"og:site_name\" content=\"Harvesters\" \/>\n<meta property=\"article:modified_time\" content=\"2024-12-11T18:14:38+00:00\" \/>\n<meta name=\"twitter:card\" content=\"summary_large_image\" \/>\n<meta name=\"twitter:label1\" content=\"Tiempo de lectura\" \/>\n\t<meta name=\"twitter:data1\" content=\"2 minutos\" \/>\n<script type=\"application\/ld+json\" class=\"yoast-schema-graph\">{\"@context\":\"https:\\\/\\\/schema.org\",\"@graph\":[{\"@type\":\"WebPage\",\"@id\":\"https:\\\/\\\/www.harvesters.org\\\/es\\\/sobre-harvesters\\\/que-hacemos\\\/informes-anuales-y-financieros\",\"url\":\"https:\\\/\\\/www.harvesters.org\\\/es\\\/sobre-harvesters\\\/que-hacemos\\\/informes-anuales-y-financieros\",\"name\":\"Informes anuales y financieros - Harvesters\",\"isPartOf\":{\"@id\":\"https:\\\/\\\/www.harvesters.org\\\/#website\"},\"datePublished\":\"2021-06-01T18:48:08+00:00\",\"dateModified\":\"2024-12-11T18:14:38+00:00\",\"description\":\"Listas de nuestros donantes y c\u00f3mo utilizamos los recursos de forma inteligente y eficaz para proporcionar alimentos a personas hambrientas, educar y mejorar el bienestar de la gente.\",\"breadcrumb\":{\"@id\":\"https:\\\/\\\/www.harvesters.org\\\/es\\\/sobre-harvesters\\\/que-hacemos\\\/informes-anuales-y-financieros#breadcrumb\"},\"inLanguage\":\"es\",\"potentialAction\":[{\"@type\":\"ReadAction\",\"target\":[\"https:\\\/\\\/www.harvesters.org\\\/es\\\/sobre-harvesters\\\/que-hacemos\\\/informes-anuales-y-financieros\"]}]},{\"@type\":\"BreadcrumbList\",\"@id\":\"https:\\\/\\\/www.harvesters.org\\\/es\\\/sobre-harvesters\\\/que-hacemos\\\/informes-anuales-y-financieros#breadcrumb\",\"itemListElement\":[{\"@type\":\"ListItem\",\"position\":1,\"name\":\"Home\",\"item\":\"https:\\\/\\\/www.harvesters.org\\\/es\"},{\"@type\":\"ListItem\",\"position\":2,\"name\":\"Sobre Harvesters\",\"item\":\"https:\\\/\\\/www.harvesters.org\\\/es\\\/sobre-harvesters\"},{\"@type\":\"ListItem\",\"position\":3,\"name\":\"Qu\u00e9 hacemos\",\"item\":\"https:\\\/\\\/www.harvesters.org\\\/es\\\/sobre-harvesters\\\/que-hacemos\"},{\"@type\":\"ListItem\",\"position\":4,\"name\":\"Informes anuales y financieros\"}]},{\"@type\":\"WebSite\",\"@id\":\"https:\\\/\\\/www.harvesters.org\\\/#website\",\"url\":\"https:\\\/\\\/www.harvesters.org\\\/\",\"name\":\"Harvesters\",\"description\":\"\",\"potentialAction\":[{\"@type\":\"SearchAction\",\"target\":{\"@type\":\"EntryPoint\",\"urlTemplate\":\"https:\\\/\\\/www.harvesters.org\\\/?s={search_term_string}\"},\"query-input\":{\"@type\":\"PropertyValueSpecification\",\"valueRequired\":true,\"valueName\":\"search_term_string\"}}],\"inLanguage\":\"es\"}]}<\/script>\n<!-- \/ Yoast SEO plugin. -->","yoast_head_json":{"title":"Informes anuales y financieros - Harvesters","description":"Listas de nuestros donantes y c\u00f3mo utilizamos los recursos de forma inteligente y eficaz para proporcionar alimentos a personas hambrientas, educar y mejorar el bienestar de la gente.","robots":{"index":"index","follow":"follow","max-snippet":"max-snippet:-1","max-image-preview":"max-image-preview:large","max-video-preview":"max-video-preview:-1"},"canonical":"https:\/\/www.harvesters.org\/es\/sobre-harvesters\/que-hacemos\/informes-anuales-y-financieros","og_locale":"es_ES","og_type":"article","og_title":"Informes anuales y financieros - Harvesters","og_description":"Listas de nuestros donantes y c\u00f3mo utilizamos los recursos de forma inteligente y eficaz para proporcionar alimentos a personas hambrientas, educar y mejorar el bienestar de la gente.","og_url":"https:\/\/www.harvesters.org\/es\/sobre-harvesters\/que-hacemos\/informes-anuales-y-financieros","og_site_name":"Harvesters","article_modified_time":"2024-12-11T18:14:38+00:00","twitter_card":"summary_large_image","twitter_misc":{"Tiempo de lectura":"2 minutos"},"schema":{"@context":"https:\/\/schema.org","@graph":[{"@type":"WebPage","@id":"https:\/\/www.harvesters.org\/es\/sobre-harvesters\/que-hacemos\/informes-anuales-y-financieros","url":"https:\/\/www.harvesters.org\/es\/sobre-harvesters\/que-hacemos\/informes-anuales-y-financieros","name":"Informes anuales y financieros - Harvesters","isPartOf":{"@id":"https:\/\/www.harvesters.org\/#website"},"datePublished":"2021-06-01T18:48:08+00:00","dateModified":"2024-12-11T18:14:38+00:00","description":"Listas de nuestros donantes y c\u00f3mo utilizamos los recursos de forma inteligente y eficaz para proporcionar alimentos a personas hambrientas, educar y mejorar el bienestar de la gente.","breadcrumb":{"@id":"https:\/\/www.harvesters.org\/es\/sobre-harvesters\/que-hacemos\/informes-anuales-y-financieros#breadcrumb"},"inLanguage":"es","potentialAction":[{"@type":"ReadAction","target":["https:\/\/www.harvesters.org\/es\/sobre-harvesters\/que-hacemos\/informes-anuales-y-financieros"]}]},{"@type":"BreadcrumbList","@id":"https:\/\/www.harvesters.org\/es\/sobre-harvesters\/que-hacemos\/informes-anuales-y-financieros#breadcrumb","itemListElement":[{"@type":"ListItem","position":1,"name":"Home","item":"https:\/\/www.harvesters.org\/es"},{"@type":"ListItem","position":2,"name":"Sobre Harvesters","item":"https:\/\/www.harvesters.org\/es\/sobre-harvesters"},{"@type":"ListItem","position":3,"name":"Qu\u00e9 hacemos","item":"https:\/\/www.harvesters.org\/es\/sobre-harvesters\/que-hacemos"},{"@type":"ListItem","position":4,"name":"Informes anuales y financieros"}]},{"@type":"WebSite","@id":"https:\/\/www.harvesters.org\/#website","url":"https:\/\/www.harvesters.org\/","name":"Harvesters","description":"","potentialAction":[{"@type":"SearchAction","target":{"@type":"EntryPoint","urlTemplate":"https:\/\/www.harvesters.org\/?s={search_term_string}"},"query-input":{"@type":"PropertyValueSpecification","valueRequired":true,"valueName":"search_term_string"}}],"inLanguage":"es"}]}},"uagb_featured_image_src":{"full":false,"thumbnail":false,"medium":false,"medium_large":false,"large":false,"1536x1536":false,"2048x2048":false,"alm-thumbnail":false,"featured-16-9":false,"featured-4-3":false,"featured-4-3-full":false,"featured-16-9-full":false,"gform-image-choice-sm":false,"gform-image-choice-md":false,"gform-image-choice-lg":false},"uagb_author_info":{"display_name":"John Kuefler","author_link":"https:\/\/www.harvesters.org\/es\/author\/john-kuefleruxwest-com"},"uagb_comment_info":0,"uagb_excerpt":"El trabajo de Harvesters para alimentar a los hambrientos no ser\u00eda posible sin el apoyo de donantes de alimentos y financieros, agencias y voluntarios. Harvesters trabaja estrat\u00e9gicamente para utilizar estos recursos de forma inteligente y\u2026 More","_links":{"self":[{"href":"https:\/\/www.harvesters.org\/es\/wp-json\/wp\/v2\/pages\/9413","targetHints":{"allow":["GET"]}}],"collection":[{"href":"https:\/\/www.harvesters.org\/es\/wp-json\/wp\/v2\/pages"}],"about":[{"href":"https:\/\/www.harvesters.org\/es\/wp-json\/wp\/v2\/types\/page"}],"author":[{"embeddable":true,"href":"https:\/\/www.harvesters.org\/es\/wp-json\/wp\/v2\/users\/3"}],"replies":[{"embeddable":true,"href":"https:\/\/www.harvesters.org\/es\/wp-json\/wp\/v2\/comments?post=9413"}],"version-history":[{"count":5,"href":"https:\/\/www.harvesters.org\/es\/wp-json\/wp\/v2\/pages\/9413\/revisions"}],"predecessor-version":[{"id":13509,"href":"https:\/\/www.harvesters.org\/es\/wp-json\/wp\/v2\/pages\/9413\/revisions\/13509"}],"up":[{"embeddable":true,"href":"https:\/\/www.harvesters.org\/es\/wp-json\/wp\/v2\/pages\/9494"}],"wp:attachment":[{"href":"https:\/\/www.harvesters.org\/es\/wp-json\/wp\/v2\/media?parent=9413"}],"curies":[{"name":"wp","href":"https:\/\/api.w.org\/{rel}","templated":true}]}}