{"id":9407,"date":"2021-06-01T13:58:44","date_gmt":"2021-06-01T18:58:44","guid":{"rendered":"https:\/\/www.harvesters.org\/?page_id=9407"},"modified":"2024-12-09T00:19:53","modified_gmt":"2024-12-09T06:19:53","slug":"donaciones-planificadas","status":"publish","type":"page","link":"https:\/\/www.harvesters.org\/es\/como-ayudar\/done-fondos\/donaciones-planificadas","title":{"rendered":"Donaciones Planificadas"},"content":{"rendered":"\n<h2 class=\"wp-block-heading\">Sociedad Semillas de la Cosecha<\/h2>\n\n\n\n<div class=\"wp-block-columns is-layout-flex wp-container-core-columns-is-layout-9d6595d7 wp-block-columns-is-layout-flex\">\n<div class=\"wp-block-column is-layout-flow wp-block-column-is-layout-flow\" style=\"flex-basis:40%\">\n<figure class=\"wp-block-image size-full\"><img loading=\"lazy\" decoding=\"async\" width=\"750\" height=\"1000\" src=\"http:\/\/www.harvesters.org\/wp-content\/uploads\/2021\/08\/Seeds-of-Harvest.jpg\" alt=\"Semillas de la cosecha\" class=\"wp-image-4227\" srcset=\"https:\/\/www.harvesters.org\/wp-content\/uploads\/2021\/08\/Seeds-of-Harvest.jpg 750w, https:\/\/www.harvesters.org\/wp-content\/uploads\/2021\/08\/Seeds-of-Harvest-225x300.jpg 225w\" sizes=\"auto, (max-width: 750px) 100vw, 750px\" \/><\/figure>\n<\/div>\n\n\n\n<div class=\"wp-block-column is-layout-flow wp-block-column-is-layout-flow\" style=\"flex-basis:60%\">\n<p>Durante m\u00e1s de 40 a\u00f1os, Harvesters ha alimentado a personas hambrientas en las ciudades, pueblos y comunidades rurales del noroeste de Misuri y el noreste de Kansas. Usted puede garantizar que el esfuerzo por alimentar a los hambrientos de hoy y acabar con el hambre de ma\u00f1ana contin\u00fae durante los pr\u00f3ximos 40 a\u00f1os y m\u00e1s con una donaci\u00f3n planificada. Existe una gran variedad de acuerdos ben\u00e9ficos que le permiten apoyar los programas de Harvesters en el futuro, a la vez que le proporcionan beneficios fiscales y de otro tipo a usted y a sus seres queridos.<br><br>Despu\u00e9s de completar o actualizar su planificaci\u00f3n patrimonial para incluir a Harvesters, le invitamos a que nos lo notifique para que se convierta en miembro de la Sociedad Semillas de la Cosecha. Mantenemos informados a los miembros de la sociedad sobre nuestros programas e innovaciones para hacer frente al grave problema del hambre en esta regi\u00f3n.<br><br>Si ya ha hecho una donaci\u00f3n planificada a Harvesters, o si desea iniciar una conversaci\u00f3n sobre la posibilidad de hacer una donaci\u00f3n con este tipo de impacto duradero, p\u00f3ngase en contacto con Travis Bourbon at (816) 929-3036 o <a href=\"mailto:tbourbon@harvesters.org\">tbourbon@harvesters.org<\/a>.<\/p>\n<\/div>\n<\/div>\n\n\n\n<hr class=\"wp-block-separator has-text-color has-blue-color has-css-opacity has-blue-background-color has-background is-style-wide\"\/>\n\n\n\n<div style=\"height:20px\" aria-hidden=\"true\" class=\"wp-block-spacer\"><\/div>\n\n\n\n<h3 class=\"wp-block-heading\">Legados<\/h3>\n\n\n\n<p>Un legado es una forma com\u00fan y sencilla de dejar una donaci\u00f3n planificada a Harvesters a trav\u00e9s de su plan de sucesi\u00f3n o testamento. Hay cuatro formas de dejar un legado:<\/p>\n\n\n\n<ul class=\"wp-block-list\">\n<li>Legado espec\u00edfico: Designe la cantidad de dinero o un bien espec\u00edfico (bienes, valores, etc.) que desea donar.<\/li>\n\n\n\n<li>Legado porcentual: Designe el porcentaje de su patrimonio que desea donar.<\/li>\n\n\n\n<li>Legado residual: D\u00e9 instrucciones para que cualquier parte restante de su patrimonio se entregue a Harvesters una vez que se hayan realizado las distribuciones a familiares y seres queridos.<\/li>\n\n\n\n<li>Legado contingente: D\u00e9 instrucciones para que Harvesters reciba activos en caso de que un beneficiario de su testamento ya no viva.<\/li>\n<\/ul>\n\n\n\n<p>He aqu\u00ed algunos ejemplos de legados:<\/p>\n\n\n\n<p><em>\u00abDoy y lego la suma de $____ (o _____% de mi patrimonio) a Harvesters para ser utilizada en apoyo de sus fines filantr\u00f3picos generales\u00bb.<\/em><\/p>\n\n\n\n<div style=\"height:15px\" aria-hidden=\"true\" class=\"wp-block-spacer\"><\/div>\n\n\n\n<hr class=\"wp-block-separator has-text-color has-blue-color has-css-opacity has-blue-background-color has-background is-style-wide\"\/>\n\n\n\n<div style=\"height:20px\" aria-hidden=\"true\" class=\"wp-block-spacer\"><\/div>\n\n\n\n<h3 class=\"wp-block-heading\">Fideicomisos<\/h3>\n\n\n\n<p>\u00bfTiene propiedades apreciadas y quiere ahorrar en impuestos mientras planifica su jubilaci\u00f3n? Un Charitable Remainder Unitrust puede hacer eso por usted y proporcionar una donaci\u00f3n a Harvesters al mismo tiempo. Con un fideicomiso ben\u00e9fico principal, usted transfiere efectivo o bienes apreciados a un fideicomiso, que realiza pagos a Harvesters durante un periodo de tiempo tras el cual los activos del fideicomiso se transfieren a sus beneficiarios. Estos fideicomisos son especialmente \u00fatiles para gestionar los impuestos sobre plusval\u00edas y donaciones de activos cuyo valor se ha revalorizado.<\/p>\n\n\n\n<div style=\"height:15px\" aria-hidden=\"true\" class=\"wp-block-spacer\"><\/div>\n\n\n\n<hr class=\"wp-block-separator has-text-color has-blue-color has-css-opacity has-blue-background-color has-background is-style-wide\"\/>\n\n\n\n<div style=\"height:20px\" aria-hidden=\"true\" class=\"wp-block-spacer\"><\/div>\n\n\n\n<h3 class=\"wp-block-heading\">Anualidades de regalo<\/h3>\n\n\n\n<p>Realice ahora una donaci\u00f3n de anualidad y reciba una renta vitalicia para usted o un ser querido designado a cambio de una donaci\u00f3n en efectivo, acciones o valores. Cuando fallezcas, el resto de la donaci\u00f3n se destinar\u00e1 a Harvesters.<\/p>\n\n\n\n<div style=\"height:15px\" aria-hidden=\"true\" class=\"wp-block-spacer\"><\/div>\n\n\n\n<hr class=\"wp-block-separator has-text-color has-blue-color has-css-opacity has-blue-background-color has-background is-style-wide\"\/>\n\n\n\n<div style=\"height:20px\" aria-hidden=\"true\" class=\"wp-block-spacer\"><\/div>\n\n\n\n<h3 class=\"wp-block-heading\">Acciones apreciadas<\/h3>\n\n\n\n<p>Un regalo de acciones apreciadas (mantenidas m\u00e1s de un a\u00f1o) constituye una excelente donaci\u00f3n tanto para usted como para Harvesters. La donaci\u00f3n es deducible por su valor justo de mercado, y usted evita todos los impuestos sobre plusval\u00edas por el incremento de valor al tiempo que recibe una deducci\u00f3n fiscal ben\u00e9fica.<\/p>\n\n\n\n<div style=\"height:15px\" aria-hidden=\"true\" class=\"wp-block-spacer\"><\/div>\n\n\n\n<hr class=\"wp-block-separator has-text-color has-blue-color has-css-opacity has-blue-background-color has-background is-style-wide\"\/>\n\n\n\n<div style=\"height:20px\" aria-hidden=\"true\" class=\"wp-block-spacer\"><\/div>\n\n\n\n<h3 class=\"wp-block-heading\">Jubilaci\u00f3n<\/h3>\n\n\n\n<p>Tus planes de jubilaci\u00f3n o pensi\u00f3n pueden ayudar a Harvesters a luchar contra el hambre. Los fondos que vayan m\u00e1s all\u00e1 de la manutenci\u00f3n c\u00f3moda de usted mismo o de sus seres queridos pueden donarse a Harvesters y pueden ofrecerle beneficios fiscales caritativos.<\/p>\n\n\n\n<div style=\"height:15px\" aria-hidden=\"true\" class=\"wp-block-spacer\"><\/div>\n\n\n\n<hr class=\"wp-block-separator has-text-color has-blue-color has-css-opacity has-blue-background-color has-background is-style-wide\"\/>\n\n\n\n<div style=\"height:20px\" aria-hidden=\"true\" class=\"wp-block-spacer\"><\/div>\n\n\n\n<h3 class=\"wp-block-heading\">Seguro de vida<\/h3>\n\n\n\n<p>Tambi\u00e9n puedes alimentar a personas hambrientas en el futuro nombrando a Harvesters beneficiario de cualquier p\u00f3liza de seguro de vida individual o colectiva. Recibir\u00e1 una deducci\u00f3n en el impuesto de sucesiones por los beneficios del seguro que se destinen a Harvesters tras su fallecimiento.<\/p>\n\n\n\n<div style=\"height:15px\" aria-hidden=\"true\" class=\"wp-block-spacer\"><\/div>\n\n\n\n<hr class=\"wp-block-separator has-css-opacity is-style-wide\"\/>\n\n\n\n<div style=\"height:20px\" aria-hidden=\"true\" class=\"wp-block-spacer\"><\/div>\n\n\n\n<p>Para m\u00e1s informaci\u00f3n, p\u00f3ngase en contacto con Travis Bourbon at (816) 929-3036 or <a href=\"mailto:tbourbon@harvesters.org\">tbourbon@harvesters.org<\/a>.<\/p>\n\n\n\n<p>Por favor, h\u00e1ganos saber si ha incluido a Harvesters en su testamento, seguro de vida o planes de sucesi\u00f3n para que podamos agradecerle su generoso compromiso de alimentar a las personas hambrientas en el futuro.<\/p>\n\n\n\n<p>Esta informaci\u00f3n se facilita \u00fanicamente a t\u00edtulo informativo. Al igual que con cualquier decisi\u00f3n relacionada con sus planes financieros o patrimoniales, le recomendamos encarecidamente que solicite el asesoramiento de su asesor financiero para la planificaci\u00f3n de su patrimonio.<\/p>\n\n\n\n<p>Gracias por considerar un legado de lucha contra el hambre a trav\u00e9s de Harvesters.<\/p>\n\n\n\n<div style=\"height:60px\" aria-hidden=\"true\" class=\"wp-block-spacer\"><\/div>\n","protected":false},"excerpt":{"rendered":"<p>Sociedad Semillas de la Cosecha Durante m\u00e1s de 40 a\u00f1os, Harvesters ha alimentado a personas hambrientas en las ciudades, pueblos y comunidades rurales del noroeste de Misuri y el noreste de Kansas. Usted puede garantizar\u2026 <a href=\"https:\/\/www.harvesters.org\/es\/como-ayudar\/done-fondos\/donaciones-planificadas\" class=\"read-more\">More<\/a><\/p>\n","protected":false},"author":3,"featured_media":0,"parent":9383,"menu_order":6,"comment_status":"closed","ping_status":"closed","template":"","meta":{"_acf_changed":false,"inline_featured_image":false,"_uag_custom_page_level_css":"","footnotes":""},"class_list":["post-9407","page","type-page","status-publish","hentry"],"acf":[],"yoast_head":"<!-- This site is optimized with the Yoast SEO plugin v27.5 - https:\/\/yoast.com\/product\/yoast-seo-wordpress\/ -->\n<title>Donaciones Planificadas - Harvesters<\/title>\n<meta name=\"description\" content=\"Incluya a Harvesters en su planificaci\u00f3n patrimonial para apoyar nuestros programas en el futuro a la vez que le proporciona beneficios fiscales a usted y a sus seres queridos.\" \/>\n<meta name=\"robots\" content=\"index, follow, max-snippet:-1, max-image-preview:large, max-video-preview:-1\" \/>\n<link rel=\"canonical\" href=\"https:\/\/www.harvesters.org\/es\/como-ayudar\/done-fondos\/donaciones-planificadas\" \/>\n<meta property=\"og:locale\" content=\"es_ES\" \/>\n<meta property=\"og:type\" content=\"article\" \/>\n<meta property=\"og:title\" content=\"Donaciones Planificadas - Harvesters\" \/>\n<meta property=\"og:description\" content=\"Incluya a Harvesters en su planificaci\u00f3n patrimonial para apoyar nuestros programas en el futuro a la vez que le proporciona beneficios fiscales a usted y a sus seres queridos.\" \/>\n<meta property=\"og:url\" content=\"https:\/\/www.harvesters.org\/es\/como-ayudar\/done-fondos\/donaciones-planificadas\" \/>\n<meta property=\"og:site_name\" content=\"Harvesters\" \/>\n<meta property=\"article:modified_time\" content=\"2024-12-09T06:19:53+00:00\" \/>\n<meta property=\"og:image\" content=\"https:\/\/www.harvesters.org\/wp-content\/uploads\/2021\/08\/Seeds-of-Harvest.jpg\" \/>\n\t<meta property=\"og:image:width\" content=\"750\" \/>\n\t<meta property=\"og:image:height\" content=\"1000\" \/>\n\t<meta property=\"og:image:type\" content=\"image\/jpeg\" \/>\n<meta name=\"twitter:card\" content=\"summary_large_image\" \/>\n<meta name=\"twitter:label1\" content=\"Tiempo de lectura\" \/>\n\t<meta name=\"twitter:data1\" content=\"4 minutos\" \/>\n<script type=\"application\/ld+json\" class=\"yoast-schema-graph\">{\"@context\":\"https:\\\/\\\/schema.org\",\"@graph\":[{\"@type\":\"WebPage\",\"@id\":\"https:\\\/\\\/www.harvesters.org\\\/es\\\/como-ayudar\\\/done-fondos\\\/donaciones-planificadas\",\"url\":\"https:\\\/\\\/www.harvesters.org\\\/es\\\/como-ayudar\\\/done-fondos\\\/donaciones-planificadas\",\"name\":\"Donaciones Planificadas - Harvesters\",\"isPartOf\":{\"@id\":\"https:\\\/\\\/www.harvesters.org\\\/#website\"},\"primaryImageOfPage\":{\"@id\":\"https:\\\/\\\/www.harvesters.org\\\/es\\\/como-ayudar\\\/done-fondos\\\/donaciones-planificadas#primaryimage\"},\"image\":{\"@id\":\"https:\\\/\\\/www.harvesters.org\\\/es\\\/como-ayudar\\\/done-fondos\\\/donaciones-planificadas#primaryimage\"},\"thumbnailUrl\":\"http:\\\/\\\/www.harvesters.org\\\/wp-content\\\/uploads\\\/2021\\\/08\\\/Seeds-of-Harvest.jpg\",\"datePublished\":\"2021-06-01T18:58:44+00:00\",\"dateModified\":\"2024-12-09T06:19:53+00:00\",\"description\":\"Incluya a Harvesters en su planificaci\u00f3n patrimonial para apoyar nuestros programas en el futuro a la vez que le proporciona beneficios fiscales a usted y a sus seres queridos.\",\"breadcrumb\":{\"@id\":\"https:\\\/\\\/www.harvesters.org\\\/es\\\/como-ayudar\\\/done-fondos\\\/donaciones-planificadas#breadcrumb\"},\"inLanguage\":\"es\",\"potentialAction\":[{\"@type\":\"ReadAction\",\"target\":[\"https:\\\/\\\/www.harvesters.org\\\/es\\\/como-ayudar\\\/done-fondos\\\/donaciones-planificadas\"]}]},{\"@type\":\"ImageObject\",\"inLanguage\":\"es\",\"@id\":\"https:\\\/\\\/www.harvesters.org\\\/es\\\/como-ayudar\\\/done-fondos\\\/donaciones-planificadas#primaryimage\",\"url\":\"http:\\\/\\\/www.harvesters.org\\\/wp-content\\\/uploads\\\/2021\\\/08\\\/Seeds-of-Harvest.jpg\",\"contentUrl\":\"http:\\\/\\\/www.harvesters.org\\\/wp-content\\\/uploads\\\/2021\\\/08\\\/Seeds-of-Harvest.jpg\"},{\"@type\":\"BreadcrumbList\",\"@id\":\"https:\\\/\\\/www.harvesters.org\\\/es\\\/como-ayudar\\\/done-fondos\\\/donaciones-planificadas#breadcrumb\",\"itemListElement\":[{\"@type\":\"ListItem\",\"position\":1,\"name\":\"Home\",\"item\":\"https:\\\/\\\/www.harvesters.org\\\/es\"},{\"@type\":\"ListItem\",\"position\":2,\"name\":\"C\u00f3mo ayudar\",\"item\":\"https:\\\/\\\/www.harvesters.org\\\/es\\\/como-ayudar\"},{\"@type\":\"ListItem\",\"position\":3,\"name\":\"Donar fondos\",\"item\":\"https:\\\/\\\/www.harvesters.org\\\/es\\\/como-ayudar\\\/done-fondos\"},{\"@type\":\"ListItem\",\"position\":4,\"name\":\"Donaciones Planificadas\"}]},{\"@type\":\"WebSite\",\"@id\":\"https:\\\/\\\/www.harvesters.org\\\/#website\",\"url\":\"https:\\\/\\\/www.harvesters.org\\\/\",\"name\":\"Harvesters\",\"description\":\"\",\"potentialAction\":[{\"@type\":\"SearchAction\",\"target\":{\"@type\":\"EntryPoint\",\"urlTemplate\":\"https:\\\/\\\/www.harvesters.org\\\/?s={search_term_string}\"},\"query-input\":{\"@type\":\"PropertyValueSpecification\",\"valueRequired\":true,\"valueName\":\"search_term_string\"}}],\"inLanguage\":\"es\"}]}<\/script>\n<!-- \/ Yoast SEO plugin. -->","yoast_head_json":{"title":"Donaciones Planificadas - Harvesters","description":"Incluya a Harvesters en su planificaci\u00f3n patrimonial para apoyar nuestros programas en el futuro a la vez que le proporciona beneficios fiscales a usted y a sus seres queridos.","robots":{"index":"index","follow":"follow","max-snippet":"max-snippet:-1","max-image-preview":"max-image-preview:large","max-video-preview":"max-video-preview:-1"},"canonical":"https:\/\/www.harvesters.org\/es\/como-ayudar\/done-fondos\/donaciones-planificadas","og_locale":"es_ES","og_type":"article","og_title":"Donaciones Planificadas - Harvesters","og_description":"Incluya a Harvesters en su planificaci\u00f3n patrimonial para apoyar nuestros programas en el futuro a la vez que le proporciona beneficios fiscales a usted y a sus seres queridos.","og_url":"https:\/\/www.harvesters.org\/es\/como-ayudar\/done-fondos\/donaciones-planificadas","og_site_name":"Harvesters","article_modified_time":"2024-12-09T06:19:53+00:00","og_image":[{"width":750,"height":1000,"url":"https:\/\/www.harvesters.org\/wp-content\/uploads\/2021\/08\/Seeds-of-Harvest.jpg","type":"image\/jpeg"}],"twitter_card":"summary_large_image","twitter_misc":{"Tiempo de lectura":"4 minutos"},"schema":{"@context":"https:\/\/schema.org","@graph":[{"@type":"WebPage","@id":"https:\/\/www.harvesters.org\/es\/como-ayudar\/done-fondos\/donaciones-planificadas","url":"https:\/\/www.harvesters.org\/es\/como-ayudar\/done-fondos\/donaciones-planificadas","name":"Donaciones Planificadas - Harvesters","isPartOf":{"@id":"https:\/\/www.harvesters.org\/#website"},"primaryImageOfPage":{"@id":"https:\/\/www.harvesters.org\/es\/como-ayudar\/done-fondos\/donaciones-planificadas#primaryimage"},"image":{"@id":"https:\/\/www.harvesters.org\/es\/como-ayudar\/done-fondos\/donaciones-planificadas#primaryimage"},"thumbnailUrl":"http:\/\/www.harvesters.org\/wp-content\/uploads\/2021\/08\/Seeds-of-Harvest.jpg","datePublished":"2021-06-01T18:58:44+00:00","dateModified":"2024-12-09T06:19:53+00:00","description":"Incluya a Harvesters en su planificaci\u00f3n patrimonial para apoyar nuestros programas en el futuro a la vez que le proporciona beneficios fiscales a usted y a sus seres queridos.","breadcrumb":{"@id":"https:\/\/www.harvesters.org\/es\/como-ayudar\/done-fondos\/donaciones-planificadas#breadcrumb"},"inLanguage":"es","potentialAction":[{"@type":"ReadAction","target":["https:\/\/www.harvesters.org\/es\/como-ayudar\/done-fondos\/donaciones-planificadas"]}]},{"@type":"ImageObject","inLanguage":"es","@id":"https:\/\/www.harvesters.org\/es\/como-ayudar\/done-fondos\/donaciones-planificadas#primaryimage","url":"http:\/\/www.harvesters.org\/wp-content\/uploads\/2021\/08\/Seeds-of-Harvest.jpg","contentUrl":"http:\/\/www.harvesters.org\/wp-content\/uploads\/2021\/08\/Seeds-of-Harvest.jpg"},{"@type":"BreadcrumbList","@id":"https:\/\/www.harvesters.org\/es\/como-ayudar\/done-fondos\/donaciones-planificadas#breadcrumb","itemListElement":[{"@type":"ListItem","position":1,"name":"Home","item":"https:\/\/www.harvesters.org\/es"},{"@type":"ListItem","position":2,"name":"C\u00f3mo ayudar","item":"https:\/\/www.harvesters.org\/es\/como-ayudar"},{"@type":"ListItem","position":3,"name":"Donar fondos","item":"https:\/\/www.harvesters.org\/es\/como-ayudar\/done-fondos"},{"@type":"ListItem","position":4,"name":"Donaciones Planificadas"}]},{"@type":"WebSite","@id":"https:\/\/www.harvesters.org\/#website","url":"https:\/\/www.harvesters.org\/","name":"Harvesters","description":"","potentialAction":[{"@type":"SearchAction","target":{"@type":"EntryPoint","urlTemplate":"https:\/\/www.harvesters.org\/?s={search_term_string}"},"query-input":{"@type":"PropertyValueSpecification","valueRequired":true,"valueName":"search_term_string"}}],"inLanguage":"es"}]}},"uagb_featured_image_src":{"full":false,"thumbnail":false,"medium":false,"medium_large":false,"large":false,"1536x1536":false,"2048x2048":false,"alm-thumbnail":false,"featured-16-9":false,"featured-4-3":false,"featured-4-3-full":false,"featured-16-9-full":false,"gform-image-choice-sm":false,"gform-image-choice-md":false,"gform-image-choice-lg":false},"uagb_author_info":{"display_name":"John Kuefler","author_link":"https:\/\/www.harvesters.org\/es\/author\/john-kuefleruxwest-com"},"uagb_comment_info":0,"uagb_excerpt":"Sociedad Semillas de la Cosecha Durante m\u00e1s de 40 a\u00f1os, Harvesters ha alimentado a personas hambrientas en las ciudades, pueblos y comunidades rurales del noroeste de Misuri y el noreste de Kansas. Usted puede garantizar\u2026 More","_links":{"self":[{"href":"https:\/\/www.harvesters.org\/es\/wp-json\/wp\/v2\/pages\/9407","targetHints":{"allow":["GET"]}}],"collection":[{"href":"https:\/\/www.harvesters.org\/es\/wp-json\/wp\/v2\/pages"}],"about":[{"href":"https:\/\/www.harvesters.org\/es\/wp-json\/wp\/v2\/types\/page"}],"author":[{"embeddable":true,"href":"https:\/\/www.harvesters.org\/es\/wp-json\/wp\/v2\/users\/3"}],"replies":[{"embeddable":true,"href":"https:\/\/www.harvesters.org\/es\/wp-json\/wp\/v2\/comments?post=9407"}],"version-history":[{"count":7,"href":"https:\/\/www.harvesters.org\/es\/wp-json\/wp\/v2\/pages\/9407\/revisions"}],"predecessor-version":[{"id":13460,"href":"https:\/\/www.harvesters.org\/es\/wp-json\/wp\/v2\/pages\/9407\/revisions\/13460"}],"up":[{"embeddable":true,"href":"https:\/\/www.harvesters.org\/es\/wp-json\/wp\/v2\/pages\/9383"}],"wp:attachment":[{"href":"https:\/\/www.harvesters.org\/es\/wp-json\/wp\/v2\/media?parent=9407"}],"curies":[{"name":"wp","href":"https:\/\/api.w.org\/{rel}","templated":true}]}}