{"id":9404,"date":"2021-06-01T13:59:04","date_gmt":"2021-06-01T18:59:04","guid":{"rendered":"https:\/\/www.harvesters.org\/?page_id=9404"},"modified":"2024-12-09T00:24:04","modified_gmt":"2024-12-09T06:24:04","slug":"preguntas-frecuentes-sobre-donaciones","status":"publish","type":"page","link":"https:\/\/www.harvesters.org\/es\/como-ayudar\/preguntas-frecuentes-sobre-donaciones","title":{"rendered":"Preguntas Frecuentes Sobre Donaciones"},"content":{"rendered":"\n<h2 class=\"wp-block-heading\">Respuestas a Muchas de sus Preguntas Sobre Donaciones<\/h2>\n\n\n\n<hr class=\"wp-block-separator has-text-color has-blue-color has-css-opacity has-blue-background-color has-background is-style-wide\"\/>\n\n\n\n<div style=\"height:15px\" aria-hidden=\"true\" class=\"wp-block-spacer\"><\/div>\n\n\n\n<div class=\"wp-block-pb-accordion-item c-accordion__item js-accordion-item no-js\" data-initially-open=\"false\" data-click-to-close=\"true\" data-auto-close=\"true\" data-scroll=\"false\" data-scroll-offset=\"0\"><h3 id=\"at-94040\" class=\"c-accordion__title js-accordion-controller\" role=\"button\">\u00bfDe d\u00f3nde obtienen la financiaci\u00f3n?<\/h3><div id=\"ac-94040\" class=\"c-accordion__content\">\n<p>Harvesters se financia con fondos privados de diversas fuentes, como eventos especiales de recaudaci\u00f3n de fondos, donaciones individuales, asociaciones empresariales y subvenciones de fundaciones.<\/p>\n<\/div><\/div>\n\n\n\n<hr class=\"wp-block-separator has-text-color has-blue-color has-css-opacity has-blue-background-color has-background is-style-wide\"\/>\n\n\n\n<div style=\"height:15px\" aria-hidden=\"true\" class=\"wp-block-spacer\"><\/div>\n\n\n\n<div class=\"wp-block-pb-accordion-item c-accordion__item js-accordion-item no-js\" data-initially-open=\"false\" data-click-to-close=\"true\" data-auto-close=\"true\" data-scroll=\"false\" data-scroll-offset=\"0\"><h3 id=\"at-94041\" class=\"c-accordion__title js-accordion-controller\" role=\"button\">\u00bfQu\u00e9 parte de mi donaci\u00f3n se destina a la lucha contra el hambre?<\/h3><div id=\"ac-94041\" class=\"c-accordion__content\">\n<p>El 96.8% de nuestros gastos totales se destinan a los programas y servicios que ofrecemos. <\/p>\n<\/div><\/div>\n\n\n\n<hr class=\"wp-block-separator has-text-color has-blue-color has-css-opacity has-blue-background-color has-background is-style-wide\"\/>\n\n\n\n<div style=\"height:15px\" aria-hidden=\"true\" class=\"wp-block-spacer\"><\/div>\n\n\n\n<div class=\"wp-block-pb-accordion-item c-accordion__item js-accordion-item no-js\" data-initially-open=\"false\" data-click-to-close=\"true\" data-auto-close=\"true\" data-scroll=\"false\" data-scroll-offset=\"0\"><h3 id=\"at-94042\" class=\"c-accordion__title js-accordion-controller\" role=\"button\">\u00bfMi donaci\u00f3n es deducible de impuestos?<\/h3><div id=\"ac-94042\" class=\"c-accordion__content\">\n<p>S\u00ed. Harvesters es una organizaci\u00f3n sin fines de lucro 501(c)3. Nuestro n\u00famero de identificaci\u00f3n fiscal federal es 43-1208665. Todas las donaciones son deducibles de impuestos hasta el m\u00e1ximo permitido por la ley.<\/p>\n<\/div><\/div>\n\n\n\n<hr class=\"wp-block-separator has-text-color has-blue-color has-css-opacity has-blue-background-color has-background is-style-wide\"\/>\n\n\n\n<div style=\"height:15px\" aria-hidden=\"true\" class=\"wp-block-spacer\"><\/div>\n\n\n\n<div class=\"wp-block-pb-accordion-item c-accordion__item js-accordion-item no-js\" data-initially-open=\"false\" data-click-to-close=\"true\" data-auto-close=\"true\" data-scroll=\"false\" data-scroll-offset=\"0\"><h3 id=\"at-94043\" class=\"c-accordion__title js-accordion-controller\" role=\"button\">\u00bfPor qu\u00e9 debo apoyar a Harvesters?<\/h3><div id=\"ac-94043\" class=\"c-accordion__content\">\n<p>Usted puede ayudarnos a hacer que nuestra visi\u00f3n de una comunidad sana y pr\u00f3pera donde nadie pasa hambre sea una realidad. Harvesters desempe\u00f1a un papel importante en nuestra comunidad a trav\u00e9s de nuestra misi\u00f3n de movilizar el poder de nuestra comunidad para crear acceso equitativo a alimentos b\u00e1sicos y abordar las causas fundamentales y el impacto del hambre. Su donaci\u00f3n contribuir\u00e1 en gran medida a aliviar el hambre para ni\u00f1os, familias y personas mayories en nuestra comunidad.<\/p>\n<\/div><\/div>\n\n\n\n<hr class=\"wp-block-separator has-text-color has-blue-color has-css-opacity has-blue-background-color has-background is-style-wide\"\/>\n\n\n\n<div style=\"height:15px\" aria-hidden=\"true\" class=\"wp-block-spacer\"><\/div>\n\n\n\n<div class=\"wp-block-pb-accordion-item c-accordion__item js-accordion-item no-js\" data-initially-open=\"false\" data-click-to-close=\"true\" data-auto-close=\"true\" data-scroll=\"false\" data-scroll-offset=\"0\"><h3 id=\"at-94044\" class=\"c-accordion__title js-accordion-controller\" role=\"button\">\u00bfC\u00f3mo ayuda 1 d\u00f3lar a proporcionar 2 comidas?<\/h3><div id=\"ac-94044\" class=\"c-accordion__content\">\n<p>Es una pregunta frecuente. Ciertamente, \u00a1usted y yo no podemos hacer 2 comidas con un d\u00f3lar! Sin embargo, en Harvesters somos capaces de tomar cada d\u00f3lar donado y combinarlo con otras donaciones econ\u00f3micas, productos de alimentaci\u00f3n donados y el tiempo que dedican los voluntarios para estirar ese d\u00f3lar al m\u00e1ximo.<\/p>\n<\/div><\/div>\n\n\n\n<hr class=\"wp-block-separator has-text-color has-blue-color has-css-opacity has-blue-background-color has-background is-style-wide\"\/>\n\n\n\n<div style=\"height:15px\" aria-hidden=\"true\" class=\"wp-block-spacer\"><\/div>\n\n\n\n<div class=\"wp-block-pb-accordion-item c-accordion__item js-accordion-item no-js\" data-initially-open=\"false\" data-click-to-close=\"true\" data-auto-close=\"true\" data-scroll=\"false\" data-scroll-offset=\"0\"><h3 id=\"at-94045\" class=\"c-accordion__title js-accordion-controller\" role=\"button\">\u00bfPagan las agencias asociadas por los alimentos que reciben de Harvesters?<\/h3><div id=\"ac-94045\" class=\"c-accordion__content\">\n<p>Cuando una organizaci\u00f3n sin fines de lucro se convierte en agencia colaboradora de Harvesters, se convierte en nuestro socio en la lucha contra el hambre y en hacer llegar los alimentos donados y comprados a las familias y personas que los necesitan. Antes de COVID-19, nuestras agencias asociadas compart\u00edan el coste de adquisici\u00f3n, almacenamiento y distribuci\u00f3n de estos alimentos mediante la contribuci\u00f3n de un cargo de manejo por libra, a excepci\u00f3n de los art\u00edculos perecederos como el pan y los productos frescos. Debido al aumento de la demanda en nuestra regi\u00f3n, hemos renunciado a todos los cargos de manejo para garantizar que nuestros socios puedan satisfacer las necesidades en los pr\u00f3ximos meses, mientras nuestras comunidades siguen recuper\u00e1ndose.<\/p>\n<\/div><\/div>\n\n\n\n<hr class=\"wp-block-separator has-text-color has-blue-color has-css-opacity has-blue-background-color has-background is-style-wide\"\/>\n\n\n\n<div style=\"height:15px\" aria-hidden=\"true\" class=\"wp-block-spacer\"><\/div>\n\n\n\n<div class=\"wp-block-pb-accordion-item c-accordion__item js-accordion-item no-js\" data-initially-open=\"false\" data-click-to-close=\"true\" data-auto-close=\"true\" data-scroll=\"false\" data-scroll-offset=\"0\"><h3 id=\"at-94046\" class=\"c-accordion__title js-accordion-controller\" role=\"button\">\u00bfPuedo hacer una donaci\u00f3n en honor o memoria de alguien?<\/h3><div id=\"ac-94046\" class=\"c-accordion__content\">\n<p>\u00a1S\u00ed! Cada d\u00eda hay m\u00e1s personas que eligen opciones alternativas de regalo monetario para cumplea\u00f1os, fiestas, conmemoraciones, celebraciones religiosas y muchas otras ocasiones. Al hacer una donaci\u00f3n a trav\u00e9s de nuestra <a href=\"https:\/\/secure3.convio.net\/harvst\/site\/Donation2?df_id=3100&amp;3100.donation=form1\">p\u00e1gina de donaciones<\/a>, s\u00f3lo tiene que seleccionar la casilla situada bajo la secci\u00f3n Donaci\u00f3n de Homenaje.<\/p>\n<\/div><\/div>\n\n\n\n<hr class=\"wp-block-separator has-text-color has-blue-color has-css-opacity has-blue-background-color has-background is-style-wide\"\/>\n\n\n\n<div style=\"height:15px\" aria-hidden=\"true\" class=\"wp-block-spacer\"><\/div>\n\n\n\n<div class=\"wp-block-pb-accordion-item c-accordion__item js-accordion-item no-js\" data-initially-open=\"false\" data-click-to-close=\"true\" data-auto-close=\"true\" data-scroll=\"false\" data-scroll-offset=\"0\"><h3 id=\"at-94047\" class=\"c-accordion__title js-accordion-controller\" role=\"button\">\u00bfRecibir\u00e9 un recibo por mi donaci\u00f3n?<\/h3><div id=\"ac-94047\" class=\"c-accordion__content\">\n<p>Absolutamente. Adem\u00e1s de la confirmaci\u00f3n que recibir\u00e1 en su estado de cuenta mensual de su tarjeta de cr\u00e9dito o banco, prepararemos un estado anual de sus donaciones mensuales cada mes de enero, que le servir\u00e1 como recibo fiscal del a\u00f1o anterior.<\/p>\n<\/div><\/div>\n\n\n\n<hr class=\"wp-block-separator has-text-color has-blue-color has-css-opacity has-blue-background-color has-background is-style-wide\"\/>\n\n\n\n<div style=\"height:15px\" aria-hidden=\"true\" class=\"wp-block-spacer\"><\/div>\n\n\n\n<div class=\"wp-block-pb-accordion-item c-accordion__item js-accordion-item no-js\" data-initially-open=\"false\" data-click-to-close=\"true\" data-auto-close=\"true\" data-scroll=\"false\" data-scroll-offset=\"0\"><h3 id=\"at-94048\" class=\"c-accordion__title js-accordion-controller\" role=\"button\">\u00bfSer\u00e1n confidenciales mis datos personales?<\/h3><div id=\"ac-94048\" class=\"c-accordion__content\">\n<p>S\u00ed, Harvesters valora la confianza de nuestros voluntarios, donantes y otros socios y se adhiere a los m\u00e1s altos est\u00e1ndares en la recopilaci\u00f3n, uso y salvaguarda de la informaci\u00f3n de los electores. Esto incluye toda la informaci\u00f3n personal y sobre donaciones de un elector. <a href=\"http:\/\/www.harvesters.org\/wp-content\/uploads\/2021\/09\/Privacy-Policy-FY20.pdf\" target=\"_blank\" rel=\"noreferrer noopener\">Lea aqu\u00ed nuestra pol\u00edtica de privacidad para donantes<\/a>. <\/p>\n<\/div><\/div>\n\n\n\n<hr class=\"wp-block-separator has-text-color has-blue-color has-css-opacity has-blue-background-color has-background is-style-wide\"\/>\n\n\n\n<div style=\"height:61px\" aria-hidden=\"true\" class=\"wp-block-spacer\"><\/div>\n","protected":false},"excerpt":{"rendered":"<p>Respuestas a Muchas de sus Preguntas Sobre Donaciones<\/p>\n","protected":false},"author":3,"featured_media":0,"parent":9516,"menu_order":7,"comment_status":"closed","ping_status":"closed","template":"","meta":{"_acf_changed":false,"inline_featured_image":false,"_uag_custom_page_level_css":"","footnotes":""},"class_list":["post-9404","page","type-page","status-publish","hentry"],"acf":[],"yoast_head":"<!-- This site is optimized with the Yoast SEO plugin v27.4 - https:\/\/yoast.com\/product\/yoast-seo-wordpress\/ -->\n<title>Preguntas Frecuentes Sobre Donaciones - Harvesters<\/title>\n<meta name=\"description\" content=\"\u00bfPor qu\u00e9 deber\u00eda apoyar a Harvesters y c\u00f3mo se utiliza su dinero para ayudar a los necesitados en todo el noreste de Kansas y el noroeste de Missouri?\" \/>\n<meta name=\"robots\" content=\"index, follow, max-snippet:-1, max-image-preview:large, max-video-preview:-1\" \/>\n<link rel=\"canonical\" href=\"https:\/\/www.harvesters.org\/es\/como-ayudar\/preguntas-frecuentes-sobre-donaciones\" \/>\n<meta property=\"og:locale\" content=\"es_ES\" \/>\n<meta property=\"og:type\" content=\"article\" \/>\n<meta property=\"og:title\" content=\"Preguntas Frecuentes Sobre Donaciones - Harvesters\" \/>\n<meta property=\"og:description\" content=\"\u00bfPor qu\u00e9 deber\u00eda apoyar a Harvesters y c\u00f3mo se utiliza su dinero para ayudar a los necesitados en todo el noreste de Kansas y el noroeste de Missouri?\" \/>\n<meta property=\"og:url\" content=\"https:\/\/www.harvesters.org\/es\/como-ayudar\/preguntas-frecuentes-sobre-donaciones\" \/>\n<meta property=\"og:site_name\" content=\"Harvesters\" \/>\n<meta property=\"article:modified_time\" content=\"2024-12-09T06:24:04+00:00\" \/>\n<meta name=\"twitter:card\" content=\"summary_large_image\" \/>\n<meta name=\"twitter:label1\" content=\"Tiempo de lectura\" \/>\n\t<meta name=\"twitter:data1\" content=\"3 minutos\" \/>\n<script type=\"application\/ld+json\" class=\"yoast-schema-graph\">{\"@context\":\"https:\\\/\\\/schema.org\",\"@graph\":[{\"@type\":\"WebPage\",\"@id\":\"https:\\\/\\\/www.harvesters.org\\\/es\\\/como-ayudar\\\/preguntas-frecuentes-sobre-donaciones\",\"url\":\"https:\\\/\\\/www.harvesters.org\\\/es\\\/como-ayudar\\\/preguntas-frecuentes-sobre-donaciones\",\"name\":\"Preguntas Frecuentes Sobre Donaciones - Harvesters\",\"isPartOf\":{\"@id\":\"https:\\\/\\\/www.harvesters.org\\\/#website\"},\"datePublished\":\"2021-06-01T18:59:04+00:00\",\"dateModified\":\"2024-12-09T06:24:04+00:00\",\"description\":\"\u00bfPor qu\u00e9 deber\u00eda apoyar a Harvesters y c\u00f3mo se utiliza su dinero para ayudar a los necesitados en todo el noreste de Kansas y el noroeste de Missouri?\",\"breadcrumb\":{\"@id\":\"https:\\\/\\\/www.harvesters.org\\\/es\\\/como-ayudar\\\/preguntas-frecuentes-sobre-donaciones#breadcrumb\"},\"inLanguage\":\"es\",\"potentialAction\":[{\"@type\":\"ReadAction\",\"target\":[\"https:\\\/\\\/www.harvesters.org\\\/es\\\/como-ayudar\\\/preguntas-frecuentes-sobre-donaciones\"]}]},{\"@type\":\"BreadcrumbList\",\"@id\":\"https:\\\/\\\/www.harvesters.org\\\/es\\\/como-ayudar\\\/preguntas-frecuentes-sobre-donaciones#breadcrumb\",\"itemListElement\":[{\"@type\":\"ListItem\",\"position\":1,\"name\":\"Home\",\"item\":\"https:\\\/\\\/www.harvesters.org\\\/es\"},{\"@type\":\"ListItem\",\"position\":2,\"name\":\"C\u00f3mo ayudar\",\"item\":\"https:\\\/\\\/www.harvesters.org\\\/es\\\/como-ayudar\"},{\"@type\":\"ListItem\",\"position\":3,\"name\":\"Preguntas Frecuentes Sobre Donaciones\"}]},{\"@type\":\"WebSite\",\"@id\":\"https:\\\/\\\/www.harvesters.org\\\/#website\",\"url\":\"https:\\\/\\\/www.harvesters.org\\\/\",\"name\":\"Harvesters\",\"description\":\"\",\"potentialAction\":[{\"@type\":\"SearchAction\",\"target\":{\"@type\":\"EntryPoint\",\"urlTemplate\":\"https:\\\/\\\/www.harvesters.org\\\/?s={search_term_string}\"},\"query-input\":{\"@type\":\"PropertyValueSpecification\",\"valueRequired\":true,\"valueName\":\"search_term_string\"}}],\"inLanguage\":\"es\"}]}<\/script>\n<!-- \/ Yoast SEO plugin. -->","yoast_head_json":{"title":"Preguntas Frecuentes Sobre Donaciones - Harvesters","description":"\u00bfPor qu\u00e9 deber\u00eda apoyar a Harvesters y c\u00f3mo se utiliza su dinero para ayudar a los necesitados en todo el noreste de Kansas y el noroeste de Missouri?","robots":{"index":"index","follow":"follow","max-snippet":"max-snippet:-1","max-image-preview":"max-image-preview:large","max-video-preview":"max-video-preview:-1"},"canonical":"https:\/\/www.harvesters.org\/es\/como-ayudar\/preguntas-frecuentes-sobre-donaciones","og_locale":"es_ES","og_type":"article","og_title":"Preguntas Frecuentes Sobre Donaciones - Harvesters","og_description":"\u00bfPor qu\u00e9 deber\u00eda apoyar a Harvesters y c\u00f3mo se utiliza su dinero para ayudar a los necesitados en todo el noreste de Kansas y el noroeste de Missouri?","og_url":"https:\/\/www.harvesters.org\/es\/como-ayudar\/preguntas-frecuentes-sobre-donaciones","og_site_name":"Harvesters","article_modified_time":"2024-12-09T06:24:04+00:00","twitter_card":"summary_large_image","twitter_misc":{"Tiempo de lectura":"3 minutos"},"schema":{"@context":"https:\/\/schema.org","@graph":[{"@type":"WebPage","@id":"https:\/\/www.harvesters.org\/es\/como-ayudar\/preguntas-frecuentes-sobre-donaciones","url":"https:\/\/www.harvesters.org\/es\/como-ayudar\/preguntas-frecuentes-sobre-donaciones","name":"Preguntas Frecuentes Sobre Donaciones - Harvesters","isPartOf":{"@id":"https:\/\/www.harvesters.org\/#website"},"datePublished":"2021-06-01T18:59:04+00:00","dateModified":"2024-12-09T06:24:04+00:00","description":"\u00bfPor qu\u00e9 deber\u00eda apoyar a Harvesters y c\u00f3mo se utiliza su dinero para ayudar a los necesitados en todo el noreste de Kansas y el noroeste de Missouri?","breadcrumb":{"@id":"https:\/\/www.harvesters.org\/es\/como-ayudar\/preguntas-frecuentes-sobre-donaciones#breadcrumb"},"inLanguage":"es","potentialAction":[{"@type":"ReadAction","target":["https:\/\/www.harvesters.org\/es\/como-ayudar\/preguntas-frecuentes-sobre-donaciones"]}]},{"@type":"BreadcrumbList","@id":"https:\/\/www.harvesters.org\/es\/como-ayudar\/preguntas-frecuentes-sobre-donaciones#breadcrumb","itemListElement":[{"@type":"ListItem","position":1,"name":"Home","item":"https:\/\/www.harvesters.org\/es"},{"@type":"ListItem","position":2,"name":"C\u00f3mo ayudar","item":"https:\/\/www.harvesters.org\/es\/como-ayudar"},{"@type":"ListItem","position":3,"name":"Preguntas Frecuentes Sobre Donaciones"}]},{"@type":"WebSite","@id":"https:\/\/www.harvesters.org\/#website","url":"https:\/\/www.harvesters.org\/","name":"Harvesters","description":"","potentialAction":[{"@type":"SearchAction","target":{"@type":"EntryPoint","urlTemplate":"https:\/\/www.harvesters.org\/?s={search_term_string}"},"query-input":{"@type":"PropertyValueSpecification","valueRequired":true,"valueName":"search_term_string"}}],"inLanguage":"es"}]}},"uagb_featured_image_src":{"full":false,"thumbnail":false,"medium":false,"medium_large":false,"large":false,"1536x1536":false,"2048x2048":false,"alm-thumbnail":false,"featured-16-9":false,"featured-4-3":false,"featured-4-3-full":false,"featured-16-9-full":false,"gform-image-choice-sm":false,"gform-image-choice-md":false,"gform-image-choice-lg":false},"uagb_author_info":{"display_name":"John Kuefler","author_link":"https:\/\/www.harvesters.org\/es\/author\/john-kuefleruxwest-com"},"uagb_comment_info":0,"uagb_excerpt":"Respuestas a Muchas de sus Preguntas Sobre Donaciones","_links":{"self":[{"href":"https:\/\/www.harvesters.org\/es\/wp-json\/wp\/v2\/pages\/9404","targetHints":{"allow":["GET"]}}],"collection":[{"href":"https:\/\/www.harvesters.org\/es\/wp-json\/wp\/v2\/pages"}],"about":[{"href":"https:\/\/www.harvesters.org\/es\/wp-json\/wp\/v2\/types\/page"}],"author":[{"embeddable":true,"href":"https:\/\/www.harvesters.org\/es\/wp-json\/wp\/v2\/users\/3"}],"replies":[{"embeddable":true,"href":"https:\/\/www.harvesters.org\/es\/wp-json\/wp\/v2\/comments?post=9404"}],"version-history":[{"count":11,"href":"https:\/\/www.harvesters.org\/es\/wp-json\/wp\/v2\/pages\/9404\/revisions"}],"predecessor-version":[{"id":13466,"href":"https:\/\/www.harvesters.org\/es\/wp-json\/wp\/v2\/pages\/9404\/revisions\/13466"}],"up":[{"embeddable":true,"href":"https:\/\/www.harvesters.org\/es\/wp-json\/wp\/v2\/pages\/9516"}],"wp:attachment":[{"href":"https:\/\/www.harvesters.org\/es\/wp-json\/wp\/v2\/media?parent=9404"}],"curies":[{"name":"wp","href":"https:\/\/api.w.org\/{rel}","templated":true}]}}