{"id":9392,"date":"2021-06-01T13:57:33","date_gmt":"2021-06-01T18:57:33","guid":{"rendered":"https:\/\/www.harvesters.org\/?page_id=9392"},"modified":"2024-12-09T00:03:50","modified_gmt":"2024-12-09T06:03:50","slug":"donaciones-de-empresas","status":"publish","type":"page","link":"https:\/\/www.harvesters.org\/es\/como-ayudar\/done-fondos\/donaciones-de-empresas","title":{"rendered":"Donaciones de empresas"},"content":{"rendered":"\n<h2 class=\"wp-block-heading\">Una asociaci\u00f3n que hace brillar sus valores<\/h2>\n\n<div class=\"wp-block-columns is-layout-flex wp-container-core-columns-is-layout-9d6595d7 wp-block-columns-is-layout-flex\">\n<div class=\"wp-block-column is-layout-flow wp-block-column-is-layout-flow\" style=\"flex-basis:33.33%\">\n<figure class=\"wp-block-image size-full\"><img loading=\"lazy\" decoding=\"async\" width=\"1000\" height=\"750\" src=\"http:\/\/www.harvesters.org\/wp-content\/uploads\/2021\/08\/Evergy.jpg\" alt=\"Voluntariado de los empleados de Evergy\" class=\"wp-image-4193\" srcset=\"https:\/\/www.harvesters.org\/wp-content\/uploads\/2021\/08\/Evergy.jpg 1000w, https:\/\/www.harvesters.org\/wp-content\/uploads\/2021\/08\/Evergy-300x225.jpg 300w, https:\/\/www.harvesters.org\/wp-content\/uploads\/2021\/08\/Evergy-768x576.jpg 768w, https:\/\/www.harvesters.org\/wp-content\/uploads\/2021\/08\/Evergy-383x287.jpg 383w, https:\/\/www.harvesters.org\/wp-content\/uploads\/2021\/08\/Evergy-950x712.jpg 950w\" sizes=\"auto, (max-width: 1000px) 100vw, 1000px\" \/><\/figure>\n<\/div>\n\n\n\n<div class=\"wp-block-column is-layout-flow wp-block-column-is-layout-flow\" style=\"flex-basis:66.66%\">\n<h3 class=\"wp-block-heading\">\u00bfPor qu\u00e9 asociarse?<\/h3>\n\n\n\n<p>Harvesters cree que una asociaci\u00f3n es mucho m\u00e1s que un cheque y un apret\u00f3n de manos. Se trata de una relaci\u00f3n estrecha y continua que genera un verdadero valor compartido.  <\/p>\n\n\n\n<p>Trabajando juntos, Harvesters y sus socios alimentan a las personas hambrientas de nuestra comunidad al tiempo que aumentan su visibilidad, cultivan el conocimiento de los problemas alimentarios y sanitarios y ampl\u00edan el compromiso de los empleados.<\/p>\n<\/div>\n<\/div>\n\n<h3 class=\"wp-block-heading\">Formas de asociarse<\/h3>\n\n<div class=\"wp-block-columns is-layout-flex wp-container-core-columns-is-layout-9d6595d7 wp-block-columns-is-layout-flex\">\n<div class=\"wp-block-column is-layout-flow wp-block-column-is-layout-flow\" style=\"flex-basis:10%\">\n<div class=\"wp-block-image\"><figure class=\"aligncenter size-full\"><img loading=\"lazy\" decoding=\"async\" width=\"200\" height=\"200\" src=\"http:\/\/www.harvesters.org\/wp-content\/uploads\/2021\/08\/Grants.png\" alt=\"  Apoyo a programas\/subvenciones\" class=\"wp-image-4206\" srcset=\"https:\/\/www.harvesters.org\/wp-content\/uploads\/2021\/08\/Grants.png 200w, https:\/\/www.harvesters.org\/wp-content\/uploads\/2021\/08\/Grants-150x150.png 150w\" sizes=\"auto, (max-width: 200px) 100vw, 200px\" \/><\/figure><\/div>\n<\/div>\n\n\n\n<div class=\"wp-block-column is-vertically-aligned-center is-layout-flow wp-block-column-is-layout-flow\" style=\"flex-basis:90%\">\n<p><strong>Apoyo a programas\/subvenciones<\/strong><br\/>Puede ayudarnos a financiar programas a trav\u00e9s de nuestras cuatro iniciativas: <a href=\"https:\/\/www.harvesters.org\/about-harvesters\/our-programs\/feeding-children\">Alimentar a los Ni\u00f1os<\/a>, <a href=\"https:\/\/www.harvesters.org\/about-harvesters\/our-programs\/feeding-families\">Alimentar a las Familias<\/a>, <a href=\"https:\/\/www.harvesters.org\/about-harvesters\/our-programs\/feeding-seniors\">Alimentar a los Mayores<\/a> y <a href=\"https:\/\/www.harvesters.org\/about-harvesters\/our-programs\/nutrition-education\">Educaci\u00f3n Nutricional<\/a> para ayudarnos a cumplir nuestra misi\u00f3n de alimentar a las personas que pasan hambre hoy y trabajar para acabar con el hambre ma\u00f1ana. Cada d\u00f3lar nos ayuda a proporcionar tres comidas a nuestros vecinos necesitados.  <\/p>\n<\/div>\n<\/div>\n\n<div class=\"wp-block-columns is-layout-flex wp-container-core-columns-is-layout-9d6595d7 wp-block-columns-is-layout-flex\">\n<div class=\"wp-block-column is-layout-flow wp-block-column-is-layout-flow\" style=\"flex-basis:10%\">\n<div class=\"wp-block-image\"><figure class=\"aligncenter size-full\"><img loading=\"lazy\" decoding=\"async\" width=\"200\" height=\"200\" src=\"http:\/\/www.harvesters.org\/wp-content\/uploads\/2021\/08\/CauseMarketing.png\" alt=\"Crear una campa&#xF1;a de marketing con causa\" class=\"wp-image-4205\" srcset=\"https:\/\/www.harvesters.org\/wp-content\/uploads\/2021\/08\/CauseMarketing.png 200w, https:\/\/www.harvesters.org\/wp-content\/uploads\/2021\/08\/CauseMarketing-150x150.png 150w\" sizes=\"auto, (max-width: 200px) 100vw, 200px\" \/><\/figure><\/div>\n<\/div>\n\n\n\n<div class=\"wp-block-column is-vertically-aligned-center is-layout-flow wp-block-column-is-layout-flow\" style=\"flex-basis:90%\">\n<p><strong>Crear una campa\u00f1a de marketing con causa<\/strong><br\/>Colabore con nuestro equipo para desarrollar un plan de promoci\u00f3n de su producto u organizaci\u00f3n, al tiempo que ayuda a alimentar a personas hambrientas. Harvesters goza de una s\u00f3lida reputaci\u00f3n y un amplio alcance en la comunidad, con una cobertura medi\u00e1tica constante y positiva. Visite nuestra p\u00e1gina de <a href=\"https:\/\/www.harvesters.org\/es?page_id=9370\">marketing con causa<\/a> para obtener m\u00e1s informaci\u00f3n.<\/p>\n<\/div>\n<\/div>\n\n<div class=\"wp-block-columns is-layout-flex wp-container-core-columns-is-layout-9d6595d7 wp-block-columns-is-layout-flex\">\n<div class=\"wp-block-column is-layout-flow wp-block-column-is-layout-flow\" style=\"flex-basis:10%\">\n<div class=\"wp-block-image\"><figure class=\"aligncenter size-full\"><img loading=\"lazy\" decoding=\"async\" width=\"200\" height=\"200\" src=\"http:\/\/www.harvesters.org\/wp-content\/uploads\/2021\/08\/Match.png\" alt=\"Igualar las donaciones de los empleados\" class=\"wp-image-4204\" srcset=\"https:\/\/www.harvesters.org\/wp-content\/uploads\/2021\/08\/Match.png 200w, https:\/\/www.harvesters.org\/wp-content\/uploads\/2021\/08\/Match-150x150.png 150w\" sizes=\"auto, (max-width: 200px) 100vw, 200px\" \/><\/figure><\/div>\n<\/div>\n\n\n\n<div class=\"wp-block-column is-vertically-aligned-center is-layout-flow wp-block-column-is-layout-flow\" style=\"flex-basis:90%\">\n<p><strong>Igualar las donaciones de los empleados<\/strong><br\/>Potencia la capacidad de ayuda de tus empleados igualando sus donaciones a Harvesters. Puede convertirse en una empresa de donaciones paralelas poni\u00e9ndose en contacto con Cindy Shanks en <a href=\"mailto:cshanks@harvesters.org\">cshanks@harvesters.org<\/a> o (816) 929-3015.<\/p>\n<\/div>\n<\/div>\n\n<div class=\"wp-block-columns is-layout-flex wp-container-core-columns-is-layout-9d6595d7 wp-block-columns-is-layout-flex\">\n<div class=\"wp-block-column is-layout-flow wp-block-column-is-layout-flow\" style=\"flex-basis:10%\">\n<div class=\"wp-block-image\"><figure class=\"aligncenter size-full\"><img loading=\"lazy\" decoding=\"async\" width=\"200\" height=\"200\" src=\"http:\/\/www.harvesters.org\/wp-content\/uploads\/2021\/08\/Events.png\" alt=\"Patrocinar un acto\" class=\"wp-image-4203\" srcset=\"https:\/\/www.harvesters.org\/wp-content\/uploads\/2021\/08\/Events.png 200w, https:\/\/www.harvesters.org\/wp-content\/uploads\/2021\/08\/Events-150x150.png 150w\" sizes=\"auto, (max-width: 200px) 100vw, 200px\" \/><\/figure><\/div>\n<\/div>\n\n\n\n<div class=\"wp-block-column is-vertically-aligned-center is-layout-flow wp-block-column-is-layout-flow\" style=\"flex-basis:90%\">\n<p><strong>Patrocinar un acto<\/strong><br\/>Participe y divi\u00e9rtase patrocinando uno de nuestros <a href=\"https:\/\/www.harvesters.org\/events-and-news\/annual-events\">Eventos Anuales<\/a>. Participar\u00e1s en primera l\u00ednea, obtendr\u00e1s algunas ventajas incre\u00edbles y, sobre todo, atraer\u00e1s la atenci\u00f3n y recaudar\u00e1s fondos para apoyar los programas de Harvesters.<\/p>\n<\/div>\n<\/div>\n\n<div class=\"wp-block-columns is-layout-flex wp-container-core-columns-is-layout-9d6595d7 wp-block-columns-is-layout-flex\">\n<div class=\"wp-block-column is-layout-flow wp-block-column-is-layout-flow\" style=\"flex-basis:10%\">\n<div class=\"wp-block-image\"><figure class=\"aligncenter size-full\"><img loading=\"lazy\" decoding=\"async\" width=\"200\" height=\"200\" src=\"http:\/\/www.harvesters.org\/wp-content\/uploads\/2021\/08\/Food-Drive.png\" alt=\"Organice una colecta de alimentos y\/o fondos\" class=\"wp-image-4202\" srcset=\"https:\/\/www.harvesters.org\/wp-content\/uploads\/2021\/08\/Food-Drive.png 200w, https:\/\/www.harvesters.org\/wp-content\/uploads\/2021\/08\/Food-Drive-150x150.png 150w\" sizes=\"auto, (max-width: 200px) 100vw, 200px\" \/><\/figure><\/div>\n<\/div>\n\n\n\n<div class=\"wp-block-column is-vertically-aligned-center is-layout-flow wp-block-column-is-layout-flow\" style=\"flex-basis:90%\">\n<p><strong>Organice una colecta de alimentos y\/o fondos<\/strong><br\/>Organice una colecta de alimentos y fondos en su empresa para ayudar a los necesitados de nuestra comunidad. Consulta estas p\u00e1ginas para obtener m\u00e1s informaci\u00f3n sobre c\u00f3mo <a href=\"https:\/\/www.harvesters.org\/how-to-help\/give-food\/host-food-or-fund-drive\">organizar una colecta de alimentos o fondos<\/a>, c\u00f3mo <a href=\"http:\/\/www.harvesters.org\/how-to-help\/give-food\/host-virtual-food-drive\/\">organizar una colecta virtual de alimentos<\/a> y nuestro programa <a href=\"https:\/\/www.harvesters.org\/how-to-help\/give-food\/give-lunch\">\u00abRegala un almuerzo<\/a> \u00ab. Ll\u00e1menos y le ayudaremos a empezar.  <\/p>\n<\/div>\n<\/div>\n\n<div class=\"wp-block-columns is-layout-flex wp-container-core-columns-is-layout-9d6595d7 wp-block-columns-is-layout-flex\">\n<div class=\"wp-block-column is-vertically-aligned-center is-layout-flow wp-block-column-is-layout-flow\" style=\"flex-basis:10%\">\n<figure class=\"wp-block-image size-full\"><img loading=\"lazy\" decoding=\"async\" width=\"200\" height=\"200\" src=\"http:\/\/www.harvesters.org\/wp-content\/uploads\/2021\/08\/Volunteer.png\" alt=\"Voluntario\" class=\"wp-image-4200\" srcset=\"https:\/\/www.harvesters.org\/wp-content\/uploads\/2021\/08\/Volunteer.png 200w, https:\/\/www.harvesters.org\/wp-content\/uploads\/2021\/08\/Volunteer-150x150.png 150w\" sizes=\"auto, (max-width: 200px) 100vw, 200px\" \/><\/figure>\n<\/div>\n\n\n\n<div class=\"wp-block-column is-vertically-aligned-center is-layout-flow wp-block-column-is-layout-flow\" style=\"flex-basis:90%\">\n<p><strong>Voluntario<\/strong><br\/>Comparta su tiempo y sus talentos como organizaci\u00f3n ofreci\u00e9ndose como voluntario en grupo en Harvesters, en una agencia asociada o en un evento especial. Tenemos muchas oportunidades que se adaptan a distintas necesidades.  <\/p>\n<\/div>\n<\/div>\n\n<div class=\"wp-block-columns is-layout-flex wp-container-core-columns-is-layout-9d6595d7 wp-block-columns-is-layout-flex\">\n<div class=\"wp-block-column is-vertically-aligned-center is-layout-flow wp-block-column-is-layout-flow\" style=\"flex-basis:10%\">\n<figure class=\"wp-block-image size-full\"><img loading=\"lazy\" decoding=\"async\" width=\"200\" height=\"200\" src=\"http:\/\/www.harvesters.org\/wp-content\/uploads\/2021\/08\/Advocate.png\" alt=\"Educar y defender\" class=\"wp-image-4199\" srcset=\"https:\/\/www.harvesters.org\/wp-content\/uploads\/2021\/08\/Advocate.png 200w, https:\/\/www.harvesters.org\/wp-content\/uploads\/2021\/08\/Advocate-150x150.png 150w\" sizes=\"auto, (max-width: 200px) 100vw, 200px\" \/><\/figure>\n<\/div>\n\n\n\n<div class=\"wp-block-column is-vertically-aligned-center is-layout-flow wp-block-column-is-layout-flow\" style=\"flex-basis:90%\">\n<p><strong>Educar y defender<\/strong><br\/>Ayude a aumentar la concienciaci\u00f3n sobre el hambre en nuestra comunidad organizando una mesa informativa en un acto de la empresa. Acepte el <a href=\"https:\/\/www.harvesters.org\/learn-about-hunger\/lunch-challenge\">reto del almuerzo<\/a>, un programa de trabajo en equipo pr\u00e1ctico y de ritmo r\u00e1pido que ayuda a los grupos a trabajar por un objetivo com\u00fan mientras aprenden sobre los retos a los que se enfrentan las personas hambrientas de nuestra comunidad.  <\/p>\n<\/div>\n<\/div>\n\n<div style=\"height:15px\" aria-hidden=\"true\" class=\"wp-block-spacer\"><\/div>\n\n<h3 class=\"wp-block-heading\">\u00bfListo para empezar?  <\/h3>\n\n<p>Estamos impacientes por colaborar con usted. P\u00f3ngase en contacto con nuestro Director de Participaci\u00f3n Corporativa en <a href=\"mailto:corporatepartners@harvesters.org\">corporatepartners@harvesters.org<\/a> o en el n\u00famero (816) 929-3285 si necesita ayuda para empezar a utilizar cualquiera de estas opciones.<\/p>\n\n<div style=\"height:60px\" aria-hidden=\"true\" class=\"wp-block-spacer\"><\/div>\n","protected":false},"excerpt":{"rendered":"<p>Una asociaci\u00f3n que hace brillar sus valores \u00bfPor qu\u00e9 asociarse? Harvesters cree que una asociaci\u00f3n es mucho m\u00e1s que un cheque y un apret\u00f3n de manos. Se trata de una relaci\u00f3n estrecha y continua que\u2026 <a href=\"https:\/\/www.harvesters.org\/es\/como-ayudar\/done-fondos\/donaciones-de-empresas\" class=\"read-more\">More<\/a><\/p>\n","protected":false},"author":3,"featured_media":0,"parent":9383,"menu_order":3,"comment_status":"closed","ping_status":"closed","template":"","meta":{"_acf_changed":false,"inline_featured_image":false,"_uag_custom_page_level_css":"","footnotes":""},"class_list":["post-9392","page","type-page","status-publish","hentry"],"acf":[],"yoast_head":"<!-- This site is optimized with the Yoast SEO plugin v27.5 - https:\/\/yoast.com\/product\/yoast-seo-wordpress\/ -->\n<title>Donaciones de empresas - Harvesters<\/title>\n<meta name=\"description\" content=\"Hay muchas oportunidades de donaciones corporativas, como la financiaci\u00f3n de nuestros programas, el marketing de causas, las donaciones de contrapartida, la organizaci\u00f3n de campa\u00f1as y el voluntariado.\" \/>\n<meta name=\"robots\" content=\"index, follow, max-snippet:-1, max-image-preview:large, max-video-preview:-1\" \/>\n<link rel=\"canonical\" href=\"https:\/\/www.harvesters.org\/es\/como-ayudar\/done-fondos\/donaciones-de-empresas\" \/>\n<meta property=\"og:locale\" content=\"es_ES\" \/>\n<meta property=\"og:type\" content=\"article\" \/>\n<meta property=\"og:title\" content=\"Donaciones de empresas - Harvesters\" \/>\n<meta property=\"og:description\" content=\"Hay muchas oportunidades de donaciones corporativas, como la financiaci\u00f3n de nuestros programas, el marketing de causas, las donaciones de contrapartida, la organizaci\u00f3n de campa\u00f1as y el voluntariado.\" \/>\n<meta property=\"og:url\" content=\"https:\/\/www.harvesters.org\/es\/como-ayudar\/done-fondos\/donaciones-de-empresas\" \/>\n<meta property=\"og:site_name\" content=\"Harvesters\" \/>\n<meta property=\"article:modified_time\" content=\"2024-12-09T06:03:50+00:00\" \/>\n<meta property=\"og:image\" content=\"https:\/\/www.harvesters.org\/wp-content\/uploads\/2021\/08\/Evergy.jpg\" \/>\n\t<meta property=\"og:image:width\" content=\"1000\" \/>\n\t<meta property=\"og:image:height\" content=\"750\" \/>\n\t<meta property=\"og:image:type\" content=\"image\/jpeg\" \/>\n<meta name=\"twitter:card\" content=\"summary_large_image\" \/>\n<meta name=\"twitter:label1\" content=\"Tiempo de lectura\" \/>\n\t<meta name=\"twitter:data1\" content=\"4 minutos\" \/>\n<script type=\"application\/ld+json\" class=\"yoast-schema-graph\">{\"@context\":\"https:\\\/\\\/schema.org\",\"@graph\":[{\"@type\":\"WebPage\",\"@id\":\"https:\\\/\\\/www.harvesters.org\\\/es\\\/como-ayudar\\\/done-fondos\\\/donaciones-de-empresas\",\"url\":\"https:\\\/\\\/www.harvesters.org\\\/es\\\/como-ayudar\\\/done-fondos\\\/donaciones-de-empresas\",\"name\":\"Donaciones de empresas - Harvesters\",\"isPartOf\":{\"@id\":\"https:\\\/\\\/www.harvesters.org\\\/#website\"},\"primaryImageOfPage\":{\"@id\":\"https:\\\/\\\/www.harvesters.org\\\/es\\\/como-ayudar\\\/done-fondos\\\/donaciones-de-empresas#primaryimage\"},\"image\":{\"@id\":\"https:\\\/\\\/www.harvesters.org\\\/es\\\/como-ayudar\\\/done-fondos\\\/donaciones-de-empresas#primaryimage\"},\"thumbnailUrl\":\"http:\\\/\\\/www.harvesters.org\\\/wp-content\\\/uploads\\\/2021\\\/08\\\/Evergy.jpg\",\"datePublished\":\"2021-06-01T18:57:33+00:00\",\"dateModified\":\"2024-12-09T06:03:50+00:00\",\"description\":\"Hay muchas oportunidades de donaciones corporativas, como la financiaci\u00f3n de nuestros programas, el marketing de causas, las donaciones de contrapartida, la organizaci\u00f3n de campa\u00f1as y el voluntariado.\",\"breadcrumb\":{\"@id\":\"https:\\\/\\\/www.harvesters.org\\\/es\\\/como-ayudar\\\/done-fondos\\\/donaciones-de-empresas#breadcrumb\"},\"inLanguage\":\"es\",\"potentialAction\":[{\"@type\":\"ReadAction\",\"target\":[\"https:\\\/\\\/www.harvesters.org\\\/es\\\/como-ayudar\\\/done-fondos\\\/donaciones-de-empresas\"]}]},{\"@type\":\"ImageObject\",\"inLanguage\":\"es\",\"@id\":\"https:\\\/\\\/www.harvesters.org\\\/es\\\/como-ayudar\\\/done-fondos\\\/donaciones-de-empresas#primaryimage\",\"url\":\"http:\\\/\\\/www.harvesters.org\\\/wp-content\\\/uploads\\\/2021\\\/08\\\/Evergy.jpg\",\"contentUrl\":\"http:\\\/\\\/www.harvesters.org\\\/wp-content\\\/uploads\\\/2021\\\/08\\\/Evergy.jpg\"},{\"@type\":\"BreadcrumbList\",\"@id\":\"https:\\\/\\\/www.harvesters.org\\\/es\\\/como-ayudar\\\/done-fondos\\\/donaciones-de-empresas#breadcrumb\",\"itemListElement\":[{\"@type\":\"ListItem\",\"position\":1,\"name\":\"Home\",\"item\":\"https:\\\/\\\/www.harvesters.org\\\/es\"},{\"@type\":\"ListItem\",\"position\":2,\"name\":\"C\u00f3mo ayudar\",\"item\":\"https:\\\/\\\/www.harvesters.org\\\/es\\\/como-ayudar\"},{\"@type\":\"ListItem\",\"position\":3,\"name\":\"Donar fondos\",\"item\":\"https:\\\/\\\/www.harvesters.org\\\/es\\\/como-ayudar\\\/done-fondos\"},{\"@type\":\"ListItem\",\"position\":4,\"name\":\"Donaciones de empresas\"}]},{\"@type\":\"WebSite\",\"@id\":\"https:\\\/\\\/www.harvesters.org\\\/#website\",\"url\":\"https:\\\/\\\/www.harvesters.org\\\/\",\"name\":\"Harvesters\",\"description\":\"\",\"potentialAction\":[{\"@type\":\"SearchAction\",\"target\":{\"@type\":\"EntryPoint\",\"urlTemplate\":\"https:\\\/\\\/www.harvesters.org\\\/?s={search_term_string}\"},\"query-input\":{\"@type\":\"PropertyValueSpecification\",\"valueRequired\":true,\"valueName\":\"search_term_string\"}}],\"inLanguage\":\"es\"}]}<\/script>\n<!-- \/ Yoast SEO plugin. -->","yoast_head_json":{"title":"Donaciones de empresas - Harvesters","description":"Hay muchas oportunidades de donaciones corporativas, como la financiaci\u00f3n de nuestros programas, el marketing de causas, las donaciones de contrapartida, la organizaci\u00f3n de campa\u00f1as y el voluntariado.","robots":{"index":"index","follow":"follow","max-snippet":"max-snippet:-1","max-image-preview":"max-image-preview:large","max-video-preview":"max-video-preview:-1"},"canonical":"https:\/\/www.harvesters.org\/es\/como-ayudar\/done-fondos\/donaciones-de-empresas","og_locale":"es_ES","og_type":"article","og_title":"Donaciones de empresas - Harvesters","og_description":"Hay muchas oportunidades de donaciones corporativas, como la financiaci\u00f3n de nuestros programas, el marketing de causas, las donaciones de contrapartida, la organizaci\u00f3n de campa\u00f1as y el voluntariado.","og_url":"https:\/\/www.harvesters.org\/es\/como-ayudar\/done-fondos\/donaciones-de-empresas","og_site_name":"Harvesters","article_modified_time":"2024-12-09T06:03:50+00:00","og_image":[{"width":1000,"height":750,"url":"https:\/\/www.harvesters.org\/wp-content\/uploads\/2021\/08\/Evergy.jpg","type":"image\/jpeg"}],"twitter_card":"summary_large_image","twitter_misc":{"Tiempo de lectura":"4 minutos"},"schema":{"@context":"https:\/\/schema.org","@graph":[{"@type":"WebPage","@id":"https:\/\/www.harvesters.org\/es\/como-ayudar\/done-fondos\/donaciones-de-empresas","url":"https:\/\/www.harvesters.org\/es\/como-ayudar\/done-fondos\/donaciones-de-empresas","name":"Donaciones de empresas - Harvesters","isPartOf":{"@id":"https:\/\/www.harvesters.org\/#website"},"primaryImageOfPage":{"@id":"https:\/\/www.harvesters.org\/es\/como-ayudar\/done-fondos\/donaciones-de-empresas#primaryimage"},"image":{"@id":"https:\/\/www.harvesters.org\/es\/como-ayudar\/done-fondos\/donaciones-de-empresas#primaryimage"},"thumbnailUrl":"http:\/\/www.harvesters.org\/wp-content\/uploads\/2021\/08\/Evergy.jpg","datePublished":"2021-06-01T18:57:33+00:00","dateModified":"2024-12-09T06:03:50+00:00","description":"Hay muchas oportunidades de donaciones corporativas, como la financiaci\u00f3n de nuestros programas, el marketing de causas, las donaciones de contrapartida, la organizaci\u00f3n de campa\u00f1as y el voluntariado.","breadcrumb":{"@id":"https:\/\/www.harvesters.org\/es\/como-ayudar\/done-fondos\/donaciones-de-empresas#breadcrumb"},"inLanguage":"es","potentialAction":[{"@type":"ReadAction","target":["https:\/\/www.harvesters.org\/es\/como-ayudar\/done-fondos\/donaciones-de-empresas"]}]},{"@type":"ImageObject","inLanguage":"es","@id":"https:\/\/www.harvesters.org\/es\/como-ayudar\/done-fondos\/donaciones-de-empresas#primaryimage","url":"http:\/\/www.harvesters.org\/wp-content\/uploads\/2021\/08\/Evergy.jpg","contentUrl":"http:\/\/www.harvesters.org\/wp-content\/uploads\/2021\/08\/Evergy.jpg"},{"@type":"BreadcrumbList","@id":"https:\/\/www.harvesters.org\/es\/como-ayudar\/done-fondos\/donaciones-de-empresas#breadcrumb","itemListElement":[{"@type":"ListItem","position":1,"name":"Home","item":"https:\/\/www.harvesters.org\/es"},{"@type":"ListItem","position":2,"name":"C\u00f3mo ayudar","item":"https:\/\/www.harvesters.org\/es\/como-ayudar"},{"@type":"ListItem","position":3,"name":"Donar fondos","item":"https:\/\/www.harvesters.org\/es\/como-ayudar\/done-fondos"},{"@type":"ListItem","position":4,"name":"Donaciones de empresas"}]},{"@type":"WebSite","@id":"https:\/\/www.harvesters.org\/#website","url":"https:\/\/www.harvesters.org\/","name":"Harvesters","description":"","potentialAction":[{"@type":"SearchAction","target":{"@type":"EntryPoint","urlTemplate":"https:\/\/www.harvesters.org\/?s={search_term_string}"},"query-input":{"@type":"PropertyValueSpecification","valueRequired":true,"valueName":"search_term_string"}}],"inLanguage":"es"}]}},"uagb_featured_image_src":{"full":false,"thumbnail":false,"medium":false,"medium_large":false,"large":false,"1536x1536":false,"2048x2048":false,"alm-thumbnail":false,"featured-16-9":false,"featured-4-3":false,"featured-4-3-full":false,"featured-16-9-full":false,"gform-image-choice-sm":false,"gform-image-choice-md":false,"gform-image-choice-lg":false},"uagb_author_info":{"display_name":"John Kuefler","author_link":"https:\/\/www.harvesters.org\/es\/author\/john-kuefleruxwest-com"},"uagb_comment_info":0,"uagb_excerpt":"Una asociaci\u00f3n que hace brillar sus valores \u00bfPor qu\u00e9 asociarse? Harvesters cree que una asociaci\u00f3n es mucho m\u00e1s que un cheque y un apret\u00f3n de manos. Se trata de una relaci\u00f3n estrecha y continua que\u2026 More","_links":{"self":[{"href":"https:\/\/www.harvesters.org\/es\/wp-json\/wp\/v2\/pages\/9392","targetHints":{"allow":["GET"]}}],"collection":[{"href":"https:\/\/www.harvesters.org\/es\/wp-json\/wp\/v2\/pages"}],"about":[{"href":"https:\/\/www.harvesters.org\/es\/wp-json\/wp\/v2\/types\/page"}],"author":[{"embeddable":true,"href":"https:\/\/www.harvesters.org\/es\/wp-json\/wp\/v2\/users\/3"}],"replies":[{"embeddable":true,"href":"https:\/\/www.harvesters.org\/es\/wp-json\/wp\/v2\/comments?post=9392"}],"version-history":[{"count":3,"href":"https:\/\/www.harvesters.org\/es\/wp-json\/wp\/v2\/pages\/9392\/revisions"}],"predecessor-version":[{"id":13453,"href":"https:\/\/www.harvesters.org\/es\/wp-json\/wp\/v2\/pages\/9392\/revisions\/13453"}],"up":[{"embeddable":true,"href":"https:\/\/www.harvesters.org\/es\/wp-json\/wp\/v2\/pages\/9383"}],"wp:attachment":[{"href":"https:\/\/www.harvesters.org\/es\/wp-json\/wp\/v2\/media?parent=9392"}],"curies":[{"name":"wp","href":"https:\/\/api.w.org\/{rel}","templated":true}]}}