{"id":9378,"date":"2024-01-11T12:31:55","date_gmt":"2024-01-11T18:31:55","guid":{"rendered":"https:\/\/www.harvesters.org\/?page_id=9378"},"modified":"2024-06-17T15:34:16","modified_gmt":"2024-06-17T20:34:16","slug":"proveedor-de-igualdad-de-oportunidades","status":"publish","type":"page","link":"https:\/\/www.harvesters.org\/es\/proveedor-de-igualdad-de-oportunidades","title":{"rendered":"Proveedor de igualdad de oportunidades"},"content":{"rendered":"\n<p>De acuerdo con la ley federal de derechos civiles y las normativas y pol\u00edticas de derechos civiles del Departamento de Agricultura de EE.UU. (USDA), esta instituci\u00f3n tiene prohibido discriminar por motivos de raza, color, origen nacional, sexo (incluidas la identidad de g\u00e9nero y la orientaci\u00f3n sexual), discapacidad, edad o represalias por actividades previas relacionadas con los derechos civiles.<br\/><br\/>La informaci\u00f3n sobre el programa puede estar disponible en idiomas distintos del ingl\u00e9s. Las personas con discapacidad que necesiten medios de comunicaci\u00f3n alternativos para obtener informaci\u00f3n sobre el programa (por ejemplo, Braille, letra grande, cinta de audio, lenguaje de signos americano), deben ponerse en contacto con la agencia estatal o local responsable que administre el programa o con el Centro TARGET del USDA en el (202) 720-2600 (voz y TTY) o ponerse en contacto con el USDA a trav\u00e9s del<br\/>Servicio Federal de Retransmisi\u00f3n al (800) 877-8339.<br\/><br\/>Para presentar una denuncia por discriminaci\u00f3n en un programa, el denunciante debe cumplimentar el formulario AD-3027, USDA Program Discrimination Complaint Form, que puede obtenerse en l\u00ednea en: https:\/\/www.usda.gov\/sites\/default\/files\/documents\/USDA-OASCR%20P-Complaint-Form-0508-0002-508-11-28-17Fax2Mail.pdf, en cualquier oficina del USDA, llamando al (866) 632-9992 o escribiendo una carta dirigida al USDA. La carta debe contener el nombre, la direcci\u00f3n y el n\u00famero de tel\u00e9fono del denunciante, as\u00ed como una descripci\u00f3n escrita de la supuesta acci\u00f3n discriminatoria con suficiente detalle para informar al Subsecretario de Derechos Civiles (ASCR) sobre la naturaleza y la fecha de una supuesta violaci\u00f3n de los derechos civiles. El formulario AD-3027 cumplimentado o la carta deben enviarse al USDA antes del:<\/p>\n\n<ol class=\"wp-block-list\"><li>correo:<br\/>Departamento de Agricultura de EE.UU.<br\/>Oficina del Subsecretario de Derechos Civiles<br\/>1400 Independence Avenue, SW<br\/>Washington, D.C. 20250-9410; o<br\/><\/li><li>fax:<br\/>(833) 256-1665 o (202) 690-7442; o<br\/><\/li><li>correo electr\u00f3nico:<br\/>program.intake@usda.gov<br\/><br\/>Esta instituci\u00f3n ofrece igualdad de oportunidades.<\/li><\/ol>\n\n<div style=\"height:60px\" aria-hidden=\"true\" class=\"wp-block-spacer\"><\/div>\n","protected":false},"excerpt":{"rendered":"<p>De acuerdo con la ley federal de derechos civiles y las normativas y pol\u00edticas de derechos civiles del Departamento de Agricultura de EE.UU. (USDA), esta instituci\u00f3n tiene prohibido discriminar por motivos de raza, color, origen\u2026 <a href=\"https:\/\/www.harvesters.org\/es\/proveedor-de-igualdad-de-oportunidades\" class=\"read-more\">More<\/a><\/p>\n","protected":false},"author":3,"featured_media":0,"parent":0,"menu_order":0,"comment_status":"closed","ping_status":"closed","template":"","meta":{"_acf_changed":false,"inline_featured_image":false,"_uag_custom_page_level_css":"","footnotes":""},"class_list":["post-9378","page","type-page","status-publish","hentry"],"acf":[],"yoast_head":"<!-- This site is optimized with the Yoast SEO plugin v27.4 - https:\/\/yoast.com\/product\/yoast-seo-wordpress\/ -->\n<title>Proveedor de igualdad de oportunidades - Harvesters<\/title>\n<meta name=\"description\" content=\"No discriminamos por motivos de raza, color, nacionalidad, sexo, religi\u00f3n, discapacidad, edad, convicciones pol\u00edticas o represalias por actividades relacionadas con los derechos civiles.\" \/>\n<meta name=\"robots\" content=\"index, follow, max-snippet:-1, max-image-preview:large, max-video-preview:-1\" \/>\n<link rel=\"canonical\" href=\"https:\/\/www.harvesters.org\/es\/proveedor-de-igualdad-de-oportunidades\" \/>\n<meta property=\"og:locale\" content=\"es_ES\" \/>\n<meta property=\"og:type\" content=\"article\" \/>\n<meta property=\"og:title\" content=\"Proveedor de igualdad de oportunidades - Harvesters\" \/>\n<meta property=\"og:description\" content=\"No discriminamos por motivos de raza, color, nacionalidad, sexo, religi\u00f3n, discapacidad, edad, convicciones pol\u00edticas o represalias por actividades relacionadas con los derechos civiles.\" \/>\n<meta property=\"og:url\" content=\"https:\/\/www.harvesters.org\/es\/proveedor-de-igualdad-de-oportunidades\" \/>\n<meta property=\"og:site_name\" content=\"Harvesters\" \/>\n<meta property=\"article:modified_time\" content=\"2024-06-17T20:34:16+00:00\" \/>\n<meta name=\"twitter:card\" content=\"summary_large_image\" \/>\n<meta name=\"twitter:label1\" content=\"Tiempo de lectura\" \/>\n\t<meta name=\"twitter:data1\" content=\"2 minutos\" \/>\n<script type=\"application\/ld+json\" class=\"yoast-schema-graph\">{\"@context\":\"https:\\\/\\\/schema.org\",\"@graph\":[{\"@type\":\"WebPage\",\"@id\":\"https:\\\/\\\/www.harvesters.org\\\/es\\\/proveedor-de-igualdad-de-oportunidades\",\"url\":\"https:\\\/\\\/www.harvesters.org\\\/es\\\/proveedor-de-igualdad-de-oportunidades\",\"name\":\"Proveedor de igualdad de oportunidades - Harvesters\",\"isPartOf\":{\"@id\":\"https:\\\/\\\/www.harvesters.org\\\/#website\"},\"datePublished\":\"2024-01-11T18:31:55+00:00\",\"dateModified\":\"2024-06-17T20:34:16+00:00\",\"description\":\"No discriminamos por motivos de raza, color, nacionalidad, sexo, religi\u00f3n, discapacidad, edad, convicciones pol\u00edticas o represalias por actividades relacionadas con los derechos civiles.\",\"breadcrumb\":{\"@id\":\"https:\\\/\\\/www.harvesters.org\\\/es\\\/proveedor-de-igualdad-de-oportunidades#breadcrumb\"},\"inLanguage\":\"es\",\"potentialAction\":[{\"@type\":\"ReadAction\",\"target\":[\"https:\\\/\\\/www.harvesters.org\\\/es\\\/proveedor-de-igualdad-de-oportunidades\"]}]},{\"@type\":\"BreadcrumbList\",\"@id\":\"https:\\\/\\\/www.harvesters.org\\\/es\\\/proveedor-de-igualdad-de-oportunidades#breadcrumb\",\"itemListElement\":[{\"@type\":\"ListItem\",\"position\":1,\"name\":\"Home\",\"item\":\"https:\\\/\\\/www.harvesters.org\\\/es\"},{\"@type\":\"ListItem\",\"position\":2,\"name\":\"Proveedor de igualdad de oportunidades\"}]},{\"@type\":\"WebSite\",\"@id\":\"https:\\\/\\\/www.harvesters.org\\\/#website\",\"url\":\"https:\\\/\\\/www.harvesters.org\\\/\",\"name\":\"Harvesters\",\"description\":\"\",\"potentialAction\":[{\"@type\":\"SearchAction\",\"target\":{\"@type\":\"EntryPoint\",\"urlTemplate\":\"https:\\\/\\\/www.harvesters.org\\\/?s={search_term_string}\"},\"query-input\":{\"@type\":\"PropertyValueSpecification\",\"valueRequired\":true,\"valueName\":\"search_term_string\"}}],\"inLanguage\":\"es\"}]}<\/script>\n<!-- \/ Yoast SEO plugin. -->","yoast_head_json":{"title":"Proveedor de igualdad de oportunidades - Harvesters","description":"No discriminamos por motivos de raza, color, nacionalidad, sexo, religi\u00f3n, discapacidad, edad, convicciones pol\u00edticas o represalias por actividades relacionadas con los derechos civiles.","robots":{"index":"index","follow":"follow","max-snippet":"max-snippet:-1","max-image-preview":"max-image-preview:large","max-video-preview":"max-video-preview:-1"},"canonical":"https:\/\/www.harvesters.org\/es\/proveedor-de-igualdad-de-oportunidades","og_locale":"es_ES","og_type":"article","og_title":"Proveedor de igualdad de oportunidades - Harvesters","og_description":"No discriminamos por motivos de raza, color, nacionalidad, sexo, religi\u00f3n, discapacidad, edad, convicciones pol\u00edticas o represalias por actividades relacionadas con los derechos civiles.","og_url":"https:\/\/www.harvesters.org\/es\/proveedor-de-igualdad-de-oportunidades","og_site_name":"Harvesters","article_modified_time":"2024-06-17T20:34:16+00:00","twitter_card":"summary_large_image","twitter_misc":{"Tiempo de lectura":"2 minutos"},"schema":{"@context":"https:\/\/schema.org","@graph":[{"@type":"WebPage","@id":"https:\/\/www.harvesters.org\/es\/proveedor-de-igualdad-de-oportunidades","url":"https:\/\/www.harvesters.org\/es\/proveedor-de-igualdad-de-oportunidades","name":"Proveedor de igualdad de oportunidades - Harvesters","isPartOf":{"@id":"https:\/\/www.harvesters.org\/#website"},"datePublished":"2024-01-11T18:31:55+00:00","dateModified":"2024-06-17T20:34:16+00:00","description":"No discriminamos por motivos de raza, color, nacionalidad, sexo, religi\u00f3n, discapacidad, edad, convicciones pol\u00edticas o represalias por actividades relacionadas con los derechos civiles.","breadcrumb":{"@id":"https:\/\/www.harvesters.org\/es\/proveedor-de-igualdad-de-oportunidades#breadcrumb"},"inLanguage":"es","potentialAction":[{"@type":"ReadAction","target":["https:\/\/www.harvesters.org\/es\/proveedor-de-igualdad-de-oportunidades"]}]},{"@type":"BreadcrumbList","@id":"https:\/\/www.harvesters.org\/es\/proveedor-de-igualdad-de-oportunidades#breadcrumb","itemListElement":[{"@type":"ListItem","position":1,"name":"Home","item":"https:\/\/www.harvesters.org\/es"},{"@type":"ListItem","position":2,"name":"Proveedor de igualdad de oportunidades"}]},{"@type":"WebSite","@id":"https:\/\/www.harvesters.org\/#website","url":"https:\/\/www.harvesters.org\/","name":"Harvesters","description":"","potentialAction":[{"@type":"SearchAction","target":{"@type":"EntryPoint","urlTemplate":"https:\/\/www.harvesters.org\/?s={search_term_string}"},"query-input":{"@type":"PropertyValueSpecification","valueRequired":true,"valueName":"search_term_string"}}],"inLanguage":"es"}]}},"uagb_featured_image_src":{"full":false,"thumbnail":false,"medium":false,"medium_large":false,"large":false,"1536x1536":false,"2048x2048":false,"alm-thumbnail":false,"featured-16-9":false,"featured-4-3":false,"featured-4-3-full":false,"featured-16-9-full":false,"gform-image-choice-sm":false,"gform-image-choice-md":false,"gform-image-choice-lg":false},"uagb_author_info":{"display_name":"John Kuefler","author_link":"https:\/\/www.harvesters.org\/es\/author\/john-kuefleruxwest-com"},"uagb_comment_info":0,"uagb_excerpt":"De acuerdo con la ley federal de derechos civiles y las normativas y pol\u00edticas de derechos civiles del Departamento de Agricultura de EE.UU. (USDA), esta instituci\u00f3n tiene prohibido discriminar por motivos de raza, color, origen\u2026 More","_links":{"self":[{"href":"https:\/\/www.harvesters.org\/es\/wp-json\/wp\/v2\/pages\/9378","targetHints":{"allow":["GET"]}}],"collection":[{"href":"https:\/\/www.harvesters.org\/es\/wp-json\/wp\/v2\/pages"}],"about":[{"href":"https:\/\/www.harvesters.org\/es\/wp-json\/wp\/v2\/types\/page"}],"author":[{"embeddable":true,"href":"https:\/\/www.harvesters.org\/es\/wp-json\/wp\/v2\/users\/3"}],"replies":[{"embeddable":true,"href":"https:\/\/www.harvesters.org\/es\/wp-json\/wp\/v2\/comments?post=9378"}],"version-history":[{"count":6,"href":"https:\/\/www.harvesters.org\/es\/wp-json\/wp\/v2\/pages\/9378\/revisions"}],"predecessor-version":[{"id":11621,"href":"https:\/\/www.harvesters.org\/es\/wp-json\/wp\/v2\/pages\/9378\/revisions\/11621"}],"wp:attachment":[{"href":"https:\/\/www.harvesters.org\/es\/wp-json\/wp\/v2\/media?parent=9378"}],"curies":[{"name":"wp","href":"https:\/\/api.w.org\/{rel}","templated":true}]}}