{"id":9366,"date":"2021-07-15T21:16:15","date_gmt":"2021-07-16T02:16:15","guid":{"rendered":"https:\/\/www.harvesters.org\/?page_id=9366"},"modified":"2024-12-08T23:45:58","modified_gmt":"2024-12-09T05:45:58","slug":"aprender-mas-sobre-el-problema","status":"publish","type":"page","link":"https:\/\/www.harvesters.org\/es\/como-ayudar\/abogar-por-el-hambre\/aprender-mas-sobre-el-problema","title":{"rendered":"Aprender M\u00e1s Sobre el Problema"},"content":{"rendered":"\n<p>El hambre es un problema en todos los condados de nuestro pa\u00eds, pero no es un tema del que mucha gente sepa mucho o sea consciente de la magnitud del problema. Usted puede ayudar a cambiar esta situaci\u00f3n aprendiendo m\u00e1s y compartiendo esa informaci\u00f3n con los dem\u00e1s.<\/p>\n\n<p>Puede empezar visitando nuestra p\u00e1gina sobre <a href=\"https:\/\/www.harvesters.org\/es\/aprender-sobre-el-hambre\/hambre-en-nuestra-region\" target=\"_blank\" rel=\"noreferrer noopener\">el hambre en nuestra regi\u00f3n<\/a> o nuestra p\u00e1gina de <a href=\"https:\/\/www.harvesters.org\/es\/aprender-sobre-el-hambre\/recursos-educativos\" target=\"_blank\" rel=\"noreferrer noopener\">recursos educativos<\/a>.<\/p>\n\n<p>Los programas federales de nutrici\u00f3n como SNAP, TEFAP, CSFP, los programas de desayunos y almuerzos escolares y los programas de comidas extraescolares y de verano para ni\u00f1os son vitales para abordar el problema. El \u00e9xito requiere un fuerte apoyo federal en colaboraci\u00f3n con la red de caridad. Por cada comida que proporciona una red de caridad como Harvesters, el gobierno federal puede proporcionar 9 comidas.<\/p>\n\n<p>Es importante mantener y reforzar la financiaci\u00f3n de los programas federales de nutrici\u00f3n. El Congreso est\u00e1 trabajando en la reautorizaci\u00f3n de la Ley de Agricultura, que incluye la financiaci\u00f3n de programas federales de nutrici\u00f3n. <a href=\"http:\/\/www.harvesters.org\/wp-content\/uploads\/2023\/03\/2023-Farm-Bill_Whats-Needed-to-End-Hunger-in-the-U.S..pdf\" target=\"_blank\" rel=\"noreferrer noopener\">Obtenga m\u00e1s informaci\u00f3n sobre lo que Harvesters, Feeding America y otros defensores del hambre esperan ver en la nueva Ley de Agricultura<\/a><\/p>\n\n<div style=\"height:60px\" aria-hidden=\"true\" class=\"wp-block-spacer\"><\/div>\n","protected":false},"excerpt":{"rendered":"<p>El hambre es un problema en todos los condados de nuestro pa\u00eds, pero no es un tema del que mucha gente sepa mucho o sea consciente de la magnitud del problema. Usted puede ayudar a\u2026 <a href=\"https:\/\/www.harvesters.org\/es\/como-ayudar\/abogar-por-el-hambre\/aprender-mas-sobre-el-problema\" class=\"read-more\">More<\/a><\/p>\n","protected":false},"author":3,"featured_media":0,"parent":9513,"menu_order":1,"comment_status":"closed","ping_status":"closed","template":"","meta":{"_acf_changed":false,"inline_featured_image":false,"_uag_custom_page_level_css":"","footnotes":""},"class_list":["post-9366","page","type-page","status-publish","hentry"],"acf":[],"yoast_head":"<!-- This site is optimized with the Yoast SEO plugin v27.5 - https:\/\/yoast.com\/product\/yoast-seo-wordpress\/ -->\n<title>Aprender M\u00e1s Sobre el Problema - Harvesters<\/title>\n<meta name=\"description\" content=\"El hambre es un problema en todas nuestras comunidades. Usted puede marcar la diferencia aprendiendo m\u00e1s sobre el hambre y compartiendo esa informaci\u00f3n con los dem\u00e1s.\" \/>\n<meta name=\"robots\" content=\"index, follow, max-snippet:-1, max-image-preview:large, max-video-preview:-1\" \/>\n<link rel=\"canonical\" href=\"https:\/\/www.harvesters.org\/es\/como-ayudar\/abogar-por-el-hambre\/aprender-mas-sobre-el-problema\" \/>\n<meta property=\"og:locale\" content=\"es_ES\" \/>\n<meta property=\"og:type\" content=\"article\" \/>\n<meta property=\"og:title\" content=\"Aprender M\u00e1s Sobre el Problema - Harvesters\" \/>\n<meta property=\"og:description\" content=\"El hambre es un problema en todas nuestras comunidades. Usted puede marcar la diferencia aprendiendo m\u00e1s sobre el hambre y compartiendo esa informaci\u00f3n con los dem\u00e1s.\" \/>\n<meta property=\"og:url\" content=\"https:\/\/www.harvesters.org\/es\/como-ayudar\/abogar-por-el-hambre\/aprender-mas-sobre-el-problema\" \/>\n<meta property=\"og:site_name\" content=\"Harvesters\" \/>\n<meta property=\"article:modified_time\" content=\"2024-12-09T05:45:58+00:00\" \/>\n<meta name=\"twitter:card\" content=\"summary_large_image\" \/>\n<meta name=\"twitter:label1\" content=\"Tiempo de lectura\" \/>\n\t<meta name=\"twitter:data1\" content=\"1 minuto\" \/>\n<script type=\"application\/ld+json\" class=\"yoast-schema-graph\">{\"@context\":\"https:\\\/\\\/schema.org\",\"@graph\":[{\"@type\":\"WebPage\",\"@id\":\"https:\\\/\\\/www.harvesters.org\\\/es\\\/como-ayudar\\\/abogar-por-el-hambre\\\/aprender-mas-sobre-el-problema\",\"url\":\"https:\\\/\\\/www.harvesters.org\\\/es\\\/como-ayudar\\\/abogar-por-el-hambre\\\/aprender-mas-sobre-el-problema\",\"name\":\"Aprender M\u00e1s Sobre el Problema - Harvesters\",\"isPartOf\":{\"@id\":\"https:\\\/\\\/www.harvesters.org\\\/#website\"},\"datePublished\":\"2021-07-16T02:16:15+00:00\",\"dateModified\":\"2024-12-09T05:45:58+00:00\",\"description\":\"El hambre es un problema en todas nuestras comunidades. Usted puede marcar la diferencia aprendiendo m\u00e1s sobre el hambre y compartiendo esa informaci\u00f3n con los dem\u00e1s.\",\"breadcrumb\":{\"@id\":\"https:\\\/\\\/www.harvesters.org\\\/es\\\/como-ayudar\\\/abogar-por-el-hambre\\\/aprender-mas-sobre-el-problema#breadcrumb\"},\"inLanguage\":\"es\",\"potentialAction\":[{\"@type\":\"ReadAction\",\"target\":[\"https:\\\/\\\/www.harvesters.org\\\/es\\\/como-ayudar\\\/abogar-por-el-hambre\\\/aprender-mas-sobre-el-problema\"]}]},{\"@type\":\"BreadcrumbList\",\"@id\":\"https:\\\/\\\/www.harvesters.org\\\/es\\\/como-ayudar\\\/abogar-por-el-hambre\\\/aprender-mas-sobre-el-problema#breadcrumb\",\"itemListElement\":[{\"@type\":\"ListItem\",\"position\":1,\"name\":\"Home\",\"item\":\"https:\\\/\\\/www.harvesters.org\\\/es\"},{\"@type\":\"ListItem\",\"position\":2,\"name\":\"C\u00f3mo ayudar\",\"item\":\"https:\\\/\\\/www.harvesters.org\\\/es\\\/como-ayudar\"},{\"@type\":\"ListItem\",\"position\":3,\"name\":\"Abogar\",\"item\":\"https:\\\/\\\/www.harvesters.org\\\/es\\\/como-ayudar\\\/abogar-por-el-hambre\"},{\"@type\":\"ListItem\",\"position\":4,\"name\":\"Aprender M\u00e1s Sobre el Problema\"}]},{\"@type\":\"WebSite\",\"@id\":\"https:\\\/\\\/www.harvesters.org\\\/#website\",\"url\":\"https:\\\/\\\/www.harvesters.org\\\/\",\"name\":\"Harvesters\",\"description\":\"\",\"potentialAction\":[{\"@type\":\"SearchAction\",\"target\":{\"@type\":\"EntryPoint\",\"urlTemplate\":\"https:\\\/\\\/www.harvesters.org\\\/?s={search_term_string}\"},\"query-input\":{\"@type\":\"PropertyValueSpecification\",\"valueRequired\":true,\"valueName\":\"search_term_string\"}}],\"inLanguage\":\"es\"}]}<\/script>\n<!-- \/ Yoast SEO plugin. -->","yoast_head_json":{"title":"Aprender M\u00e1s Sobre el Problema - Harvesters","description":"El hambre es un problema en todas nuestras comunidades. Usted puede marcar la diferencia aprendiendo m\u00e1s sobre el hambre y compartiendo esa informaci\u00f3n con los dem\u00e1s.","robots":{"index":"index","follow":"follow","max-snippet":"max-snippet:-1","max-image-preview":"max-image-preview:large","max-video-preview":"max-video-preview:-1"},"canonical":"https:\/\/www.harvesters.org\/es\/como-ayudar\/abogar-por-el-hambre\/aprender-mas-sobre-el-problema","og_locale":"es_ES","og_type":"article","og_title":"Aprender M\u00e1s Sobre el Problema - Harvesters","og_description":"El hambre es un problema en todas nuestras comunidades. Usted puede marcar la diferencia aprendiendo m\u00e1s sobre el hambre y compartiendo esa informaci\u00f3n con los dem\u00e1s.","og_url":"https:\/\/www.harvesters.org\/es\/como-ayudar\/abogar-por-el-hambre\/aprender-mas-sobre-el-problema","og_site_name":"Harvesters","article_modified_time":"2024-12-09T05:45:58+00:00","twitter_card":"summary_large_image","twitter_misc":{"Tiempo de lectura":"1 minuto"},"schema":{"@context":"https:\/\/schema.org","@graph":[{"@type":"WebPage","@id":"https:\/\/www.harvesters.org\/es\/como-ayudar\/abogar-por-el-hambre\/aprender-mas-sobre-el-problema","url":"https:\/\/www.harvesters.org\/es\/como-ayudar\/abogar-por-el-hambre\/aprender-mas-sobre-el-problema","name":"Aprender M\u00e1s Sobre el Problema - Harvesters","isPartOf":{"@id":"https:\/\/www.harvesters.org\/#website"},"datePublished":"2021-07-16T02:16:15+00:00","dateModified":"2024-12-09T05:45:58+00:00","description":"El hambre es un problema en todas nuestras comunidades. Usted puede marcar la diferencia aprendiendo m\u00e1s sobre el hambre y compartiendo esa informaci\u00f3n con los dem\u00e1s.","breadcrumb":{"@id":"https:\/\/www.harvesters.org\/es\/como-ayudar\/abogar-por-el-hambre\/aprender-mas-sobre-el-problema#breadcrumb"},"inLanguage":"es","potentialAction":[{"@type":"ReadAction","target":["https:\/\/www.harvesters.org\/es\/como-ayudar\/abogar-por-el-hambre\/aprender-mas-sobre-el-problema"]}]},{"@type":"BreadcrumbList","@id":"https:\/\/www.harvesters.org\/es\/como-ayudar\/abogar-por-el-hambre\/aprender-mas-sobre-el-problema#breadcrumb","itemListElement":[{"@type":"ListItem","position":1,"name":"Home","item":"https:\/\/www.harvesters.org\/es"},{"@type":"ListItem","position":2,"name":"C\u00f3mo ayudar","item":"https:\/\/www.harvesters.org\/es\/como-ayudar"},{"@type":"ListItem","position":3,"name":"Abogar","item":"https:\/\/www.harvesters.org\/es\/como-ayudar\/abogar-por-el-hambre"},{"@type":"ListItem","position":4,"name":"Aprender M\u00e1s Sobre el Problema"}]},{"@type":"WebSite","@id":"https:\/\/www.harvesters.org\/#website","url":"https:\/\/www.harvesters.org\/","name":"Harvesters","description":"","potentialAction":[{"@type":"SearchAction","target":{"@type":"EntryPoint","urlTemplate":"https:\/\/www.harvesters.org\/?s={search_term_string}"},"query-input":{"@type":"PropertyValueSpecification","valueRequired":true,"valueName":"search_term_string"}}],"inLanguage":"es"}]}},"uagb_featured_image_src":{"full":false,"thumbnail":false,"medium":false,"medium_large":false,"large":false,"1536x1536":false,"2048x2048":false,"alm-thumbnail":false,"featured-16-9":false,"featured-4-3":false,"featured-4-3-full":false,"featured-16-9-full":false,"gform-image-choice-sm":false,"gform-image-choice-md":false,"gform-image-choice-lg":false},"uagb_author_info":{"display_name":"John Kuefler","author_link":"https:\/\/www.harvesters.org\/es\/author\/john-kuefleruxwest-com"},"uagb_comment_info":0,"uagb_excerpt":"El hambre es un problema en todos los condados de nuestro pa\u00eds, pero no es un tema del que mucha gente sepa mucho o sea consciente de la magnitud del problema. Usted puede ayudar a\u2026 More","_links":{"self":[{"href":"https:\/\/www.harvesters.org\/es\/wp-json\/wp\/v2\/pages\/9366","targetHints":{"allow":["GET"]}}],"collection":[{"href":"https:\/\/www.harvesters.org\/es\/wp-json\/wp\/v2\/pages"}],"about":[{"href":"https:\/\/www.harvesters.org\/es\/wp-json\/wp\/v2\/types\/page"}],"author":[{"embeddable":true,"href":"https:\/\/www.harvesters.org\/es\/wp-json\/wp\/v2\/users\/3"}],"replies":[{"embeddable":true,"href":"https:\/\/www.harvesters.org\/es\/wp-json\/wp\/v2\/comments?post=9366"}],"version-history":[{"count":8,"href":"https:\/\/www.harvesters.org\/es\/wp-json\/wp\/v2\/pages\/9366\/revisions"}],"predecessor-version":[{"id":13445,"href":"https:\/\/www.harvesters.org\/es\/wp-json\/wp\/v2\/pages\/9366\/revisions\/13445"}],"up":[{"embeddable":true,"href":"https:\/\/www.harvesters.org\/es\/wp-json\/wp\/v2\/pages\/9513"}],"wp:attachment":[{"href":"https:\/\/www.harvesters.org\/es\/wp-json\/wp\/v2\/media?parent=9366"}],"curies":[{"name":"wp","href":"https:\/\/api.w.org\/{rel}","templated":true}]}}