{"id":9360,"date":"2021-06-01T13:58:28","date_gmt":"2021-06-01T18:58:28","guid":{"rendered":"https:\/\/www.harvesters.org\/?page_id=9360"},"modified":"2024-12-09T00:28:49","modified_gmt":"2024-12-09T06:28:49","slug":"otras-formas-de-donar","status":"publish","type":"page","link":"https:\/\/www.harvesters.org\/es\/como-ayudar\/done-fondos\/otras-formas-de-donar","title":{"rendered":"Otras formas de donar"},"content":{"rendered":"\n<h2 class=\"wp-block-heading\">Muchas maneras de marcar la diferencia<\/h2>\n\n\n\n<div style=\"height:10px\" aria-hidden=\"true\" class=\"wp-block-spacer\"><\/div>\n\n\n\n<h3 class=\"wp-block-heading\">Donaci\u00f3n de acciones y fondos de inversi\u00f3n<\/h3>\n\n\n\n<p>Cuando dona acciones o participaciones de fondos de inversi\u00f3n, puede deducir en su declaraci\u00f3n de la renta todo el valor de mercado actual de la inversi\u00f3n y evitar pagar el impuesto de plusval\u00eda sobre el valor revalorizado. Si tiene previsto donar acciones o participaciones en fondos de inversi\u00f3n, p\u00f3ngase en contacto con Cindy Shanks en <a href=\"mailto:cshanks@harvesters.org\" target=\"_blank\" rel=\"noreferrer noopener\">cshanks@harvesters.org<\/a> o (816) 929-3015 para recibir instrucciones por separado. En caso contrario, la recaudaci\u00f3n se ingresar\u00e1 en una cuenta transitoria y no se abonar\u00e1 a los Cosechadores.  <\/p>\n\n\n\n<hr class=\"wp-block-separator has-text-color has-blue-color has-css-opacity has-blue-background-color has-background is-style-wide\"\/>\n\n\n\n<div style=\"height:10px\" aria-hidden=\"true\" class=\"wp-block-spacer\"><\/div>\n\n\n\n<h3 class=\"wp-block-heading\">Cr\u00e9dito fiscal de ayuda a los vecinos de Missouri<\/h3>\n\n\n\n<p>Harvesters participa en el Programa de Asistencia a Vecindarios de Missouri (NAP), que nos permite distribuir cr\u00e9ditos fiscales del 50% a los donantes que cumplan los requisitos. Los donantes admisibles son empresas, accionistas de una sociedad an\u00f3nima de tipo S, socios de una sociedad colectiva, miembros de una sociedad de responsabilidad limitada o particulares que sean propietarios \u00fanicos, exploten una explotaci\u00f3n agr\u00edcola, tengan propiedades en alquiler o perciban ingresos por derechos de autor en el estado de Missouri. Para obtener m\u00e1s informaci\u00f3n sobre la obtenci\u00f3n de cr\u00e9ditos fiscales NAP, p\u00f3ngase en contacto con nosotros en <a href=\"mailto:donations@harvesters.com\" target=\"_blank\" rel=\"noreferrer noopener\">donations@harvesters.org.<\/a><\/p>\n\n\n\n<hr class=\"wp-block-separator has-text-color has-blue-color has-css-opacity has-blue-background-color has-background is-style-wide\"\/>\n\n\n\n<div style=\"height:10px\" aria-hidden=\"true\" class=\"wp-block-spacer\"><\/div>\n\n\n\n<h3 class=\"wp-block-heading\">Cr\u00e9dito fiscal para despensas de alimentos en Missouri<\/h3>\n\n\n\n<p>Este cr\u00e9dito fiscal est\u00e1 disponible para los contribuyentes de Missouri que donen hasta 2.500 $, por contribuyente, al a\u00f1o. Si realiza su donaci\u00f3n por Internet, ind\u00edquelo en la secci\u00f3n de comentarios de la p\u00e1gina web. Si env\u00eda su donativo por correo, incluya esta solicitud con su donativo. Una vez recibida la donaci\u00f3n, Harvesters le enviar\u00e1 la solicitud cumplimentada para que pueda presentarla a efectos fiscales. Si tiene preguntas o desea m\u00e1s informaci\u00f3n, p\u00f3ngase en contacto con Cindy Shanks en <a href=\"mailto:cshanks@harvesters.org\" target=\"_blank\" rel=\"noreferrer noopener\">cshanks@harvesters.org<\/a> o (816) 929-3015.<\/p>\n\n\n\n<hr class=\"wp-block-separator has-text-color has-blue-color has-css-opacity has-blue-background-color has-background is-style-wide\"\/>\n\n\n\n<div style=\"height:10px\" aria-hidden=\"true\" class=\"wp-block-spacer\"><\/div>\n\n\n\n<h3 class=\"wp-block-heading\">Thrivent Choice<\/h3>\n\n\n\n<p>Harvesters est\u00e1 inscrita en el programa Thrivent Choice\u00ae de Thrivent Financial. Si usted es miembro de Thrivent y tiene asignados Choice Dollars, puede destinar los fondos a alimentar a familias, ni\u00f1os y ancianos hambrientos en nuestra \u00e1rea de servicio de 26 condados. Para obtener m\u00e1s informaci\u00f3n y apoyar a sus vecinos hambrientos, <a href=\"https:\/\/www.thrivent.com\/what-we-offer\/generosity\/thrivent-choice.html\" target=\"_blank\" rel=\"noreferrer noopener\">visite Thrivent Choice<\/a>.<\/p>\n\n\n\n<hr class=\"wp-block-separator has-text-color has-blue-color has-css-opacity has-blue-background-color has-background is-style-wide\"\/>\n\n\n\n<div style=\"height:10px\" aria-hidden=\"true\" class=\"wp-block-spacer\"><\/div>\n\n\n\n<h3 class=\"wp-block-heading\">Organice una colecta de alimentos o fondos<\/h3>\n\n\n\n<p>Organizar una colecta de alimentos y fondos es una forma f\u00e1cil y divertida de apoyar a Harvesters. Organizaciones de todos los tama\u00f1os y edades pueden organizar con \u00e9xito campa\u00f1as de recogida de alimentos para ayudar a los necesitados de nuestra comunidad. Obtenga m\u00e1s informaci\u00f3n visitando nuestra <a href=\"https:\/\/www.harvesters.org\/how-to-help\/give-food\/host-food-or-fund-drive\" target=\"_blank\" rel=\"noreferrer noopener\">p\u00e1gina Organizar una colecta de alimentos o de fondos,<\/a> la <a href=\"https:\/\/www.harvesters.org\/how-to-help\/give-food\/host-a-virtual-food-drive\" target=\"_blank\" rel=\"noreferrer noopener\">p\u00e1gina Organizar una colecta virtual de alimentos<\/a> y nuestra <a href=\"https:\/\/www.harvesters.org\/es?page_id=9347\" target=\"_blank\" rel=\"noreferrer noopener\">p\u00e1gina Kit de herramientas para la colecta de alimentos<\/a> para poner en marcha las ideas.<\/p>\n\n\n\n<div style=\"height:10px\" aria-hidden=\"true\" class=\"wp-block-spacer\"><\/div>\n\n\n\n<hr class=\"wp-block-separator has-text-color has-blue-color has-css-opacity has-blue-background-color has-background is-style-wide\"\/>\n\n\n\n<div style=\"height:10px\" aria-hidden=\"true\" class=\"wp-block-spacer\"><\/div>\n\n\n\n<h3 class=\"wp-block-heading\">Donaciones a United Way<\/h3>\n\n\n\n<p>Cuando hagas un donativo a Heart of America United Way, United Way del condado de Wyandotte o United Way of Greater Topeka, puedes designar tu donaci\u00f3n para Harvesters.<\/p>\n\n\n\n<hr class=\"wp-block-separator has-text-color has-blue-color has-css-opacity has-blue-background-color has-background is-style-wide\"\/>\n\n\n\n<div style=\"height:10px\" aria-hidden=\"true\" class=\"wp-block-spacer\"><\/div>\n\n\n\n<h3 class=\"wp-block-heading\">Campa\u00f1a Federal Combinada Heartland<\/h3>\n\n\n\n<p>Durante la Campa\u00f1a Federal Combinada (CFC) anual, los empleados y jubilados pueden designar sus promesas de contribuci\u00f3n a Harvesters con el c\u00f3digo de agencia n\u00ba 52877.<\/p>\n\n\n\n<div style=\"height:60px\" aria-hidden=\"true\" class=\"wp-block-spacer\"><\/div>\n","protected":false},"excerpt":{"rendered":"<p>Muchas maneras de marcar la diferencia Donaci\u00f3n de acciones y fondos de inversi\u00f3n Cuando dona acciones o participaciones de fondos de inversi\u00f3n, puede deducir en su declaraci\u00f3n de la renta todo el valor de mercado\u2026 <a href=\"https:\/\/www.harvesters.org\/es\/como-ayudar\/done-fondos\/otras-formas-de-donar\" class=\"read-more\">More<\/a><\/p>\n","protected":false},"author":3,"featured_media":0,"parent":9383,"menu_order":5,"comment_status":"closed","ping_status":"closed","template":"","meta":{"_acf_changed":false,"inline_featured_image":false,"_uag_custom_page_level_css":"","footnotes":""},"class_list":["post-9360","page","type-page","status-publish","hentry"],"acf":[],"yoast_head":"<!-- This site is optimized with the Yoast SEO plugin v27.4 - https:\/\/yoast.com\/product\/yoast-seo-wordpress\/ -->\n<title>Otras formas de donar - Harvesters<\/title>\n<meta name=\"description\" content=\"Apoya a Harvesters con donaciones de acciones, MO Neighborhood Assistance Program (NAP), MO Food Pantry Tax Credit, United Way, Amazon Smile, etc.\" \/>\n<meta name=\"robots\" content=\"index, follow, max-snippet:-1, max-image-preview:large, max-video-preview:-1\" \/>\n<link rel=\"canonical\" href=\"https:\/\/www.harvesters.org\/es\/como-ayudar\/done-fondos\/otras-formas-de-donar\" \/>\n<meta property=\"og:locale\" content=\"es_ES\" \/>\n<meta property=\"og:type\" content=\"article\" \/>\n<meta property=\"og:title\" content=\"Otras formas de donar - Harvesters\" \/>\n<meta property=\"og:description\" content=\"Apoya a Harvesters con donaciones de acciones, MO Neighborhood Assistance Program (NAP), MO Food Pantry Tax Credit, United Way, Amazon Smile, etc.\" \/>\n<meta property=\"og:url\" content=\"https:\/\/www.harvesters.org\/es\/como-ayudar\/done-fondos\/otras-formas-de-donar\" \/>\n<meta property=\"og:site_name\" content=\"Harvesters\" \/>\n<meta property=\"article:modified_time\" content=\"2024-12-09T06:28:49+00:00\" \/>\n<meta name=\"twitter:card\" content=\"summary_large_image\" \/>\n<meta name=\"twitter:label1\" content=\"Tiempo de lectura\" \/>\n\t<meta name=\"twitter:data1\" content=\"3 minutos\" \/>\n<script type=\"application\/ld+json\" class=\"yoast-schema-graph\">{\"@context\":\"https:\\\/\\\/schema.org\",\"@graph\":[{\"@type\":\"WebPage\",\"@id\":\"https:\\\/\\\/www.harvesters.org\\\/es\\\/como-ayudar\\\/done-fondos\\\/otras-formas-de-donar\",\"url\":\"https:\\\/\\\/www.harvesters.org\\\/es\\\/como-ayudar\\\/done-fondos\\\/otras-formas-de-donar\",\"name\":\"Otras formas de donar - Harvesters\",\"isPartOf\":{\"@id\":\"https:\\\/\\\/www.harvesters.org\\\/#website\"},\"datePublished\":\"2021-06-01T18:58:28+00:00\",\"dateModified\":\"2024-12-09T06:28:49+00:00\",\"description\":\"Apoya a Harvesters con donaciones de acciones, MO Neighborhood Assistance Program (NAP), MO Food Pantry Tax Credit, United Way, Amazon Smile, etc.\",\"breadcrumb\":{\"@id\":\"https:\\\/\\\/www.harvesters.org\\\/es\\\/como-ayudar\\\/done-fondos\\\/otras-formas-de-donar#breadcrumb\"},\"inLanguage\":\"es\",\"potentialAction\":[{\"@type\":\"ReadAction\",\"target\":[\"https:\\\/\\\/www.harvesters.org\\\/es\\\/como-ayudar\\\/done-fondos\\\/otras-formas-de-donar\"]}]},{\"@type\":\"BreadcrumbList\",\"@id\":\"https:\\\/\\\/www.harvesters.org\\\/es\\\/como-ayudar\\\/done-fondos\\\/otras-formas-de-donar#breadcrumb\",\"itemListElement\":[{\"@type\":\"ListItem\",\"position\":1,\"name\":\"Home\",\"item\":\"https:\\\/\\\/www.harvesters.org\\\/es\"},{\"@type\":\"ListItem\",\"position\":2,\"name\":\"C\u00f3mo ayudar\",\"item\":\"https:\\\/\\\/www.harvesters.org\\\/es\\\/como-ayudar\"},{\"@type\":\"ListItem\",\"position\":3,\"name\":\"Donar fondos\",\"item\":\"https:\\\/\\\/www.harvesters.org\\\/es\\\/como-ayudar\\\/done-fondos\"},{\"@type\":\"ListItem\",\"position\":4,\"name\":\"Otras formas de donar\"}]},{\"@type\":\"WebSite\",\"@id\":\"https:\\\/\\\/www.harvesters.org\\\/#website\",\"url\":\"https:\\\/\\\/www.harvesters.org\\\/\",\"name\":\"Harvesters\",\"description\":\"\",\"potentialAction\":[{\"@type\":\"SearchAction\",\"target\":{\"@type\":\"EntryPoint\",\"urlTemplate\":\"https:\\\/\\\/www.harvesters.org\\\/?s={search_term_string}\"},\"query-input\":{\"@type\":\"PropertyValueSpecification\",\"valueRequired\":true,\"valueName\":\"search_term_string\"}}],\"inLanguage\":\"es\"}]}<\/script>\n<!-- \/ Yoast SEO plugin. -->","yoast_head_json":{"title":"Otras formas de donar - Harvesters","description":"Apoya a Harvesters con donaciones de acciones, MO Neighborhood Assistance Program (NAP), MO Food Pantry Tax Credit, United Way, Amazon Smile, etc.","robots":{"index":"index","follow":"follow","max-snippet":"max-snippet:-1","max-image-preview":"max-image-preview:large","max-video-preview":"max-video-preview:-1"},"canonical":"https:\/\/www.harvesters.org\/es\/como-ayudar\/done-fondos\/otras-formas-de-donar","og_locale":"es_ES","og_type":"article","og_title":"Otras formas de donar - Harvesters","og_description":"Apoya a Harvesters con donaciones de acciones, MO Neighborhood Assistance Program (NAP), MO Food Pantry Tax Credit, United Way, Amazon Smile, etc.","og_url":"https:\/\/www.harvesters.org\/es\/como-ayudar\/done-fondos\/otras-formas-de-donar","og_site_name":"Harvesters","article_modified_time":"2024-12-09T06:28:49+00:00","twitter_card":"summary_large_image","twitter_misc":{"Tiempo de lectura":"3 minutos"},"schema":{"@context":"https:\/\/schema.org","@graph":[{"@type":"WebPage","@id":"https:\/\/www.harvesters.org\/es\/como-ayudar\/done-fondos\/otras-formas-de-donar","url":"https:\/\/www.harvesters.org\/es\/como-ayudar\/done-fondos\/otras-formas-de-donar","name":"Otras formas de donar - Harvesters","isPartOf":{"@id":"https:\/\/www.harvesters.org\/#website"},"datePublished":"2021-06-01T18:58:28+00:00","dateModified":"2024-12-09T06:28:49+00:00","description":"Apoya a Harvesters con donaciones de acciones, MO Neighborhood Assistance Program (NAP), MO Food Pantry Tax Credit, United Way, Amazon Smile, etc.","breadcrumb":{"@id":"https:\/\/www.harvesters.org\/es\/como-ayudar\/done-fondos\/otras-formas-de-donar#breadcrumb"},"inLanguage":"es","potentialAction":[{"@type":"ReadAction","target":["https:\/\/www.harvesters.org\/es\/como-ayudar\/done-fondos\/otras-formas-de-donar"]}]},{"@type":"BreadcrumbList","@id":"https:\/\/www.harvesters.org\/es\/como-ayudar\/done-fondos\/otras-formas-de-donar#breadcrumb","itemListElement":[{"@type":"ListItem","position":1,"name":"Home","item":"https:\/\/www.harvesters.org\/es"},{"@type":"ListItem","position":2,"name":"C\u00f3mo ayudar","item":"https:\/\/www.harvesters.org\/es\/como-ayudar"},{"@type":"ListItem","position":3,"name":"Donar fondos","item":"https:\/\/www.harvesters.org\/es\/como-ayudar\/done-fondos"},{"@type":"ListItem","position":4,"name":"Otras formas de donar"}]},{"@type":"WebSite","@id":"https:\/\/www.harvesters.org\/#website","url":"https:\/\/www.harvesters.org\/","name":"Harvesters","description":"","potentialAction":[{"@type":"SearchAction","target":{"@type":"EntryPoint","urlTemplate":"https:\/\/www.harvesters.org\/?s={search_term_string}"},"query-input":{"@type":"PropertyValueSpecification","valueRequired":true,"valueName":"search_term_string"}}],"inLanguage":"es"}]}},"uagb_featured_image_src":{"full":false,"thumbnail":false,"medium":false,"medium_large":false,"large":false,"1536x1536":false,"2048x2048":false,"alm-thumbnail":false,"featured-16-9":false,"featured-4-3":false,"featured-4-3-full":false,"featured-16-9-full":false,"gform-image-choice-sm":false,"gform-image-choice-md":false,"gform-image-choice-lg":false},"uagb_author_info":{"display_name":"John Kuefler","author_link":"https:\/\/www.harvesters.org\/es\/author\/john-kuefleruxwest-com"},"uagb_comment_info":0,"uagb_excerpt":"Muchas maneras de marcar la diferencia Donaci\u00f3n de acciones y fondos de inversi\u00f3n Cuando dona acciones o participaciones de fondos de inversi\u00f3n, puede deducir en su declaraci\u00f3n de la renta todo el valor de mercado\u2026 More","_links":{"self":[{"href":"https:\/\/www.harvesters.org\/es\/wp-json\/wp\/v2\/pages\/9360","targetHints":{"allow":["GET"]}}],"collection":[{"href":"https:\/\/www.harvesters.org\/es\/wp-json\/wp\/v2\/pages"}],"about":[{"href":"https:\/\/www.harvesters.org\/es\/wp-json\/wp\/v2\/types\/page"}],"author":[{"embeddable":true,"href":"https:\/\/www.harvesters.org\/es\/wp-json\/wp\/v2\/users\/3"}],"replies":[{"embeddable":true,"href":"https:\/\/www.harvesters.org\/es\/wp-json\/wp\/v2\/comments?post=9360"}],"version-history":[{"count":5,"href":"https:\/\/www.harvesters.org\/es\/wp-json\/wp\/v2\/pages\/9360\/revisions"}],"predecessor-version":[{"id":13469,"href":"https:\/\/www.harvesters.org\/es\/wp-json\/wp\/v2\/pages\/9360\/revisions\/13469"}],"up":[{"embeddable":true,"href":"https:\/\/www.harvesters.org\/es\/wp-json\/wp\/v2\/pages\/9383"}],"wp:attachment":[{"href":"https:\/\/www.harvesters.org\/es\/wp-json\/wp\/v2\/media?parent=9360"}],"curies":[{"name":"wp","href":"https:\/\/api.w.org\/{rel}","templated":true}]}}