{"id":9359,"date":"2021-07-15T22:42:12","date_gmt":"2021-07-16T03:42:12","guid":{"rendered":"https:\/\/www.harvesters.org\/?page_id=9359"},"modified":"2024-12-08T23:47:31","modified_gmt":"2024-12-09T05:47:31","slug":"correr-la-voz","status":"publish","type":"page","link":"https:\/\/www.harvesters.org\/es\/como-ayudar\/abogar-por-el-hambre\/correr-la-voz","title":{"rendered":"Correr la Coz"},"content":{"rendered":"\n<h2 class=\"wp-block-heading\">Crear Consciencia<\/h2>\n\n\n\n<div class=\"wp-block-columns is-layout-flex wp-container-core-columns-is-layout-9d6595d7 wp-block-columns-is-layout-flex\">\n<div class=\"wp-block-column is-layout-flow wp-block-column-is-layout-flow\" style=\"flex-basis:33.33%\">\n<figure class=\"wp-block-image size-full\"><img loading=\"lazy\" decoding=\"async\" width=\"1000\" height=\"995\" src=\"http:\/\/www.harvesters.org\/wp-content\/uploads\/2021\/09\/Spread-The-Word.jpg\" alt=\"Correr la voz\" class=\"wp-image-4927\" srcset=\"https:\/\/www.harvesters.org\/wp-content\/uploads\/2021\/09\/Spread-The-Word.jpg 1000w, https:\/\/www.harvesters.org\/wp-content\/uploads\/2021\/09\/Spread-The-Word-300x300.jpg 300w, https:\/\/www.harvesters.org\/wp-content\/uploads\/2021\/09\/Spread-The-Word-150x150.jpg 150w, https:\/\/www.harvesters.org\/wp-content\/uploads\/2021\/09\/Spread-The-Word-768x764.jpg 768w\" sizes=\"auto, (max-width: 1000px) 100vw, 1000px\" \/><\/figure>\n<\/div>\n\n\n\n<div class=\"wp-block-column is-layout-flow wp-block-column-is-layout-flow\" style=\"flex-basis:66.66%\">\n<p>El primer paso para combatir el hambre es la conciencia. Difundir la informaci\u00f3n sobre la prevalencia del hambre en nuestra comunidad es algo que todos podemos hacer para llamar la atenci\u00f3n sobre este grave problema. Al atraer m\u00e1s atenci\u00f3n, m\u00e1s gente actuar\u00e1 y aportar\u00e1 nuevas ideas a estos retos. Aqu\u00ed tiene algunas formas de ayudar.<\/p>\n\n\n\n<ol class=\"wp-block-list\">\n<li>Obtenga m\u00e1s informaci\u00f3n sobre el <a href=\"https:\/\/www.harvesters.org\/es\/aprender-sobre-el-hambre\/hambre-en-nuestra-region\">hambre en nuestra regi\u00f3n<\/a> y consulte nuestros <a href=\"https:\/\/www.harvesters.org\/es\/aprender-sobre-el-hambre\/recursos-educativos\">recursos educativos adicionales<\/a>. Comparta estos datos con los dem\u00e1s.<br><br><\/li>\n\n\n\n<li>S\u00edganos en<a href=\"https:\/\/www.facebook.com\/harvestersorg\" target=\"_blank\" rel=\"noreferrer noopener\"> Facebook<\/a>, <a href=\"https:\/\/twitter.com\/\" target=\"_blank\" rel=\"noreferrer noopener\">Twitter<\/a> y <a href=\"http:\/\/instagram.com\/harvesters\" target=\"_blank\" rel=\"noreferrer noopener\">Instagram<\/a>. Comparta nuestras publicaciones sobre el hambre y las noticias de Harvesters con sus amigos y seguidores.<br><br><\/li>\n\n\n\n<li>Anime a otros a donar alimentos o dinero, a ofrecerse como voluntarios y a abogar por la causa. <\/li>\n<\/ol>\n<\/div>\n<\/div>\n\n\n\n<div style=\"height:61px\" aria-hidden=\"true\" class=\"wp-block-spacer\"><\/div>\n\n\n\n<p><\/p>\n","protected":false},"excerpt":{"rendered":"<p>Crear Consciencia El primer paso para combatir el hambre es la conciencia. Difundir la informaci\u00f3n sobre la prevalencia del hambre en nuestra comunidad es algo que todos podemos hacer para llamar la atenci\u00f3n sobre este\u2026 <a href=\"https:\/\/www.harvesters.org\/es\/como-ayudar\/abogar-por-el-hambre\/correr-la-voz\" class=\"read-more\">More<\/a><\/p>\n","protected":false},"author":3,"featured_media":0,"parent":9513,"menu_order":4,"comment_status":"closed","ping_status":"closed","template":"","meta":{"_acf_changed":false,"inline_featured_image":false,"_uag_custom_page_level_css":"","footnotes":""},"class_list":["post-9359","page","type-page","status-publish","hentry"],"acf":[],"yoast_head":"<!-- This site is optimized with the Yoast SEO plugin v27.5 - https:\/\/yoast.com\/product\/yoast-seo-wordpress\/ -->\n<title>Correr la Coz - Harvesters<\/title>\n<meta name=\"description\" content=\"Difundir la informaci\u00f3n sobre la prevalencia del hambre en nuestra comunidad es algo que todos podemos hacer para llamar la atenci\u00f3n sobre este grave problema.\" \/>\n<meta name=\"robots\" content=\"index, follow, max-snippet:-1, max-image-preview:large, max-video-preview:-1\" \/>\n<link rel=\"canonical\" href=\"https:\/\/www.harvesters.org\/es\/como-ayudar\/abogar-por-el-hambre\/correr-la-voz\" \/>\n<meta property=\"og:locale\" content=\"es_ES\" \/>\n<meta property=\"og:type\" content=\"article\" \/>\n<meta property=\"og:title\" content=\"Correr la Coz - Harvesters\" \/>\n<meta property=\"og:description\" content=\"Difundir la informaci\u00f3n sobre la prevalencia del hambre en nuestra comunidad es algo que todos podemos hacer para llamar la atenci\u00f3n sobre este grave problema.\" \/>\n<meta property=\"og:url\" content=\"https:\/\/www.harvesters.org\/es\/como-ayudar\/abogar-por-el-hambre\/correr-la-voz\" \/>\n<meta property=\"og:site_name\" content=\"Harvesters\" \/>\n<meta property=\"article:modified_time\" content=\"2024-12-09T05:47:31+00:00\" \/>\n<meta property=\"og:image\" content=\"https:\/\/www.harvesters.org\/wp-content\/uploads\/2021\/09\/Spread-The-Word.jpg\" \/>\n\t<meta property=\"og:image:width\" content=\"1000\" \/>\n\t<meta property=\"og:image:height\" content=\"995\" \/>\n\t<meta property=\"og:image:type\" content=\"image\/jpeg\" \/>\n<meta name=\"twitter:card\" content=\"summary_large_image\" \/>\n<meta name=\"twitter:label1\" content=\"Tiempo de lectura\" \/>\n\t<meta name=\"twitter:data1\" content=\"1 minuto\" \/>\n<script type=\"application\/ld+json\" class=\"yoast-schema-graph\">{\"@context\":\"https:\\\/\\\/schema.org\",\"@graph\":[{\"@type\":\"WebPage\",\"@id\":\"https:\\\/\\\/www.harvesters.org\\\/es\\\/como-ayudar\\\/abogar-por-el-hambre\\\/correr-la-voz\",\"url\":\"https:\\\/\\\/www.harvesters.org\\\/es\\\/como-ayudar\\\/abogar-por-el-hambre\\\/correr-la-voz\",\"name\":\"Correr la Coz - Harvesters\",\"isPartOf\":{\"@id\":\"https:\\\/\\\/www.harvesters.org\\\/#website\"},\"primaryImageOfPage\":{\"@id\":\"https:\\\/\\\/www.harvesters.org\\\/es\\\/como-ayudar\\\/abogar-por-el-hambre\\\/correr-la-voz#primaryimage\"},\"image\":{\"@id\":\"https:\\\/\\\/www.harvesters.org\\\/es\\\/como-ayudar\\\/abogar-por-el-hambre\\\/correr-la-voz#primaryimage\"},\"thumbnailUrl\":\"http:\\\/\\\/www.harvesters.org\\\/wp-content\\\/uploads\\\/2021\\\/09\\\/Spread-The-Word.jpg\",\"datePublished\":\"2021-07-16T03:42:12+00:00\",\"dateModified\":\"2024-12-09T05:47:31+00:00\",\"description\":\"Difundir la informaci\u00f3n sobre la prevalencia del hambre en nuestra comunidad es algo que todos podemos hacer para llamar la atenci\u00f3n sobre este grave problema.\",\"breadcrumb\":{\"@id\":\"https:\\\/\\\/www.harvesters.org\\\/es\\\/como-ayudar\\\/abogar-por-el-hambre\\\/correr-la-voz#breadcrumb\"},\"inLanguage\":\"es\",\"potentialAction\":[{\"@type\":\"ReadAction\",\"target\":[\"https:\\\/\\\/www.harvesters.org\\\/es\\\/como-ayudar\\\/abogar-por-el-hambre\\\/correr-la-voz\"]}]},{\"@type\":\"ImageObject\",\"inLanguage\":\"es\",\"@id\":\"https:\\\/\\\/www.harvesters.org\\\/es\\\/como-ayudar\\\/abogar-por-el-hambre\\\/correr-la-voz#primaryimage\",\"url\":\"http:\\\/\\\/www.harvesters.org\\\/wp-content\\\/uploads\\\/2021\\\/09\\\/Spread-The-Word.jpg\",\"contentUrl\":\"http:\\\/\\\/www.harvesters.org\\\/wp-content\\\/uploads\\\/2021\\\/09\\\/Spread-The-Word.jpg\"},{\"@type\":\"BreadcrumbList\",\"@id\":\"https:\\\/\\\/www.harvesters.org\\\/es\\\/como-ayudar\\\/abogar-por-el-hambre\\\/correr-la-voz#breadcrumb\",\"itemListElement\":[{\"@type\":\"ListItem\",\"position\":1,\"name\":\"Home\",\"item\":\"https:\\\/\\\/www.harvesters.org\\\/es\"},{\"@type\":\"ListItem\",\"position\":2,\"name\":\"C\u00f3mo ayudar\",\"item\":\"https:\\\/\\\/www.harvesters.org\\\/es\\\/como-ayudar\"},{\"@type\":\"ListItem\",\"position\":3,\"name\":\"Abogar\",\"item\":\"https:\\\/\\\/www.harvesters.org\\\/es\\\/como-ayudar\\\/abogar-por-el-hambre\"},{\"@type\":\"ListItem\",\"position\":4,\"name\":\"Correr la Coz\"}]},{\"@type\":\"WebSite\",\"@id\":\"https:\\\/\\\/www.harvesters.org\\\/#website\",\"url\":\"https:\\\/\\\/www.harvesters.org\\\/\",\"name\":\"Harvesters\",\"description\":\"\",\"potentialAction\":[{\"@type\":\"SearchAction\",\"target\":{\"@type\":\"EntryPoint\",\"urlTemplate\":\"https:\\\/\\\/www.harvesters.org\\\/?s={search_term_string}\"},\"query-input\":{\"@type\":\"PropertyValueSpecification\",\"valueRequired\":true,\"valueName\":\"search_term_string\"}}],\"inLanguage\":\"es\"}]}<\/script>\n<!-- \/ Yoast SEO plugin. -->","yoast_head_json":{"title":"Correr la Coz - Harvesters","description":"Difundir la informaci\u00f3n sobre la prevalencia del hambre en nuestra comunidad es algo que todos podemos hacer para llamar la atenci\u00f3n sobre este grave problema.","robots":{"index":"index","follow":"follow","max-snippet":"max-snippet:-1","max-image-preview":"max-image-preview:large","max-video-preview":"max-video-preview:-1"},"canonical":"https:\/\/www.harvesters.org\/es\/como-ayudar\/abogar-por-el-hambre\/correr-la-voz","og_locale":"es_ES","og_type":"article","og_title":"Correr la Coz - Harvesters","og_description":"Difundir la informaci\u00f3n sobre la prevalencia del hambre en nuestra comunidad es algo que todos podemos hacer para llamar la atenci\u00f3n sobre este grave problema.","og_url":"https:\/\/www.harvesters.org\/es\/como-ayudar\/abogar-por-el-hambre\/correr-la-voz","og_site_name":"Harvesters","article_modified_time":"2024-12-09T05:47:31+00:00","og_image":[{"width":1000,"height":995,"url":"https:\/\/www.harvesters.org\/wp-content\/uploads\/2021\/09\/Spread-The-Word.jpg","type":"image\/jpeg"}],"twitter_card":"summary_large_image","twitter_misc":{"Tiempo de lectura":"1 minuto"},"schema":{"@context":"https:\/\/schema.org","@graph":[{"@type":"WebPage","@id":"https:\/\/www.harvesters.org\/es\/como-ayudar\/abogar-por-el-hambre\/correr-la-voz","url":"https:\/\/www.harvesters.org\/es\/como-ayudar\/abogar-por-el-hambre\/correr-la-voz","name":"Correr la Coz - Harvesters","isPartOf":{"@id":"https:\/\/www.harvesters.org\/#website"},"primaryImageOfPage":{"@id":"https:\/\/www.harvesters.org\/es\/como-ayudar\/abogar-por-el-hambre\/correr-la-voz#primaryimage"},"image":{"@id":"https:\/\/www.harvesters.org\/es\/como-ayudar\/abogar-por-el-hambre\/correr-la-voz#primaryimage"},"thumbnailUrl":"http:\/\/www.harvesters.org\/wp-content\/uploads\/2021\/09\/Spread-The-Word.jpg","datePublished":"2021-07-16T03:42:12+00:00","dateModified":"2024-12-09T05:47:31+00:00","description":"Difundir la informaci\u00f3n sobre la prevalencia del hambre en nuestra comunidad es algo que todos podemos hacer para llamar la atenci\u00f3n sobre este grave problema.","breadcrumb":{"@id":"https:\/\/www.harvesters.org\/es\/como-ayudar\/abogar-por-el-hambre\/correr-la-voz#breadcrumb"},"inLanguage":"es","potentialAction":[{"@type":"ReadAction","target":["https:\/\/www.harvesters.org\/es\/como-ayudar\/abogar-por-el-hambre\/correr-la-voz"]}]},{"@type":"ImageObject","inLanguage":"es","@id":"https:\/\/www.harvesters.org\/es\/como-ayudar\/abogar-por-el-hambre\/correr-la-voz#primaryimage","url":"http:\/\/www.harvesters.org\/wp-content\/uploads\/2021\/09\/Spread-The-Word.jpg","contentUrl":"http:\/\/www.harvesters.org\/wp-content\/uploads\/2021\/09\/Spread-The-Word.jpg"},{"@type":"BreadcrumbList","@id":"https:\/\/www.harvesters.org\/es\/como-ayudar\/abogar-por-el-hambre\/correr-la-voz#breadcrumb","itemListElement":[{"@type":"ListItem","position":1,"name":"Home","item":"https:\/\/www.harvesters.org\/es"},{"@type":"ListItem","position":2,"name":"C\u00f3mo ayudar","item":"https:\/\/www.harvesters.org\/es\/como-ayudar"},{"@type":"ListItem","position":3,"name":"Abogar","item":"https:\/\/www.harvesters.org\/es\/como-ayudar\/abogar-por-el-hambre"},{"@type":"ListItem","position":4,"name":"Correr la Coz"}]},{"@type":"WebSite","@id":"https:\/\/www.harvesters.org\/#website","url":"https:\/\/www.harvesters.org\/","name":"Harvesters","description":"","potentialAction":[{"@type":"SearchAction","target":{"@type":"EntryPoint","urlTemplate":"https:\/\/www.harvesters.org\/?s={search_term_string}"},"query-input":{"@type":"PropertyValueSpecification","valueRequired":true,"valueName":"search_term_string"}}],"inLanguage":"es"}]}},"uagb_featured_image_src":{"full":false,"thumbnail":false,"medium":false,"medium_large":false,"large":false,"1536x1536":false,"2048x2048":false,"alm-thumbnail":false,"featured-16-9":false,"featured-4-3":false,"featured-4-3-full":false,"featured-16-9-full":false,"gform-image-choice-sm":false,"gform-image-choice-md":false,"gform-image-choice-lg":false},"uagb_author_info":{"display_name":"John Kuefler","author_link":"https:\/\/www.harvesters.org\/es\/author\/john-kuefleruxwest-com"},"uagb_comment_info":0,"uagb_excerpt":"Crear Consciencia El primer paso para combatir el hambre es la conciencia. Difundir la informaci\u00f3n sobre la prevalencia del hambre en nuestra comunidad es algo que todos podemos hacer para llamar la atenci\u00f3n sobre este\u2026 More","_links":{"self":[{"href":"https:\/\/www.harvesters.org\/es\/wp-json\/wp\/v2\/pages\/9359","targetHints":{"allow":["GET"]}}],"collection":[{"href":"https:\/\/www.harvesters.org\/es\/wp-json\/wp\/v2\/pages"}],"about":[{"href":"https:\/\/www.harvesters.org\/es\/wp-json\/wp\/v2\/types\/page"}],"author":[{"embeddable":true,"href":"https:\/\/www.harvesters.org\/es\/wp-json\/wp\/v2\/users\/3"}],"replies":[{"embeddable":true,"href":"https:\/\/www.harvesters.org\/es\/wp-json\/wp\/v2\/comments?post=9359"}],"version-history":[{"count":9,"href":"https:\/\/www.harvesters.org\/es\/wp-json\/wp\/v2\/pages\/9359\/revisions"}],"predecessor-version":[{"id":13447,"href":"https:\/\/www.harvesters.org\/es\/wp-json\/wp\/v2\/pages\/9359\/revisions\/13447"}],"up":[{"embeddable":true,"href":"https:\/\/www.harvesters.org\/es\/wp-json\/wp\/v2\/pages\/9513"}],"wp:attachment":[{"href":"https:\/\/www.harvesters.org\/es\/wp-json\/wp\/v2\/media?parent=9359"}],"curies":[{"name":"wp","href":"https:\/\/api.w.org\/{rel}","templated":true}]}}