{"id":9350,"date":"2021-06-23T16:11:50","date_gmt":"2021-06-23T21:11:50","guid":{"rendered":"https:\/\/www.harvesters.org\/?page_id=9350"},"modified":"2024-05-16T15:24:26","modified_gmt":"2024-05-16T20:24:26","slug":"directrices-para-voluntarios","status":"publish","type":"page","link":"https:\/\/www.harvesters.org\/es\/como-ayudar\/voluntariado\/directrices-para-voluntarios","title":{"rendered":"Directrices para voluntarios"},"content":{"rendered":"\n<p>Para garantizar la seguridad de las personas a las que servimos, del personal y de los voluntarios, y para asegurarnos de que todos pasan un rato agradable y productivo, le pedimos que siga estas directrices cuando visite nuestras instalaciones:<\/p>\n\n<div style=\"height:30px\" aria-hidden=\"true\" class=\"wp-block-spacer\"><\/div>\n\n<div class=\"wp-block-columns is-layout-flex wp-container-core-columns-is-layout-9d6595d7 wp-block-columns-is-layout-flex\">\n<div class=\"wp-block-column is-vertically-aligned-top is-layout-flow wp-block-column-is-layout-flow\">\n<figure class=\"wp-block-image aligncenter size-full is-resized\"><img loading=\"lazy\" decoding=\"async\" src=\"https:\/\/www.harvesters.org\/wp-content\/uploads\/2022\/05\/8.jpg\" alt=\"\" class=\"wp-image-6269\" width=\"100\" height=\"100\" srcset=\"https:\/\/www.harvesters.org\/wp-content\/uploads\/2022\/05\/8.jpg 200w, https:\/\/www.harvesters.org\/wp-content\/uploads\/2022\/05\/8-150x150.jpg 150w\" sizes=\"auto, (max-width: 100px) 100vw, 100px\" \/><\/figure>\n\n\n\n<p class=\"has-text-align-center\">Todos los voluntarios deben tener 8 a\u00f1os o m\u00e1s.<\/p>\n<\/div>\n\n\n\n<div class=\"wp-block-column is-layout-flow wp-block-column-is-layout-flow\">\n<figure class=\"wp-block-image aligncenter size-full is-resized\"><img loading=\"lazy\" decoding=\"async\" src=\"http:\/\/www.harvesters.org\/wp-content\/uploads\/2021\/07\/Clothes.jpg\" alt=\"Ropa\" class=\"wp-image-3066\" width=\"100\" height=\"100\" srcset=\"https:\/\/www.harvesters.org\/wp-content\/uploads\/2021\/07\/Clothes.jpg 200w, https:\/\/www.harvesters.org\/wp-content\/uploads\/2021\/07\/Clothes-150x150.jpg 150w\" sizes=\"auto, (max-width: 100px) 100vw, 100px\" \/><\/figure>\n\n\n\n<p class=\"has-text-align-center\">Se requiere zapatos cerrados (todas las partes del pie deben estar cubiertas) y pantalones largos (no pantalones cortos, faldas ni vestidos). Se recomienda vestirse por capas, incluso en verano. Algunas actividades pueden requerir redes para el pelo y otras prendas de seguridad alimentaria.<\/p>\n<\/div>\n\n\n\n<div class=\"wp-block-column is-layout-flow wp-block-column-is-layout-flow\">\n<figure class=\"wp-block-image aligncenter size-full is-resized\"><img loading=\"lazy\" decoding=\"async\" src=\"http:\/\/www.harvesters.org\/wp-content\/uploads\/2021\/07\/Jewelry.jpg\" alt=\"Joyer&#xED;a\" class=\"wp-image-3068\" width=\"100\" height=\"100\" srcset=\"https:\/\/www.harvesters.org\/wp-content\/uploads\/2021\/07\/Jewelry.jpg 200w, https:\/\/www.harvesters.org\/wp-content\/uploads\/2021\/07\/Jewelry-150x150.jpg 150w\" sizes=\"auto, (max-width: 100px) 100vw, 100px\" \/><\/figure>\n\n\n\n<p class=\"has-text-align-center\">Por favor deje en casa las joyas de valor. Esto incluye los anillos que puedan caerse en el proceso de embalaje.<\/p>\n<\/div>\n<\/div>\n\n<div style=\"height:20px\" aria-hidden=\"true\" class=\"wp-block-spacer\"><\/div>\n\n<div class=\"wp-block-columns is-layout-flex wp-container-core-columns-is-layout-9d6595d7 wp-block-columns-is-layout-flex\">\n<div class=\"wp-block-column is-layout-flow wp-block-column-is-layout-flow\">\n<figure class=\"wp-block-image aligncenter size-full is-resized\"><img loading=\"lazy\" decoding=\"async\" src=\"http:\/\/www.harvesters.org\/wp-content\/uploads\/2021\/07\/Food.jpg\" alt=\"Alimentos\" class=\"wp-image-3069\" width=\"100\" height=\"100\" srcset=\"https:\/\/www.harvesters.org\/wp-content\/uploads\/2021\/07\/Food.jpg 200w, https:\/\/www.harvesters.org\/wp-content\/uploads\/2021\/07\/Food-150x150.jpg 150w\" sizes=\"auto, (max-width: 100px) 100vw, 100px\" \/><\/figure>\n\n\n\n<p class=\"has-text-align-center\">No se permite la entrada de comida ni bebida en el almac\u00e9n. Para cumplir las normas sanitarias y de seguridad, cualquier bebida o comida del exterior debe permanecer en la sala de descanso de los voluntarios.<\/p>\n<\/div>\n\n\n\n<div class=\"wp-block-column is-layout-flow wp-block-column-is-layout-flow\">\n<figure class=\"wp-block-image aligncenter size-full is-resized\"><img loading=\"lazy\" decoding=\"async\" src=\"http:\/\/www.harvesters.org\/wp-content\/uploads\/2021\/07\/Phones-1.jpg\" alt=\"Tel&#xE9;fonos\/Aud&#xED;fonos\" class=\"wp-image-3080\" width=\"100\" height=\"100\" srcset=\"https:\/\/www.harvesters.org\/wp-content\/uploads\/2021\/07\/Phones-1.jpg 200w, https:\/\/www.harvesters.org\/wp-content\/uploads\/2021\/07\/Phones-1-150x150.jpg 150w\" sizes=\"auto, (max-width: 100px) 100vw, 100px\" \/><\/figure>\n\n\n\n<p class=\"has-text-align-center\">Le pedimos que se abstenga de utilizar tel\u00e9fonos m\u00f3viles o aud\u00edfonos durante su turno de voluntariado.<\/p>\n<\/div>\n\n\n\n<div class=\"wp-block-column is-layout-flow wp-block-column-is-layout-flow\">\n<figure class=\"wp-block-image aligncenter size-full is-resized\"><img loading=\"lazy\" decoding=\"async\" src=\"http:\/\/www.harvesters.org\/wp-content\/uploads\/2021\/07\/Wash-Hands.jpg\" alt=\"L&#xE1;vese las manos\" class=\"wp-image-3071\" width=\"100\" height=\"100\" srcset=\"https:\/\/www.harvesters.org\/wp-content\/uploads\/2021\/07\/Wash-Hands.jpg 200w, https:\/\/www.harvesters.org\/wp-content\/uploads\/2021\/07\/Wash-Hands-150x150.jpg 150w\" sizes=\"auto, (max-width: 100px) 100vw, 100px\" \/><\/figure>\n\n\n\n<p class=\"has-text-align-center\">Los voluntarios deben lavarse las manos con agua y jab\u00f3n antes y despu\u00e9s de cada turno de voluntariado. Pedimos a los voluntarios que no tengan ninguna enfermedad contagiosa (mocos, resfriados, gripe, faringitis estreptoc\u00f3cica, etc.). Si no se siente bien, le pedimos que nos acompa\u00f1e en otro momento. Gracias por ayudarnos a mantener sanas nuestras comunidades.<\/p>\n<\/div>\n<\/div>\n\n<div style=\"height:20px\" aria-hidden=\"true\" class=\"wp-block-spacer\"><\/div>\n\n<div style=\"height:10px\" aria-hidden=\"true\" class=\"wp-block-spacer\"><\/div>\n\n<p>Harvesters se compromete a proporcionar un entorno libre de acoso. No se tolerar\u00e1 en Harvesters ning\u00fan tipo de acoso, incluido el acoso por raz\u00f3n de sexo, raza, color, religi\u00f3n, g\u00e9nero, edad, discapacidad mental y\/o f\u00edsica, condici\u00f3n m\u00e9dica, origen nacional, estado civil, condici\u00f3n de veterano, orientaci\u00f3n sexual u otra caracter\u00edstica protegida por la ley federal o estatal u ordenanza local.<\/p>\n\n<div style=\"height:60px\" aria-hidden=\"true\" class=\"wp-block-spacer\"><\/div>\n","protected":false},"excerpt":{"rendered":"<p>Para garantizar la seguridad de las personas a las que servimos, del personal y de los voluntarios, y para asegurarnos de que todos pasan un rato agradable y productivo, le pedimos que siga estas directrices\u2026 <a href=\"https:\/\/www.harvesters.org\/es\/como-ayudar\/voluntariado\/directrices-para-voluntarios\" class=\"read-more\">More<\/a><\/p>\n","protected":false},"author":3,"featured_media":0,"parent":9482,"menu_order":2,"comment_status":"closed","ping_status":"closed","template":"","meta":{"_acf_changed":false,"inline_featured_image":false,"_uag_custom_page_level_css":"","footnotes":""},"class_list":["post-9350","page","type-page","status-publish","hentry"],"acf":[],"yoast_head":"<!-- This site is optimized with the Yoast SEO plugin v27.5 - https:\/\/yoast.com\/product\/yoast-seo-wordpress\/ -->\n<title>Directrices para voluntarios - Harvesters<\/title>\n<meta name=\"description\" content=\"Directrices para voluntarios que ofrecen su tiempo para ayudar a Harvesters a asistir a ni\u00f1os, adultos y familias en situaci\u00f3n de inseguridad alimentaria en el noreste de Kansas y el noroeste de Misuri.\" \/>\n<meta name=\"robots\" content=\"index, follow, max-snippet:-1, max-image-preview:large, max-video-preview:-1\" \/>\n<link rel=\"canonical\" href=\"https:\/\/www.harvesters.org\/es\/como-ayudar\/voluntariado\/directrices-para-voluntarios\" \/>\n<meta property=\"og:locale\" content=\"es_ES\" \/>\n<meta property=\"og:type\" content=\"article\" \/>\n<meta property=\"og:title\" content=\"Directrices para voluntarios - Harvesters\" \/>\n<meta property=\"og:description\" content=\"Directrices para voluntarios que ofrecen su tiempo para ayudar a Harvesters a asistir a ni\u00f1os, adultos y familias en situaci\u00f3n de inseguridad alimentaria en el noreste de Kansas y el noroeste de Misuri.\" \/>\n<meta property=\"og:url\" content=\"https:\/\/www.harvesters.org\/es\/como-ayudar\/voluntariado\/directrices-para-voluntarios\" \/>\n<meta property=\"og:site_name\" content=\"Harvesters\" \/>\n<meta property=\"article:modified_time\" content=\"2024-05-16T20:24:26+00:00\" \/>\n<meta property=\"og:image\" content=\"https:\/\/www.harvesters.org\/wp-content\/uploads\/2022\/05\/8.jpg\" \/>\n<meta name=\"twitter:card\" content=\"summary_large_image\" \/>\n<meta name=\"twitter:label1\" content=\"Tiempo de lectura\" \/>\n\t<meta name=\"twitter:data1\" content=\"1 minuto\" \/>\n<script type=\"application\/ld+json\" class=\"yoast-schema-graph\">{\"@context\":\"https:\\\/\\\/schema.org\",\"@graph\":[{\"@type\":\"WebPage\",\"@id\":\"https:\\\/\\\/www.harvesters.org\\\/es\\\/como-ayudar\\\/voluntariado\\\/directrices-para-voluntarios\",\"url\":\"https:\\\/\\\/www.harvesters.org\\\/es\\\/como-ayudar\\\/voluntariado\\\/directrices-para-voluntarios\",\"name\":\"Directrices para voluntarios - Harvesters\",\"isPartOf\":{\"@id\":\"https:\\\/\\\/www.harvesters.org\\\/#website\"},\"primaryImageOfPage\":{\"@id\":\"https:\\\/\\\/www.harvesters.org\\\/es\\\/como-ayudar\\\/voluntariado\\\/directrices-para-voluntarios#primaryimage\"},\"image\":{\"@id\":\"https:\\\/\\\/www.harvesters.org\\\/es\\\/como-ayudar\\\/voluntariado\\\/directrices-para-voluntarios#primaryimage\"},\"thumbnailUrl\":\"https:\\\/\\\/www.harvesters.org\\\/wp-content\\\/uploads\\\/2022\\\/05\\\/8.jpg\",\"datePublished\":\"2021-06-23T21:11:50+00:00\",\"dateModified\":\"2024-05-16T20:24:26+00:00\",\"description\":\"Directrices para voluntarios que ofrecen su tiempo para ayudar a Harvesters a asistir a ni\u00f1os, adultos y familias en situaci\u00f3n de inseguridad alimentaria en el noreste de Kansas y el noroeste de Misuri.\",\"breadcrumb\":{\"@id\":\"https:\\\/\\\/www.harvesters.org\\\/es\\\/como-ayudar\\\/voluntariado\\\/directrices-para-voluntarios#breadcrumb\"},\"inLanguage\":\"es\",\"potentialAction\":[{\"@type\":\"ReadAction\",\"target\":[\"https:\\\/\\\/www.harvesters.org\\\/es\\\/como-ayudar\\\/voluntariado\\\/directrices-para-voluntarios\"]}]},{\"@type\":\"ImageObject\",\"inLanguage\":\"es\",\"@id\":\"https:\\\/\\\/www.harvesters.org\\\/es\\\/como-ayudar\\\/voluntariado\\\/directrices-para-voluntarios#primaryimage\",\"url\":\"https:\\\/\\\/www.harvesters.org\\\/wp-content\\\/uploads\\\/2022\\\/05\\\/8.jpg\",\"contentUrl\":\"https:\\\/\\\/www.harvesters.org\\\/wp-content\\\/uploads\\\/2022\\\/05\\\/8.jpg\"},{\"@type\":\"BreadcrumbList\",\"@id\":\"https:\\\/\\\/www.harvesters.org\\\/es\\\/como-ayudar\\\/voluntariado\\\/directrices-para-voluntarios#breadcrumb\",\"itemListElement\":[{\"@type\":\"ListItem\",\"position\":1,\"name\":\"Home\",\"item\":\"https:\\\/\\\/www.harvesters.org\\\/es\"},{\"@type\":\"ListItem\",\"position\":2,\"name\":\"C\u00f3mo ayudar\",\"item\":\"https:\\\/\\\/www.harvesters.org\\\/es\\\/como-ayudar\"},{\"@type\":\"ListItem\",\"position\":3,\"name\":\"Voluntariado\",\"item\":\"https:\\\/\\\/www.harvesters.org\\\/es\\\/como-ayudar\\\/voluntariado\"},{\"@type\":\"ListItem\",\"position\":4,\"name\":\"Directrices para voluntarios\"}]},{\"@type\":\"WebSite\",\"@id\":\"https:\\\/\\\/www.harvesters.org\\\/#website\",\"url\":\"https:\\\/\\\/www.harvesters.org\\\/\",\"name\":\"Harvesters\",\"description\":\"\",\"potentialAction\":[{\"@type\":\"SearchAction\",\"target\":{\"@type\":\"EntryPoint\",\"urlTemplate\":\"https:\\\/\\\/www.harvesters.org\\\/?s={search_term_string}\"},\"query-input\":{\"@type\":\"PropertyValueSpecification\",\"valueRequired\":true,\"valueName\":\"search_term_string\"}}],\"inLanguage\":\"es\"}]}<\/script>\n<!-- \/ Yoast SEO plugin. -->","yoast_head_json":{"title":"Directrices para voluntarios - Harvesters","description":"Directrices para voluntarios que ofrecen su tiempo para ayudar a Harvesters a asistir a ni\u00f1os, adultos y familias en situaci\u00f3n de inseguridad alimentaria en el noreste de Kansas y el noroeste de Misuri.","robots":{"index":"index","follow":"follow","max-snippet":"max-snippet:-1","max-image-preview":"max-image-preview:large","max-video-preview":"max-video-preview:-1"},"canonical":"https:\/\/www.harvesters.org\/es\/como-ayudar\/voluntariado\/directrices-para-voluntarios","og_locale":"es_ES","og_type":"article","og_title":"Directrices para voluntarios - Harvesters","og_description":"Directrices para voluntarios que ofrecen su tiempo para ayudar a Harvesters a asistir a ni\u00f1os, adultos y familias en situaci\u00f3n de inseguridad alimentaria en el noreste de Kansas y el noroeste de Misuri.","og_url":"https:\/\/www.harvesters.org\/es\/como-ayudar\/voluntariado\/directrices-para-voluntarios","og_site_name":"Harvesters","article_modified_time":"2024-05-16T20:24:26+00:00","og_image":[{"url":"https:\/\/www.harvesters.org\/wp-content\/uploads\/2022\/05\/8.jpg","type":"","width":"","height":""}],"twitter_card":"summary_large_image","twitter_misc":{"Tiempo de lectura":"1 minuto"},"schema":{"@context":"https:\/\/schema.org","@graph":[{"@type":"WebPage","@id":"https:\/\/www.harvesters.org\/es\/como-ayudar\/voluntariado\/directrices-para-voluntarios","url":"https:\/\/www.harvesters.org\/es\/como-ayudar\/voluntariado\/directrices-para-voluntarios","name":"Directrices para voluntarios - Harvesters","isPartOf":{"@id":"https:\/\/www.harvesters.org\/#website"},"primaryImageOfPage":{"@id":"https:\/\/www.harvesters.org\/es\/como-ayudar\/voluntariado\/directrices-para-voluntarios#primaryimage"},"image":{"@id":"https:\/\/www.harvesters.org\/es\/como-ayudar\/voluntariado\/directrices-para-voluntarios#primaryimage"},"thumbnailUrl":"https:\/\/www.harvesters.org\/wp-content\/uploads\/2022\/05\/8.jpg","datePublished":"2021-06-23T21:11:50+00:00","dateModified":"2024-05-16T20:24:26+00:00","description":"Directrices para voluntarios que ofrecen su tiempo para ayudar a Harvesters a asistir a ni\u00f1os, adultos y familias en situaci\u00f3n de inseguridad alimentaria en el noreste de Kansas y el noroeste de Misuri.","breadcrumb":{"@id":"https:\/\/www.harvesters.org\/es\/como-ayudar\/voluntariado\/directrices-para-voluntarios#breadcrumb"},"inLanguage":"es","potentialAction":[{"@type":"ReadAction","target":["https:\/\/www.harvesters.org\/es\/como-ayudar\/voluntariado\/directrices-para-voluntarios"]}]},{"@type":"ImageObject","inLanguage":"es","@id":"https:\/\/www.harvesters.org\/es\/como-ayudar\/voluntariado\/directrices-para-voluntarios#primaryimage","url":"https:\/\/www.harvesters.org\/wp-content\/uploads\/2022\/05\/8.jpg","contentUrl":"https:\/\/www.harvesters.org\/wp-content\/uploads\/2022\/05\/8.jpg"},{"@type":"BreadcrumbList","@id":"https:\/\/www.harvesters.org\/es\/como-ayudar\/voluntariado\/directrices-para-voluntarios#breadcrumb","itemListElement":[{"@type":"ListItem","position":1,"name":"Home","item":"https:\/\/www.harvesters.org\/es"},{"@type":"ListItem","position":2,"name":"C\u00f3mo ayudar","item":"https:\/\/www.harvesters.org\/es\/como-ayudar"},{"@type":"ListItem","position":3,"name":"Voluntariado","item":"https:\/\/www.harvesters.org\/es\/como-ayudar\/voluntariado"},{"@type":"ListItem","position":4,"name":"Directrices para voluntarios"}]},{"@type":"WebSite","@id":"https:\/\/www.harvesters.org\/#website","url":"https:\/\/www.harvesters.org\/","name":"Harvesters","description":"","potentialAction":[{"@type":"SearchAction","target":{"@type":"EntryPoint","urlTemplate":"https:\/\/www.harvesters.org\/?s={search_term_string}"},"query-input":{"@type":"PropertyValueSpecification","valueRequired":true,"valueName":"search_term_string"}}],"inLanguage":"es"}]}},"uagb_featured_image_src":{"full":false,"thumbnail":false,"medium":false,"medium_large":false,"large":false,"1536x1536":false,"2048x2048":false,"alm-thumbnail":false,"featured-16-9":false,"featured-4-3":false,"featured-4-3-full":false,"featured-16-9-full":false,"gform-image-choice-sm":false,"gform-image-choice-md":false,"gform-image-choice-lg":false},"uagb_author_info":{"display_name":"John Kuefler","author_link":"https:\/\/www.harvesters.org\/es\/author\/john-kuefleruxwest-com"},"uagb_comment_info":0,"uagb_excerpt":"Para garantizar la seguridad de las personas a las que servimos, del personal y de los voluntarios, y para asegurarnos de que todos pasan un rato agradable y productivo, le pedimos que siga estas directrices\u2026 More","_links":{"self":[{"href":"https:\/\/www.harvesters.org\/es\/wp-json\/wp\/v2\/pages\/9350","targetHints":{"allow":["GET"]}}],"collection":[{"href":"https:\/\/www.harvesters.org\/es\/wp-json\/wp\/v2\/pages"}],"about":[{"href":"https:\/\/www.harvesters.org\/es\/wp-json\/wp\/v2\/types\/page"}],"author":[{"embeddable":true,"href":"https:\/\/www.harvesters.org\/es\/wp-json\/wp\/v2\/users\/3"}],"replies":[{"embeddable":true,"href":"https:\/\/www.harvesters.org\/es\/wp-json\/wp\/v2\/comments?post=9350"}],"version-history":[{"count":6,"href":"https:\/\/www.harvesters.org\/es\/wp-json\/wp\/v2\/pages\/9350\/revisions"}],"predecessor-version":[{"id":11441,"href":"https:\/\/www.harvesters.org\/es\/wp-json\/wp\/v2\/pages\/9350\/revisions\/11441"}],"up":[{"embeddable":true,"href":"https:\/\/www.harvesters.org\/es\/wp-json\/wp\/v2\/pages\/9482"}],"wp:attachment":[{"href":"https:\/\/www.harvesters.org\/es\/wp-json\/wp\/v2\/media?parent=9350"}],"curies":[{"name":"wp","href":"https:\/\/api.w.org\/{rel}","templated":true}]}}