{"id":9324,"date":"2021-08-05T10:47:21","date_gmt":"2021-08-05T15:47:21","guid":{"rendered":"https:\/\/www.harvesters.org\/?page_id=9324"},"modified":"2025-01-15T14:03:29","modified_gmt":"2025-01-15T20:03:29","slug":"oportunidades-de-voluntariado-fuera-del-sitio","status":"publish","type":"page","link":"https:\/\/www.harvesters.org\/es\/como-ayudar\/voluntariado\/oportunidades-de-voluntariado-fuera-del-sitio","title":{"rendered":"Oportunidades de voluntariado fuera del sitio"},"content":{"rendered":"\n<p>Support Harvesters vision of a healthy, thriving community where no one is hungry by volunteering remotely. These opportunities can be done at home with a couple of volunteers or large groups. For more information contact our Community Engagement Team in Topeka\/Lawrence area at <a href=\"mailto:fighthunger@harvesters.org\" target=\"_blank\" rel=\"noreferrer noopener\">fighthunger@harvesters.org<\/a> or (785) 856-6089 or Kansas City area at <a href=\"mailto:getinvolved@harvesters.org\" target=\"_blank\" rel=\"noreferrer noopener\">getinvolved@harvesters.org<\/a> or (816) 929-3090.<\/p>\n\n<div class=\"wp-block-columns is-layout-flex wp-container-core-columns-is-layout-9d6595d7 wp-block-columns-is-layout-flex\">\n<div class=\"wp-block-column is-layout-flow wp-block-column-is-layout-flow\">\n<h2 class=\"wp-block-heading\"><a href=\"https:\/\/www.harvesters.org\/how-to-help\/volunteer\/off-site-volunteer-opportunities\/become-a-barrel-buddy\">Become a Barrel Buddy<\/a><\/h2>\n\n\n\n<figure class=\"wp-block-image size-full\"><a href=\"https:\/\/www.harvesters.org\/how-to-help\/volunteer\/off-site-volunteer-opportunities\/become-a-barrel-buddy\"><img loading=\"lazy\" decoding=\"async\" width=\"1000\" height=\"750\" src=\"http:\/\/www.harvesters.org\/wp-content\/uploads\/2024\/07\/Barrel-Buddy.jpg\" alt=\"Become a Barrel Buddy\" class=\"wp-image-11757\" srcset=\"https:\/\/www.harvesters.org\/wp-content\/uploads\/2024\/07\/Barrel-Buddy.jpg 1000w, https:\/\/www.harvesters.org\/wp-content\/uploads\/2024\/07\/Barrel-Buddy-300x225.jpg 300w, https:\/\/www.harvesters.org\/wp-content\/uploads\/2024\/07\/Barrel-Buddy-768x576.jpg 768w, https:\/\/www.harvesters.org\/wp-content\/uploads\/2024\/07\/Barrel-Buddy-383x287.jpg 383w, https:\/\/www.harvesters.org\/wp-content\/uploads\/2024\/07\/Barrel-Buddy-950x712.jpg 950w\" sizes=\"auto, (max-width: 1000px) 100vw, 1000px\" \/><\/a><\/figure>\n\n\n\n<p>Harvesters is looking for dedicated volunteers to adopt a grocery store (or two) and assist with picking up food donations from our Harvesters-branded barrels and bring them to Harvesters.<\/p>\n\n\n\n<div class=\"wp-block-buttons is-layout-flex wp-block-buttons-is-layout-flex\">\n<div class=\"wp-block-button\"><a class=\"wp-block-button__link has-white-color has-blue-background-color has-text-color has-background wp-element-button\" href=\"https:\/\/www.harvesters.org\/how-to-help\/volunteer\/off-site-volunteer-opportunities\/become-a-barrel-buddy\">M\u00e1s informaci\u00f3n<\/a><\/div>\n<\/div>\n\n\n\n<div style=\"height:50px\" aria-hidden=\"true\" class=\"wp-block-spacer\"><\/div>\n<\/div>\n\n\n\n<div class=\"wp-block-column is-layout-flow wp-block-column-is-layout-flow\">\n<h2 class=\"wp-block-heading\"><a href=\"https:\/\/www.harvesters.org\/how-to-help\/volunteer\/off-site-volunteer-opportunities\/give-lunch\">Dar Almuerzo<\/a><\/h2>\n\n\n\n<figure class=\"wp-block-image size-full\"><a href=\"https:\/\/www.harvesters.org\/how-to-help\/volunteer\/off-site-volunteer-opportunities\/give-lunch\"><img loading=\"lazy\" decoding=\"async\" width=\"1000\" height=\"750\" src=\"http:\/\/www.harvesters.org\/wp-content\/uploads\/2023\/10\/Give-Lunch.jpg\" alt=\"Dar Almuerzo\" class=\"wp-image-10008\" srcset=\"https:\/\/www.harvesters.org\/wp-content\/uploads\/2023\/10\/Give-Lunch.jpg 1000w, https:\/\/www.harvesters.org\/wp-content\/uploads\/2023\/10\/Give-Lunch-300x225.jpg 300w, https:\/\/www.harvesters.org\/wp-content\/uploads\/2023\/10\/Give-Lunch-768x576.jpg 768w, https:\/\/www.harvesters.org\/wp-content\/uploads\/2023\/10\/Give-Lunch-383x287.jpg 383w, https:\/\/www.harvesters.org\/wp-content\/uploads\/2023\/10\/Give-Lunch-950x712.jpg 950w\" sizes=\"auto, (max-width: 1000px) 100vw, 1000px\" \/><\/a><\/figure>\n\n\n\n<p>Ayuda a Harvesters preparando y donando comidas no perecederas, listas para comer, para tenerlas a disposici\u00f3n de familias, ni\u00f1os y personas mayores, as\u00ed como para los esfuerzos de respuesta ante desastre. \u00a1Es una actividad estupenda para grupos!<\/p>\n\n\n\n<div class=\"wp-block-buttons is-layout-flex wp-block-buttons-is-layout-flex\">\n<div class=\"wp-block-button\"><a class=\"wp-block-button__link has-white-color has-blue-background-color has-text-color has-background wp-element-button\" href=\"https:\/\/www.harvesters.org\/how-to-help\/volunteer\/off-site-volunteer-opportunities\/give-lunch\">M\u00e1s informaci\u00f3n<\/a><\/div>\n<\/div>\n<\/div>\n<\/div>\n\n<div class=\"wp-block-columns is-layout-flex wp-container-core-columns-is-layout-9d6595d7 wp-block-columns-is-layout-flex\">\n<div class=\"wp-block-column is-layout-flow wp-block-column-is-layout-flow\">\n<h2 class=\"wp-block-heading\"><a href=\"https:\/\/www.harvesters.org\/how-to-help\/volunteer\/off-site-volunteer-opportunities\/holiday-boxes\">Empaquetar cajas navide\u00f1as<\/a><\/h2>\n\n\n\n<figure class=\"wp-block-image size-full\"><a href=\"https:\/\/www.harvesters.org\/how-to-help\/volunteer\/off-site-volunteer-opportunities\/holiday-boxes\"><img loading=\"lazy\" decoding=\"async\" width=\"1000\" height=\"750\" src=\"http:\/\/www.harvesters.org\/wp-content\/uploads\/2021\/08\/Holiday-Boxes.jpg\" alt=\"Empaquete para ayudar a la comunidad con cajas navide&#xF1;as de Harvesters\" class=\"wp-image-3346\" srcset=\"https:\/\/www.harvesters.org\/wp-content\/uploads\/2021\/08\/Holiday-Boxes.jpg 1000w, https:\/\/www.harvesters.org\/wp-content\/uploads\/2021\/08\/Holiday-Boxes-300x225.jpg 300w, https:\/\/www.harvesters.org\/wp-content\/uploads\/2021\/08\/Holiday-Boxes-768x576.jpg 768w, https:\/\/www.harvesters.org\/wp-content\/uploads\/2021\/08\/Holiday-Boxes-383x287.jpg 383w, https:\/\/www.harvesters.org\/wp-content\/uploads\/2021\/08\/Holiday-Boxes-950x712.jpg 950w\" sizes=\"auto, (max-width: 1000px) 100vw, 1000px\" \/><\/a><\/figure>\n\n\n\n<p>Muchos de los recuerdos m\u00e1s especiales de las fiestas se hacen en torno a una comida festiva. Para miles de familias de nuestra zona, la comida navide\u00f1a y los recuerdos en la mesa no son seguros. Ay\u00fadenos a proporcionar las comodidades y los adornos de una comida navide\u00f1a empaquetando una caja navide\u00f1a de Harvesters. <\/p>\n\n\n\n<div class=\"wp-block-buttons is-layout-flex wp-block-buttons-is-layout-flex\">\n<div class=\"wp-block-button\"><a class=\"wp-block-button__link has-white-color has-blue-background-color has-text-color has-background wp-element-button\" href=\"https:\/\/www.harvesters.org\/how-to-help\/volunteer\/off-site-volunteer-opportunities\/holiday-boxes\">M\u00e1s informaci\u00f3n<\/a><\/div>\n<\/div>\n<\/div>\n\n\n\n<div class=\"wp-block-column is-layout-flow wp-block-column-is-layout-flow\">\n<h2 class=\"wp-block-heading\"><a href=\"https:\/\/www.harvesters.org\/how-to-help\/volunteer\/off-site-volunteer-opportunities\/pack-healthy-family-meal-kits\">Paquetes de comida saludable para toda la familia<\/a><\/h2>\n\n\n\n<figure class=\"wp-block-image size-full\"><a href=\"https:\/\/www.harvesters.org\/how-to-help\/volunteer\/off-site-volunteer-opportunities\/pack-healthy-family-meal-kits\"><img loading=\"lazy\" decoding=\"async\" width=\"1000\" height=\"750\" src=\"http:\/\/www.harvesters.org\/wp-content\/uploads\/2021\/08\/Healthy-Family-Meal-Kits.jpg\" alt=\"Cajas de comida saludable para familias\" class=\"wp-image-4038\" srcset=\"https:\/\/www.harvesters.org\/wp-content\/uploads\/2021\/08\/Healthy-Family-Meal-Kits.jpg 1000w, https:\/\/www.harvesters.org\/wp-content\/uploads\/2021\/08\/Healthy-Family-Meal-Kits-300x225.jpg 300w, https:\/\/www.harvesters.org\/wp-content\/uploads\/2021\/08\/Healthy-Family-Meal-Kits-768x576.jpg 768w, https:\/\/www.harvesters.org\/wp-content\/uploads\/2021\/08\/Healthy-Family-Meal-Kits-383x287.jpg 383w, https:\/\/www.harvesters.org\/wp-content\/uploads\/2021\/08\/Healthy-Family-Meal-Kits-950x712.jpg 950w\" sizes=\"auto, (max-width: 1000px) 100vw, 1000px\" \/><\/a><\/figure>\n\n\n\n<p>\u00bfBusca una nueva forma de que su familia o grupo participe en Harvesters? \u00a1Ay\u00fadenos a preparar cajas de comida saludable para familias! Cada caja tendr\u00e1 todos los ingredientes necesarios para una comida f\u00e1cil, completa y nutritiva para una familia necesitada. <\/p>\n\n\n\n<div class=\"wp-block-buttons is-layout-flex wp-block-buttons-is-layout-flex\">\n<div class=\"wp-block-button\"><a class=\"wp-block-button__link has-white-color has-blue-background-color has-text-color has-background wp-element-button\" href=\"https:\/\/www.harvesters.org\/how-to-help\/volunteer\/off-site-volunteer-opportunities\/pack-healthy-family-meal-kits\">M\u00e1s informaci\u00f3n<\/a><\/div>\n<\/div>\n<\/div>\n<\/div>\n\n<div class=\"wp-block-columns is-layout-flex wp-container-core-columns-is-layout-9d6595d7 wp-block-columns-is-layout-flex\">\n<div class=\"wp-block-column is-layout-flow wp-block-column-is-layout-flow\">\n<div style=\"height:50px\" aria-hidden=\"true\" class=\"wp-block-spacer\"><\/div>\n\n\n\n<h2 class=\"wp-block-heading\"><a href=\"https:\/\/www.harvesters.org\/how-to-help\/volunteer\/off-site-volunteer-opportunities\/create-cards-for-seniors\">Cards for Seniors<\/a><\/h2>\n\n\n\n<figure class=\"wp-block-image size-full\"><a href=\"https:\/\/www.harvesters.org\/how-to-help\/volunteer\/off-site-volunteer-opportunities\/create-cards-for-seniors\"><img loading=\"lazy\" decoding=\"async\" width=\"1000\" height=\"750\" src=\"http:\/\/www.harvesters.org\/wp-content\/uploads\/2021\/08\/Cards-for-Seniors.jpg\" alt=\"Cards for Seniors\" class=\"wp-image-3493\" srcset=\"https:\/\/www.harvesters.org\/wp-content\/uploads\/2021\/08\/Cards-for-Seniors.jpg 1000w, https:\/\/www.harvesters.org\/wp-content\/uploads\/2021\/08\/Cards-for-Seniors-300x225.jpg 300w, https:\/\/www.harvesters.org\/wp-content\/uploads\/2021\/08\/Cards-for-Seniors-768x576.jpg 768w, https:\/\/www.harvesters.org\/wp-content\/uploads\/2021\/08\/Cards-for-Seniors-383x287.jpg 383w, https:\/\/www.harvesters.org\/wp-content\/uploads\/2021\/08\/Cards-for-Seniors-950x712.jpg 950w\" sizes=\"auto, (max-width: 1000px) 100vw, 1000px\" \/><\/a><\/figure>\n\n\n\n<p>Help make the day brighter for seniors in your community by creating one (or more!) cards! These cards will be included in our Commodity Supplemental Food Program (CSFP) boxes.<\/p>\n\n\n\n<div class=\"wp-block-buttons is-layout-flex wp-block-buttons-is-layout-flex\">\n<div class=\"wp-block-button\"><a class=\"wp-block-button__link has-white-color has-blue-background-color has-text-color has-background wp-element-button\" href=\"https:\/\/www.harvesters.org\/how-to-help\/volunteer\/off-site-volunteer-opportunities\/create-cards-for-seniors\">M\u00e1s informaci\u00f3n<\/a><\/div>\n<\/div>\n<\/div>\n\n\n\n<div class=\"wp-block-column is-layout-flow wp-block-column-is-layout-flow\">\n<div style=\"height:50px\" aria-hidden=\"true\" class=\"wp-block-spacer\"><\/div>\n\n\n\n<h2 class=\"wp-block-heading\"><a href=\"https:\/\/www.harvesters.org\/how-to-help\/volunteer\/off-site-volunteer-opportunities\/birthday-in-a-box\">Birthday in a Box<\/a><\/h2>\n\n\n\n<figure class=\"wp-block-image size-full\"><a href=\"https:\/\/www.harvesters.org\/how-to-help\/volunteer\/off-site-volunteer-opportunities\/birthday-in-a-box\"><img loading=\"lazy\" decoding=\"async\" width=\"1000\" height=\"750\" src=\"http:\/\/www.harvesters.org\/wp-content\/uploads\/2024\/10\/Birthday-ina-Box.jpg\" alt=\"Birthday in a Box\" class=\"wp-image-12549\" srcset=\"https:\/\/www.harvesters.org\/wp-content\/uploads\/2024\/10\/Birthday-ina-Box.jpg 1000w, https:\/\/www.harvesters.org\/wp-content\/uploads\/2024\/10\/Birthday-ina-Box-300x225.jpg 300w, https:\/\/www.harvesters.org\/wp-content\/uploads\/2024\/10\/Birthday-ina-Box-768x576.jpg 768w, https:\/\/www.harvesters.org\/wp-content\/uploads\/2024\/10\/Birthday-ina-Box-383x287.jpg 383w, https:\/\/www.harvesters.org\/wp-content\/uploads\/2024\/10\/Birthday-ina-Box-950x712.jpg 950w\" sizes=\"auto, (max-width: 1000px) 100vw, 1000px\" \/><\/a><\/figure>\n\n\n\n<p>Help us ensure that local kids and adults can enjoy a birthday cake on their special day! Each box will go to a household our agency network serves to ensure a birthday doesn\u2019t pass without the means to celebrate.<\/p>\n\n\n\n<div class=\"wp-block-buttons is-layout-flex wp-block-buttons-is-layout-flex\">\n<div class=\"wp-block-button\"><a class=\"wp-block-button__link has-white-color has-blue-background-color has-text-color has-background wp-element-button\" href=\"https:\/\/www.harvesters.org\/how-to-help\/volunteer\/off-site-volunteer-opportunities\/birthday-in-a-box\">M\u00e1s informaci\u00f3n<\/a><\/div>\n<\/div>\n<\/div>\n<\/div>\n\n<div class=\"wp-block-columns is-layout-flex wp-container-core-columns-is-layout-9d6595d7 wp-block-columns-is-layout-flex\">\n<div class=\"wp-block-column is-layout-flow wp-block-column-is-layout-flow\">\n<div style=\"height:50px\" aria-hidden=\"true\" class=\"wp-block-spacer\"><\/div>\n\n\n\n<h2 class=\"wp-block-heading\"><a href=\"https:\/\/www.harvesters.org\/how-to-help\/volunteer\/off-site-volunteer-opportunities\/bag-it-forward\">Bag it Forward<\/a><\/h2>\n\n\n\n<figure class=\"wp-block-image size-full\"><a href=\"https:\/\/www.harvesters.org\/how-to-help\/volunteer\/off-site-volunteer-opportunities\/bag-it-forward\"><img loading=\"lazy\" decoding=\"async\" width=\"1000\" height=\"750\" src=\"http:\/\/www.harvesters.org\/wp-content\/uploads\/2024\/10\/BAG-IT-FORWARD.jpg\" alt=\"Bag it Forward\" class=\"wp-image-12568\" srcset=\"https:\/\/www.harvesters.org\/wp-content\/uploads\/2024\/10\/BAG-IT-FORWARD.jpg 1000w, https:\/\/www.harvesters.org\/wp-content\/uploads\/2024\/10\/BAG-IT-FORWARD-300x225.jpg 300w, https:\/\/www.harvesters.org\/wp-content\/uploads\/2024\/10\/BAG-IT-FORWARD-768x576.jpg 768w, https:\/\/www.harvesters.org\/wp-content\/uploads\/2024\/10\/BAG-IT-FORWARD-383x287.jpg 383w, https:\/\/www.harvesters.org\/wp-content\/uploads\/2024\/10\/BAG-IT-FORWARD-950x712.jpg 950w\" sizes=\"auto, (max-width: 1000px) 100vw, 1000px\" \/><\/a><\/figure>\n\n\n\n<p>Transform old or unworn t-shirts into reusable tote bags. These tote bags will be distributed to neighbors visiting Harvesters\u2019 partner agencies, to provide them with sustainable way to carry their food items home each time they visit.<\/p>\n\n\n\n<div class=\"wp-block-buttons is-layout-flex wp-block-buttons-is-layout-flex\">\n<div class=\"wp-block-button\"><a class=\"wp-block-button__link has-white-color has-blue-background-color has-text-color has-background wp-element-button\" href=\"https:\/\/www.harvesters.org\/how-to-help\/volunteer\/off-site-volunteer-opportunities\/bag-it-forward\">M\u00e1s informaci\u00f3n<\/a><\/div>\n<\/div>\n<\/div>\n\n\n\n<div class=\"wp-block-column is-layout-flow wp-block-column-is-layout-flow\">\n<div style=\"height:50px\" aria-hidden=\"true\" class=\"wp-block-spacer\"><\/div>\n\n\n\n<p><\/p>\n\n\n\n<div class=\"wp-block-buttons is-layout-flex wp-block-buttons-is-layout-flex\"><\/div>\n<\/div>\n<\/div>\n\n<div style=\"height:20px\" aria-hidden=\"true\" class=\"wp-block-spacer\"><\/div>\n\n<p>*Tenga en cuenta que las oportunidades de voluntariado fuera de las hh<a href=\"https:\/\/www.harvesters.org\/how-to-help\/volunteer\/community-service\">horas de servicio comunitario por orden judicial.<\/a><\/p>\n\n<div style=\"height:40px\" aria-hidden=\"true\" class=\"wp-block-spacer\"><\/div>\n\n<p><\/p>\n","protected":false},"excerpt":{"rendered":"<p>Support Harvesters vision of a healthy, thriving community where no one is hungry by volunteering remotely. These opportunities can be done at home with a couple of volunteers or large groups. For more information contact\u2026 <a href=\"https:\/\/www.harvesters.org\/es\/como-ayudar\/voluntariado\/oportunidades-de-voluntariado-fuera-del-sitio\" class=\"read-more\">More<\/a><\/p>\n","protected":false},"author":7,"featured_media":0,"parent":9482,"menu_order":3,"comment_status":"closed","ping_status":"closed","template":"","meta":{"_acf_changed":false,"inline_featured_image":false,"_uag_custom_page_level_css":"","footnotes":""},"class_list":["post-9324","page","type-page","status-publish","hentry"],"acf":[],"yoast_head":"<!-- This site is optimized with the Yoast SEO plugin v27.4 - https:\/\/yoast.com\/product\/yoast-seo-wordpress\/ -->\n<title>Oportunidades de voluntariado fuera del sitio - Harvesters<\/title>\n<meta name=\"description\" content=\"Ofr\u00e9zcase como voluntario para decorar y llenar bolsas de donacions, crear tarjetas para personas mayores, empaquetar cajas para las fiestas, empaquetar cajas de comida saludable para familias... \u00a1todo desde casa!\" \/>\n<meta name=\"robots\" content=\"index, follow, max-snippet:-1, max-image-preview:large, max-video-preview:-1\" \/>\n<link rel=\"canonical\" href=\"https:\/\/www.harvesters.org\/es\/como-ayudar\/voluntariado\/oportunidades-de-voluntariado-fuera-del-sitio\" \/>\n<meta property=\"og:locale\" content=\"es_ES\" \/>\n<meta property=\"og:type\" content=\"article\" \/>\n<meta property=\"og:title\" content=\"Oportunidades de voluntariado fuera del sitio - Harvesters\" \/>\n<meta property=\"og:description\" content=\"Ofr\u00e9zcase como voluntario para decorar y llenar bolsas de donacions, crear tarjetas para personas mayores, empaquetar cajas para las fiestas, empaquetar cajas de comida saludable para familias... \u00a1todo desde casa!\" \/>\n<meta property=\"og:url\" content=\"https:\/\/www.harvesters.org\/es\/como-ayudar\/voluntariado\/oportunidades-de-voluntariado-fuera-del-sitio\" \/>\n<meta property=\"og:site_name\" content=\"Harvesters\" \/>\n<meta property=\"article:modified_time\" content=\"2025-01-15T20:03:29+00:00\" \/>\n<meta property=\"og:image\" content=\"https:\/\/www.harvesters.org\/wp-content\/uploads\/2024\/07\/Barrel-Buddy.jpg\" \/>\n\t<meta property=\"og:image:width\" content=\"1000\" \/>\n\t<meta property=\"og:image:height\" content=\"750\" \/>\n\t<meta property=\"og:image:type\" content=\"image\/jpeg\" \/>\n<meta name=\"twitter:card\" content=\"summary_large_image\" \/>\n<meta name=\"twitter:label1\" content=\"Tiempo de lectura\" \/>\n\t<meta name=\"twitter:data1\" content=\"2 minutos\" \/>\n<script type=\"application\/ld+json\" class=\"yoast-schema-graph\">{\"@context\":\"https:\\\/\\\/schema.org\",\"@graph\":[{\"@type\":\"WebPage\",\"@id\":\"https:\\\/\\\/www.harvesters.org\\\/es\\\/como-ayudar\\\/voluntariado\\\/oportunidades-de-voluntariado-fuera-del-sitio\",\"url\":\"https:\\\/\\\/www.harvesters.org\\\/es\\\/como-ayudar\\\/voluntariado\\\/oportunidades-de-voluntariado-fuera-del-sitio\",\"name\":\"Oportunidades de voluntariado fuera del sitio - Harvesters\",\"isPartOf\":{\"@id\":\"https:\\\/\\\/www.harvesters.org\\\/#website\"},\"primaryImageOfPage\":{\"@id\":\"https:\\\/\\\/www.harvesters.org\\\/es\\\/como-ayudar\\\/voluntariado\\\/oportunidades-de-voluntariado-fuera-del-sitio#primaryimage\"},\"image\":{\"@id\":\"https:\\\/\\\/www.harvesters.org\\\/es\\\/como-ayudar\\\/voluntariado\\\/oportunidades-de-voluntariado-fuera-del-sitio#primaryimage\"},\"thumbnailUrl\":\"http:\\\/\\\/www.harvesters.org\\\/wp-content\\\/uploads\\\/2024\\\/07\\\/Barrel-Buddy.jpg\",\"datePublished\":\"2021-08-05T15:47:21+00:00\",\"dateModified\":\"2025-01-15T20:03:29+00:00\",\"description\":\"Ofr\u00e9zcase como voluntario para decorar y llenar bolsas de donacions, crear tarjetas para personas mayores, empaquetar cajas para las fiestas, empaquetar cajas de comida saludable para familias... \u00a1todo desde casa!\",\"breadcrumb\":{\"@id\":\"https:\\\/\\\/www.harvesters.org\\\/es\\\/como-ayudar\\\/voluntariado\\\/oportunidades-de-voluntariado-fuera-del-sitio#breadcrumb\"},\"inLanguage\":\"es\",\"potentialAction\":[{\"@type\":\"ReadAction\",\"target\":[\"https:\\\/\\\/www.harvesters.org\\\/es\\\/como-ayudar\\\/voluntariado\\\/oportunidades-de-voluntariado-fuera-del-sitio\"]}]},{\"@type\":\"ImageObject\",\"inLanguage\":\"es\",\"@id\":\"https:\\\/\\\/www.harvesters.org\\\/es\\\/como-ayudar\\\/voluntariado\\\/oportunidades-de-voluntariado-fuera-del-sitio#primaryimage\",\"url\":\"http:\\\/\\\/www.harvesters.org\\\/wp-content\\\/uploads\\\/2024\\\/07\\\/Barrel-Buddy.jpg\",\"contentUrl\":\"http:\\\/\\\/www.harvesters.org\\\/wp-content\\\/uploads\\\/2024\\\/07\\\/Barrel-Buddy.jpg\"},{\"@type\":\"BreadcrumbList\",\"@id\":\"https:\\\/\\\/www.harvesters.org\\\/es\\\/como-ayudar\\\/voluntariado\\\/oportunidades-de-voluntariado-fuera-del-sitio#breadcrumb\",\"itemListElement\":[{\"@type\":\"ListItem\",\"position\":1,\"name\":\"Home\",\"item\":\"https:\\\/\\\/www.harvesters.org\\\/es\"},{\"@type\":\"ListItem\",\"position\":2,\"name\":\"C\u00f3mo ayudar\",\"item\":\"https:\\\/\\\/www.harvesters.org\\\/es\\\/como-ayudar\"},{\"@type\":\"ListItem\",\"position\":3,\"name\":\"Voluntariado\",\"item\":\"https:\\\/\\\/www.harvesters.org\\\/es\\\/como-ayudar\\\/voluntariado\"},{\"@type\":\"ListItem\",\"position\":4,\"name\":\"Oportunidades de voluntariado fuera del sitio\"}]},{\"@type\":\"WebSite\",\"@id\":\"https:\\\/\\\/www.harvesters.org\\\/#website\",\"url\":\"https:\\\/\\\/www.harvesters.org\\\/\",\"name\":\"Harvesters\",\"description\":\"\",\"potentialAction\":[{\"@type\":\"SearchAction\",\"target\":{\"@type\":\"EntryPoint\",\"urlTemplate\":\"https:\\\/\\\/www.harvesters.org\\\/?s={search_term_string}\"},\"query-input\":{\"@type\":\"PropertyValueSpecification\",\"valueRequired\":true,\"valueName\":\"search_term_string\"}}],\"inLanguage\":\"es\"}]}<\/script>\n<!-- \/ Yoast SEO plugin. -->","yoast_head_json":{"title":"Oportunidades de voluntariado fuera del sitio - Harvesters","description":"Ofr\u00e9zcase como voluntario para decorar y llenar bolsas de donacions, crear tarjetas para personas mayores, empaquetar cajas para las fiestas, empaquetar cajas de comida saludable para familias... \u00a1todo desde casa!","robots":{"index":"index","follow":"follow","max-snippet":"max-snippet:-1","max-image-preview":"max-image-preview:large","max-video-preview":"max-video-preview:-1"},"canonical":"https:\/\/www.harvesters.org\/es\/como-ayudar\/voluntariado\/oportunidades-de-voluntariado-fuera-del-sitio","og_locale":"es_ES","og_type":"article","og_title":"Oportunidades de voluntariado fuera del sitio - Harvesters","og_description":"Ofr\u00e9zcase como voluntario para decorar y llenar bolsas de donacions, crear tarjetas para personas mayores, empaquetar cajas para las fiestas, empaquetar cajas de comida saludable para familias... \u00a1todo desde casa!","og_url":"https:\/\/www.harvesters.org\/es\/como-ayudar\/voluntariado\/oportunidades-de-voluntariado-fuera-del-sitio","og_site_name":"Harvesters","article_modified_time":"2025-01-15T20:03:29+00:00","og_image":[{"width":1000,"height":750,"url":"https:\/\/www.harvesters.org\/wp-content\/uploads\/2024\/07\/Barrel-Buddy.jpg","type":"image\/jpeg"}],"twitter_card":"summary_large_image","twitter_misc":{"Tiempo de lectura":"2 minutos"},"schema":{"@context":"https:\/\/schema.org","@graph":[{"@type":"WebPage","@id":"https:\/\/www.harvesters.org\/es\/como-ayudar\/voluntariado\/oportunidades-de-voluntariado-fuera-del-sitio","url":"https:\/\/www.harvesters.org\/es\/como-ayudar\/voluntariado\/oportunidades-de-voluntariado-fuera-del-sitio","name":"Oportunidades de voluntariado fuera del sitio - Harvesters","isPartOf":{"@id":"https:\/\/www.harvesters.org\/#website"},"primaryImageOfPage":{"@id":"https:\/\/www.harvesters.org\/es\/como-ayudar\/voluntariado\/oportunidades-de-voluntariado-fuera-del-sitio#primaryimage"},"image":{"@id":"https:\/\/www.harvesters.org\/es\/como-ayudar\/voluntariado\/oportunidades-de-voluntariado-fuera-del-sitio#primaryimage"},"thumbnailUrl":"http:\/\/www.harvesters.org\/wp-content\/uploads\/2024\/07\/Barrel-Buddy.jpg","datePublished":"2021-08-05T15:47:21+00:00","dateModified":"2025-01-15T20:03:29+00:00","description":"Ofr\u00e9zcase como voluntario para decorar y llenar bolsas de donacions, crear tarjetas para personas mayores, empaquetar cajas para las fiestas, empaquetar cajas de comida saludable para familias... \u00a1todo desde casa!","breadcrumb":{"@id":"https:\/\/www.harvesters.org\/es\/como-ayudar\/voluntariado\/oportunidades-de-voluntariado-fuera-del-sitio#breadcrumb"},"inLanguage":"es","potentialAction":[{"@type":"ReadAction","target":["https:\/\/www.harvesters.org\/es\/como-ayudar\/voluntariado\/oportunidades-de-voluntariado-fuera-del-sitio"]}]},{"@type":"ImageObject","inLanguage":"es","@id":"https:\/\/www.harvesters.org\/es\/como-ayudar\/voluntariado\/oportunidades-de-voluntariado-fuera-del-sitio#primaryimage","url":"http:\/\/www.harvesters.org\/wp-content\/uploads\/2024\/07\/Barrel-Buddy.jpg","contentUrl":"http:\/\/www.harvesters.org\/wp-content\/uploads\/2024\/07\/Barrel-Buddy.jpg"},{"@type":"BreadcrumbList","@id":"https:\/\/www.harvesters.org\/es\/como-ayudar\/voluntariado\/oportunidades-de-voluntariado-fuera-del-sitio#breadcrumb","itemListElement":[{"@type":"ListItem","position":1,"name":"Home","item":"https:\/\/www.harvesters.org\/es"},{"@type":"ListItem","position":2,"name":"C\u00f3mo ayudar","item":"https:\/\/www.harvesters.org\/es\/como-ayudar"},{"@type":"ListItem","position":3,"name":"Voluntariado","item":"https:\/\/www.harvesters.org\/es\/como-ayudar\/voluntariado"},{"@type":"ListItem","position":4,"name":"Oportunidades de voluntariado fuera del sitio"}]},{"@type":"WebSite","@id":"https:\/\/www.harvesters.org\/#website","url":"https:\/\/www.harvesters.org\/","name":"Harvesters","description":"","potentialAction":[{"@type":"SearchAction","target":{"@type":"EntryPoint","urlTemplate":"https:\/\/www.harvesters.org\/?s={search_term_string}"},"query-input":{"@type":"PropertyValueSpecification","valueRequired":true,"valueName":"search_term_string"}}],"inLanguage":"es"}]}},"uagb_featured_image_src":{"full":false,"thumbnail":false,"medium":false,"medium_large":false,"large":false,"1536x1536":false,"2048x2048":false,"alm-thumbnail":false,"featured-16-9":false,"featured-4-3":false,"featured-4-3-full":false,"featured-16-9-full":false,"gform-image-choice-sm":false,"gform-image-choice-md":false,"gform-image-choice-lg":false},"uagb_author_info":{"display_name":"Mary Kline","author_link":"https:\/\/www.harvesters.org\/es\/author\/mkline"},"uagb_comment_info":0,"uagb_excerpt":"Support Harvesters vision of a healthy, thriving community where no one is hungry by volunteering remotely. These opportunities can be done at home with a couple of volunteers or large groups. For more information contact\u2026 More","_links":{"self":[{"href":"https:\/\/www.harvesters.org\/es\/wp-json\/wp\/v2\/pages\/9324","targetHints":{"allow":["GET"]}}],"collection":[{"href":"https:\/\/www.harvesters.org\/es\/wp-json\/wp\/v2\/pages"}],"about":[{"href":"https:\/\/www.harvesters.org\/es\/wp-json\/wp\/v2\/types\/page"}],"author":[{"embeddable":true,"href":"https:\/\/www.harvesters.org\/es\/wp-json\/wp\/v2\/users\/7"}],"replies":[{"embeddable":true,"href":"https:\/\/www.harvesters.org\/es\/wp-json\/wp\/v2\/comments?post=9324"}],"version-history":[{"count":17,"href":"https:\/\/www.harvesters.org\/es\/wp-json\/wp\/v2\/pages\/9324\/revisions"}],"predecessor-version":[{"id":13784,"href":"https:\/\/www.harvesters.org\/es\/wp-json\/wp\/v2\/pages\/9324\/revisions\/13784"}],"up":[{"embeddable":true,"href":"https:\/\/www.harvesters.org\/es\/wp-json\/wp\/v2\/pages\/9482"}],"wp:attachment":[{"href":"https:\/\/www.harvesters.org\/es\/wp-json\/wp\/v2\/media?parent=9324"}],"curies":[{"name":"wp","href":"https:\/\/api.w.org\/{rel}","templated":true}]}}