{"id":9216,"date":"2022-12-19T14:26:52","date_gmt":"2022-12-19T20:26:52","guid":{"rendered":"https:\/\/www.harvesters.org\/?page_id=9216"},"modified":"2024-12-10T13:01:51","modified_gmt":"2024-12-10T19:01:51","slug":"alimentos-fuerza-laboral","status":"publish","type":"page","link":"https:\/\/www.harvesters.org\/es\/sobre-harvesters\/nuestros-programas\/alimentos-fuerza-laboral","title":{"rendered":"Alimentos+ Fuerza Laboral"},"content":{"rendered":"\n<h2 class=\"wp-block-heading\">Utilizar la alimentaci\u00f3n para reforzar los programas de formaci\u00f3n y empleo<\/h2>\n\n<p>Para muchos de los vecinos a los que atendemos, el camino para salir de la inseguridad alimentaria implica encontrar un empleo estable y, mejor a\u00fan, pr\u00f3spero.<\/p>\n\n<p>Por eso, Harvesters se ha colaborado con organizaciones locales de desarrollo de fuerza laboral para ayudar a los participantes a salir del hambre y tener m\u00e1s oportunidades econ\u00f3micas.<\/p>\n\n<h3 class=\"wp-block-heading\">C\u00f3mo lo hacemos<\/h3>\n\n<p>Es dif\u00edcil concentrarse cuando tiene hambre. Es a\u00fan m\u00e1s dif\u00edcil ascender en la carrera profesional cuando se lucha contra la inseguridad alimentaria. Proporcionamos alimentos a las organizaciones locales de desarrollo de la fuerza laboral para ayudar a los participantes a adquirir nuevas competencias, encontrar oportunidades de colocaci\u00f3n y trabajar para conseguir mejores oportunidades econ\u00f3micas.<\/p>\n\n<p>Echa un vistazo a este art\u00edculo de uno de nuestros socios, antes conocido como The Grooming Project, ahora llamado Pawsperity.<\/p>\n\n<figure class=\"wp-block-embed is-type-video is-provider-youtube wp-block-embed-youtube wp-embed-aspect-16-9 wp-has-aspect-ratio\"><div class=\"wp-block-embed__wrapper\">\n<iframe loading=\"lazy\" title=\"Working to end hunger tomorrow\" width=\"500\" height=\"281\" src=\"https:\/\/www.youtube.com\/embed\/6NCTWNhIBTc?feature=oembed\" frameborder=\"0\" allow=\"accelerometer; autoplay; clipboard-write; encrypted-media; gyroscope; picture-in-picture; web-share\" referrerpolicy=\"strict-origin-when-cross-origin\" allowfullscreen><\/iframe>\n<\/div><\/figure>\n\n<div style=\"height:30px\" aria-hidden=\"true\" class=\"wp-block-spacer\"><\/div>\n\n<hr class=\"wp-block-separator has-text-color has-blue-color has-alpha-channel-opacity has-blue-background-color has-background is-style-wide\"\/>\n\n<div style=\"height:30px\" aria-hidden=\"true\" class=\"wp-block-spacer\"><\/div>\n\n<h3 class=\"wp-block-heading\">M\u00e1s informaci\u00f3n o para participar<\/h3>\n\n<p>Si desea m\u00e1s informaci\u00f3n o est\u00e1 interesado en participar en las iniciativas Alimentos+ de Harvesters, p\u00f3ngale en contacto con Danon Hare, gerente del programa Alimentos+ en <a href=\"mailto:dhare@harvesters.org\" target=\"_blank\" rel=\"noreferrer noopener\">dhare@harvesters.org.<\/a><\/p>\n\n<div style=\"height:60px\" aria-hidden=\"true\" class=\"wp-block-spacer\"><\/div>\n","protected":false},"excerpt":{"rendered":"<p>Utilizar la alimentaci\u00f3n para reforzar los programas de formaci\u00f3n y empleo Para muchos de los vecinos a los que atendemos, el camino para salir de la inseguridad alimentaria implica encontrar un empleo estable y, mejor\u2026 <a href=\"https:\/\/www.harvesters.org\/es\/sobre-harvesters\/nuestros-programas\/alimentos-fuerza-laboral\" class=\"read-more\">More<\/a><\/p>\n","protected":false},"author":7,"featured_media":0,"parent":9483,"menu_order":4,"comment_status":"closed","ping_status":"closed","template":"","meta":{"_acf_changed":false,"inline_featured_image":false,"_uag_custom_page_level_css":"","footnotes":""},"class_list":["post-9216","page","type-page","status-publish","hentry"],"acf":[],"yoast_head":"<!-- This site is optimized with the Yoast SEO plugin v27.4 - https:\/\/yoast.com\/product\/yoast-seo-wordpress\/ -->\n<title>Alimentos+ Fuerza Laboral - Harvesters<\/title>\n<meta name=\"description\" content=\"Aprenda de c\u00f3mo la mala alimentaci\u00f3n provoca problemas de salud, de c\u00f3mo la inseguridad alimentaria eleva los costos m\u00e9dicos para personas hambrientas y de c\u00f3mo ayuda Harvesters.\" \/>\n<meta name=\"robots\" content=\"index, follow, max-snippet:-1, max-image-preview:large, max-video-preview:-1\" \/>\n<link rel=\"canonical\" href=\"https:\/\/www.harvesters.org\/es\/sobre-harvesters\/nuestros-programas\/alimentos-fuerza-laboral\" \/>\n<meta property=\"og:locale\" content=\"es_ES\" \/>\n<meta property=\"og:type\" content=\"article\" \/>\n<meta property=\"og:title\" content=\"Alimentos+ Fuerza Laboral - Harvesters\" \/>\n<meta property=\"og:description\" content=\"Aprenda de c\u00f3mo la mala alimentaci\u00f3n provoca problemas de salud, de c\u00f3mo la inseguridad alimentaria eleva los costos m\u00e9dicos para personas hambrientas y de c\u00f3mo ayuda Harvesters.\" \/>\n<meta property=\"og:url\" content=\"https:\/\/www.harvesters.org\/es\/sobre-harvesters\/nuestros-programas\/alimentos-fuerza-laboral\" \/>\n<meta property=\"og:site_name\" content=\"Harvesters\" \/>\n<meta property=\"article:modified_time\" content=\"2024-12-10T19:01:51+00:00\" \/>\n<meta name=\"twitter:card\" content=\"summary_large_image\" \/>\n<meta name=\"twitter:label1\" content=\"Tiempo de lectura\" \/>\n\t<meta name=\"twitter:data1\" content=\"1 minuto\" \/>\n<script type=\"application\/ld+json\" class=\"yoast-schema-graph\">{\"@context\":\"https:\\\/\\\/schema.org\",\"@graph\":[{\"@type\":\"WebPage\",\"@id\":\"https:\\\/\\\/www.harvesters.org\\\/es\\\/sobre-harvesters\\\/nuestros-programas\\\/alimentos-fuerza-laboral\",\"url\":\"https:\\\/\\\/www.harvesters.org\\\/es\\\/sobre-harvesters\\\/nuestros-programas\\\/alimentos-fuerza-laboral\",\"name\":\"Alimentos+ Fuerza Laboral - Harvesters\",\"isPartOf\":{\"@id\":\"https:\\\/\\\/www.harvesters.org\\\/#website\"},\"datePublished\":\"2022-12-19T20:26:52+00:00\",\"dateModified\":\"2024-12-10T19:01:51+00:00\",\"description\":\"Aprenda de c\u00f3mo la mala alimentaci\u00f3n provoca problemas de salud, de c\u00f3mo la inseguridad alimentaria eleva los costos m\u00e9dicos para personas hambrientas y de c\u00f3mo ayuda Harvesters.\",\"breadcrumb\":{\"@id\":\"https:\\\/\\\/www.harvesters.org\\\/es\\\/sobre-harvesters\\\/nuestros-programas\\\/alimentos-fuerza-laboral#breadcrumb\"},\"inLanguage\":\"es\",\"potentialAction\":[{\"@type\":\"ReadAction\",\"target\":[\"https:\\\/\\\/www.harvesters.org\\\/es\\\/sobre-harvesters\\\/nuestros-programas\\\/alimentos-fuerza-laboral\"]}]},{\"@type\":\"BreadcrumbList\",\"@id\":\"https:\\\/\\\/www.harvesters.org\\\/es\\\/sobre-harvesters\\\/nuestros-programas\\\/alimentos-fuerza-laboral#breadcrumb\",\"itemListElement\":[{\"@type\":\"ListItem\",\"position\":1,\"name\":\"Home\",\"item\":\"https:\\\/\\\/www.harvesters.org\\\/es\"},{\"@type\":\"ListItem\",\"position\":2,\"name\":\"Sobre Harvesters\",\"item\":\"https:\\\/\\\/www.harvesters.org\\\/es\\\/sobre-harvesters\"},{\"@type\":\"ListItem\",\"position\":3,\"name\":\"Nuestros programas\",\"item\":\"https:\\\/\\\/www.harvesters.org\\\/es\\\/sobre-harvesters\\\/nuestros-programas\"},{\"@type\":\"ListItem\",\"position\":4,\"name\":\"Alimentos+ Fuerza Laboral\"}]},{\"@type\":\"WebSite\",\"@id\":\"https:\\\/\\\/www.harvesters.org\\\/#website\",\"url\":\"https:\\\/\\\/www.harvesters.org\\\/\",\"name\":\"Harvesters\",\"description\":\"\",\"potentialAction\":[{\"@type\":\"SearchAction\",\"target\":{\"@type\":\"EntryPoint\",\"urlTemplate\":\"https:\\\/\\\/www.harvesters.org\\\/?s={search_term_string}\"},\"query-input\":{\"@type\":\"PropertyValueSpecification\",\"valueRequired\":true,\"valueName\":\"search_term_string\"}}],\"inLanguage\":\"es\"}]}<\/script>\n<!-- \/ Yoast SEO plugin. -->","yoast_head_json":{"title":"Alimentos+ Fuerza Laboral - Harvesters","description":"Aprenda de c\u00f3mo la mala alimentaci\u00f3n provoca problemas de salud, de c\u00f3mo la inseguridad alimentaria eleva los costos m\u00e9dicos para personas hambrientas y de c\u00f3mo ayuda Harvesters.","robots":{"index":"index","follow":"follow","max-snippet":"max-snippet:-1","max-image-preview":"max-image-preview:large","max-video-preview":"max-video-preview:-1"},"canonical":"https:\/\/www.harvesters.org\/es\/sobre-harvesters\/nuestros-programas\/alimentos-fuerza-laboral","og_locale":"es_ES","og_type":"article","og_title":"Alimentos+ Fuerza Laboral - Harvesters","og_description":"Aprenda de c\u00f3mo la mala alimentaci\u00f3n provoca problemas de salud, de c\u00f3mo la inseguridad alimentaria eleva los costos m\u00e9dicos para personas hambrientas y de c\u00f3mo ayuda Harvesters.","og_url":"https:\/\/www.harvesters.org\/es\/sobre-harvesters\/nuestros-programas\/alimentos-fuerza-laboral","og_site_name":"Harvesters","article_modified_time":"2024-12-10T19:01:51+00:00","twitter_card":"summary_large_image","twitter_misc":{"Tiempo de lectura":"1 minuto"},"schema":{"@context":"https:\/\/schema.org","@graph":[{"@type":"WebPage","@id":"https:\/\/www.harvesters.org\/es\/sobre-harvesters\/nuestros-programas\/alimentos-fuerza-laboral","url":"https:\/\/www.harvesters.org\/es\/sobre-harvesters\/nuestros-programas\/alimentos-fuerza-laboral","name":"Alimentos+ Fuerza Laboral - Harvesters","isPartOf":{"@id":"https:\/\/www.harvesters.org\/#website"},"datePublished":"2022-12-19T20:26:52+00:00","dateModified":"2024-12-10T19:01:51+00:00","description":"Aprenda de c\u00f3mo la mala alimentaci\u00f3n provoca problemas de salud, de c\u00f3mo la inseguridad alimentaria eleva los costos m\u00e9dicos para personas hambrientas y de c\u00f3mo ayuda Harvesters.","breadcrumb":{"@id":"https:\/\/www.harvesters.org\/es\/sobre-harvesters\/nuestros-programas\/alimentos-fuerza-laboral#breadcrumb"},"inLanguage":"es","potentialAction":[{"@type":"ReadAction","target":["https:\/\/www.harvesters.org\/es\/sobre-harvesters\/nuestros-programas\/alimentos-fuerza-laboral"]}]},{"@type":"BreadcrumbList","@id":"https:\/\/www.harvesters.org\/es\/sobre-harvesters\/nuestros-programas\/alimentos-fuerza-laboral#breadcrumb","itemListElement":[{"@type":"ListItem","position":1,"name":"Home","item":"https:\/\/www.harvesters.org\/es"},{"@type":"ListItem","position":2,"name":"Sobre Harvesters","item":"https:\/\/www.harvesters.org\/es\/sobre-harvesters"},{"@type":"ListItem","position":3,"name":"Nuestros programas","item":"https:\/\/www.harvesters.org\/es\/sobre-harvesters\/nuestros-programas"},{"@type":"ListItem","position":4,"name":"Alimentos+ Fuerza Laboral"}]},{"@type":"WebSite","@id":"https:\/\/www.harvesters.org\/#website","url":"https:\/\/www.harvesters.org\/","name":"Harvesters","description":"","potentialAction":[{"@type":"SearchAction","target":{"@type":"EntryPoint","urlTemplate":"https:\/\/www.harvesters.org\/?s={search_term_string}"},"query-input":{"@type":"PropertyValueSpecification","valueRequired":true,"valueName":"search_term_string"}}],"inLanguage":"es"}]}},"uagb_featured_image_src":{"full":false,"thumbnail":false,"medium":false,"medium_large":false,"large":false,"1536x1536":false,"2048x2048":false,"alm-thumbnail":false,"featured-16-9":false,"featured-4-3":false,"featured-4-3-full":false,"featured-16-9-full":false,"gform-image-choice-sm":false,"gform-image-choice-md":false,"gform-image-choice-lg":false},"uagb_author_info":{"display_name":"Mary Kline","author_link":"https:\/\/www.harvesters.org\/es\/author\/mkline"},"uagb_comment_info":0,"uagb_excerpt":"Utilizar la alimentaci\u00f3n para reforzar los programas de formaci\u00f3n y empleo Para muchos de los vecinos a los que atendemos, el camino para salir de la inseguridad alimentaria implica encontrar un empleo estable y, mejor\u2026 More","_links":{"self":[{"href":"https:\/\/www.harvesters.org\/es\/wp-json\/wp\/v2\/pages\/9216","targetHints":{"allow":["GET"]}}],"collection":[{"href":"https:\/\/www.harvesters.org\/es\/wp-json\/wp\/v2\/pages"}],"about":[{"href":"https:\/\/www.harvesters.org\/es\/wp-json\/wp\/v2\/types\/page"}],"author":[{"embeddable":true,"href":"https:\/\/www.harvesters.org\/es\/wp-json\/wp\/v2\/users\/7"}],"replies":[{"embeddable":true,"href":"https:\/\/www.harvesters.org\/es\/wp-json\/wp\/v2\/comments?post=9216"}],"version-history":[{"count":9,"href":"https:\/\/www.harvesters.org\/es\/wp-json\/wp\/v2\/pages\/9216\/revisions"}],"predecessor-version":[{"id":13499,"href":"https:\/\/www.harvesters.org\/es\/wp-json\/wp\/v2\/pages\/9216\/revisions\/13499"}],"up":[{"embeddable":true,"href":"https:\/\/www.harvesters.org\/es\/wp-json\/wp\/v2\/pages\/9483"}],"wp:attachment":[{"href":"https:\/\/www.harvesters.org\/es\/wp-json\/wp\/v2\/media?parent=9216"}],"curies":[{"name":"wp","href":"https:\/\/api.w.org\/{rel}","templated":true}]}}