{"id":10062,"date":"2023-10-24T11:48:27","date_gmt":"2023-10-24T16:48:27","guid":{"rendered":"https:\/\/www.harvesters.org\/?page_id=10062"},"modified":"2024-12-08T21:29:43","modified_gmt":"2024-12-09T03:29:43","slug":"preguntas-frecuentes-de-asistencia-alimentaria","status":"publish","type":"page","link":"https:\/\/www.harvesters.org\/es\/obtener-asistencia-alimentaria\/preguntas-frecuentes-de-asistencia-alimentaria","title":{"rendered":"Preguntas frecuentes de asistencia alimentaria"},"content":{"rendered":"\n<div style=\"height:24px\" aria-hidden=\"true\" class=\"wp-block-spacer\"><\/div>\n\n\n\n<h2 class=\"wp-block-heading\">Respuestas a preguntas frecuentes<\/h2>\n\n\n\n<p>Aqu\u00ed encontrar\u00e1 respuestas a las preguntas m\u00e1s frecuentes. \u00bfNo ve su pregunta? Por favor env\u00edenosla a trav\u00e9s de nuestro <a href=\"https:\/\/www.harvesters.org\/es?page_id=9523\">formulario de contacto<\/a>.<\/p>\n\n\n\n<div style=\"height:35px\" aria-hidden=\"true\" class=\"wp-block-spacer\"><\/div>\n\n\n\n<hr class=\"wp-block-separator has-text-color has-blue-color has-css-opacity has-blue-background-color has-background is-style-wide\"\/>\n\n\n\n<div style=\"height:15px\" aria-hidden=\"true\" class=\"wp-block-spacer\"><\/div>\n\n\n\n<div class=\"wp-block-pb-accordion-item c-accordion__item js-accordion-item no-js\" data-initially-open=\"false\" data-click-to-close=\"true\" data-auto-close=\"true\" data-scroll=\"false\" data-scroll-offset=\"0\"><h3 id=\"at-100620\" class=\"c-accordion__title js-accordion-controller\" role=\"button\">Nunca he recibido asistencia. \u00bfD\u00f3nde empiezo?<\/h3><div id=\"ac-100620\" class=\"c-accordion__content\">\n<p>La mejor manera de encontrar asistencia alimentaria en su \u00e1rea es utilizar nuestro <a href=\"https:\/\/docs.google.com\/document\/d\/1FUFLyxAEXOHPqC2BGylQ_0ht7lwAj6MRcUDKXfrY5_M\/edit?ts=60bf7f76#bookmark=kix.ninnc74u688l\">l<\/a><a href=\"https:\/\/www.harvesters.org\/es?page_id=9525\">ocalizador de<\/a> <a href=\"https:\/\/docs.google.com\/document\/d\/1FUFLyxAEXOHPqC2BGylQ_0ht7lwAj6MRcUDKXfrY5_M\/edit?ts=60bf7f76#bookmark=kix.ninnc74u688l\">alimentos<\/a>. Puede utilizar nuestra herramienta de localizaci\u00f3n de alimentos para encontrar una agencia asociada de Harvesters cerca de usted. Introduzca sus criterios de b\u00fasqueda para encontrar despensas de comida, cocinas, y distribuciones m\u00f3viles de alimentos en su \u00e1rea. Tambi\u00e9n le recomendamos que visite nuestra p\u00e1gina de <a href=\"https:\/\/www.harvesters.org\/es?page_id=9528\">comidas para ni\u00f1os\/as<\/a> para buscar los sitios de su \u00e1rea que ofrecen comidas nutritivas gratuitas en verano y despu\u00e9s de escuela a ni\u00f1os de 18 a\u00f1os o menores. Luego, visite nuestra p\u00e1gina de asistencia con SNAP para obtener m\u00e1s informaci\u00f3n sobre SNAP (asistencia alimentaria de gobierno), ver si califica para los subsidios y obtener asistencia para la solicitud. Mientras echar un vistazo a estas p\u00e1ginas, si desea hablar con nuestro personal, estaremos encantados de atenderle. Por favor llame a nuestro tel\u00e9fono de atenci\u00f3n al cliente: 877-653-9519.<\/p>\n<\/div><\/div>\n\n\n\n<hr class=\"wp-block-separator has-text-color has-blue-color has-css-opacity has-blue-background-color has-background is-style-wide\"\/>\n\n\n\n<div style=\"height:15px\" aria-hidden=\"true\" class=\"wp-block-spacer\"><\/div>\n\n\n\n<div class=\"wp-block-pb-accordion-item c-accordion__item js-accordion-item no-js\" data-initially-open=\"false\" data-click-to-close=\"true\" data-auto-close=\"true\" data-scroll=\"false\" data-scroll-offset=\"0\"><h3 id=\"at-100621\" class=\"c-accordion__title js-accordion-controller\" role=\"button\">\u00bfSe requiere alg\u00fan papeleo para obtener alimentos de una despensa, cocina o distribuci\u00f3n m\u00f3vil?<\/h3><div id=\"ac-100621\" class=\"c-accordion__content\">\n<p>La informaci\u00f3n o el papeleo que solicitan nuestras agencias asociadas pueden variar seg\u00fan el sitio. Aunque la mayor\u00eda de nuestras distribuciones no requieren papeleo para recibir alimentos, algunas s\u00ed lo requieren. El papeleo es necesario para las distribuciones que proporcionan alimentos procedentes de programas gubernamentales. Si en alg\u00fan momento se siente inc\u00f3modo\/a con lo que se le pregunta o desea alguna aclaraci\u00f3n sobre el uso de la informaci\u00f3n, no dude en preguntar por un miembro del personal de esa agencia asociada o p\u00f3ngase en contacto con el equipo de atenci\u00f3n al cliente de Harvesters en el 877-653-9519.<\/p>\n<\/div><\/div>\n\n\n\n<hr class=\"wp-block-separator has-text-color has-blue-color has-css-opacity has-blue-background-color has-background is-style-wide\"\/>\n\n\n\n<div style=\"height:15px\" aria-hidden=\"true\" class=\"wp-block-spacer\"><\/div>\n\n\n\n<div class=\"wp-block-pb-accordion-item c-accordion__item js-accordion-item no-js\" data-initially-open=\"false\" data-click-to-close=\"true\" data-auto-close=\"true\" data-scroll=\"false\" data-scroll-offset=\"0\"><h3 id=\"at-100622\" class=\"c-accordion__title js-accordion-controller\" role=\"button\">\u00bfC\u00f3mo funciona una distribuci\u00f3n m\u00f3vil de alimentos?<\/h3><div id=\"ac-100622\" class=\"c-accordion__content\">\n<p>Se distribuye una gran variedad de alimentos frescos en un modelo de servicio al auto. Los autos se sirven por orden de llegada. Aseg\u00farese de que su maletero est\u00e9 vac\u00edo cuando vaya a una distribuci\u00f3n m\u00f3vil de alimentos. Los voluntarios cargar\u00e1n los alimentos en su maletero.<\/p>\n<\/div><\/div>\n\n\n\n<hr class=\"wp-block-separator has-text-color has-blue-color has-css-opacity has-blue-background-color has-background is-style-wide\"\/>\n\n\n\n<div style=\"height:15px\" aria-hidden=\"true\" class=\"wp-block-spacer\"><\/div>\n\n\n\n<div class=\"wp-block-pb-accordion-item c-accordion__item js-accordion-item no-js\" data-initially-open=\"false\" data-click-to-close=\"true\" data-auto-close=\"true\" data-scroll=\"false\" data-scroll-offset=\"0\"><h3 id=\"at-100623\" class=\"c-accordion__title js-accordion-controller\" role=\"button\">No tengo un autom\u00f3vil. \u00bfTodav\u00eda puedo obtener comida de una distribuci\u00f3n m\u00f3vil?<\/h3><div id=\"ac-100623\" class=\"c-accordion__content\">\n<p>Aunque se prefiere nuestro modelo de distribuci\u00f3n de serivico al auto, muchas veces, le puede pasar sin auto. Le recomendamos encarecidamente que lleve una mochila, un carrito, una bolsa reutilizable u otro tipo de bolsa para transportar la comida. <\/p>\n<\/div><\/div>\n\n\n\n<hr class=\"wp-block-separator has-text-color has-blue-color has-css-opacity has-blue-background-color has-background is-style-wide\"\/>\n\n\n\n<div style=\"height:15px\" aria-hidden=\"true\" class=\"wp-block-spacer\"><\/div>\n\n\n\n<div class=\"wp-block-pb-accordion-item c-accordion__item js-accordion-item no-js\" data-initially-open=\"false\" data-click-to-close=\"true\" data-auto-close=\"true\" data-scroll=\"false\" data-scroll-offset=\"0\"><h3 id=\"at-100624\" class=\"c-accordion__title js-accordion-controller\" role=\"button\">No hay una distribuci\u00f3n ni una despensa de comida cerca de m\u00ed, y no tengo un autom\u00f3vil. \u00bfC\u00f3mo obtengo ayuda?<\/h3><div id=\"ac-100624\" class=\"c-accordion__content\">\n<p>Si no hay una agencia de f\u00e1cil acceso cerca de usted, es posible que algunas agencias puedan ayudarle. Llame a nuestro equipo de atenci\u00f3n al cliente al 877-653-9519. Es posible que podamos ponerle en contacto con una agencia que pueda organizar la entrega a domicilio en circunstancias atenuantes. Solicitar el SNAP tambi\u00e9n puede ampliar su presupuesto para comestibles y ayudarle a acceder a los subsidios alimentarios de su \u00e1rea. Obtenga m\u00e1s informaci\u00f3n sobre SNAP, vea si cumple con los requisitos para recibir subsidios y obtenga asistencia para solicitarlos llamando a la l\u00ednea de ayuda SNAP de Harvesters al 877-653-9522.<\/p>\n<\/div><\/div>\n\n\n\n<hr class=\"wp-block-separator has-text-color has-blue-color has-css-opacity has-blue-background-color has-background is-style-wide\"\/>\n\n\n\n<div style=\"height:15px\" aria-hidden=\"true\" class=\"wp-block-spacer\"><\/div>\n\n\n\n<div class=\"wp-block-pb-accordion-item c-accordion__item js-accordion-item no-js\" data-initially-open=\"false\" data-click-to-close=\"true\" data-auto-close=\"true\" data-scroll=\"false\" data-scroll-offset=\"0\"><h3 id=\"at-100625\" class=\"c-accordion__title js-accordion-controller\" role=\"button\">\u00bfC\u00f3mo averiguo si el d\u00eda o la hora de una distribuci\u00f3n cambia?<\/h3><div id=\"ac-100625\" class=\"c-accordion__content\">\n<p>Debido a circunstancias imprevistas, nuestros calendarios de distribuci\u00f3n a veces pueden cambiar en el \u00faltimo minuto. Le recomendamos encarecidamente que compruebe el horario a diario y se ponga en contacto con una agencia antes de visitarla para confirmar sus horarios y d\u00edas de operaci\u00f3n, as\u00ed como la disponibilidad de comida ese d\u00eda.<\/p>\n<\/div><\/div>\n\n\n\n<hr class=\"wp-block-separator has-text-color has-blue-color has-css-opacity has-blue-background-color has-background is-style-wide\"\/>\n\n\n\n<div style=\"height:15px\" aria-hidden=\"true\" class=\"wp-block-spacer\"><\/div>\n\n\n\n<div class=\"wp-block-pb-accordion-item c-accordion__item js-accordion-item no-js\" data-initially-open=\"false\" data-click-to-close=\"true\" data-auto-close=\"true\" data-scroll=\"false\" data-scroll-offset=\"0\"><h3 id=\"at-100626\" class=\"c-accordion__title js-accordion-controller\" role=\"button\">Estoy en un sitio de distribuci\u00f3n y no veo un cami\u00f3n de Harvesters. \u00bfQu\u00e9 hago?<\/h3><div id=\"ac-100626\" class=\"c-accordion__content\">\n<p>Es posible que los camiones de Harvesters no est\u00e9n siempre presentes en cada distribuci\u00f3n. Si no puede localizar la distribuci\u00f3n, llame al n\u00famero de la agencia asociada de Harvesters o a nuestra l\u00ednea de atenci\u00f3n al cliente: 877-653-9519.<\/p>\n<\/div><\/div>\n\n\n\n<hr class=\"wp-block-separator has-text-color has-blue-color has-css-opacity has-blue-background-color has-background is-style-wide\"\/>\n\n\n\n<div style=\"height:15px\" aria-hidden=\"true\" class=\"wp-block-spacer\"><\/div>\n\n\n\n<div class=\"wp-block-pb-accordion-item c-accordion__item js-accordion-item no-js\" data-initially-open=\"false\" data-click-to-close=\"true\" data-auto-close=\"true\" data-scroll=\"false\" data-scroll-offset=\"0\"><h3 id=\"at-100627\" class=\"c-accordion__title js-accordion-controller\" role=\"button\">Tengo alergias alimentarias o restricciones dietar\u00edas confirmadas por m\u00e9dico. \u00bfTodav\u00eda puedo recibir alimentos de las distribuciones?<\/h3><div id=\"ac-100627\" class=\"c-accordion__content\">\n<p>S\u00ed. Aunque algunos de nuestros productos donados son preenvasados, la mayor\u00eda de nuestras distribuciones tienen productos individuales adicionales a los que puede renunciar si no satisfacen sus restricciones diet\u00e9ticas. Nuestro personal, voluntarios y agencias asociadas har\u00e1n todo lo posible para adaptarse a las restricciones diet\u00e9ticas siempre que sea posible.<\/p>\n<\/div><\/div>\n\n\n\n<hr class=\"wp-block-separator has-text-color has-blue-color has-css-opacity has-blue-background-color has-background is-style-wide\"\/>\n\n\n\n<div style=\"height:41px\" aria-hidden=\"true\" class=\"wp-block-spacer\"><\/div>\n\n\n\n<figure class=\"wp-block-image size-full\"><img loading=\"lazy\" decoding=\"async\" width=\"2000\" height=\"1084\" src=\"http:\/\/www.harvesters.org\/wp-content\/uploads\/2024\/04\/DSC09608.jpg\" alt=\"\" class=\"wp-image-11106\" srcset=\"https:\/\/www.harvesters.org\/wp-content\/uploads\/2024\/04\/DSC09608.jpg 2000w, https:\/\/www.harvesters.org\/wp-content\/uploads\/2024\/04\/DSC09608-300x163.jpg 300w, https:\/\/www.harvesters.org\/wp-content\/uploads\/2024\/04\/DSC09608-1024x555.jpg 1024w, https:\/\/www.harvesters.org\/wp-content\/uploads\/2024\/04\/DSC09608-768x416.jpg 768w, https:\/\/www.harvesters.org\/wp-content\/uploads\/2024\/04\/DSC09608-1536x833.jpg 1536w\" sizes=\"auto, (max-width: 2000px) 100vw, 2000px\" \/><\/figure>\n\n\n\n<div style=\"height:60px\" aria-hidden=\"true\" class=\"wp-block-spacer\"><\/div>\n","protected":false},"excerpt":{"rendered":"<p>Respuestas a preguntas frecuentes Aqu\u00ed encontrar\u00e1 respuestas a las preguntas m\u00e1s frecuentes. \u00bfNo ve su pregunta? Por favor env\u00edenosla a trav\u00e9s de nuestro formulario de contacto.<\/p>\n","protected":false},"author":7,"featured_media":0,"parent":9526,"menu_order":4,"comment_status":"closed","ping_status":"closed","template":"","meta":{"_acf_changed":false,"inline_featured_image":false,"_uag_custom_page_level_css":"","footnotes":""},"class_list":["post-10062","page","type-page","status-publish","hentry"],"acf":[],"yoast_head":"<!-- This site is optimized with the Yoast SEO plugin v27.5 - https:\/\/yoast.com\/product\/yoast-seo-wordpress\/ -->\n<title>Preguntas frecuentes de asistencia alimentaria - Harvesters<\/title>\n<meta name=\"description\" content=\"Respuestas a preguntas sobre asistencia alimentaria: c\u00f3mo encontrar despensas, comedores y distribuciones de alimentos en las regiones de Kansas City y Topeka y mucho m\u00e1s.\" \/>\n<meta name=\"robots\" content=\"index, follow, max-snippet:-1, max-image-preview:large, max-video-preview:-1\" \/>\n<link rel=\"canonical\" href=\"https:\/\/www.harvesters.org\/es\/obtener-asistencia-alimentaria\/preguntas-frecuentes-de-asistencia-alimentaria\" \/>\n<meta property=\"og:locale\" content=\"es_ES\" \/>\n<meta property=\"og:type\" content=\"article\" \/>\n<meta property=\"og:title\" content=\"Preguntas frecuentes de asistencia alimentaria - Harvesters\" \/>\n<meta property=\"og:description\" content=\"Respuestas a preguntas sobre asistencia alimentaria: c\u00f3mo encontrar despensas, comedores y distribuciones de alimentos en las regiones de Kansas City y Topeka y mucho m\u00e1s.\" \/>\n<meta property=\"og:url\" content=\"https:\/\/www.harvesters.org\/es\/obtener-asistencia-alimentaria\/preguntas-frecuentes-de-asistencia-alimentaria\" \/>\n<meta property=\"og:site_name\" content=\"Harvesters\" \/>\n<meta property=\"article:modified_time\" content=\"2024-12-09T03:29:43+00:00\" \/>\n<meta property=\"og:image\" content=\"https:\/\/www.harvesters.org\/wp-content\/uploads\/2024\/04\/DSC09608.jpg\" \/>\n\t<meta property=\"og:image:width\" content=\"2000\" \/>\n\t<meta property=\"og:image:height\" content=\"1084\" \/>\n\t<meta property=\"og:image:type\" content=\"image\/jpeg\" \/>\n<meta name=\"twitter:card\" content=\"summary_large_image\" \/>\n<meta name=\"twitter:label1\" content=\"Tiempo de lectura\" \/>\n\t<meta name=\"twitter:data1\" content=\"4 minutos\" \/>\n<script type=\"application\/ld+json\" class=\"yoast-schema-graph\">{\"@context\":\"https:\\\/\\\/schema.org\",\"@graph\":[{\"@type\":\"WebPage\",\"@id\":\"https:\\\/\\\/www.harvesters.org\\\/es\\\/obtener-asistencia-alimentaria\\\/preguntas-frecuentes-de-asistencia-alimentaria\",\"url\":\"https:\\\/\\\/www.harvesters.org\\\/es\\\/obtener-asistencia-alimentaria\\\/preguntas-frecuentes-de-asistencia-alimentaria\",\"name\":\"Preguntas frecuentes de asistencia alimentaria - Harvesters\",\"isPartOf\":{\"@id\":\"https:\\\/\\\/www.harvesters.org\\\/#website\"},\"primaryImageOfPage\":{\"@id\":\"https:\\\/\\\/www.harvesters.org\\\/es\\\/obtener-asistencia-alimentaria\\\/preguntas-frecuentes-de-asistencia-alimentaria#primaryimage\"},\"image\":{\"@id\":\"https:\\\/\\\/www.harvesters.org\\\/es\\\/obtener-asistencia-alimentaria\\\/preguntas-frecuentes-de-asistencia-alimentaria#primaryimage\"},\"thumbnailUrl\":\"http:\\\/\\\/www.harvesters.org\\\/wp-content\\\/uploads\\\/2024\\\/04\\\/DSC09608.jpg\",\"datePublished\":\"2023-10-24T16:48:27+00:00\",\"dateModified\":\"2024-12-09T03:29:43+00:00\",\"description\":\"Respuestas a preguntas sobre asistencia alimentaria: c\u00f3mo encontrar despensas, comedores y distribuciones de alimentos en las regiones de Kansas City y Topeka y mucho m\u00e1s.\",\"breadcrumb\":{\"@id\":\"https:\\\/\\\/www.harvesters.org\\\/es\\\/obtener-asistencia-alimentaria\\\/preguntas-frecuentes-de-asistencia-alimentaria#breadcrumb\"},\"inLanguage\":\"es\",\"potentialAction\":[{\"@type\":\"ReadAction\",\"target\":[\"https:\\\/\\\/www.harvesters.org\\\/es\\\/obtener-asistencia-alimentaria\\\/preguntas-frecuentes-de-asistencia-alimentaria\"]}]},{\"@type\":\"ImageObject\",\"inLanguage\":\"es\",\"@id\":\"https:\\\/\\\/www.harvesters.org\\\/es\\\/obtener-asistencia-alimentaria\\\/preguntas-frecuentes-de-asistencia-alimentaria#primaryimage\",\"url\":\"http:\\\/\\\/www.harvesters.org\\\/wp-content\\\/uploads\\\/2024\\\/04\\\/DSC09608.jpg\",\"contentUrl\":\"http:\\\/\\\/www.harvesters.org\\\/wp-content\\\/uploads\\\/2024\\\/04\\\/DSC09608.jpg\"},{\"@type\":\"BreadcrumbList\",\"@id\":\"https:\\\/\\\/www.harvesters.org\\\/es\\\/obtener-asistencia-alimentaria\\\/preguntas-frecuentes-de-asistencia-alimentaria#breadcrumb\",\"itemListElement\":[{\"@type\":\"ListItem\",\"position\":1,\"name\":\"Home\",\"item\":\"https:\\\/\\\/www.harvesters.org\\\/es\"},{\"@type\":\"ListItem\",\"position\":2,\"name\":\"Obtener asistencia alimentaria\",\"item\":\"https:\\\/\\\/www.harvesters.org\\\/es\\\/obtener-asistencia-alimentaria\"},{\"@type\":\"ListItem\",\"position\":3,\"name\":\"Preguntas frecuentes de asistencia alimentaria\"}]},{\"@type\":\"WebSite\",\"@id\":\"https:\\\/\\\/www.harvesters.org\\\/#website\",\"url\":\"https:\\\/\\\/www.harvesters.org\\\/\",\"name\":\"Harvesters\",\"description\":\"\",\"potentialAction\":[{\"@type\":\"SearchAction\",\"target\":{\"@type\":\"EntryPoint\",\"urlTemplate\":\"https:\\\/\\\/www.harvesters.org\\\/?s={search_term_string}\"},\"query-input\":{\"@type\":\"PropertyValueSpecification\",\"valueRequired\":true,\"valueName\":\"search_term_string\"}}],\"inLanguage\":\"es\"}]}<\/script>\n<!-- \/ Yoast SEO plugin. -->","yoast_head_json":{"title":"Preguntas frecuentes de asistencia alimentaria - Harvesters","description":"Respuestas a preguntas sobre asistencia alimentaria: c\u00f3mo encontrar despensas, comedores y distribuciones de alimentos en las regiones de Kansas City y Topeka y mucho m\u00e1s.","robots":{"index":"index","follow":"follow","max-snippet":"max-snippet:-1","max-image-preview":"max-image-preview:large","max-video-preview":"max-video-preview:-1"},"canonical":"https:\/\/www.harvesters.org\/es\/obtener-asistencia-alimentaria\/preguntas-frecuentes-de-asistencia-alimentaria","og_locale":"es_ES","og_type":"article","og_title":"Preguntas frecuentes de asistencia alimentaria - Harvesters","og_description":"Respuestas a preguntas sobre asistencia alimentaria: c\u00f3mo encontrar despensas, comedores y distribuciones de alimentos en las regiones de Kansas City y Topeka y mucho m\u00e1s.","og_url":"https:\/\/www.harvesters.org\/es\/obtener-asistencia-alimentaria\/preguntas-frecuentes-de-asistencia-alimentaria","og_site_name":"Harvesters","article_modified_time":"2024-12-09T03:29:43+00:00","og_image":[{"width":2000,"height":1084,"url":"https:\/\/www.harvesters.org\/wp-content\/uploads\/2024\/04\/DSC09608.jpg","type":"image\/jpeg"}],"twitter_card":"summary_large_image","twitter_misc":{"Tiempo de lectura":"4 minutos"},"schema":{"@context":"https:\/\/schema.org","@graph":[{"@type":"WebPage","@id":"https:\/\/www.harvesters.org\/es\/obtener-asistencia-alimentaria\/preguntas-frecuentes-de-asistencia-alimentaria","url":"https:\/\/www.harvesters.org\/es\/obtener-asistencia-alimentaria\/preguntas-frecuentes-de-asistencia-alimentaria","name":"Preguntas frecuentes de asistencia alimentaria - Harvesters","isPartOf":{"@id":"https:\/\/www.harvesters.org\/#website"},"primaryImageOfPage":{"@id":"https:\/\/www.harvesters.org\/es\/obtener-asistencia-alimentaria\/preguntas-frecuentes-de-asistencia-alimentaria#primaryimage"},"image":{"@id":"https:\/\/www.harvesters.org\/es\/obtener-asistencia-alimentaria\/preguntas-frecuentes-de-asistencia-alimentaria#primaryimage"},"thumbnailUrl":"http:\/\/www.harvesters.org\/wp-content\/uploads\/2024\/04\/DSC09608.jpg","datePublished":"2023-10-24T16:48:27+00:00","dateModified":"2024-12-09T03:29:43+00:00","description":"Respuestas a preguntas sobre asistencia alimentaria: c\u00f3mo encontrar despensas, comedores y distribuciones de alimentos en las regiones de Kansas City y Topeka y mucho m\u00e1s.","breadcrumb":{"@id":"https:\/\/www.harvesters.org\/es\/obtener-asistencia-alimentaria\/preguntas-frecuentes-de-asistencia-alimentaria#breadcrumb"},"inLanguage":"es","potentialAction":[{"@type":"ReadAction","target":["https:\/\/www.harvesters.org\/es\/obtener-asistencia-alimentaria\/preguntas-frecuentes-de-asistencia-alimentaria"]}]},{"@type":"ImageObject","inLanguage":"es","@id":"https:\/\/www.harvesters.org\/es\/obtener-asistencia-alimentaria\/preguntas-frecuentes-de-asistencia-alimentaria#primaryimage","url":"http:\/\/www.harvesters.org\/wp-content\/uploads\/2024\/04\/DSC09608.jpg","contentUrl":"http:\/\/www.harvesters.org\/wp-content\/uploads\/2024\/04\/DSC09608.jpg"},{"@type":"BreadcrumbList","@id":"https:\/\/www.harvesters.org\/es\/obtener-asistencia-alimentaria\/preguntas-frecuentes-de-asistencia-alimentaria#breadcrumb","itemListElement":[{"@type":"ListItem","position":1,"name":"Home","item":"https:\/\/www.harvesters.org\/es"},{"@type":"ListItem","position":2,"name":"Obtener asistencia alimentaria","item":"https:\/\/www.harvesters.org\/es\/obtener-asistencia-alimentaria"},{"@type":"ListItem","position":3,"name":"Preguntas frecuentes de asistencia alimentaria"}]},{"@type":"WebSite","@id":"https:\/\/www.harvesters.org\/#website","url":"https:\/\/www.harvesters.org\/","name":"Harvesters","description":"","potentialAction":[{"@type":"SearchAction","target":{"@type":"EntryPoint","urlTemplate":"https:\/\/www.harvesters.org\/?s={search_term_string}"},"query-input":{"@type":"PropertyValueSpecification","valueRequired":true,"valueName":"search_term_string"}}],"inLanguage":"es"}]}},"uagb_featured_image_src":{"full":false,"thumbnail":false,"medium":false,"medium_large":false,"large":false,"1536x1536":false,"2048x2048":false,"alm-thumbnail":false,"featured-16-9":false,"featured-4-3":false,"featured-4-3-full":false,"featured-16-9-full":false,"gform-image-choice-sm":false,"gform-image-choice-md":false,"gform-image-choice-lg":false},"uagb_author_info":{"display_name":"Mary Kline","author_link":"https:\/\/www.harvesters.org\/es\/author\/mkline"},"uagb_comment_info":0,"uagb_excerpt":"Respuestas a preguntas frecuentes Aqu\u00ed encontrar\u00e1 respuestas a las preguntas m\u00e1s frecuentes. \u00bfNo ve su pregunta? Por favor env\u00edenosla a trav\u00e9s de nuestro formulario de contacto.","_links":{"self":[{"href":"https:\/\/www.harvesters.org\/es\/wp-json\/wp\/v2\/pages\/10062","targetHints":{"allow":["GET"]}}],"collection":[{"href":"https:\/\/www.harvesters.org\/es\/wp-json\/wp\/v2\/pages"}],"about":[{"href":"https:\/\/www.harvesters.org\/es\/wp-json\/wp\/v2\/types\/page"}],"author":[{"embeddable":true,"href":"https:\/\/www.harvesters.org\/es\/wp-json\/wp\/v2\/users\/7"}],"replies":[{"embeddable":true,"href":"https:\/\/www.harvesters.org\/es\/wp-json\/wp\/v2\/comments?post=10062"}],"version-history":[{"count":5,"href":"https:\/\/www.harvesters.org\/es\/wp-json\/wp\/v2\/pages\/10062\/revisions"}],"predecessor-version":[{"id":13161,"href":"https:\/\/www.harvesters.org\/es\/wp-json\/wp\/v2\/pages\/10062\/revisions\/13161"}],"up":[{"embeddable":true,"href":"https:\/\/www.harvesters.org\/es\/wp-json\/wp\/v2\/pages\/9526"}],"wp:attachment":[{"href":"https:\/\/www.harvesters.org\/es\/wp-json\/wp\/v2\/media?parent=10062"}],"curies":[{"name":"wp","href":"https:\/\/api.w.org\/{rel}","templated":true}]}}